{"id":5733,"date":"2020-02-21T00:32:34","date_gmt":"2020-02-20T15:32:34","guid":{"rendered":"http:\/\/jlec-pr.jp\/?page_id=5733"},"modified":"2020-02-26T23:14:50","modified_gmt":"2020-02-26T14:14:50","slug":"milk-video","status":"publish","type":"page","link":"https:\/\/jlec-pr.jp\/vi\/milk\/milk-video\/","title":{"rendered":"video"},"content":{"rendered":"<h2>video<\/h2>\n<p><center>Trang \u0111\u00edch kh\u00f4ng b\u1eb1ng ti\u1ebfng Vi\u1ec7t.<\/center><\/p>\n","protected":false},"excerpt":{"rendered":"<p>video Trang \u0111\u00edch kh\u00f4ng b\u1eb1ng ti\u1ebfng Vi\u1ec7t.<\/p>\n","protected":false},"author":2,"featured_media":0,"parent":272,"menu_order":0,"comment_status":"closed","ping_status":"closed","template":"page-template\/milk-vt-template.php","meta":{"_acf_changed":false,"_locale":"vi","_original_post":"5671","footnotes":""},"class_list":["post-5733","page","type-page","status-publish","hentry","vi"],"acf":[],"_links":{"self":[{"href":"https:\/\/jlec-pr.jp\/wp-json\/wp\/v2\/pages\/5733","targetHints":{"allow":["GET"]}}],"collection":[{"href":"https:\/\/jlec-pr.jp\/wp-json\/wp\/v2\/pages"}],"about":[{"href":"https:\/\/jlec-pr.jp\/wp-json\/wp\/v2\/types\/page"}],"author":[{"embeddable":true,"href":"https:\/\/jlec-pr.jp\/wp-json\/wp\/v2\/users\/2"}],"replies":[{"embeddable":true,"href":"https:\/\/jlec-pr.jp\/wp-json\/wp\/v2\/comments?post=5733"}],"version-history":[{"count":2,"href":"https:\/\/jlec-pr.jp\/wp-json\/wp\/v2\/pages\/5733\/revisions"}],"predecessor-version":[{"id":8548,"href":"https:\/\/jlec-pr.jp\/wp-json\/wp\/v2\/pages\/5733\/revisions\/8548"}],"up":[{"embeddable":true,"href":"https:\/\/jlec-pr.jp\/wp-json\/wp\/v2\/pages\/272"}],"wp:attachment":[{"href":"https:\/\/jlec-pr.jp\/wp-json\/wp\/v2\/media?parent=5733"}],"curies":[{"name":"wp","href":"https:\/\/api.w.org\/{rel}","templated":true}]}}