{"id":553,"date":"2020-02-15T06:08:37","date_gmt":"2020-02-14T21:08:37","guid":{"rendered":"http:\/\/jlec-pr.jp\/?page_id=553"},"modified":"2020-02-17T21:32:49","modified_gmt":"2020-02-17T12:32:49","slug":"chicken-logomark","status":"publish","type":"page","link":"https:\/\/jlec-pr.jp\/vi\/chicken\/chicken-logomark\/","title":{"rendered":"Gi\u1edbi thi\u1ec7u v\u1ec1 nh\u00e3n hi\u1ec7u th\u1ed1ng nh\u1ea5t c\u1ee7a th\u1ecbt g\u00e0"},"content":{"rendered":"<h2>Gi\u1edbi thi\u1ec7u v\u1ec1 nh\u00e3n hi\u1ec7u th\u1ed1ng nh\u1ea5t c\u1ee7a th\u1ecbt g\u00e0<\/h2>\n<p class=\"thumbs_left\"><img decoding=\"async\" style=\"display: block; margin-left: auto; margin-right: auto; border: 2px solid #cccccc; padding: 20px;\" src=\"https:\/\/jlec-pr.jp\/wp-content\/uploads\/2020\/02\/chiken-logo.png\" alt=\"Unified logo\" width=\"300\" \/><\/p>\n<h3>B\u1eb1ng ch\u1ee9ng v\u1ec1 uy t\u00edn c\u1ee7a th\u1ecbt g\u00e0 ngu\u1ed3n g\u1ed1c Nh\u1eadt B\u1ea3n v\u1eeba ngon v\u1eeba an to\u00e0n.<\/h3>\n<p>\u0110\u1ec3 gi\u1edbi thi\u1ec7u \u0111\u00fang \u0111\u1eafn v\u1edbi th\u1ebf gi\u1edbi v\u1ec1 th\u1ecbt g\u00e0 ngu\u1ed3n g\u1ed1c Nh\u1eadt B\u1ea3n v\u1eeba ngon v\u1eeba an to\u00e0n, n\u0103m 2005 \u0111\u00e3 c\u00f3 quy \u0111\u1ecbnh v\u1ec1 \u201cNh\u00e3n th\u1ed1ng nh\u1ea5t c\u1ee7a th\u1ecbt g\u00e0\u201d.<br \/>\u201cNh\u00e3n th\u1ed1ng nh\u1ea5t c\u1ee7a th\u1ecbt g\u00e0\u201d ch\u1ec9 \u0111\u01b0\u1ee3c s\u1eed d\u1ee5ng cho th\u1ecbt g\u00e0 ngu\u1ed3n g\u1ed1c Nh\u1eadt B\u1ea3n \u0111\u00e3 \u0111\u01b0\u1ee3c nu\u00f4i trong m\u00f4i tr\u01b0\u1eddng v\u1ec7 sinh v\u00e0 trong l\u00e0nh, \u0111\u01b0\u1ee3c s\u1ea3n xu\u1ea5t theo ch\u1ebf \u0111\u1ed9 qu\u1ea3n l\u00fd ch\u1ea5t l\u01b0\u1ee3ng s\u1ea3n ph\u1ea9m nghi\u00eam kh\u1eafc do \u0111\u00f3 nh\u00e3n n\u00e0y l\u00e0 b\u1eb1ng ch\u1ee9ng v\u1ec1 uy t\u00edn c\u1ee7a th\u1ecbt g\u00e0 ngu\u1ed3n g\u1ed1c Nh\u1eadt b\u1ea3n v\u1eeba ngon v\u1eeba an to\u00e0n.<\/p>\n","protected":false},"excerpt":{"rendered":"<p>Gi\u1edbi thi\u1ec7u v\u1ec1 nh\u00e3n hi\u1ec7u th\u1ed1ng nh\u1ea5t c\u1ee7a th\u1ecbt g\u00e0 B\u1eb1ng ch\u1ee9ng v\u1ec1 uy t\u00edn c\u1ee7a th\u1ecbt g\u00e0 ngu\u1ed3n g\u1ed1c Nh\u1eadt B\u1ea3n v\u1eeba ngon v\u1eeba an to\u00e0n. \u0110\u1ec3 gi\u1edbi thi\u1ec7u \u0111\u00fang \u0111\u1eafn v\u1edbi th\u1ebf gi\u1edbi v\u1ec1 th\u1ecbt g\u00e0 ngu\u1ed3n g\u1ed1c Nh\u1eadt B\u1ea3n v\u1eeba ngon v\u1eeba an to\u00e0n, n\u0103m 2005 \u0111\u00e3 c\u00f3 quy \u0111\u1ecbnh v\u1ec1 \u201cNh\u00e3n [&hellip;]<\/p>\n","protected":false},"author":1,"featured_media":0,"parent":525,"menu_order":0,"comment_status":"closed","ping_status":"closed","template":"page-template\/chicken-vt-template.php","meta":{"_acf_changed":false,"_locale":"vi","_original_post":"162","footnotes":""},"class_list":["post-553","page","type-page","status-publish","hentry","vi"],"acf":[],"_links":{"self":[{"href":"https:\/\/jlec-pr.jp\/wp-json\/wp\/v2\/pages\/553","targetHints":{"allow":["GET"]}}],"collection":[{"href":"https:\/\/jlec-pr.jp\/wp-json\/wp\/v2\/pages"}],"about":[{"href":"https:\/\/jlec-pr.jp\/wp-json\/wp\/v2\/types\/page"}],"author":[{"embeddable":true,"href":"https:\/\/jlec-pr.jp\/wp-json\/wp\/v2\/users\/1"}],"replies":[{"embeddable":true,"href":"https:\/\/jlec-pr.jp\/wp-json\/wp\/v2\/comments?post=553"}],"version-history":[{"count":2,"href":"https:\/\/jlec-pr.jp\/wp-json\/wp\/v2\/pages\/553\/revisions"}],"predecessor-version":[{"id":4140,"href":"https:\/\/jlec-pr.jp\/wp-json\/wp\/v2\/pages\/553\/revisions\/4140"}],"up":[{"embeddable":true,"href":"https:\/\/jlec-pr.jp\/wp-json\/wp\/v2\/pages\/525"}],"wp:attachment":[{"href":"https:\/\/jlec-pr.jp\/wp-json\/wp\/v2\/media?parent=553"}],"curies":[{"name":"wp","href":"https:\/\/api.w.org\/{rel}","templated":true}]}}