{"id":539,"date":"2020-02-07T14:34:31","date_gmt":"2020-02-07T05:34:31","guid":{"rendered":"http:\/\/jlec-pr.jp\/?page_id=539"},"modified":"2020-02-27T15:47:36","modified_gmt":"2020-02-27T06:47:36","slug":"chicken-tokutyou","status":"publish","type":"page","link":"https:\/\/jlec-pr.jp\/vi\/chicken\/chicken-tokutyou\/","title":{"rendered":"\u0110\u1eb7c tr\u01b0ng c\u1ee7a th\u1ecbt g\u00e0"},"content":{"rendered":"<h2>\u0110\u1eb7c tr\u01b0ng c\u1ee7a th\u1ecbt g\u00e0<\/h2>\n<div class=\"row\">\n<div class=\"col-12 col-md-5\">\n<img decoding=\"async\" src=\"https:\/\/jlec-pr.jp\/wp-content\/uploads\/2020\/02\/chicken-01.jpg\" class=\"img-fluid mx-auto d-block img-rd-lg mg-md\" alt=\"about 01\" \/>\n<\/div>\n<div class=\"col\">\n<h3>\nG\u00e0 th\u1ef1c ph\u1ea9m c\u1ee7a Nh\u1eadt B\u1ea3n ch\u00fa \u00fd t\u1edbi s\u1ee9c kh\u1ecfe<br \/>\n<\/h3>\n<p class=\"mb-35\">\nTh\u1ecbt g\u00e0 c\u1ee7a Nh\u1eadt B\u1ea3n c\u00f3 r\u1ea5t nhi\u1ec1u ch\u1ee7ng lo\u1ea1i phong ph\u00fa, g\u00e0 b\u1ea3n \u0111\u1ecba, g\u00e0 th\u01b0\u01a1ng hi\u1ec7u, g\u00e0 chuy\u00ean l\u1ea5y th\u1ecbt \u0111\u1ec1u c\u00f3 \u0111\u1eb7c th\u00f9 ri\u00eang v\u1ec1 ch\u1ea5t l\u01b0\u1ee3ng th\u1ecbt, h\u01b0\u01a1ng v\u1ecb v\u00e0 c\u1ea3m gi\u00e1c, ph\u00f9 h\u1ee3p v\u1edbi nhi\u1ec1u m\u00f3n \u0103n kh\u00e1c nhau \u0111\u1eb7c bi\u1ec7t l\u00e0 kh\u00f4ng th\u1ec3 thi\u1ebfu \u0111\u01b0\u1ee3c trong c\u00e1c m\u00f3n \u0103n truy\u1ec1n th\u1ed1ng Nh\u1eadt B\u1ea3n.<br \/>\nTh\u1ecbt g\u00e0 \u0111\u01b0\u1ee3c k\u1ef3 v\u1ecdng nhi\u1ec1u \u1edf kh\u1ea3 n\u0103ng c\u00f3 l\u1ee3i cho s\u1ee9c kh\u1ecfe. \u0110i\u1ec3n h\u00ecnh l\u00e0 \u1edf 4 \u0111i\u1ec3m sau.<\/p>\n<ol>\n<li>Trong khi c\u01a1 th\u1ec3 con ng\u01b0\u1eddi ch\u01b0a th\u1ec3 t\u1ed5ng h\u1ee3p \u0111\u01b0\u01a1c ch\u1ea5t axit amin r\u1ea5t c\u1ea7n thi\u1ebft th\u00ec th\u1ecbt g\u00e0 l\u1ea1i gi\u1ea7u v\u00e0 r\u1ea5t c\u00e2n b\u1eb1ng ch\u1ea5t axit amin n\u00e0y.<\/li>\n<li>Gi\u1ea7u Vitamin A l\u00e0 ch\u1ea5t b\u1ea3o v\u1ec7 ni\u00eam m\u1ea1c lu\u00f4n \u1edf t\u00ecnh tr\u1ea1ng t\u1ed1t.<\/li>\n<li>Gi\u1ea7u ch\u1ea5t \u0111\u1ea1m v\u00e0 \u00edt ch\u1ea5t b\u00e9o<\/li>\n<li>Gi\u1ea7u ch\u1ea5t Imidazole Dipeptide (Anserine Carnosine) c\u00f3 t\u00e1c d\u1ee5ng ch\u1ed1ng \u00f4xy h\u00f3a, ph\u1ee5c h\u1ed3i s\u1ee9c kh\u1ecfe, lo\u1ea1i tr\u1eeb \u00f4xy ho\u1ea1t t\u00ednh v.v\u2026<\/li>\n<\/ol>\n<h3>\nY\u00eau c\u1ea7u \u0111\u1ed1i v\u1edbi t\u00ednh an to\u00e0n v\u00e0 v\u1ecb ngon<br \/>\n<\/h3>\n<p class=\"mb-35\">\nTh\u1ecbt g\u00e0 Nh\u1eadt B\u1ea3n \u0111\u01b0\u1ee3c nu\u00f4i d\u01b0\u1ee1ng trong m\u00f4i tr\u01b0\u1eddng v\u1ec7 sinh v\u00e0 trong l\u00e0nh, c\u00f3 ngh\u0129a v\u1ee5 ph\u1ea3i ch\u00fa \u00fd \u0111\u1ea7y \u0111\u1ee7 \u0111\u1ebfn t\u00ednh an to\u00e0n c\u0103n c\u1ee9 theo c\u00e1c Lu\u1eadt v\u1ec1 v\u1eadt d\u1ee5ng s\u1ea3n xu\u1ea5t v\u00ed d\u1ee5 nh\u01b0 th\u1ee9c \u0103n v\u00e0 d\u01b0\u1ee3c ph\u1ea9m v.v\u2026<\/p>\n<p>Khi x\u1eed l\u00fd g\u00e0 th\u1ef1c ph\u1ea9m c\u0169ng \u0111\u01b0\u1ee3c ki\u1ec3m tra t\u00ednh an to\u00e0n theo 3 giai \u0111o\u1ea1n t\u1eebng con t\u1eebng con m\u1ed9t theo \u0111\u00fang ph\u00e1p lu\u1eadt v\u00e0 ch\u1ec9 \u0111\u01b0\u1ee3c xu\u1ea5t chu\u1ed3ng n\u1ebfu \u0111\u00e3 \u0111\u1ea1t  khi ki\u1ec3m tra. H\u01a1n n\u1eefa c\u00f2n b\u1ecb ki\u1ec3m tra g\u1eaft gao theo \u0111\u00fang lu\u1eadt ph\u00e1p v\u1ec1 an to\u00e0n th\u1ef1c ph\u1ea9m.<\/p>\n<p>Th\u1ecbt g\u00e0 Nh\u1eadt B\u1ea3n phong ph\u00fa v\u1ec1 ch\u1ee7ng lo\u1ea1i g\u1ed3m  lo\u1ea1i g\u00e0 b\u1ea3n \u0111\u1ecba l\u00e0 lo\u1ea1i thu\u1ea7n ch\u1ee7ng Nh\u1eadt B\u1ea3n \u0111\u01b0\u1ee3c nu\u00f4i l\u00e2u n\u0103m d\u01b0\u1edbi \u0111i\u1ec1u ki\u1ec7n nh\u1ea5t \u0111\u1ecbnh c\u00f3 \u0111\u1ed9 ng\u1ecdt v\u00e0 \u0111\u1eadm v\u1ed1n c\u00f3 c\u1ee7a th\u1ecbt g\u00e0 v\u00e0 c\u00f3 d\u1ed9 gi\u00f2n v\u1eeba ph\u1ea3i, lo\u1ea1i g\u00e0 th\u01b0\u01a1ng hi\u1ec7u \u0111\u01b0\u1ee3c l\u01b0u \u00fd c\u1ea9n th\u1eadn \u0111\u1ebfn gi\u1ed1ng g\u00e0 v\u00e0 th\u1ee9c \u0103n n\u00ean th\u01b0\u1eddng th\u1ecbt n\u00e0y thanh \u0111\u1ea1m h\u01a1n nh\u01b0ng l\u1ea1i r\u1ea5t m\u1ec1m v\u00e0 \u00edt m\u00f9i h\u00f4i, lo\u1ea1i chuy\u00ean l\u1ea5y th\u1ecbt kh\u1ea3 n\u0103ng s\u1ea3n xu\u1ea5t th\u1ecbt l\u1edbn, v\u1ecb thanh \u0111\u1ea1m th\u1ecbt m\u1ec1m, c\u00f3 th\u1ec3 s\u1eed d\u1ee5ng c\u00e1c lo\u1ea1i n\u00e0y l\u00e0m ngu\u1ed3n nguy\u00ean li\u1ec7u cho nhi\u1ec1u m\u00f3n \u0103n.<\/p>\n<p>Th\u1ecbt g\u00e0 an to\u00e0n v\u00e0 ngon ch\u00ednh l\u00e0 th\u1ecbt g\u00e0 Nh\u1eadt B\u1ea3n. H\u00e3y  th\u1eed s\u1eed d\u1ee5ng ngu\u1ed3n th\u1ef1c ph\u1ea9m n\u00e0y.\n<\/p>\n<\/div>\n<\/div>\n<div class=\"row voffset-md\">\n<div class=\"align-self-center col-12 col-md-7\">\n<h3>\nG\u00e0 th\u1ef1c ph\u1ea9m c\u1ee7a Nh\u1eadt B\u1ea3n \u0111\u1ed9c \u0111\u00e1o<br \/>\n<\/h3>\n<p class=\"mb-35\">\nGi\u1ed1ng g\u00e0 thu\u1ea7n ch\u1ee7ng \u0111\u01b0\u1ee3c \u0111\u01b0a v\u00e0o Nh\u1eadt B\u1ea3n t\u1eeb h\u01a1n 100 n\u0103m tr\u01b0\u1edbc \u0111\u00e2y c\u00f3 t\u1edbi 38 ch\u1ee7ng lo\u1ea1i.<\/p>\n<p>G\u00e0 b\u1ea3n \u0111\u1ecba ph\u1ea3i l\u00e0 g\u00e0 c\u00f3 50% t\u1ef7 l\u1ec7 huy\u1ebft th\u1ed1ng t\u1eeb g\u00e0 thu\u1ea7n ch\u1ee7ng n\u00e0y, sau khi \u0111\u01b0\u1ee3c 28 ng\u00e0y tu\u1ed5i s\u1ebd \u0111\u01b0\u1ee3c nu\u00f4i th\u1ea3 r\u00f4ng v\u00f9ng \u0111\u1ed3ng b\u1eb1ng v\u1edbi di\u1ec7n t\u00edch t\u1eeb 10 con\/ m2 tr\u1edf xu\u1ed1ng v\u00e0 \u0111\u01b0\u1ee3c nu\u00f4i t\u1eeb 75 ng\u00e0y tr\u1edf l\u00ean theo quy chu\u1ea9n JAS (Quy chu\u1ea9n n\u00f4ng l\u00e2m Nh\u1eadt B\u1ea3n).<\/p>\n<p>\u1ede c\u00e1c \u0111\u1ecba ph\u01b0\u01a1ng c\u1ee7a Nh\u1eadt B\u1ea3n c\u00f3 kho\u1ea3ng 60 ch\u1ee7ng lo\u1ea1i g\u00e0 b\u1ea3n \u0111\u1ecba \u0111\u1ea1t quy chu\u1ea9n n\u00e0y v\u00e0 c\u00f3 nh\u1eefng \u0111\u1eb7c tr\u01b0ng ri\u00eang ph\u00e1t huy t\u00ednh \u0111\u1ed9c \u0111\u00e1o c\u1ee7a t\u1eebng ch\u1ee7ng lo\u1ea1i.<\/p>\n<p>Hi\u1ec3u \u0111\u01b0\u1ee3c v\u1ec1 t\u1eebng \u0111\u1eb7c tr\u01b0ng n\u00e0y s\u1ebd c\u00f3 th\u1ec3 th\u01b0\u1edfng th\u1ee9c \u0111\u01b0\u1ee3c v\u1ecb ng\u1ecdt , \u0111\u1ed9 \u0111\u1eadm v\u00e0 \u0111\u1ed9 gi\u00f2n v\u1eeba ph\u1ea3i v\u1ed1n c\u00f3 c\u1ee7a th\u1ecbt g\u00e0.\n<\/p>\n<h4>\nC\u00e1c lo\u1ea1i g\u00e0 b\u1ea3n \u0111\u1ecba Nh\u1eadt B\u1ea3n \u0111i\u1ec3n h\u00ecnh<br \/>\n<\/h4>\n<div class=\"row\">\n<div class=\"col\">\n<img decoding=\"async\" src=\"https:\/\/jlec-pr.jp\/wp-content\/uploads\/2020\/02\/pic03.jpg\" class=\"img-fluid mx-auto d-block\" alt=\"pic03\" \/><\/p>\n<p class=\"mb-35 text-lg-center\">\nG\u00e0 b\u1ea3n \u0111\u1ecba Hinai\n<\/p>\n<\/div>\n<div class=\"col\">\n<img decoding=\"async\" src=\"https:\/\/jlec-pr.jp\/wp-content\/uploads\/2020\/02\/pic04.jpg\" class=\"img-fluid mx-auto d-block\" alt=\"pic04\" \/><\/p>\n<p class=\"mb-35 text-lg-center\">\nNagoya Kochin\n<\/p>\n<\/div>\n<div class=\"col\">\n<img decoding=\"async\" src=\"https:\/\/jlec-pr.jp\/wp-content\/uploads\/2020\/02\/pic05.jpg\" class=\"img-fluid mx-auto d-block\" alt=\"pic05\" \/><\/p>\n<p class=\"mb-35 text-lg-center\">\nG\u00e0 b\u1ea3n \u0111\u1ecba Satsuma\n<\/p>\n<\/div>\n<\/div>\n<\/div>\n<div class=\"col d-sm-block d-none\">\n<img decoding=\"async\" src=\"https:\/\/jlec-pr.jp\/wp-content\/uploads\/2020\/02\/chicken-02.jpg\" class=\"img-fluid mx-auto img-rd-lg mg-lg d-md-block  d-none\" alt=\"about 02\" \/>\n<\/div>\n<\/div>\n<div class=\"row voffset-md\">\n<div class=\"col d-block\">\n<h3>\nM\u00f3n ngon d\u00f9ng th\u1ecbt g\u00e0 c\u1ee7a Nh\u1eadt B\u1ea3n<br \/>\n<\/h3>\n<p class=\"mb-35\">\nM\u00f3n \u0103n truy\u1ec1n th\u1ed1ng th\u1ec3 hi\u1ec7n v\u0103n h\u00f3a c\u1ee7a Nh\u1eadt B\u1ea3n \u0111\u01b0\u1ee3c Unesco ch\u1ee9ng nh\u1eadn l\u00e0 t\u00e0i s\u1ea3n v\u0103n h\u00f3a v\u00f4 h\u00ecnh . M\u00f3n \u0103n truy\u1ec1n th\u1ed1ng Nh\u1eadt B\u1ea3n t\u1eadn d\u1ee5ng v\u1ecb ng\u1ecdt v\u00e0 dinh d\u01b0\u1ee1ng v\u1ed1n c\u00f3 trong th\u1ef1c ph\u1ea9m n\u00ean \u0111\u01b0\u1ee3c \u0111\u00e1nh gi\u00e1 l\u00e0 c\u00f3 l\u1ee3i cho s\u1ee9c kh\u1ecfe v\u00e0 \u0111\u00e3 tr\u1edf th\u00e0nh tr\u00e0o l\u01b0u tr\u00ean th\u1ebf gi\u1edbi.<br \/>\nM\u00f3n \u0103n truy\u1ec1n th\u1ed1ng n\u00e0y kh\u00f4ng th\u1ec3 thi\u1ebfu \u0111\u01b0\u1ee3c g\u00e0 th\u1ef1c ph\u1ea7m ngu\u1ed3n g\u1ed1c Nh\u1eadt B\u1ea3n m\u00e0 \u0111i\u1ec3n h\u00ecnh l\u00e0 g\u00e0 b\u1ea3n \u0111\u1ecba.\n<\/p>\n<div class=\"row\">\n<div class=\"col-lg-4 col-md-6\">\n<img decoding=\"async\" src=\"https:\/\/jlec-pr.jp\/wp-content\/uploads\/2020\/02\/pic06.jpg\" class=\"img-fluid mx-auto d-block\" alt=\"pic06\" \/><\/p>\n<h4>\nL\u1ea9u g\u00e0<\/h4>\n<p class=\"mb-35\">\n\u1ede Nh\u1eadt B\u1ea3n v\u00e0o m\u00f9a l\u1ea1nh kho\u1ea3ng t\u1eeb m\u00f9a thu \u0111\u1ebfn m\u00f9a \u0111\u00f4ng l\u00e0 c\u00e1c m\u00f3n \u0103n d\u00f9ng th\u1ecbt g\u00e0 xu\u1ea5t hi\u1ec7n nhi\u1ec1u tr\u00ean b\u00e0n \u0103n. M\u00f3n \u201cl\u1ea9u g\u00e0\u201d n\u1ea5u th\u1ecbt g\u00e0 c\u00f3 x\u01b0\u01a1ng ch\u1ec9 v\u1edbi n\u01b0\u1edbc ng\u1ecdt dong bi\u1ec3n Konbu l\u00e0 m\u1ed9t trong nh\u1eefng m\u00f3n l\u1ea9u ti\u00eau bi\u1ec3u c\u1ee7a Nh\u1eadt B\u1ea3n.\n<\/p>\n<\/div>\n<div class=\"col-lg-4 col-md-6\">\n<img decoding=\"async\" src=\"https:\/\/jlec-pr.jp\/wp-content\/uploads\/2020\/02\/pic07.jpg\" class=\"img-fluid mx-auto d-block\" alt=\"pic07\" \/><\/p>\n<h4>\nC\u01a1m th\u1ecbt g\u00e0 v\u00e0 tr\u1ee9ng g\u00e0<\/h4>\n<p class=\"mb-35\">\nL\u00e0 m\u1ed9t trong nh\u1eefng m\u00f3n \u0103n b\u00ecnh d\u00e2n ti\u00eau bi\u1ec3u c\u1ee7a Nh\u1eadt B\u1ea3n. \u0110\u00e2y l\u00e0 m\u00f3n \u0103n \u0111\u01a1n gi\u1ea3n ninh th\u1ecbt g\u00e0, h\u00e0nh t\u00e2y v\u1edbi tr\u1ee9ng sau \u0111\u00f3 r\u01b0\u1edbi l\u00ean c\u01a1m n\u00f3ng.\n<\/p>\n<\/div>\n<div class=\"col-lg-4 col-md-6\">\n<img decoding=\"async\" src=\"https:\/\/jlec-pr.jp\/wp-content\/uploads\/2020\/02\/pic08.jpg\" class=\"img-fluid mx-auto d-block\" alt=\"pic08\" \/><\/p>\n<h4>\nTh\u1ecbt g\u00e0 n\u01b0\u1edbng<\/h4>\n<p class=\"mb-35\">\nTh\u1ecbt g\u00e0 n\u01b0\u1edbng c\u1ee7a Nh\u1eadt B\u1ea3n c\u00f3 \u0111\u1eb7c \u0111i\u1ec3m l\u00e0 xi\u00ean que n\u01b0\u1edbng, ph\u1ed5 bi\u1ebfn nh\u1ea5t l\u00e0 v\u1ecb x\u00ec \u0111\u1ea7u v\u00e0 mu\u1ed1i.<br \/>\nC\u00f3 th\u1ec3 th\u01b0\u1edfng th\u1ee9c v\u1ecb ng\u1ecdt v\u00e0 \u0111\u1eadm v\u1ed1n c\u00f3 c\u1ee7a th\u1ecbt g\u00e0.\n<\/p>\n<\/div>\n<div class=\"col-lg-4 col-md-6\">\n<img decoding=\"async\" src=\"https:\/\/jlec-pr.jp\/wp-content\/uploads\/2020\/02\/pic09.jpg\" class=\"img-fluid mx-auto d-block\" alt=\"pic09\" \/><\/p>\n<h4>\nR\u00e1n th\u1ecbt g\u00e0 ki\u1ec3u Tatsuta<\/h4>\n<p class=\"mb-35\">\n\u0110\u00e2y l\u00e0 m\u00f3n th\u1ecbt g\u00e0 t\u1ea9m b\u1ed9t r\u00e1n \u0111i\u1ec3n h\u00ecnh c\u1ee7a Nh\u1eadt B\u1ea3n l\u00e0m b\u1eb1ng c\u00e1ch r\u1eafc b\u1ed9t n\u0103ng l\u00ean th\u1ecbt g\u00e0 \u0111\u00e3 t\u1ea9m v\u1ecb v\u00e0 r\u00e1n, s\u1ee9c h\u1ea5p d\u1eabn c\u1ee7a m\u00f3n n\u00e0y l\u00e0 \u1edf l\u1edbp v\u1ecf gi\u00f2n tan.\n<\/p>\n<\/div>\n<div class=\"col-lg-4 col-md-6\">\n<img decoding=\"async\" src=\"https:\/\/jlec-pr.jp\/wp-content\/uploads\/2020\/02\/pic10.jpg\" class=\"img-fluid mx-auto d-block\" alt=\"pic10\" \/><\/p>\n<h4>\nTh\u1ecbt g\u00e0 ng\u00e2m ki\u1ec3u Nanban<\/h4>\n<p class=\"mb-35\">\nH\u01b0\u01a1ng v\u1ecb thanh \u0111\u1ea1m c\u1ee7a d\u1ea5m th\u01b0\u1eddng th\u1ea5y trong m\u00f3n \u0103n truy\u1ec1n th\u1ed1ng c\u1ee7a Nh\u1eadt B\u1ea3n l\u00e0m t\u0103ng c\u1ea3m gi\u00e1c ngon mi\u1ec7ng.<br \/>\nL\u00e0 m\u1ed9t trong nh\u1eefng m\u00f3n \u0103n d\u00f9ng th\u1ecbt g\u00e0 n\u1ed5i ti\u1ebfng c\u1ee7a Nh\u1eadt B\u1ea3n.\n<\/p>\n<\/div>\n<div class=\"col-lg-4 col-md-6\">\n<img decoding=\"async\" src=\"https:\/\/jlec-pr.jp\/wp-content\/uploads\/2020\/02\/pic11.jpg\" class=\"img-fluid mx-auto d-block\" alt=\"pic11\" \/><\/p>\n<h4>\nM\u1ef3 Udon v\u00e0 th\u1ecbt g\u00e0 h\u1ea5p<\/h4>\n<p class=\"mb-35\">\nM\u1ef3 Udon v\u00e0 th\u1ecbt g\u00e0 h\u1ea5p tr\u1ed9n m\u01a1 mu\u1ed1i l\u00e0 m\u00f3n \u0103n \u0111\u01b0\u1ee3c \u01b0a th\u00edch v\u00e0o m\u00f9a h\u00e8.\n<\/p>\n<\/div>\n<div class=\"col-md-6 col-lg-4\">\n<img decoding=\"async\" src=\"https:\/\/jlec-pr.jp\/wp-content\/uploads\/2020\/02\/pic12.jpg\" class=\"img-fluid mx-auto d-block\" alt=\"pic12\" \/><\/p>\n<h4>\nTh\u1ecbt g\u00e0 chi\u00ean x\u00f9<\/h4>\n<p class=\"mb-35\">\nH\u00e3y th\u01b0\u1edfng th\u1ee9c v\u1ecb ng\u1ecdt v\u1ed1n c\u00f3 c\u1ee7a th\u1ecbt g\u00e0 b\u1eb1ng m\u00f3n chi\u00ean x\u00f9 ti\u1ec3u bi\u1ec3u c\u1ee7a m\u00f3n \u0103n truy\u1ec1n th\u1ed1ng Nh\u1eadt B\u1ea3n.\n<\/p>\n<\/div>\n<\/div>\n<\/div>\n<\/div>\n","protected":false},"excerpt":{"rendered":"<p>\u0110\u1eb7c tr\u01b0ng c\u1ee7a th\u1ecbt g\u00e0 G\u00e0 th\u1ef1c ph\u1ea9m c\u1ee7a Nh\u1eadt B\u1ea3n ch\u00fa \u00fd t\u1edbi s\u1ee9c kh\u1ecfe Th\u1ecbt g\u00e0 c\u1ee7a Nh\u1eadt B\u1ea3n c\u00f3 r\u1ea5t nhi\u1ec1u ch\u1ee7ng lo\u1ea1i phong ph\u00fa, g\u00e0 b\u1ea3n \u0111\u1ecba, g\u00e0 th\u01b0\u01a1ng hi\u1ec7u, g\u00e0 chuy\u00ean l\u1ea5y th\u1ecbt \u0111\u1ec1u c\u00f3 \u0111\u1eb7c th\u00f9 ri\u00eang v\u1ec1 ch\u1ea5t l\u01b0\u1ee3ng th\u1ecbt, h\u01b0\u01a1ng v\u1ecb v\u00e0 c\u1ea3m gi\u00e1c, ph\u00f9 h\u1ee3p v\u1edbi [&hellip;]<\/p>\n","protected":false},"author":1,"featured_media":0,"parent":525,"menu_order":0,"comment_status":"closed","ping_status":"closed","template":"page-template\/chicken-vt-template.php","meta":{"_acf_changed":false,"_locale":"vi","_original_post":"83","footnotes":""},"class_list":["post-539","page","type-page","status-publish","hentry","vi"],"acf":[],"_links":{"self":[{"href":"https:\/\/jlec-pr.jp\/wp-json\/wp\/v2\/pages\/539","targetHints":{"allow":["GET"]}}],"collection":[{"href":"https:\/\/jlec-pr.jp\/wp-json\/wp\/v2\/pages"}],"about":[{"href":"https:\/\/jlec-pr.jp\/wp-json\/wp\/v2\/types\/page"}],"author":[{"embeddable":true,"href":"https:\/\/jlec-pr.jp\/wp-json\/wp\/v2\/users\/1"}],"replies":[{"embeddable":true,"href":"https:\/\/jlec-pr.jp\/wp-json\/wp\/v2\/comments?post=539"}],"version-history":[{"count":7,"href":"https:\/\/jlec-pr.jp\/wp-json\/wp\/v2\/pages\/539\/revisions"}],"predecessor-version":[{"id":8603,"href":"https:\/\/jlec-pr.jp\/wp-json\/wp\/v2\/pages\/539\/revisions\/8603"}],"up":[{"embeddable":true,"href":"https:\/\/jlec-pr.jp\/wp-json\/wp\/v2\/pages\/525"}],"wp:attachment":[{"href":"https:\/\/jlec-pr.jp\/wp-json\/wp\/v2\/media?parent=539"}],"curies":[{"name":"wp","href":"https:\/\/api.w.org\/{rel}","templated":true}]}}