{"id":497,"date":"2020-02-07T15:36:26","date_gmt":"2020-02-07T06:36:26","guid":{"rendered":"http:\/\/jlec-pr.jp\/?page_id=497"},"modified":"2020-02-27T15:34:51","modified_gmt":"2020-02-27T06:34:51","slug":"egg-tokutyou","status":"publish","type":"page","link":"https:\/\/jlec-pr.jp\/vi\/egg\/egg-tokutyou\/","title":{"rendered":"\u0110\u1eb7c tr\u01b0ng c\u1ee7a tr\u1ee9ng g\u00e0"},"content":{"rendered":"<h2>\u0110\u1eb7c tr\u01b0ng c\u1ee7a tr\u1ee9ng g\u00e0<\/h2>\n<div class=\"row\">\n<div class=\"col-12 col-md-5\"><img decoding=\"async\" class=\"img-fluid mx-auto d-block img-rd-lg mg-md\" src=\"https:\/\/jlec-pr.jp\/wp-content\/uploads\/2020\/02\/egg-02.jpg\" alt=\"about 01\" \/><\/div>\n<div class=\"col\">\n<h3>Nu\u00f4i d\u01b0\u1ee1ng t\u1eeb \u0111\u1eddi m\u1eb9 c\u1ee7a m\u1eb9 c\u1ee7a tr\u1ee9ng \u2013 C\u1ea9n th\u1eadn \u0111\u1ebfn m\u1ee9c n\u00e0y ch\u1ec9 c\u00f3 \u1edf \u201cTAMAGO\u201d  Nh\u1eadt B\u1ea3n.<\/h3>\n<p class=\"mb-35\">Tr\u1ea1i tr\u1ee9ng Nh\u1eadt B\u1ea3n n\u1ebfu chia r\u1ed9ng th\u00ec c\u00f3 3 lo\u1ea1i. \u201cTr\u1ea1i g\u00e0 l\u1ea5y gi\u1ed1ng\u201d nu\u00f4i g\u00e0 \u00f4ng, b\u00e0 c\u1ee7a tr\u1ee9ng xu\u1ea5t kho.<br \/>\n\u201cTr\u1ea1i gi\u1ed1ng\u201d \u1ee7 tr\u1ee9ng th\u1ee5 tinh \u1edf tr\u1ea1i l\u1ea5y gi\u1ed1ng th\u00e0nh g\u00e0 con. \u201cTr\u1ea1i nu\u00f4i g\u00e0\u201d nu\u00f4i g\u00e0 con c\u1ee7a tr\u1ea1i gi\u1ed1ng th\u00e0nh g\u00e0 kh\u1ecfe, m\u1ea1nh v\u00e0 cho \u0111\u1ebb tr\u1ee9ng.Ba th\u1ebf h\u1ec7 g\u00e0 t\u1eeb g\u00e0 \u0111\u1ebb tr\u1ee9ng v\u00e0 g\u00e0 b\u1ed1 m\u1eb9 c\u1ee7a ch\u00fang \u0111\u01b0\u1ee3c nu\u00f4i \u1edf c\u00e1c tr\u1ea1i chuy\u00ean, \u0111\u01b0\u1ee3c ki\u1ec3m tra vi khu\u1ea9n Salmonella v\u00e0 \u0111\u01b0\u1ee3c ti\u1ebfn h\u00e0nh ti\u00eam ch\u1ee7ng th\u00edch h\u1ee3p.<\/p>\n<\/div>\n<\/div>\n<div class=\"row\">\n<div class=\"col-12 col-md-5\"><img decoding=\"async\" class=\"img-fluid img-rd-lg mg-md float-lg-none\" src=\"https:\/\/jlec-pr.jp\/wp-content\/uploads\/2020\/02\/pic02.jpg\" alt=\"about 01\" \/><\/div>\n<div class=\"col\">\n<h3>C\u00e1c bi\u1ec7n ph\u00e1p ph\u00f2ng ch\u1ed1ng d\u1ecbch tri\u1ec7t \u0111\u1ec3<br \/>\nBiosecurity:<\/h3>\n<p class=\"mb-35\">Tr\u1ea1i tr\u1ee9ng g\u00e0 Nh\u1eadt B\u1ea3n \u0111\u01b0\u1ee3c khuy\u1ebfn kh\u00edch x\u00e2y d\u1ef1ng c\u00e1ch tr\u1ea1i kh\u00e1c t\u1eeb 1000 m\u00e9t tr\u1edf l\u00ean v\u00e0 c\u00e1ch \u0111\u01b0\u1eddng giao th\u00f4ng t\u1eeb 300 m\u00e9t tr\u1edf l\u00ean.<br \/>\nChu\u1ed3ng g\u00e0 c\u0169ng \u0111\u01b0\u1ee3c qu\u1ea3n l\u00fd v\u1ec7 sinh tri\u1ec7t \u0111\u1ec3, c\u00f3 r\u00e0o tr\u00e1nh g\u00e0 hoang d\u00e3, c\u00e1c \u0111\u1ed9ng v\u1eadt nh\u1ecf v\u00e0 c\u00f4n tr\u00f9ng v.v\u2026\u0111\u1ed3ng th\u1eddi nghi\u00eam c\u1ea5m ng\u01b0\u1eddi l\u1ea1 v\u00e0o.<br \/>\nNh\u00e2n vi\u00ean khi v\u00e0o chu\u1ed3ng g\u00e0 ph\u1ea3i thay sang qu\u1ea7n \u00e1o lao \u0111\u1ed9ng t\u1ea1i ph\u00f2ng thay \u0111\u1ed3 v\u00e0 kh\u1eed tr\u00f9ng ng\u00f3n tay. T\u1ea5t c\u1ea3 vi\u1ec7c n\u00e0y l\u00e0 bi\u1ec7n ph\u00e1p \u0111\u1ec3 ph\u00f2ng tr\u00e1nh s\u1ef1 x\u00e2m nh\u1eadp c\u1ee7a vi khu\u1ea9n Salmonella v\u00e0 c\u00fam g\u00e0.<\/p>\n<\/div>\n<\/div>\n<div class=\"row voffset-md\">\n<div class=\"col-12 col-md-7\">\n<h3>Ki\u1ec3m tra ngi\u00eam kh\u1eafc \u0111\u1ec3 c\u00f3 \u0111\u01b0\u1ee3c \u201cTAMAGO\u201d an to\u00e0n<\/h3>\n<p class=\"mb-35\">Tr\u1ee9ng \u0111\u1ebb ra s\u1ebd \u0111\u01b0\u1ee3c t\u1eadp trung t\u1ea1i Trung t\u00e2m GP, sau khi r\u1eeda v\u1ecf tr\u1ee9ng v\u00e0 s\u00e1t tr\u00f9ng s\u1ebd ti\u1ebfn h\u00e0nh s\u1ea5y kh\u00f4 v\u00e0 \u0111\u01b0\u1ee3c x\u1eed l\u00fd kh\u1eed tr\u00f9ng th\u00eam m\u1ed9t l\u1ea7n n\u1eefa.<br \/>\nH\u01a1n n\u1eefa, c\u00f3n ti\u1ebfn h\u00e0nh ki\u1ec3m tra nghi\u00eam kh\u1eafc b\u1eb1ng c\u00e1c lo\u1ea1i thi\u1ebft b\u1ecb ki\u1ec3m tra \u0111\u1ec3 t\u00ecm ra tr\u1ee9ng d\u00ednh m\u00e1u, tr\u1ee9ng b\u1ea9n, tr\u1ee9ng n\u1ee9t v.v\u2026Tr\u1ee9ng kh\u00f4ng ph\u00f9 h\u1ee3p \u0111\u1ec3 \u0103n s\u1ebd b\u1ecb lo\u1ea1i b\u1ecf.<br \/>\nTh\u1ee9c \u0103n cho g\u00e0 c\u0169ng \u0111\u01b0\u1ee3c l\u01b0u \u00fd c\u1ea9n th\u1eadn, \u00e1p d\u1ee5ng bi\u1ec7n ph\u00e1p ph\u00f2ng ch\u1ed1ng \u00f4 nhi\u1ec5m tri\u1ec7t \u0111\u1ec3 t\u1eeb n\u01a1i mua nguy\u00ean li\u1ec7u, v\u1eadn chuy\u1ec3n, b\u1ea3o qu\u1ea3n \u0111\u1ebfn c\u00f4ng \u0111o\u1ea1n ch\u1ebf t\u1ea1o v\u00e0 c\u00f2n ti\u1ebfn h\u00e0nh ki\u1ec3m tra vi khu\u1ea9n Salmonella \u0111\u1ecbnh k\u1ef3.<\/p>\n<\/div>\n<div class=\"col d-sm-block d-none\"><img decoding=\"async\" class=\"img-fluid mx-auto img-rd-lg mb-35 d-md-block d-none\" src=\"https:\/\/jlec-pr.jp\/wp-content\/uploads\/2020\/02\/pic03-1.jpg\" alt=\"about 02\" \/><\/div>\n<\/div>\n<div class=\"row voffset-md\">\n<div class=\"col-12 col-md-7\">\n<h3>\u201cTAMAGO\u201d gi\u1ea7u dinh d\u01b0\u1ee1ng cho cu\u1ed9c s\u1ed1ng th\u01b0\u1eddng ng\u00e0y<\/h3>\n<p class=\"mb-35\">Tr\u1ee9ng g\u00e0 g\u1ed3m nhi\u1ec1u c\u00e1c ch\u1ea5t dinh d\u01b0\u1ee1ng v\u00e0 c\u00f3 t\u1ef7 l\u1ec7 r\u1ea5t ph\u00f9 h\u1ee3p nh\u01b0 ch\u1ea5t \u0111\u1ea1m, Vitamin, kho\u00e1ng ch\u1ea5t n\u00ean c\u00f2n \u0111\u01b0\u1ee3c g\u1ecdi l\u00e0 th\u1ef1c ph\u1ea9m dinh d\u01b0\u1ee1ng tuy\u1ec7t \u0111\u1ed1i.<br \/>\n\u0110\u1eb7c bi\u1ec7t n\u1ebfu \u0103n tr\u1ee9ng g\u00e0 v\u00e0o bu\u1ed5i s\u00e1ng s\u1ebd gi\u00fap t\u0103ng nhi\u1ec7t \u0111\u1ed9 c\u01a1 th\u1ebf v\u1ed1n b\u1ecb gi\u1ea3m trong l\u00fac ng\u1ee7 ,t\u1ea1o n\u00ean b\u01b0\u1edbc kh\u1edfi \u0111\u1ea7u cho m\u1ed9t ng\u00e0y kh\u1ecfe m\u1ea1nh.<br \/>\nH\u00e3y s\u1eed d\u1ee5ng \u201cTAMAGO\u201d an to\u00e0n trong c\u00e1c b\u1eefa \u0103n h\u00e0ng ng\u00e0y \u0111\u1ec3 \u0111\u1ea3m b\u1ea3o s\u1ee9c kh\u1ecfe \u0103n u\u1ed1ng.\n<\/p>\n<\/div>\n<div class=\"col d-sm-block d-none\"><img decoding=\"async\" class=\"img-fluid mx-auto img-rd-lg mb-35 d-md-block d-none\" src=\"https:\/\/jlec-pr.jp\/wp-content\/uploads\/2020\/02\/pic04-1.jpg\" alt=\"about 02\" \/><\/div>\n<\/div>\n<div class=\"row voffset-md\">\n<div class=\"col d-block\">\n<h3 class=\"text-lg-center\">C\u00f3 th\u1ec3 \u0103n s\u1ed1ng trong v\u00f2ng 3 tu\u1ea7n<\/h3>\n<p class=\"mb-35\">Th\u1eddi h\u1ea1n s\u1eed d\u1ee5ng c\u1ee7a \u201cTAMAGO\u201d l\u00e0 21 ng\u00e0y k\u1ec3 t\u01b0 ng\u00e0y \u0111\u1ebb tr\u1ee9ng trong n\u1ed9i \u0111\u1ecba Nh\u1eadt B\u1ea3n. Ng\u01b0\u1eddi n\u01b0\u1edbc ngo\u00e0i c\u00f3 th\u1ec3 s\u1ebd c\u1ea3m th\u1ea5y qu\u00e1 ng\u1eafn. Tuy nhi\u00ean th\u1eddi h\u1ea1n n\u00e0y th\u1ef1c ra l\u00e0 th\u1eddi h\u1ea1n c\u00f3 th\u1ec3 \u0103n tr\u1ee9ng \u1edf t\u00ecnh tr\u1ea1ng \u201cs\u1ed1ng\u201d. Tr\u1ee9ng s\u1ed1ng \u0111\u01b0\u1ee3c s\u1eed d\u1ee5ng trong c\u00e1c m\u00f3n \u0103n \u201cC\u01a1m r\u01b0\u1edbi tr\u1ee9ng\u201d l\u00e0 m\u00f3n tr\u1ed9n tr\u1ee9ng v\u1edbi x\u00ec d\u1ea7u v\u00e0 r\u01b0\u1edbi l\u00ean c\u01a1m n\u00f3ng ho\u1eb7c m\u00f3n \u201cL\u1ea9u sukiyaki\u201d tr\u1ed9n tr\u1ee9ng s\u1ed1ng v\u1edbi th\u1ecbt v\u00e0 rau khi \u0103n v.v\u2026\u1edf Nh\u1eadt B\u1ea3n vi\u1ec7c \u0103n tr\u1ee9ng s\u1ed1ng r\u1ea5t ph\u1ed5 bi\u1ebfn.<br \/>\nV\u00ec \u201cTAMAGO\u201d c\u1ee7a Nh\u1eadt B\u1ea3n \u0111\u01b0\u1ee3c l\u01b0u \u00fd h\u1ebft s\u1ee9c \u0111\u1ebfn t\u00ednh an to\u00e0n n\u00ean m\u1edbi l\u00e0m \u0111\u01b0\u1ee3c \u0111i\u1ec1u n\u00e0y.<\/p>\n<div class=\"row\">\n<div class=\"col-lg-4 col-md-6\"><img decoding=\"async\" class=\"img-fluid mx-auto d-block\" src=\"https:\/\/jlec-pr.jp\/wp-content\/uploads\/2020\/02\/pic05-1.jpg\" alt=\"pic05 1\" \/><\/p>\n<h4>M\u00f3n Poached egg<\/h4>\n<p class=\"mb-35\">M\u00f3n Poached egg c\u00f3 th\u1ec3 l\u00e0m nhanh ch\u00f3ng. N\u1ebfu s\u1eed d\u1ee5ng \u201cTAMAGO\u201d c\u00f3 th\u1ec3 \u0103n m\u1ed9t c\u00e1ch an t\u00e2m h\u01a1n.<\/p>\n<\/div>\n<div class=\"col-lg-4 col-md-6\"><img decoding=\"async\" class=\"img-fluid mx-auto d-block\" src=\"https:\/\/jlec-pr.jp\/wp-content\/uploads\/2020\/02\/pic06-1.jpg\" alt=\"pic06 1\" \/><\/p>\n<h4>M\u00f3n Eggs Benedict<\/h4>\n<p class=\"mb-35\">Th\u1ef1c \u0111\u01a1n kh\u00f4ng th\u1ec3 thi\u1ebfu trong b\u1eefa s\u00e1ng. Tr\u1ee9ng l\u00f2ng \u0111\u00e0o c\u0169ng c\u00f3 th\u1ec3 y\u00ean t\u00e2m nh\u00e9.<\/p>\n<\/div>\n<div class=\"col-lg-4 col-md-6\"><img decoding=\"async\" class=\"img-fluid mx-auto d-block\" src=\"https:\/\/jlec-pr.jp\/wp-content\/uploads\/2020\/02\/pic07-1.jpg\" alt=\"pic07 1\" \/><\/p>\n<h4>M\u00f3n Carbonara<\/h4>\n<p class=\"mb-35\">Y\u1ebfu t\u1ed1 quy\u1ebft \u0111\u1ecbnh v\u1ecb ngon l\u00e0 \u1edf vi\u1ec7c cho tr\u1ee9ng v\u00e0o ngay tr\u01b0\u1edbc khi ho\u00e0n th\u00e0nh m\u00f3n \u0103n. D\u00f9ng \u201cTAMAGO\u201d s\u1ebd cho m\u00f3n \u0103n ho\u00e0n h\u1ea3o h\u01a1n.<\/p>\n<\/div>\n<div class=\"col-lg-4 col-md-6\"><img decoding=\"async\" class=\"img-fluid mx-auto d-block\" src=\"https:\/\/jlec-pr.jp\/wp-content\/uploads\/2020\/02\/pic08-1.jpg\" alt=\"pic08 1\" \/><\/p>\n<h4>Salad c\u00f3 tr\u1ee9ng lu\u1ed9c<\/h4>\n<p class=\"mb-35\">Cho m\u00f3n Poached egg ki\u1ec3u Nh\u1eadt l\u00ean m\u00f3n salad. C\u00f3 th\u1ec3 \u0103n v\u1edbi \u0111\u1ea7y \u0111\u1ee7 ch\u1ea5t dinh d\u01b0\u1ee1ng.\n<\/p>\n<\/div>\n<div class=\"col-lg-4 col-md-6\"><img decoding=\"async\" class=\"img-fluid mx-auto d-block\" src=\"https:\/\/jlec-pr.jp\/wp-content\/uploads\/2020\/02\/pic09-1.jpg\" alt=\"pic09 1\" \/><\/p>\n<h4>Tr\u1ee9ng tr\u00e1ng v\u1edbi cua<\/h4>\n<p class=\"mb-35\">Tr\u1ee9ng tr\u00e1ng v\u1edbi cua ph\u1ea3i l\u00e0m th\u1eadt nhanh m\u1edbi t\u1ea1o \u0111\u01b0\u1ee3c \u0111\u1ed9 m\u1ec1m m\u1ea1i.<\/p>\n<\/div>\n<div class=\"col-lg-4 col-md-6\"><img decoding=\"async\" class=\"img-fluid mx-auto d-block\" src=\"https:\/\/jlec-pr.jp\/wp-content\/uploads\/2020\/02\/pic10-1.jpg\" alt=\"pic10 1\" \/><\/p>\n<h4>C\u01a1m ph\u1ee7 tr\u1ee9ng chi\u00ean<\/h4>\n<p class=\"mb-35\">M\u00f3n tr\u1ee9ng c\u00f3 th\u1eadt m\u1ecbn m\u00e0ng ph\u1ee7 l\u00ean c\u01a1m hay kh\u00f4ng l\u00e0 t\u00f9y thu\u1ed9c v\u00e0o b\u00e0n tay m\u1eb9.<\/p>\n<\/div>\n<div class=\"col-md-6 col-lg-4\"><img decoding=\"async\" class=\"img-fluid mx-auto d-block\" src=\"https:\/\/jlec-pr.jp\/wp-content\/uploads\/2020\/02\/pic11-1.jpg\" alt=\"pic11 1\" \/><\/p>\n<h4>Tr\u1ee9ng tr\u01b0ng<\/h4>\n<p class=\"mb-35\">Ai c\u0169ng c\u00f3 th\u1ec3 l\u00e0m m\u00f3n n\u00e0y m\u1ec1m m\u1ea1i<\/p>\n<\/div>\n<div class=\"col-md-6 col-lg-4\"><img decoding=\"async\" class=\"img-fluid mx-auto d-block\" src=\"https:\/\/jlec-pr.jp\/wp-content\/uploads\/2020\/02\/pic12-1.jpg\" alt=\"pic12 1\" \/><\/p>\n<h4>C\u01a1m rang cua<\/h4>\n<p class=\"mb-35\">C\u01a1m rang th\u00f4ng th\u01b0\u1eddng s\u1ebd tr\u1edf n\u00ean cao c\u1ea5p h\u01a1n v\u1edbi \u201cTAMAGO\u201d m\u1ec1m m\u1ea1i.<br \/>\nS\u1ea3n ph\u1ea9m ch\u0103n nu\u00f4i c\u1ee7a Nh\u1eadt B\u1ea3n<\/p>\n<p>    Th\u1ecbt b\u00f2<br \/>\n    Th\u1ecbt l\u1ee3n<br \/>\n    Th\u1ecbt g\u00e0<br \/>\n    Tr\u1ee9ng g\u00e0<br \/>\n    S\u1eefa v\u00e0 s\u1ea3n ph\u1ea9m b\u01a1 s\u1eefa<\/p>\n<\/div>\n<\/div>\n<\/div>\n<\/div>\n","protected":false},"excerpt":{"rendered":"<p>\u0110\u1eb7c tr\u01b0ng c\u1ee7a tr\u1ee9ng g\u00e0 Nu\u00f4i d\u01b0\u1ee1ng t\u1eeb \u0111\u1eddi m\u1eb9 c\u1ee7a m\u1eb9 c\u1ee7a tr\u1ee9ng \u2013 C\u1ea9n th\u1eadn \u0111\u1ebfn m\u1ee9c n\u00e0y ch\u1ec9 c\u00f3 \u1edf \u201cTAMAGO\u201d Nh\u1eadt B\u1ea3n. Tr\u1ea1i tr\u1ee9ng Nh\u1eadt B\u1ea3n n\u1ebfu chia r\u1ed9ng th\u00ec c\u00f3 3 lo\u1ea1i. \u201cTr\u1ea1i g\u00e0 l\u1ea5y gi\u1ed1ng\u201d nu\u00f4i g\u00e0 \u00f4ng, b\u00e0 c\u1ee7a tr\u1ee9ng xu\u1ea5t kho. \u201cTr\u1ea1i gi\u1ed1ng\u201d \u1ee7 tr\u1ee9ng th\u1ee5 tinh [&hellip;]<\/p>\n","protected":false},"author":1,"featured_media":0,"parent":469,"menu_order":0,"comment_status":"closed","ping_status":"closed","template":"page-template\/egg-vt-template.php","meta":{"_acf_changed":false,"_locale":"vi","_original_post":"111","footnotes":""},"class_list":["post-497","page","type-page","status-publish","hentry","vi"],"acf":[],"_links":{"self":[{"href":"https:\/\/jlec-pr.jp\/wp-json\/wp\/v2\/pages\/497","targetHints":{"allow":["GET"]}}],"collection":[{"href":"https:\/\/jlec-pr.jp\/wp-json\/wp\/v2\/pages"}],"about":[{"href":"https:\/\/jlec-pr.jp\/wp-json\/wp\/v2\/types\/page"}],"author":[{"embeddable":true,"href":"https:\/\/jlec-pr.jp\/wp-json\/wp\/v2\/users\/1"}],"replies":[{"embeddable":true,"href":"https:\/\/jlec-pr.jp\/wp-json\/wp\/v2\/comments?post=497"}],"version-history":[{"count":6,"href":"https:\/\/jlec-pr.jp\/wp-json\/wp\/v2\/pages\/497\/revisions"}],"predecessor-version":[{"id":8601,"href":"https:\/\/jlec-pr.jp\/wp-json\/wp\/v2\/pages\/497\/revisions\/8601"}],"up":[{"embeddable":true,"href":"https:\/\/jlec-pr.jp\/wp-json\/wp\/v2\/pages\/469"}],"wp:attachment":[{"href":"https:\/\/jlec-pr.jp\/wp-json\/wp\/v2\/media?parent=497"}],"curies":[{"name":"wp","href":"https:\/\/api.w.org\/{rel}","templated":true}]}}