{"id":483,"date":"2020-02-15T06:23:15","date_gmt":"2020-02-14T21:23:15","guid":{"rendered":"http:\/\/jlec-pr.jp\/?page_id=483"},"modified":"2020-02-20T10:38:48","modified_gmt":"2020-02-20T01:38:48","slug":"egg-video","status":"publish","type":"page","link":"https:\/\/jlec-pr.jp\/vi\/egg\/egg-video\/","title":{"rendered":"Tr\u1ee9ng g\u00e0 Nh\u1eadt B\u1ea3n Video"},"content":{"rendered":"<h2>Tr\u1ee9ng g\u00e0 Nh\u1eadt B\u1ea3n Video<\/h2>\n<h3>TAMAGO = Japan Egg<\/h3>\n<p>\u1ede Nh\u1eadt B\u1ea3n th\u1eddi h\u1ea1n s\u1eed d\u1ee5ng c\u1ee7a tr\u1ee9ng g\u00e0 l\u00e0 th\u1eddi h\u1ea1n c\u00f3 th\u1ec3 \u0103n tr\u1ee9ng s\u1ed1ng, \u0111\u00e2y l\u00e0 \u0111i\u1ec1u m\u00e0 kh\u00f4ng n\u01b0\u1edbc n\u00e0o kh\u00e1c tr\u00ean th\u1ebf gi\u1edbi l\u00e0m \u0111\u01b0\u1ee3c.<br \/>\n\u0110\u1ec3 gi\u1edbi thi\u1ec7u ra th\u1ebf gi\u1edbi lo\u1ea1i th\u1ef1c ph\u1ea9m \u201ctr\u1ee9ng g\u00e0 Nh\u1eadt B\u1ea3n\u201d tuy\u1ec7t v\u1eddi n\u00e0y ch\u00fang t\u00f4i xin gi\u1edbi thi\u1ec7u video v\u1ec1 s\u1ea3n xu\u1ea5t tr\u1ee9ng g\u00e0 t\u1ea1i Nh\u1eadt B\u1ea3n \u0111\u01b0\u1ee3c qu\u1ea3n l\u00fd ch\u1eb7t ch\u1ebd nh\u01b0 th\u1ebf n\u00e0o, \u0111\u01b0\u1ee3c l\u01b0u th\u00f4ng d\u01b0\u1edbi d\u1ea1ng th\u1ef1c ph\u1ea9m an to\u00e0n an t\u00e2m ra sao \u0111\u1ed3ng th\u1eddi gi\u1edbi thi\u1ec7u t\u1eeb kh\u00e2u s\u1ea3n xu\u1ea5t tr\u1ee9ng g\u00e0 Nh\u1eadt B\u1ea3n \u0111\u01b0\u1ee3c l\u01b0u \u00fd \u0111\u1ebfn v\u1ea5n \u0111\u1ec1 qu\u1ea3n l\u00fd v\u1ec7 sinh \u0111\u1ebfn kh\u00e2u x\u1eed l\u00fd v\u00e0 m\u1ed9t s\u1ed1 v\u00ed d\u1ee5 v\u1ec1 \u0111\u1ed3 \u0103n s\u1eed d\u1ee5ng tr\u1ee9ng g\u00e0.<\/p>\n<h3>TAMAGO = Japan Egg\u3000\u4e2d\u6587\uff08Ch\u1ec9 c\u00f3 b\u1ea3n ti\u1ebfng Qu\u1ea3ng \u0110\u00f4ng\uff09\u30005ph\u00fat<\/h3>\n<div style=\"position: relative; padding-bottom: 56.25%;\"><iframe style=\"position: absolute; top: 0; left: 0; width: 100%; height: 100%;\" src=\"https:\/\/www.youtube.com\/embed\/-_fcWQF3efs\" frameborder=\"0\" allowfullscreen=\"allowfullscreen\"><br \/>\n<\/iframe><\/div>\n<h3>TAMAGO = Japan Egg\u3000\u4e2d\u6587\uff08Ch\u1ec9 c\u00f3 b\u1ea3n ti\u1ebfng Qu\u1ea3ng \u0110\u00f4ng\uff09\u300020ph\u00fat<\/h3>\n<div style=\"position: relative; padding-bottom: 56.25%;\"><iframe style=\"position: absolute; top: 0; left: 0; width: 100%; height: 100%;\" src=\"https:\/\/www.youtube.com\/embed\/xemu3xNywUc\" frameborder=\"0\" allowfullscreen=\"allowfullscreen\"><br \/>\n<\/iframe><\/div>\n","protected":false},"excerpt":{"rendered":"<p>Tr\u1ee9ng g\u00e0 Nh\u1eadt B\u1ea3n Video TAMAGO = Japan Egg \u1ede Nh\u1eadt B\u1ea3n th\u1eddi h\u1ea1n s\u1eed d\u1ee5ng c\u1ee7a tr\u1ee9ng g\u00e0 l\u00e0 th\u1eddi h\u1ea1n c\u00f3 th\u1ec3 \u0103n tr\u1ee9ng s\u1ed1ng, \u0111\u00e2y l\u00e0 \u0111i\u1ec1u m\u00e0 kh\u00f4ng n\u01b0\u1edbc n\u00e0o kh\u00e1c tr\u00ean th\u1ebf gi\u1edbi l\u00e0m \u0111\u01b0\u1ee3c. \u0110\u1ec3 gi\u1edbi thi\u1ec7u ra th\u1ebf gi\u1edbi lo\u1ea1i th\u1ef1c ph\u1ea9m \u201ctr\u1ee9ng g\u00e0 Nh\u1eadt B\u1ea3n\u201d tuy\u1ec7t v\u1eddi [&hellip;]<\/p>\n","protected":false},"author":1,"featured_media":0,"parent":469,"menu_order":0,"comment_status":"closed","ping_status":"closed","template":"page-template\/egg-vt-template.php","meta":{"_acf_changed":false,"_locale":"vi","_original_post":"168","footnotes":""},"class_list":["post-483","page","type-page","status-publish","hentry","vi"],"acf":[],"_links":{"self":[{"href":"https:\/\/jlec-pr.jp\/wp-json\/wp\/v2\/pages\/483","targetHints":{"allow":["GET"]}}],"collection":[{"href":"https:\/\/jlec-pr.jp\/wp-json\/wp\/v2\/pages"}],"about":[{"href":"https:\/\/jlec-pr.jp\/wp-json\/wp\/v2\/types\/page"}],"author":[{"embeddable":true,"href":"https:\/\/jlec-pr.jp\/wp-json\/wp\/v2\/users\/1"}],"replies":[{"embeddable":true,"href":"https:\/\/jlec-pr.jp\/wp-json\/wp\/v2\/comments?post=483"}],"version-history":[{"count":2,"href":"https:\/\/jlec-pr.jp\/wp-json\/wp\/v2\/pages\/483\/revisions"}],"predecessor-version":[{"id":5051,"href":"https:\/\/jlec-pr.jp\/wp-json\/wp\/v2\/pages\/483\/revisions\/5051"}],"up":[{"embeddable":true,"href":"https:\/\/jlec-pr.jp\/wp-json\/wp\/v2\/pages\/469"}],"wp:attachment":[{"href":"https:\/\/jlec-pr.jp\/wp-json\/wp\/v2\/media?parent=483"}],"curies":[{"name":"wp","href":"https:\/\/api.w.org\/{rel}","templated":true}]}}