{"id":455,"date":"2020-02-15T06:03:37","date_gmt":"2020-02-14T21:03:37","guid":{"rendered":"http:\/\/jlec-pr.jp\/?page_id=455"},"modified":"2020-02-27T15:50:40","modified_gmt":"2020-02-27T06:50:40","slug":"pork-logomark","status":"publish","type":"page","link":"https:\/\/jlec-pr.jp\/vi\/pork\/pork-logomark\/","title":{"rendered":"Gi\u1edbi thi\u1ec7u v\u1ec1 nh\u00e3n hi\u1ec7u th\u1ed1ng nh\u1ea5t c\u1ee7a th\u1ecbt l\u1ee3n"},"content":{"rendered":"<h2>Gi\u1edbi thi\u1ec7u v\u1ec1 nh\u00e3n hi\u1ec7u th\u1ed1ng nh\u1ea5t c\u1ee7a th\u1ecbt l\u1ee3n<\/h2>\n<p class=\"thumbs_left\"><img decoding=\"async\" style=\"display: block; margin-left: auto; margin-right: auto; border: 2px solid #cccccc; padding: 20px;\" src=\"https:\/\/jlec-pr.jp\/wp-content\/uploads\/2020\/02\/pork-logo.png\" alt=\"Unified logo\" width=\"300\" \/><\/p>\n<h3>Nh\u00e3n hi\u1ec7u n\u00e0y l\u00e0 bi\u1ec3u t\u01b0\u1ee3ng c\u1ee7a \u201cTh\u1ecbt l\u1ee3n ngu\u1ed3n g\u1ed1c Nh\u1eadt B\u1ea3n\u201d v\u1edbi h\u01b0\u01a1ng v\u1ecb r\u1ea5t phong ph\u00fa<\/h3>\n<p>Nh\u1eadt B\u1ea3n l\u00e0 \u0111\u1ea5t n\u01b0\u1edbc c\u00f3 phong t\u1ee5c ph\u1ed1i h\u1ee3p h\u00e0i h\u00f2a nhi\u1ec1u y\u1ebfu t\u1ed1 n\u00ean ng\u01b0\u1eddi s\u1ea3n xu\u1ea5t lu\u00f4n l\u01b0u \u00fd \u0111\u1ebfn nhi\u1ec1u y\u1ebfu t\u1ed1 nh\u01b0 sinh tr\u01b0\u1edfng, qu\u1ea3n l\u00fd s\u1ee9c kh\u1ecfe, th\u00e0nh ph\u1ea7n th\u1ee9c \u0103n v\u00e0 ti\u1ebfn h\u00e0nh s\u1ea3n xu\u1ea5t th\u1ecbt l\u1ee3n ch\u1ea5t l\u01b0\u1ee3ng cao m\u1ed9t c\u00e1ch an to\u00e0n. H\u01a1n n\u1eefa, ch\u00fang t\u00f4i c\u00f2n h\u01b0\u1edbng t\u1edbi m\u1ee5c ti\u00eau  s\u1ea3n xu\u1ea5t th\u1ecbt l\u1ee3n ph\u00e1t huy \u0111\u1eb7c tr\u01b0ng c\u1ee7a t\u1eebng gi\u1ed1ng, t\u1eebng khu v\u1ef1c.<br \/>\nTh\u1ecbt m\u1ecbn m\u00e0ng v\u00e0 l\u1edbp m\u1ee1 ng\u1ecdt ng\u00e0o ch\u00ednh l\u00e0 \u0111\u1eb7c tr\u01b0ng c\u1ee7a \u201cTh\u1ecbt l\u1ee3n ngu\u1ed3n g\u1ed1c Nh\u1eadt B\u1ea3n\u201d v\u00e0 nh\u00e3n hi\u1ec7u n\u00e0y ch\u00ednh l\u00e0 b\u1eb1ng ch\u1ee9ng c\u1ee7a \u0111i\u1ec1u \u0111\u00f3.<\/p>\n","protected":false},"excerpt":{"rendered":"<p>Gi\u1edbi thi\u1ec7u v\u1ec1 nh\u00e3n hi\u1ec7u th\u1ed1ng nh\u1ea5t c\u1ee7a th\u1ecbt l\u1ee3n Nh\u00e3n hi\u1ec7u n\u00e0y l\u00e0 bi\u1ec3u t\u01b0\u1ee3ng c\u1ee7a \u201cTh\u1ecbt l\u1ee3n ngu\u1ed3n g\u1ed1c Nh\u1eadt B\u1ea3n\u201d v\u1edbi h\u01b0\u01a1ng v\u1ecb r\u1ea5t phong ph\u00fa Nh\u1eadt B\u1ea3n l\u00e0 \u0111\u1ea5t n\u01b0\u1edbc c\u00f3 phong t\u1ee5c ph\u1ed1i h\u1ee3p h\u00e0i h\u00f2a nhi\u1ec1u y\u1ebfu t\u1ed1 n\u00ean ng\u01b0\u1eddi s\u1ea3n xu\u1ea5t lu\u00f4n l\u01b0u \u00fd \u0111\u1ebfn nhi\u1ec1u y\u1ebfu t\u1ed1 [&hellip;]<\/p>\n","protected":false},"author":1,"featured_media":0,"parent":427,"menu_order":0,"comment_status":"closed","ping_status":"closed","template":"page-template\/pork-vt-template.php","meta":{"_acf_changed":false,"_locale":"vi","_original_post":"159","footnotes":""},"class_list":["post-455","page","type-page","status-publish","hentry","vi"],"acf":[],"_links":{"self":[{"href":"https:\/\/jlec-pr.jp\/wp-json\/wp\/v2\/pages\/455","targetHints":{"allow":["GET"]}}],"collection":[{"href":"https:\/\/jlec-pr.jp\/wp-json\/wp\/v2\/pages"}],"about":[{"href":"https:\/\/jlec-pr.jp\/wp-json\/wp\/v2\/types\/page"}],"author":[{"embeddable":true,"href":"https:\/\/jlec-pr.jp\/wp-json\/wp\/v2\/users\/1"}],"replies":[{"embeddable":true,"href":"https:\/\/jlec-pr.jp\/wp-json\/wp\/v2\/comments?post=455"}],"version-history":[{"count":4,"href":"https:\/\/jlec-pr.jp\/wp-json\/wp\/v2\/pages\/455\/revisions"}],"predecessor-version":[{"id":8605,"href":"https:\/\/jlec-pr.jp\/wp-json\/wp\/v2\/pages\/455\/revisions\/8605"}],"up":[{"embeddable":true,"href":"https:\/\/jlec-pr.jp\/wp-json\/wp\/v2\/pages\/427"}],"wp:attachment":[{"href":"https:\/\/jlec-pr.jp\/wp-json\/wp\/v2\/media?parent=455"}],"curies":[{"name":"wp","href":"https:\/\/api.w.org\/{rel}","templated":true}]}}