{"id":441,"date":"2020-02-07T15:09:38","date_gmt":"2020-02-07T06:09:38","guid":{"rendered":"http:\/\/jlec-pr.jp\/?page_id=441"},"modified":"2020-02-27T15:55:19","modified_gmt":"2020-02-27T06:55:19","slug":"pork-tokutyou","status":"publish","type":"page","link":"https:\/\/jlec-pr.jp\/vi\/pork\/pork-tokutyou\/","title":{"rendered":"\u0110\u1eb7c tr\u01b0ng c\u1ee7a th\u1ecbt l\u1ee3n"},"content":{"rendered":"<h2>\u0110\u1eb7c tr\u01b0ng c\u1ee7a th\u1ecbt l\u1ee3n<\/h2>\n<div class=\"row\">\n<div class=\"col-12 col-md-5\"><img decoding=\"async\" class=\"img-fluid mx-auto d-block img-rd-lg mg-md\" src=\"https:\/\/jlec-pr.jp\/wp-content\/uploads\/2020\/01\/pork-02.jpg\" alt=\"about 01\" \/><\/div>\n<div class=\"col\">\n<h3>B\u00ed m\u1eadt trong v\u1ecb ngon<\/h3>\n<p class=\"mb-35\">Nh\u1eefng n\u0103m g\u1ea7n \u0111\u00e2y th\u1ebf gi\u1edbi ch\u00fa \u00fd nhi\u1ec1u \u0111\u1ebfn m\u00f3n \u0103n Nh\u1eadt B\u1ea3n. B\u1ed1i c\u1ea3nh c\u1ee7a hi\u1ec7n t\u01b0\u1ee3ng n\u00e0y c\u00f3 th\u1ec3 l\u00e0 do nhi\u1ec1u ng\u01b0\u1eddi \u0111\u1ebfn Nh\u1eadt B\u1ea3n \u0111\u1ec3 du l\u1ecbch, c\u00f4ng t\u00e1c \u0111\u00e3 \u0111\u01b0\u1ee3c n\u1ebfm th\u1eed m\u00f3n \u0103n truy\u1ec1n th\u1ed1ng v\u00e0 th\u1ef1c ph\u1ea9m Nh\u1eadt B\u1ea3n sau \u0111\u00f3 truy\u1ec1n mi\u1ec7ng ho\u1eb7c th\u00f4ng tin r\u1ed9ng r\u00e3i qua m\u1ea1ng Internet. H\u01a1n n\u1eefa m\u00f3n \u0103n Nh\u1eadt B\u1ea3n \u0111\u01b0\u1ee3c khen l\u00e0 ngon, t\u1ed1t cho s\u1ee9c kh\u1ecfe v\u00e0 c\u01a1 th\u1ec3. \u0110\u00fang l\u00e0 m\u00f3n \u0103n Nh\u1eadt B\u1ea3n l\u00e0 m\u00f3n \u0103n c\u00f3 s\u1ef1 c\u00e2n b\u1eb1ng dinh d\u01b0\u1ee1ng tuy\u1ec7t v\u1eddi nh\u01b0ng \u0111\u1ec3 c\u00f3 \u0111\u01b0\u1ee3c \u0111i\u1ec1u \u0111\u00f3 xin h\u00e3y l\u01b0u \u00fd \u0111\u1ebfn ngu\u1ed3n th\u1ef1c ph\u1ea9m c\u1ee7a Nh\u1eadt B\u1ea3n<\/p>\n<p>Japanese Pork l\u00e0 m\u1ed9t trong nh\u1eefng th\u1ef1c ph\u1ea9m m\u00e0 Nh\u1eadt B\u1ea3n t\u1ef1 h\u00e0o v\u1edbi th\u1ebf gi\u1edbi v\u1ec1 v\u1ecb ngon v\u00e0 ch\u1ea5t l\u01b0\u1ee3ng, ch\u00ednh h\u01b0\u01a1ng v\u1ecb ng\u1ecdt ng\u00e0o v\u00e0 c\u1ea3m gi\u00e1c tuy\u1ec7t v\u1eddi c\u1ee7a ngu\u1ed3n th\u1ef1c ph\u1ea9m n\u00e0y l\u00e0 m\u1ed9t trong nh\u1eefng y\u1ebfu t\u1ed1 l\u00e0m n\u00ean v\u1ecb ngon cho m\u00f3n \u0103n Nh\u1eadt B\u1ea3n.<br \/>\n\u0110\u1eb7c tr\u01b0ng c\u1ee7a Japanese Pork l\u00e0 s\u1eed t\u1ef7 m\u1ef7 trong vi\u1ec7c \u0111\u1ea3m b\u1ea3o ch\u1ea5t l\u01b0\u1ee3ng c\u0169ng nh\u01b0 th\u1ee9c \u0103n cho l\u1ee3n v\u00e0 ti\u1ebfn h\u00e0nh s\u1ea3n xu\u1ea5t th\u1ecbt l\u1ee3n theo \u0111\u1eb7c tr\u01b0ng c\u1ee7a t\u1eebng nh\u00e0 s\u1ea3n xu\u1ea5t v\u00e0 t\u1eebng \u0111\u1ecba ph\u01b0\u01a1ng. Xin h\u00e3y n\u1ebfm th\u1eed \u0111\u1ec3 so s\u00e1nh c\u00e1c lo\u1ea1i h\u01b0\u01a1ng v\u1ecb \u0111a d\u1ea1ng phong ph\u00fa.<\/p>\n<h3>S\u1ef1 t\u1ef7 m\u1ef7 v\u1ec1 v\u1ecb ngon v\u00e0 c\u00f3 l\u1ee3i cho s\u1ee9c kh\u1ecfe<\/h3>\n<h4>Y\u1ebfu t\u1ed1 quy\u1ebft \u0111\u1ecbnh ch\u00ednh l\u00e0 v\u1ecb ngon c\u1ee7a ph\u1ea7n th\u1ecbt m\u1ee1<\/h4>\n<p class=\"mb-35\">Th\u00f4ng th\u01b0\u1eddng v\u1ecb ngon c\u1ee7a th\u1ecbt l\u1ee3n \u0111\u01b0\u1ee3c \u0111\u00e1nh gi\u00e1 b\u1edfi ch\u1ea5t l\u01b0\u1ee3ng th\u1ecbt qua c\u1ea3m gi\u00e1c m\u1ec1m v\u00e0 v\u1ecb ng\u1ecdt ng\u00e0o v.v\u2026 Tuy nhi\u00ean Japanese Pork kh\u00f4ng ch\u1ec9 \u0111\u1ea1t \u0111\u01b0\u1ee3c \u0111i\u1ec1u \u0111\u00f3 m\u00e0 c\u00f2n \u0111\u01b0\u1ee3c c\u1ea3i thi\u1ec7n t\u1ea1o n\u00ean v\u1ecb ngon c\u1ea3 \u1edf nh\u1eefng ph\u1ea7n n\u1eb1m ngo\u00e0i quy chu\u1ea9n nh\u01b0 v\u1ecb ngon c\u1ee7a m\u1ee1 v\u00e0 m\u1ec1m m\u1ea1i \u0111\u1ebfn tan ch\u1ea3y trong mi\u1ec7ng v.v\u2026Ph\u1ea7n th\u1ecbt m\u1ee1 v\u1eeba ph\u1ea3i n\u00ean c\u00f3 \u0111\u1ed9 \u0111\u00e0n h\u1ed3i m\u1ec1m m\u1ea1i, gi\u1eef \u0111\u01b0\u1ee3c l\u01b0\u1ee3ng n\u01b0\u1edbc v\u00e0 v\u1ecb \u0111\u1eadm \u0111\u00e0 t\u1ea1o n\u00ean lo\u1ea1i th\u1ecbt l\u1ee3n cao c\u1ea5p nh\u1ea5t m\u00e0 kh\u00f4ng lo\u1ea1i n\u00e0o kh\u00e1c s\u00e1nh k\u1ecbp.<\/p>\n<h4>C\u1ea3i thi\u1ec7n ch\u1ea5t l\u01b0\u1ee3ng th\u1ecbt b\u1eb1ng ngu\u1ed3n th\u1ee9c \u0103n \u0111\u1ed9c \u0111\u00e1o<\/h4>\n<p class=\"mb-35\">Th\u1ee9c \u0103n cho l\u1ee3n th\u00f4ng th\u01b0\u1eddng l\u00e0 th\u1ee9c \u0103n h\u1ed7n h\u1ee3p v\u1edbi th\u00e0nh ph\u1ea7n ch\u1ee7 y\u1ebfu l\u00e0 ng\u00f4 v\u00e0 \u0111\u1ed7 t\u01b0\u01a1ng.<br \/> Nh\u1eefng n\u0103m g\u1ea7n \u0111\u00e2y c\u00f2n c\u1ea3i ti\u1ebfn g\u1ea1o chuy\u00ean d\u00f9ng cho ng\u00e0nh ch\u0103n nu\u00f4i th\u00e0nh lo\u1ea1i g\u1ea1o chuy\u00ean d\u00f9ng cho ch\u0103n nu\u00f4i l\u1ee3n v\u00e0 h\u01a1n n\u1eefa l\u0129nh v\u1ef1c th\u00e2n thi\u1ec7n v\u1edbi m\u00f4i tr\u01b0\u1eddng c\u00f2n s\u1eed d\u1ee5ng ngu\u1ed3n th\u1ef1c ph\u1ea9m tr\u01b0\u1edbc \u0111\u00e2y th\u01b0\u1eddng v\u1ee9t \u0111i l\u00e0m ngu\u1ed3n t\u00e0i nguy\u00ean h\u1eefu c\u01a1 s\u1eed d\u1ee5ng v\u00e0o th\u1ee9c \u0103n gia s\u00fac gi\u1ea7u ch\u1ea5t dinh d\u01b0\u1ee1ng.<\/p>\n<\/div>\n<\/div>\n<div class=\"row voffset\">\n<div class=\"align-self-center col-12 col-md-7\">\n<h3>T\u00ecm ki\u1ebfm h\u01b0\u01a1ng v\u1ecb \u0111\u1ed9c \u0111\u00e1o<\/h3>\n<h4>V\u1ec1 lo\u1ea1i th\u1ecbt l\u1ee3n th\u01b0\u01a1ng hi\u1ec7u \u0111\u1ed9c \u0111\u00e1o c\u1ee7a Nh\u1ea9t B\u1ea3n<\/h4>\n<p class=\"mg-md\">Nh\u1eefng n\u0103m g\u1ea7n \u0111\u00e2y m\u1ed7i \u0111\u1ecba ph\u01b0\u01a1ng, m\u1ed7i n\u00f4ng tr\u01b0\u1eddng nu\u00f4i lo\u1ea1i l\u1ee3n ri\u00eang c\u00f3 c\u1ee7a m\u00ecnh t\u1ea1o n\u00ean c\u00e1c \u201cth\u01b0\u01a1ng hi\u1ec7u l\u1ee3n\u201d v\u00e0 hi\u1ec7n nay \u0111\u00e3 c\u00f3 \u0111\u1ebfn kho\u1ea3ng 400 th\u01b0\u01a1ng hi\u1ec7u n\u00e0y tr\u00ean to\u00e0n Nh\u1eadt B\u1ea3n. M\u1ed7i th\u01b0\u01a1ng hi\u1ec7u th\u1ecbt l\u1ee3n n\u00e0y c\u00f3 \u0111\u1eb7c tr\u01b0ng ri\u00eang v\u1ec1 m\u1ea7u s\u1eafc, h\u01b0\u01a1ng th\u01a1m, ch\u1ea5t l\u01b0\u1ee3ng th\u1ecbt v.v\u2026\u1ede Nh\u1eadt B\u1ea3n kh\u00f4ng ch\u1ec9 nh\u1eefng \u0111\u1ea7u b\u1ebfp chuy\u00ean nghi\u1ec7p m\u00e0 c\u1ea3 ph\u1ee5 n\u1eef n\u1ed9i tr\u1ee3 \u1edf c\u00e1c gia \u0111\u00ecnh c\u0169ng l\u1ef1a ch\u1ecdn t\u1eebng lo\u1ea1i cho c\u00e1c m\u00f3n \u0103n kh\u00e1c nhau. Vi\u1ec7c th\u01b0\u1edfng th\u1ee9c th\u1ecbt l\u1ee3n v\u1edbi c\u00e1c \u0111\u1eb7c t\u00ednh ri\u00eang phong ph\u00fa v\u1ec1 h\u01b0\u01a1ng v\u1ecb nh\u01b0 th\u1ebf n\u00e0y c\u0169ng l\u00e0 m\u1ed9t th\u00fa vui \u0111\u1ed1i v\u1edbi Japanese Pork.<\/p>\n<h4>Qu\u1ea3n l\u00fd ch\u1ea5t l\u01b0\u1ee3ng theo truy xu\u1ea5t ngu\u1ed3n g\u1ed1c v\u00e0 HACCP<\/h4>\n<p class=\"mb-35\">\u1ede Nh\u1eadt B\u1ea3n ng\u01b0\u1eddi ti\u00eau d\u00f9ng c\u00f3 y\u00eau c\u1ea7u ti\u00eau chu\u1ea9n v\u1ec1 an to\u00e0n th\u1ef1c ph\u1ea9m r\u1ea5t cao n\u00ean c\u00f4ng t\u00e1c qu\u1ea3n l\u00fd ch\u1ea5t l\u01b0\u1ee3ng s\u1ea3n ph\u1ea9m ng\u00e0y c\u00e0ng nghi\u00eam kh\u1eafc. C\u00e1c n\u00f4ng tr\u01b0\u1eddng v\u00e0 x\u01b0\u1edfng gia c\u00f4ng ti\u1ebfn h\u00e0nh nhi\u1ec1u ho\u1ea1t \u0111\u1ed9ng qu\u1ea3n l\u00fd ch\u1ea5t l\u01b0\u1ee3ng s\u1ea3n ph\u1ea9m v\u00ed d\u1ee5 nh\u01b0 s\u1eed d\u1ee5ng HACCP v.v\u2026ri\u00eang \u0111\u1ed1i v\u1edbi Japanese Pork c\u00f2n c\u00f3 ch\u1ebf \u0111\u1ed9 truy xu\u1ea5t ngu\u1ed3n g\u1ed1c th\u1ecbt l\u1ee3n t\u1eeb kh\u00e2u s\u1ea3n xu\u1ea5t ,gia c\u00f4ng \u0111\u1ebfn c\u00f4ng \u0111o\u1ea1n l\u01b0u th\u00f4ng cu\u1ed1i c\u00f9ng.<br \/>\n\u0110\u1ec3 \u0111\u1ea1t \u0111\u01b0\u1ee3c th\u1ecbt l\u1ee3n ch\u1ea5t l\u01b0\u1ee3ng cao theo y\u00eau c\u1ea7u c\u1ee7a ng\u01b0\u1eddi ti\u00eau d\u00f9ng c\u00e1c h\u00ecnh th\u1ee9c c\u1ea3i thi\u1ec7n b\u1eb1ng nhi\u1ec1u c\u00e1ch ph\u1ed1i gi\u1ed1ng \u0111\u00e3 \u0111\u01b0\u1ee3c th\u1eed nghi\u1ec7m. Ngo\u00e0i vi\u1ec7c \u0111\u1ea1t \u0111\u01b0\u1ee3c ch\u1ea5t l\u01b0\u1ee3ng cao c\u00f2n \u0111\u00f2i h\u1ecfi c\u00e1c h\u01b0\u01a1ng v\u1ecb  \u0111\u1ed9c \u0111\u00e1o ti\u00eang c\u00f3 c\u1ee7a t\u1eebng khu v\u1ef1c \u0111\u1ec3 c\u00f3 th\u1ec3 l\u1ef1a ch\u1ecdn cho t\u1eebng m\u00f3n \u0103n. T\u1eebng n\u1ed7 l\u1ef1c n\u00e0y c\u1ee7a n\u01a1i s\u1ea3n xu\u1ea5t \u0111\u00e3 g\u00f3p ph\u1ea7n n\u00e2ng cao ch\u1ea5t l\u01b0\u1ee3ng cho Japanese Pork.<\/p>\n<\/div>\n<div class=\"col\"><img decoding=\"async\" class=\"img-fluid mx-auto d-block img-rd-lg mg-lg\" src=\"https:\/\/jlec-pr.jp\/wp-content\/uploads\/2020\/01\/pork-03.jpg\" alt=\"about 02\" \/><\/div>\n<\/div>\n<div class=\"row\">\n<div class=\"col-12 col-md-5\"><img decoding=\"async\" class=\"img-fluid mx-auto d-block img-rd-lg mg-md\" src=\"https:\/\/jlec-pr.jp\/wp-content\/uploads\/2020\/01\/pork-04.jpg\" alt=\"about 01\" \/><\/div>\n<div class=\"col\">\n<h3>L\u00f2ng hi\u1ebfu kh\u00e1ch t\u1eeb m\u00f3n \u0103n truy\u1ec1n th\u1ed1ng Nh\u1eadt B\u1ea3n<\/h3>\n<p class=\"mb-35\">Ch\u1ecdn b\u1ed9 ph\u1eadn n\u00e0o c\u1ee7a Japanese Pork c\u00f9ng \u0111\u1ec1u c\u00f3 h\u01b0\u01a1ng v\u1ecb ng\u1ecdt ng\u00e0o, kh\u00f4ng c\u00f3 m\u00f9i h\u00f4i. M\u1ed7i c\u00e1ch ch\u1ebf bi\u1ebfn kh\u00e1c nhau nh\u01b0 m\u00f3n t\u1ea9m b\u1ed9t r\u00e1n \u201cTonkatsu\u201d hay m\u00f3n nh\u00fang \u201cShabushabu\u201d ph\u00e1t huy \u0111\u1ed9 m\u1ec1m v\u00e0 v\u1ecb ng\u1ecdt c\u1ee7a t\u1eebng th\u01b0\u01a1ng hi\u1ec7u kh\u00e1c nhau. T\u00ecm lo\u1ea1i Japanese Pork h\u1ee3p v\u1edbi m\u00f3n \u0103n c\u1ee7a \u0111\u1ea5t n\u01b0\u1edbc qu\u00fd v\u1ecb c\u0169ng l\u00e0 th\u00eam m\u1ed9t ni\u1ec1m vui cho qu\u00fd v\u1ecb.<\/p>\n<\/div>\n<\/div>\n","protected":false},"excerpt":{"rendered":"<p>\u0110\u1eb7c tr\u01b0ng c\u1ee7a th\u1ecbt l\u1ee3n B\u00ed m\u1eadt trong v\u1ecb ngon Nh\u1eefng n\u0103m g\u1ea7n \u0111\u00e2y th\u1ebf gi\u1edbi ch\u00fa \u00fd nhi\u1ec1u \u0111\u1ebfn m\u00f3n \u0103n Nh\u1eadt B\u1ea3n. B\u1ed1i c\u1ea3nh c\u1ee7a hi\u1ec7n t\u01b0\u1ee3ng n\u00e0y c\u00f3 th\u1ec3 l\u00e0 do nhi\u1ec1u ng\u01b0\u1eddi \u0111\u1ebfn Nh\u1eadt B\u1ea3n \u0111\u1ec3 du l\u1ecbch, c\u00f4ng t\u00e1c \u0111\u00e3 \u0111\u01b0\u1ee3c n\u1ebfm th\u1eed m\u00f3n \u0103n truy\u1ec1n th\u1ed1ng v\u00e0 th\u1ef1c ph\u1ea9m [&hellip;]<\/p>\n","protected":false},"author":1,"featured_media":0,"parent":427,"menu_order":0,"comment_status":"closed","ping_status":"closed","template":"page-template\/pork-vt-template.php","meta":{"_acf_changed":false,"_locale":"vi","_original_post":"70","footnotes":""},"class_list":["post-441","page","type-page","status-publish","hentry","vi"],"acf":[],"_links":{"self":[{"href":"https:\/\/jlec-pr.jp\/wp-json\/wp\/v2\/pages\/441","targetHints":{"allow":["GET"]}}],"collection":[{"href":"https:\/\/jlec-pr.jp\/wp-json\/wp\/v2\/pages"}],"about":[{"href":"https:\/\/jlec-pr.jp\/wp-json\/wp\/v2\/types\/page"}],"author":[{"embeddable":true,"href":"https:\/\/jlec-pr.jp\/wp-json\/wp\/v2\/users\/1"}],"replies":[{"embeddable":true,"href":"https:\/\/jlec-pr.jp\/wp-json\/wp\/v2\/comments?post=441"}],"version-history":[{"count":5,"href":"https:\/\/jlec-pr.jp\/wp-json\/wp\/v2\/pages\/441\/revisions"}],"predecessor-version":[{"id":8606,"href":"https:\/\/jlec-pr.jp\/wp-json\/wp\/v2\/pages\/441\/revisions\/8606"}],"up":[{"embeddable":true,"href":"https:\/\/jlec-pr.jp\/wp-json\/wp\/v2\/pages\/427"}],"wp:attachment":[{"href":"https:\/\/jlec-pr.jp\/wp-json\/wp\/v2\/media?parent=441"}],"curies":[{"name":"wp","href":"https:\/\/api.w.org\/{rel}","templated":true}]}}