{"id":375,"date":"2020-02-15T16:17:58","date_gmt":"2020-02-15T07:17:58","guid":{"rendered":"http:\/\/jlec-pr.jp\/?page_id=375"},"modified":"2020-02-15T16:18:17","modified_gmt":"2020-02-15T07:18:17","slug":"beef-miryoku","status":"publish","type":"page","link":"https:\/\/jlec-pr.jp\/vi\/beef\/beef-miryoku\/","title":{"rendered":"S\u1ee9c h\u1ea5p d\u1eabn c\u1ee7a Wagyu (Video, t\u00e0i li\u1ec7u gi\u1edbi thi\u1ec7u)"},"content":{"rendered":"<h2>S\u1ee9c h\u1ea5p d\u1eabn c\u1ee7a Wagyu (Video, t\u00e0i li\u1ec7u gi\u1edbi thi\u1ec7u)<\/h2>\n<h3>Video<\/h3>\n<div class=\"row\">\n<div class=\"col-12 col-md-6\">\n<div style=\"position: relative; padding-bottom: 56.25%;\"><iframe style=\"position: absolute; top: 0; left: 0; width: 100%; height: 100%;\" src=\"https:\/\/www.youtube.com\/embed\/T9-POeLjHwQ\" frameborder=\"0\" allowfullscreen=\"allowfullscreen\"><br \/>\n<\/iframe><\/div>\n<p>Japanese Wagyu Beef\uff083min\uff09<small>(Ch\u1ec9 c\u00f3 b\u1ea3n i\u1ebfng Anh)<\/small><\/p>\n<\/div>\n<div class=\"col-12 col-md-6\">\n<div style=\"position: relative; padding-bottom: 56.25%;\"><iframe style=\"position: absolute; top: 0; left: 0; width: 100%; height: 100%;\" src=\"https:\/\/www.youtube.com\/embed\/1DKetaB7HMo\" frameborder=\"0\" allowfullscreen=\"allowfullscreen\"><br \/>\n<\/iframe><\/div>\n<p>Japanese Wagyu Beef\uff0816min\uff09<small>(Ch\u1ec9 c\u00f3 b\u1ea3n i\u1ebfng Anh)<\/small><\/p>\n<\/div>\n<\/div>\n<hr \/>\n<h3>T\u00e0i li\u1ec7u gi\u1edbi thi\u1ec7u<\/h3>\n<p>C\u00f3 th\u1ec3 xem tr\u00ean s\u00e1ch \u0111i\u1ec7n t\u1eed t\u00e0i li\u1ec7u gi\u1edbi thi\u1ec7u v\u1ec1 c\u00e1ch nu\u00f4i Wagyu v\u00e0 c\u01a1 c\u1ea5u t\u1ea1o n\u00ean s\u1ef1 an t\u00e2m, an to\u00e0n.<\/p>\n<p class=\"more\"><a href=\"\/ebook\/vi\/index.html\" target=\"_blank\" rel=\"noopener noreferrer\">T\u00e0i li\u1ec7u gi\u1edbi thi\u1ec7u<\/a><\/p>\n","protected":false},"excerpt":{"rendered":"<p>S\u1ee9c h\u1ea5p d\u1eabn c\u1ee7a Wagyu (Video, t\u00e0i li\u1ec7u gi\u1edbi thi\u1ec7u) Video Japanese Wagyu Beef\uff083min\uff09(Ch\u1ec9 c\u00f3 b\u1ea3n i\u1ebfng Anh) Japanese Wagyu Beef\uff0816min\uff09(Ch\u1ec9 c\u00f3 b\u1ea3n i\u1ebfng Anh) T\u00e0i li\u1ec7u gi\u1edbi thi\u1ec7u C\u00f3 th\u1ec3 xem tr\u00ean s\u00e1ch \u0111i\u1ec7n t\u1eed t\u00e0i li\u1ec7u gi\u1edbi thi\u1ec7u v\u1ec1 c\u00e1ch nu\u00f4i Wagyu v\u00e0 c\u01a1 c\u1ea5u t\u1ea1o n\u00ean s\u1ef1 an t\u00e2m, an to\u00e0n. T\u00e0i [&hellip;]<\/p>\n","protected":false},"author":1,"featured_media":0,"parent":229,"menu_order":0,"comment_status":"closed","ping_status":"closed","template":"page-template\/beef-vt-template.php","meta":{"_acf_changed":false,"_locale":"vi","_original_post":"138","footnotes":""},"class_list":["post-375","page","type-page","status-publish","hentry","vi"],"acf":[],"_links":{"self":[{"href":"https:\/\/jlec-pr.jp\/wp-json\/wp\/v2\/pages\/375","targetHints":{"allow":["GET"]}}],"collection":[{"href":"https:\/\/jlec-pr.jp\/wp-json\/wp\/v2\/pages"}],"about":[{"href":"https:\/\/jlec-pr.jp\/wp-json\/wp\/v2\/types\/page"}],"author":[{"embeddable":true,"href":"https:\/\/jlec-pr.jp\/wp-json\/wp\/v2\/users\/1"}],"replies":[{"embeddable":true,"href":"https:\/\/jlec-pr.jp\/wp-json\/wp\/v2\/comments?post=375"}],"version-history":[{"count":3,"href":"https:\/\/jlec-pr.jp\/wp-json\/wp\/v2\/pages\/375\/revisions"}],"predecessor-version":[{"id":3652,"href":"https:\/\/jlec-pr.jp\/wp-json\/wp\/v2\/pages\/375\/revisions\/3652"}],"up":[{"embeddable":true,"href":"https:\/\/jlec-pr.jp\/wp-json\/wp\/v2\/pages\/229"}],"wp:attachment":[{"href":"https:\/\/jlec-pr.jp\/wp-json\/wp\/v2\/media?parent=375"}],"curies":[{"name":"wp","href":"https:\/\/api.w.org\/{rel}","templated":true}]}}