{"id":361,"date":"2020-02-15T16:15:11","date_gmt":"2020-02-15T07:15:11","guid":{"rendered":"http:\/\/jlec-pr.jp\/?page_id=361"},"modified":"2020-03-05T21:59:55","modified_gmt":"2020-03-05T12:59:55","slug":"beef-kaikata","status":"publish","type":"page","link":"https:\/\/jlec-pr.jp\/vi\/beef\/beef-kaikata\/","title":{"rendered":"C\u00e1ch nu\u00f4i Wagyu (Video)"},"content":{"rendered":"<h2>C\u00e1ch nu\u00f4i Wagyu (Video)<\/h2>\n<h3>Th\u1ecbt b\u00f2 Wagyu ngon nh\u1edd \u0111\u01b0\u1ee3c nu\u00f4i d\u01b0\u1ee1ng b\u1eb1ng thi\u00ean nhi\u00ean v\u00e0 t\u00ecnh c\u1ea3m c\u1ee7a Nh\u1eadt B\u1ea3n<small>(Ch\u1ec9 c\u00f3 b\u1ea3n i\u1ebfng Anh)<\/small><\/h3>\n<div style=\"position: relative; padding-bottom: 56.25%;\"><iframe style=\"position: absolute; top: 0; left: 0; width: 100%; height: 100%;\" src=\"https:\/\/www.youtube.com\/embed\/JPMbUZokWC8\" frameborder=\"0\" allowfullscreen=\"allowfullscreen\"><br \/>\n<\/iframe><\/div>\n","protected":false},"excerpt":{"rendered":"<p>C\u00e1ch nu\u00f4i Wagyu (Video) Th\u1ecbt b\u00f2 Wagyu ngon nh\u1edd \u0111\u01b0\u1ee3c nu\u00f4i d\u01b0\u1ee1ng b\u1eb1ng thi\u00ean nhi\u00ean v\u00e0 t\u00ecnh c\u1ea3m c\u1ee7a Nh\u1eadt B\u1ea3n(Ch\u1ec9 c\u00f3 b\u1ea3n i\u1ebfng Anh)<\/p>\n","protected":false},"author":1,"featured_media":0,"parent":229,"menu_order":0,"comment_status":"closed","ping_status":"closed","template":"page-template\/beef-vt-template.php","meta":{"_acf_changed":false,"_locale":"vi","_original_post":"142","footnotes":""},"class_list":["post-361","page","type-page","status-publish","hentry","vi"],"acf":[],"_links":{"self":[{"href":"https:\/\/jlec-pr.jp\/wp-json\/wp\/v2\/pages\/361","targetHints":{"allow":["GET"]}}],"collection":[{"href":"https:\/\/jlec-pr.jp\/wp-json\/wp\/v2\/pages"}],"about":[{"href":"https:\/\/jlec-pr.jp\/wp-json\/wp\/v2\/types\/page"}],"author":[{"embeddable":true,"href":"https:\/\/jlec-pr.jp\/wp-json\/wp\/v2\/users\/1"}],"replies":[{"embeddable":true,"href":"https:\/\/jlec-pr.jp\/wp-json\/wp\/v2\/comments?post=361"}],"version-history":[{"count":3,"href":"https:\/\/jlec-pr.jp\/wp-json\/wp\/v2\/pages\/361\/revisions"}],"predecessor-version":[{"id":9043,"href":"https:\/\/jlec-pr.jp\/wp-json\/wp\/v2\/pages\/361\/revisions\/9043"}],"up":[{"embeddable":true,"href":"https:\/\/jlec-pr.jp\/wp-json\/wp\/v2\/pages\/229"}],"wp:attachment":[{"href":"https:\/\/jlec-pr.jp\/wp-json\/wp\/v2\/media?parent=361"}],"curies":[{"name":"wp","href":"https:\/\/api.w.org\/{rel}","templated":true}]}}