{"id":350,"date":"2020-02-07T14:02:19","date_gmt":"2020-02-07T05:02:19","guid":{"rendered":"http:\/\/jlec-pr.jp\/?page_id=350"},"modified":"2020-02-27T16:27:37","modified_gmt":"2020-02-27T07:27:37","slug":"beef-tokutyou","status":"publish","type":"page","link":"https:\/\/jlec-pr.jp\/vi\/beef\/beef-tokutyou\/","title":{"rendered":"\u0110\u1eb7c tr\u01b0ng c\u1ee7a th\u1ecbt b\u00f2 Wagyu"},"content":{"rendered":"<ul class=\"menu mnav2 clearfix\">\n<li><a href=\"#a1\">\u0110\u1eb7c tr\u01b0ng c\u1ee7a th\u1ecbt b\u00f2 Wagyu<\/a><\/li>\n<li><a href=\"#a2\">Gi\u1edbi thi\u1ec7u v\u1ec1 h\u1ec7 th\u1ed1ng qu\u1ea3n l\u00fd<\/a><\/li>\n<\/ul>\n<h2 id=\"a1\">\u0110\u1eb7c tr\u01b0ng c\u1ee7a th\u1ecbt b\u00f2 Wagyu<\/h2>\n<div class=\"row\">\n<div class=\"col-12 col-md-5\"><img decoding=\"async\" class=\"img-fluid mx-auto d-block img-rd-lg mg-md\" src=\"https:\/\/jlec-pr.jp\/wp-content\/uploads\/2020\/01\/about-01.jpg\" alt=\"about 01\" \/><\/div>\n<div class=\"col\">\n<h3>Wagyu \u0111\u01b0\u1ee3c nu\u00f4i d\u01b0\u1ee1ng chu \u0111\u00e1o t\u1eebng con t\u1eebng con m\u1ed9t gi\u1ed1ng nh\u01b0 th\u00e0nh vi\u00ean gia \u0111\u00ecnh<\/h3>\n<p class=\"mb-35\">Wagyu t\u1eebng con t\u1eebng con m\u1ed9t \u0111\u01b0\u1ee3c \u0111\u1eb7t t\u00ean v\u00e0 nu\u00f4i d\u01b0\u1ee1ng chu \u0111\u00e1o nh\u01b0 th\u00e0nh vi\u00ean gia \u0111\u00ecnh t\u1eeb khi m\u1edbi sinh ra cho \u0111\u1ebfn khi xu\u1ea5t chu\u1ed3ng.<br \/>\nT\u00ecnh c\u1ea3m v\u00e0 s\u1ef1 c\u1ea9n th\u1eadn c\u1ee7a nh\u00e0 s\u1ea3n xu\u1ea5t ch\u00ednh l\u00e0 kh\u1edfi ngu\u1ed3n mang \u0111\u1ebfn v\u1ecb ngon cho th\u1ecbt Wagyu.<\/p>\n<h3>C\u00e1ch nu\u00f4i t\u1ea1i trang tr\u1ea1i<\/h3>\n<p class=\"mb-35\">Wagyu sau khi sinh ra s\u1ebd \u0111\u01b0\u1ee3c nu\u00f4i t\u1ea1i nh\u00e0 n\u00f4ng chuy\u00ean nu\u00f4i b\u00f2 con cho \u0111\u1ebfn khi \u0111\u01b0\u1ee3c  7 \u0111\u1ebfn 10 th\u00e1ng v\u00e0 \u0111\u01b0\u1ee3c \u0111\u1ea5u gi\u00e1 t\u1ea1i ch\u1ee3 b\u00f2 con. Sau \u0111\u00f3 s\u1ebd \u0111\u01b0\u1ee3c v\u1ed7 b\u00e9o t\u1ea1i nh\u00e0 n\u00f4ng chuy\u00ean v\u1ed7 b\u00e9o cho \u0111\u1ebfn khi \u0111\u01b0\u1ee3c kho\u1ea3ng tr\u00ean d\u01b0\u1edbi 700kg s\u1ebd \u0111\u01b0\u1ee3c xu\u1ea5t chu\u1ed3ng.<br \/>\nB\u00f2 con sinh ra s\u1ebd s\u1edbm \u0111\u01b0\u1ee3c cai s\u1eefa m\u1eb9 \u0111\u1ec3 u\u1ed1ng s\u1eefa nh\u00e2n t\u1ea1o nh\u01b0ng s\u1ebd \u0111\u01b0\u1ee3c cho u\u1ed1ng s\u1eefa chu \u0111\u00e1o t\u1eebng con t\u1eebng con m\u1ed9t nh\u01b0 \u0111\u1ee9a con trong gia \u0111\u00ecnh v\u00e0 \u0111\u01b0\u1ee3c nu\u00f4i d\u01b0\u1ee1ng r\u1ea5t chu \u0111\u00e1o v\u00ed d\u1ee5 nh\u01b0 khi l\u1ea1nh s\u1ebd \u0111\u01b0\u1ee3c m\u1eb7c \u00e1o kho\u00e1c d\u00e0nh ri\u00eang cho b\u00f2 do ng\u01b0\u1eddi nu\u00f4i t\u1ef1 l\u00e0m b\u1eb1ng tay.<\/p>\n<h3>L\u00faa l\u00e0m n\u00ean v\u1ecb ngon cho Wagyu<\/h3>\n<p class=\"mb-35\">Th\u1ee9c \u0103n c\u1ee7a b\u00f2 ngo\u00e0i c\u00e1c lo\u1ea1i th\u1ee9c \u0103n th\u00f4 nh\u01b0 c\u1ecf, r\u01a1m v\u00e0 th\u1ee9c \u0103n gi\u00e0u dinh d\u01b0\u1ee1ng, c\u00f2n cho \u0103n WCS (Whole Crop Silage) l\u00e0 lo\u1ea1i th\u1ee9c \u0103n \u1ee7 t\u01b0\u01a1i nguy\u00ean c\u1ea3 c\u00e2y l\u00faa\u2026<br \/>\n\u0110\u1eb7c bi\u1ec7t, cho \u0103n r\u01a1m r\u1ea1 l\u00e0 \u0111i\u1ec1u kh\u00f4ng th\u1ec3 thi\u1ebfu \u0111\u1ec3 l\u00e0m cho m\u1ea7u s\u1eafc c\u1ee7a m\u1ee1 v\u00e0 v\u00e2n m\u1ee1 tr\u1eafng h\u01a1n.<\/p>\n<h3>Ti\u1ebfn h\u00e0nh th\u1ea3 r\u00f4ng \u0111\u1ec3 b\u00f2 sinh ra con kh\u1ecfe m\u1ea1nh<\/h3>\n<p class=\"mb-35\">B\u00f2 c\u00e1i \u0111\u1ec3 ph\u1ed1i gi\u1ed1ng sinh s\u1ea3n v\u00e0 b\u00f2 mang thai \u0111\u01b0\u1ee3c th\u1ea3 r\u00f4ng \u0111\u1ec3 sinh ra b\u00f2 con kh\u1ecfe m\u1ea1nh.<\/p>\n<\/div>\n<\/div>\n<div class=\"row voffset\">\n<div class=\"align-self-center col-12 col-md-7\">\n<h3>\u201cB\u00ed m\u1eadt\u201d trong v\u1ecb ngon c\u1ee7a Wagyu<\/h3>\n<p class=\"mb-35\">3 y\u1ebfu t\u1ed1 l\u00e0m l\u00ean v\u1ecb ngon c\u1ee7a Wagyu l\u00e0: \u201cc\u1ea3m gi\u00e1c (texture)\u201d, \u201cv\u1ecb\u201d,\u201cm\u00f9i th\u01a1m\u201d. Trong s\u1ed1 n\u00e0y, \u201cH\u01b0\u01a1ng th\u01a1m Wagyu\u201d (Wagyu beef aroma) l\u00e0 y\u1ebfu t\u1ed1 ri\u00eang c\u00f3 c\u1ee7a Wagyu.<br \/>\nH\u01b0\u01a1ng th\u01a1m Wagyu l\u00e0 h\u01b0\u01a1ng ng\u1ecdt \u0111\u1eadm nh\u01b0 m\u00f9i c\u1ee7a \u0111\u00e0o ho\u1eb7c d\u1eeba, khi \u0111\u01b0a v\u00e0o mi\u1ec7ng v\u00e0 nhai k\u1ef9 s\u1ebd xu\u1ea5t hi\u1ec7n \u201ch\u01b0\u01a1ng th\u01a1m trong mi\u1ec7ng\u201d (retronasal aroma=flavor), thu\u1ed9c d\u00f2ng h\u01b0\u01a1ng th\u01a1m \u0111\u01b0\u1ee3c g\u1ecdi l\u00e0 \u201ch\u01b0\u01a1ng th\u01a1m khi nhai\u201d.<\/p>\n<p>H\u01b0\u01a1ng th\u01a1m Wagyu n\u00e0y s\u1ebd xu\u1ea5t hi\u1ec7n m\u1ea1nh m\u1ebd nh\u1ea5t khi \u0111\u01b0\u1ee3c gia nhi\u1ec7t \u1edf nhi\u1ec7t \u0111\u1ed9 80 oC (176 oF).<br \/>\nNhi\u1ec7t \u0111\u1ed9 n\u00e0y ch\u00ednh l\u00e0 nhi\u1ec7t \u0111\u1ed9 th\u00edch h\u1ee3p nh\u1ea5t c\u1ee7a m\u00f3n Sukiyaki l\u00e0 m\u00f3n \u0103n ti\u00eau bi\u1ec3u d\u00f9ng Wagyu.<br \/>\nH\u01a1n n\u1eefa, h\u01b0\u01a1ng th\u01a1m Wagyu khi \u0111\u00e3 xu\u1ea5t hi\u1ec7n m\u1ed9t l\u1ea7n s\u1ebd c\u00f2n \u0111\u1ecdng l\u1ea1i trong th\u1ecbt, k\u1ec3 c\u1ea3 khi th\u1ecbt ngu\u1ed9i r\u1ed3i  l\u00fac nhai v\u1eabn t\u1ea1o ra m\u00f9i th\u01a1m. V\u00ec th\u1ebf, Wagyu khi ngu\u1ed9i \u0103n v\u1eabn ngon.<br \/>\n\u201cH\u01b0\u01a1ng th\u01a1m Wagyu\u201d n\u00e0y k\u1ebft h\u1ee3p v\u1edbi \u201cc\u1ea3m gi\u00e1c\u201d m\u1ec1m m\u1ea1i c\u1ee7a c\u00e1c v\u00e2n m\u1ee1 t\u1ea1o ra h\u01b0\u01a1ng v\u1ecb cao c\u1ea5p nh\u1ea5t.<\/p>\n<\/div>\n<div class=\"col\"><img decoding=\"async\" class=\"img-fluid mx-auto d-block img-rd-lg\" src=\"https:\/\/jlec-pr.jp\/wp-content\/uploads\/2020\/01\/about-02.jpg\" alt=\"about 02\" \/><\/div>\n<\/div>\n<div id=\"bloc-13\" class=\"bloc tc-dark-lava l-bloc\">\n<div class=\"container bloc-lg\">\n<div class=\"row\">\n<div class=\"col\">\n<h2 id=\"a2\">Gi\u1edbi thi\u1ec7u v\u1ec1 h\u1ec7 th\u1ed1ng qu\u1ea3n l\u00fd<\/h2>\n<div class=\"row\">\n<div class=\"col-12 col-lg-4 col-md-4\">\n<div class=\"card box-line\">\n<div class=\"card-body\">\n<h3>Ph\u00e2n bi\u1ec7t c\u00e1 th\u1ec3<\/h3>\n<p>C\u00f3 th\u1ec3 t\u00ecm ki\u1ebfm l\u1ecbch s\u1eed c\u1ee7a b\u00f2 \u0111\u01b0\u1ee3c ghi tr\u00ean s\u1ed5 ph\u00e2n bi\u1ec7t c\u00e1 th\u1ec3 g\u1ed3m ng\u00e0y th\u00e1ng n\u0103m sinh, gi\u1edbi t\u00ednh, s\u1ed1 ph\u00e2n bi\u1ec7t c\u00e1 th\u1ec3 c\u1ee7a b\u00f2 m\u1eb9, ch\u1ee7ng lo\u1ea1i (gi\u1ed1ng), n\u01a1i nu\u00f4i.<br \/>\n<a href=\"http:\/\/www.id.nlbc.go.jp\/CattleSearch\/search\/agreement_en\" target=\"_blank\" rel=\"noopener noreferrer\"><img loading=\"lazy\" decoding=\"async\" class=\"img-fluid mx-auto d-block\" src=\"https:\/\/jlec-pr.jp\/wp-content\/uploads\/2020\/02\/en_bnr_search.gif\" alt=\"L'identification individuelle\" width=\"300\" height=\"80\" data-wp-editing=\"1\" \/><br \/>D\u1ecbch v\u1ee5 t\u00ecm ki\u1ebfm th\u00f4ng tin ph\u00e2n bi\u1ec7t c\u00e1 th\u1ec3 b\u00f2<\/a><\/p>\n<\/div>\n<\/div>\n<\/div>\n<div class=\"col-12 col-lg-4 col-md-4\">\n<div class=\"card box-line\">\n<div class=\"card-body\">\n<h3>X\u1ebfp h\u1ea1ng<\/h3>\n<p>Ti\u1ebfn h\u00e0nh x\u1ebfp h\u1ea1ng b\u00f2 theo c\u00e1c ti\u00eau chu\u1ea9n ch\u1ea5t l\u01b0\u1ee3ng th\u1ecbt, ngo\u1ea1i quan, n\u0103ng su\u1ea5t v.v.. c\u0103n c\u1ee9 theo quy c\u00e1ch th\u1ed1ng nh\u1ea5t tr\u00ean to\u00e0n qu\u1ed1c, \u0111\u00e2y l\u00e0 ho\u1ea1t \u0111\u1ed9ng r\u1ea5t c\u1ea7n thi\u1ebft kh\u00f4ng th\u1ec3 thi\u1ebfu \u0111\u1ec3 \u0111\u1ea3m b\u1ea3o \u0111\u1eb7t ra \u0111\u01b0\u1ee3c m\u1ee9c gi\u00e1 th\u1ecbt c\u00f4ng b\u1eb1ng.<br \/>\n<a href=\"http:\/\/www.jmi.or.jp\/en\/info\/index2.html\" target=\"_blank\" rel=\"noopener noreferrer\">http:\/\/www.jmi.or.jp\/en\/info\/index2.html<\/a><\/p>\n<\/div>\n<\/div>\n<\/div>\n<div class=\"col\">\n<div class=\"card box-line\">\n<div class=\"card-body\">\n<h3>Qu\u1ea3n l\u00fd huy\u1ebft th\u1ed1ng<\/h3>\n<p>M\u1ee5c \u0111\u00edch nh\u1eb1m ti\u1ebfn h\u00e0nh c\u00e1c ho\u1ea1t \u0111\u1ed9ng c\u00f3 li\u00ean quan \u0111\u1ebfn \u0111\u0103ng k\u00fd b\u00f2 Wagyu, c\u1ea3i t\u1ea1o gi\u1ed1ng \u0111\u1ed3ng th\u1eddi thu th\u1eadp th\u00f4ng tin v\u00e0 nghi\u00ean c\u1ee9u kh\u1ea3o s\u00e1t v\u1ec1 c\u00e1c v\u1ea5n \u0111\u1ec1 n\u00e0y nh\u1eb1m cung c\u1ea5p \u1ed5n \u0111\u1ecbnh s\u1ea3n ph\u1ea9m ch\u0103n nu\u00f4i ch\u1ea5t l\u01b0\u1ee3ng t\u1ed1t.\n<\/p><\/div>\n<\/div>\n<\/div>\n<\/div>\n<\/div>\n<\/div>\n<\/div>\n<\/div>\n","protected":false},"excerpt":{"rendered":"<p>\u0110\u1eb7c tr\u01b0ng c\u1ee7a th\u1ecbt b\u00f2 Wagyu Gi\u1edbi thi\u1ec7u v\u1ec1 h\u1ec7 th\u1ed1ng qu\u1ea3n l\u00fd \u0110\u1eb7c tr\u01b0ng c\u1ee7a th\u1ecbt b\u00f2 Wagyu Wagyu \u0111\u01b0\u1ee3c nu\u00f4i d\u01b0\u1ee1ng chu \u0111\u00e1o t\u1eebng con t\u1eebng con m\u1ed9t gi\u1ed1ng nh\u01b0 th\u00e0nh vi\u00ean gia \u0111\u00ecnh Wagyu t\u1eebng con t\u1eebng con m\u1ed9t \u0111\u01b0\u1ee3c \u0111\u1eb7t t\u00ean v\u00e0 nu\u00f4i d\u01b0\u1ee1ng chu \u0111\u00e1o nh\u01b0 th\u00e0nh vi\u00ean gia \u0111\u00ecnh [&hellip;]<\/p>\n","protected":false},"author":1,"featured_media":0,"parent":229,"menu_order":0,"comment_status":"closed","ping_status":"closed","template":"page-template\/beef-vt-template.php","meta":{"_acf_changed":false,"_locale":"vi","_original_post":"45","footnotes":""},"class_list":["post-350","page","type-page","status-publish","hentry","vi"],"acf":[],"_links":{"self":[{"href":"https:\/\/jlec-pr.jp\/wp-json\/wp\/v2\/pages\/350","targetHints":{"allow":["GET"]}}],"collection":[{"href":"https:\/\/jlec-pr.jp\/wp-json\/wp\/v2\/pages"}],"about":[{"href":"https:\/\/jlec-pr.jp\/wp-json\/wp\/v2\/types\/page"}],"author":[{"embeddable":true,"href":"https:\/\/jlec-pr.jp\/wp-json\/wp\/v2\/users\/1"}],"replies":[{"embeddable":true,"href":"https:\/\/jlec-pr.jp\/wp-json\/wp\/v2\/comments?post=350"}],"version-history":[{"count":7,"href":"https:\/\/jlec-pr.jp\/wp-json\/wp\/v2\/pages\/350\/revisions"}],"predecessor-version":[{"id":8642,"href":"https:\/\/jlec-pr.jp\/wp-json\/wp\/v2\/pages\/350\/revisions\/8642"}],"up":[{"embeddable":true,"href":"https:\/\/jlec-pr.jp\/wp-json\/wp\/v2\/pages\/229"}],"wp:attachment":[{"href":"https:\/\/jlec-pr.jp\/wp-json\/wp\/v2\/media?parent=350"}],"curies":[{"name":"wp","href":"https:\/\/api.w.org\/{rel}","templated":true}]}}