{"id":300,"date":"2020-02-15T05:41:10","date_gmt":"2020-02-14T20:41:10","guid":{"rendered":"http:\/\/jlec-pr.jp\/?page_id=300"},"modified":"2020-02-18T14:14:42","modified_gmt":"2020-02-18T05:14:42","slug":"milk-logomark","status":"publish","type":"page","link":"https:\/\/jlec-pr.jp\/vi\/milk\/milk-logomark\/","title":{"rendered":"Gi\u1edbi thi\u1ec7u nh\u00e3n hi\u1ec7u th\u1ed1ng nh\u1ea5t d\u00e0nh cho s\u1eefa v\u00e0 c\u00e1c s\u1ea3n ph\u1ea9m b\u01a1 s\u1eefa"},"content":{"rendered":"<h2>Gi\u1edbi thi\u1ec7u nh\u00e3n hi\u1ec7u th\u1ed1ng nh\u1ea5t d\u00e0nh cho s\u1eefa v\u00e0 c\u00e1c s\u1ea3n ph\u1ea9m b\u01a1 s\u1eefa<\/h2>\n<p class=\"thumbs_left\"><img decoding=\"async\" style=\"display: block; margin-left: auto; margin-right: auto; border: 2px solid #cccccc; padding: 20px;\" src=\"https:\/\/jlec-pr.jp\/wp-content\/uploads\/2020\/02\/milk-logo.png\" alt=\" Milk and Dairy Products logo\" width=\"300\"\/><\/p>\n<h3><\/h3>\n<p>S\u1eefa v\u00e0 c\u00e1c s\u1ea3n ph\u1ea9m b\u01a1 s\u1eefa c\u1ee7a Nh\u1eadt B\u1ea3n l\u00e0 s\u1ea3n ph\u1ea9m u\u1ed1ng tr\u1ef1c ti\u1ebfp h\u00e0ng ng\u00e0y trong gia \u0111\u00ecnh, n\u00ean lu\u00f4n c\u00f3 y\u00eau c\u1ea7u v\u1ec1 t\u00ednh an to\u00e0n v\u00e0 \u0111\u1ed9 ngon b\u1eb1ng ch\u1ebf \u0111\u1ed9 qu\u1ea3n l\u00fd ch\u1ea5 l\u01b0\u1ee3ng s\u1ea3n ph\u1ea9m nghi\u00eam ng\u1eb7t.<br \/>Nh\u00e3n hi\u1ec7u n\u00e0y minh ch\u1ee9ng cho vi\u1ec7c s\u1eefa Nh\u1eadt B\u1ea3n \u0111\u01b0\u1ee3c nh\u00e0 n\u00f4ng nu\u00f4i b\u00f2 s\u1eefa v\u00e0 c\u00f4ng tr\u01b0\u1eddng thu mua s\u1ea3n xu\u1ea5t s\u1eefa \u0111\u00e3 \u0111o\u00e0n k\u1ebft th\u00e0nh m\u1ed9t th\u1ec3 th\u1ed1ng nh\u1ea5t t\u1ea1o n\u00ean.<\/p>\n","protected":false},"excerpt":{"rendered":"<p>Gi\u1edbi thi\u1ec7u nh\u00e3n hi\u1ec7u th\u1ed1ng nh\u1ea5t d\u00e0nh cho s\u1eefa v\u00e0 c\u00e1c s\u1ea3n ph\u1ea9m b\u01a1 s\u1eefa S\u1eefa v\u00e0 c\u00e1c s\u1ea3n ph\u1ea9m b\u01a1 s\u1eefa c\u1ee7a Nh\u1eadt B\u1ea3n l\u00e0 s\u1ea3n ph\u1ea9m u\u1ed1ng tr\u1ef1c ti\u1ebfp h\u00e0ng ng\u00e0y trong gia \u0111\u00ecnh, n\u00ean lu\u00f4n c\u00f3 y\u00eau c\u1ea7u v\u1ec1 t\u00ednh an to\u00e0n v\u00e0 \u0111\u1ed9 ngon b\u1eb1ng ch\u1ebf \u0111\u1ed9 qu\u1ea3n l\u00fd ch\u1ea5 l\u01b0\u1ee3ng [&hellip;]<\/p>\n","protected":false},"author":1,"featured_media":0,"parent":272,"menu_order":0,"comment_status":"closed","ping_status":"closed","template":"page-template\/milk-vt-template.php","meta":{"_acf_changed":false,"_locale":"vi","_original_post":"172","footnotes":""},"class_list":["post-300","page","type-page","status-publish","hentry","vi"],"acf":[],"_links":{"self":[{"href":"https:\/\/jlec-pr.jp\/wp-json\/wp\/v2\/pages\/300","targetHints":{"allow":["GET"]}}],"collection":[{"href":"https:\/\/jlec-pr.jp\/wp-json\/wp\/v2\/pages"}],"about":[{"href":"https:\/\/jlec-pr.jp\/wp-json\/wp\/v2\/types\/page"}],"author":[{"embeddable":true,"href":"https:\/\/jlec-pr.jp\/wp-json\/wp\/v2\/users\/1"}],"replies":[{"embeddable":true,"href":"https:\/\/jlec-pr.jp\/wp-json\/wp\/v2\/comments?post=300"}],"version-history":[{"count":3,"href":"https:\/\/jlec-pr.jp\/wp-json\/wp\/v2\/pages\/300\/revisions"}],"predecessor-version":[{"id":4205,"href":"https:\/\/jlec-pr.jp\/wp-json\/wp\/v2\/pages\/300\/revisions\/4205"}],"up":[{"embeddable":true,"href":"https:\/\/jlec-pr.jp\/wp-json\/wp\/v2\/pages\/272"}],"wp:attachment":[{"href":"https:\/\/jlec-pr.jp\/wp-json\/wp\/v2\/media?parent=300"}],"curies":[{"name":"wp","href":"https:\/\/api.w.org\/{rel}","templated":true}]}}