{"id":286,"date":"2020-02-07T16:04:47","date_gmt":"2020-02-07T07:04:47","guid":{"rendered":"http:\/\/jlec-pr.jp\/?page_id=286"},"modified":"2022-02-02T11:08:12","modified_gmt":"2022-02-02T02:08:12","slug":"milk-tokutyou","status":"publish","type":"page","link":"https:\/\/jlec-pr.jp\/vi\/milk\/milk-tokutyou\/","title":{"rendered":"\u0110\u1eb7c tr\u01b0ng c\u1ee7a S\u1eefa v\u00e0 s\u1ea3n ph\u1ea9m b\u01a1 s\u1eefa"},"content":{"rendered":"<h2>\u0110\u1eb7c tr\u01b0ng c\u1ee7a S\u1eefa v\u00e0 s\u1ea3n ph\u1ea9m b\u01a1 s\u1eefa<\/h2>\n<div class=\"row\">\n<div class=\"col-12 col-md-5\">\n<p><img decoding=\"async\" class=\"img-fluid mx-auto d-block img-rd-lg mg-sm\" src=\"https:\/\/jlec-pr.jp\/wp-content\/uploads\/2020\/02\/vi_milk.jpg\" alt=\"about 01\" \/><\/p>\n<p class=\"mb-35\">Xem x\u00e9t c\u1ea9n th\u1eadn t\u00ecnh h\u00ecnh s\u1ee9c kh\u1ecfe c\u1ee7a t\u1eebng con t\u1eebng con m\u1ed9t, qu\u1ea3n l\u00fd sao cho b\u00f2 s\u1eefa lu\u00f4n \u0111\u01b0\u1ee3c \u0111\u1ea3m b\u1ea3o \u1edf t\u00ecnh tr\u1ea1ng t\u1ed1t nh\u1ea5t.<\/p>\n<p><img decoding=\"async\" class=\"img-fluid img-rd-lg float-lg-none\" src=\"https:\/\/jlec-pr.jp\/wp-content\/uploads\/2020\/02\/pic03-2.jpg\" alt=\"about 01\" \/><\/p>\n<p class=\"mb-35\">B\u1ea3o qu\u1ea3n trong th\u00f9ng l\u1ea1nh, ki\u1ec3m tra l\u1ea1i s\u1eefa t\u01b0\u01a1i tr\u01b0\u1edbc khi xu\u1ea5t kho.<\/p>\n<\/div>\n<div class=\"col\">\n<h3>Milk and dairy products<br \/>\nMade in Japan<\/h3>\n<p class=\"mb-35\">S\u1eefa b\u00f2 l\u00e0 s\u1ea3n ph\u1ea9m \u0111\u01b0\u1ee3c u\u1ed1ng tr\u1ef1c ti\u1ebfp h\u00e0ng ng\u00e0y trong gia \u0111\u00ecnh n\u00ean lu\u00f4n c\u00f3 y\u00eau c\u1ea7u v\u1ec1 t\u00ednh an to\u00e0n v\u00e0 \u0111\u1ed9 ngon b\u1eb1ng ch\u1ebf \u0111\u1ed9 qu\u1ea3n l\u00fd ch\u1ea5t l\u01b0\u1ee3ng s\u1ea3n ph\u1ea9m nghi\u00eam ng\u1eb7t.Nh\u00e0 n\u00f4ng nu\u00f4i b\u00f2 s\u1eefa \u1edf trang tr\u1ea1i l\u1ea5y s\u1eefa v\u00e0 c\u00f4ng tr\u01b0\u1eddng thu mua s\u1eefa t\u01b0\u01a1i \u0111\u00f3 r\u1ed3i gia c\u00f4ng th\u00e0nh s\u1ea3n ph\u1ea9m s\u1eefa v\u00e0 b\u01a1 s\u1eefa \u0111o\u00e0n k\u1ebft th\u00e0nh m\u1ed9t th\u1ec3 th\u1ed1ng nh\u1ea5t t\u1ea1o ra s\u1eefa v\u00e0 c\u00e1c s\u1ea3n ph\u1ea9m b\u01a1 s\u1eefa c\u1ee7a Nh\u1eadt B\u1ea3n c\u00f3 th\u1ec3 th\u01b0\u1edfng th\u1ee9c m\u1ed9t c\u00e1ch an to\u00e0n.<\/p>\n<p>Ng\u00e0nh s\u1eefa b\u00f2 Nh\u1eadt B\u1ea3n ch\u00ednh th\u1ee9c b\u1eaft \u0111\u1ea7u t\u1eeb kho\u1ea3ng 130 n\u0103m tr\u01b0\u1edbc.<\/p>\n<p>L\u1ecbch s\u1eed c\u1ee7a ng\u00e0nh c\u00f2n ng\u1eafn h\u01a1n so v\u1edbi c\u00e1c n\u01b0\u1edbc \u00c2u M\u1ef9 nh\u01b0ng c\u00f9ng v\u1edbi qu\u00e1 tr\u00ecnh to\u00e0n c\u1ea7u h\u00f3a, s\u1eefa v\u00e0 s\u1ea3n ph\u1ea9m b\u01a1 s\u1eefa c\u1ee7a Nh\u1eadt B\u1ea3n \u0111\u00e3 nhanh ch\u00f3ng tr\u1edf th\u00e0nh th\u1ee9 kh\u00f4ng th\u1ec3 thi\u1ebfu \u0111\u01b0\u1ee3c trong c\u00e1c gia \u0111\u00ecnh. Hi\u1ec7n nay s\u1ed1 \u0111\u1ea7u b\u00f2 nu\u00f4i l\u1ea5y s\u1eefa l\u00e0 1 tri\u1ec7u 350 ng\u00e0n con, t\u1ed5ng s\u1ea3n l\u01b0\u1ee3ng s\u1eefa t\u01b0\u01a1i l\u00e0 7 tri\u1ec7u 430 ng\u00e0n t\u1ea5n (n\u0103m 2020).<\/p>\n<p>\u0110\u1eb7c tr\u01b0ng c\u1ee7a s\u1ea3n ph\u1ea9m n\u00e0y l\u00e0 lu\u00f4n \u0111\u1ea3m b\u1ea3o \u0111\u1ea1t ti\u00eau chu\u1ea9n ch\u1ea5t l\u01b0\u1ee3ng s\u1ea3n ph\u1ea9m y\u00ean t\u00e2m khi u\u1ed1ng tr\u1ef1c ti\u1ebfp. V\u00e0 c\u1ea3 \u1edf s\u1ef1 s\u00e1ng t\u1ea1o phong ph\u00fa \u0111em l\u1ea1i \u0111\u1ed9 ngon v\u00e0 c\u00e1c h\u01b0\u01a1ng v\u1ecb m\u1edbi.<\/p>\n<p>H\u00e3y th\u1eed s\u1eefa b\u00f2 Japan Made<\/p>\n<p>\u0110\u1ec3 \u0111\u1ea3m b\u1ea3o \u0111\u1ed9 ngon v\u00e0 t\u00ednh an to\u00e0n c\u1ee7a s\u1eefa t\u01b0\u01a1i nh\u00e0 n\u00f4ng nu\u00f4i b\u00f2 trong m\u00f4i tr\u01b0\u1eddng tho\u1ea3i m\u00e1i d\u1ec5 ch\u1ecbu v\u00e0 qu\u1ea3n l\u00fd th\u00edch h\u1ee3p. H\u01a1n n\u1eefa nh\u00e0 n\u00f4ng c\u00f2n h\u1ebft s\u1ee9c l\u01b0u \u00fd c\u1ea9n th\u1eadn khi v\u1eaft s\u1eefa. Vi\u1ec7c ph\u00f2ng tr\u00e1nh vi\u00eam v\u00fa l\u00e0 \u0111i\u1ec3m quan tr\u1ecdng nh\u1ea5t d\u01b0\u1ee3c l\u01b0u \u00fd h\u00e0ng ng\u00e0y.<br \/>\nS\u1eefa t\u01b0\u01a1i sau khi v\u1eaft kh\u00f4ng nh\u1eefng \u0111\u01b0\u1ee3c ki\u1ec3m tra vi\u00eam v\u00fa t\u1eebng con b\u00f2 m\u00e0 c\u00f2n \u0111\u01b0\u1ee3c ki\u1ec3m tra l\u1ea1i khi \u0111\u01b0a s\u1eefa t\u01b0\u01a1i ch\u1ee9a trong th\u00f9ng l\u1ea1nh sang xe th\u00f9ng chuy\u00ean ch\u1edf. Sau khi ki\u1ec3m tra \u0111\u1ea1t ti\u00eau chu\u1ea9n qu\u1ea3n l\u00fd ch\u1ea5t l\u01b0\u1ee3ng s\u1ea3n ph\u1ea9m, s\u1eefa t\u01b0\u01a1i m\u1edbi \u0111\u01b0\u1ee3c nh\u1eadp v\u00e0o kho c\u1ee7a c\u01a1 s\u1edf x\u1eed l\u00fd.<\/p>\n<\/div>\n<\/div>\n<div class=\"row voffset-md\">\n<div class=\"col-12 col-md-7\">\n<h3>Safe &amp; Fresh First<\/h3>\n<p class=\"mb-35\">V\u1ea5n \u0111\u1ec1 quan tr\u1ecdng nh\u1ea5t \u0111\u1ed1i v\u1edbi s\u1eefa b\u00f2 l\u00e0 \u201c\u0111\u1ed9 t\u01b0\u01a1i\u201d v\u00e0 \u201cch\u1ea5t l\u01b0\u1ee3ng s\u1ea3n ph\u1ea9m\u201d. S\u1eefa v\u00e0 s\u1ea3n ph\u1ea9m b\u01a1 s\u1eefa Made in Japan \u0111\u00e3 l\u00e0m h\u00e0i l\u00f2ng ng\u01b0\u1eddi ti\u00eau d\u00f9ng Nh\u1eadt B\u1ea3n v\u1ed1n \u0111\u01b0\u1ee3c coi l\u00e0 kh\u00f3 t\u00ednh nh\u1ea5t th\u1ebf gi\u1edbi n\u00ean c\u00f3 \u0111\u1ed9 t\u01b0\u01a1i v\u00e0 t\u00ednh an to\u00e0n cao.<\/p>\n<p>S\u1eefa nguy\u00ean li\u1ec7u nh\u1eadp v\u00e0o kho c\u1ee7a c\u01a1 s\u1edf x\u1eed l\u00fd s\u1eefa b\u00f2 s\u1ebd \u0111\u01b0\u1ee3c ki\u1ec3m tra ngo\u1ea1i quan, m\u1ea7u s\u1eafc, h\u01b0\u01a1ng v\u1ecb, t\u1ef7 l\u1ec7 ch\u1ea5t b\u00e9o, h\u00e0m l\u01b0\u1ee3ng ch\u1ea5t r\u1eafn kh\u00f4ng b\u00e9o, s\u1ed1 l\u01b0\u1ee3ng vi khu\u1ea9n v.v\u2026v\u00e0 c\u00f2n \u0111\u01b0\u1ee3c ki\u1ec3m tra c\u1ea3 ch\u1ea5t kh\u00e1ng sinh.<br \/>\nS\u1ea3n ph\u1ea9m \u0111\u1ea1t y\u00eau c\u1ea7u ki\u1ec3m tra s\u1ebd \u0111\u01b0\u1ee3c s\u00e1t tr\u00f9ng, trong su\u1ed1t qu\u00e1 tr\u00ecnh x\u1eed l\u00fd v\u00e0 s\u1ea3n ph\u1ea9m h\u00f3a kh\u00f4ng \u0111\u1ec3 ti\u1ebfp x\u00fac v\u1edbi kh\u00f4ng kh\u00ed cho \u0111\u1ebfn t\u1eadn khi \u0111\u01b0\u1ee3c \u0111\u00f3ng g\u00f3i th\u00e0nh s\u1ea3n ph\u1ea9m.<\/p>\n<p>R\u1ea5t nhi\u1ec1u c\u01a1 s\u1edf x\u1eed l\u00fd s\u1eefa t\u01b0\u01a1i \u0111\u1ec1u \u0111\u00e1p \u1ee9ng y\u00eau c\u1ea7u v\u1ec1 t\u00ednh an to\u00e0n v\u00e0 an t\u00e2m c\u1ee7a ng\u01b0\u1eddi ti\u00eau d\u00f9ng th\u00f4ng qua c\u00e1c h\u01b0\u1edbng d\u1eabn v\u1ec1 an to\u00e0n th\u1ef1c ph\u1ea9m v\u00e0 tr\u00ecnh t\u1ef1 c\u00f4ng vi\u1ec7c theo ti\u00eau chu\u1ea9n qu\u1ed1c t\u1ebf nh\u01b0 HACCP, ISO9001, ISO22000.<\/p>\n<\/div>\n<div class=\"col d-sm-block d-none\"><img decoding=\"async\" class=\"img-fluid mx-auto img-rd-lg mb-35 d-md-block d-none\" src=\"https:\/\/jlec-pr.jp\/wp-content\/uploads\/2020\/02\/pic05-2.jpg\" alt=\"about 02\" \/><\/div>\n<\/div>\n<div class=\"row voffset-md\">\n<div class=\"col-12 col-md-7\">\n<h3>From Japan to you<\/h3>\n<p class=\"mb-35\">Hi\u1ec7n nay s\u1eefa v\u00e0 s\u1ea3n ph\u1ea9m b\u01a1 s\u1eefa v\u01b0\u1ee3t l\u00ean tr\u00ean c\u1ea3 nh\u1eefng suy ngh\u0129 t\u1eeb tr\u01b0\u1edbc \u0111\u1ebfn nay \u0111\u1ec3 ph\u00e1t tri\u1ec3n ra c\u00e1c h\u01b0\u01a1ng v\u1ecb m\u1edbi v\u00e0 th\u1ef1c \u0111\u01a1n cho c\u1ea3m gi\u00e1c m\u1edbi. H\u01a1n n\u1eefa nh\u1edd s\u1ef1 ti\u1ebfn b\u1ed9 c\u1ee7a k\u1ef9 thu\u1eadt l\u00e0m l\u1ea1nh v\u00e0 \u0111\u00f4ng l\u1ea1nh n\u00ean c\u00f3 th\u1ec3 s\u1ea3n xu\u1ea5t nhi\u1ec1u lo\u1ea1i tr\u00e1ng mi\u1ec7ng b\u1eb1ng s\u1eefa ho\u1eb7c m\u00f3n kem, n\u00e2ng cao nhu c\u1ea7u c\u1ee7a ng\u01b0\u1eddi ti\u00eau d\u00f9ng.<\/p>\n<p>Kh\u00f4ng ch\u1ec9 c\u00f3 h\u01b0\u01a1ng v\u1ecb, ng\u00e0nh s\u1ea3n xu\u1ea5t s\u1eefa chua c\u00f2n ph\u00e1t tri\u1ec3n nhi\u1ec1u s\u1ea3n ph\u1ea9m c\u00f3 ch\u1ee9c n\u0103ng n\u00e2ng cao s\u1ee9c kh\u1ecfe.<br \/>\nCh\u00fang t\u00f4i lu\u00f4n th\u1eed th\u00e1ch \u0111\u1ec3 ph\u00e1t tri\u1ec3n s\u1ea3n ph\u1ea9m m\u1edbi c\u00f3 h\u01b0\u01a1ng v\u1ecb v\u00e0 c\u1ea3m gi\u00e1c m\u1edbi m\u00e0 tr\u01b0\u1edbc \u0111\u00e2y ch\u01b0a t\u1eebng c\u00f3, \u0111\u1ec3 ng\u01b0\u1eddi ti\u00eau d\u00f9ng tr\u00ean to\u00e0n th\u1ebf gi\u1edbi c\u00f3 th\u1ec3 th\u01b0\u1edfng th\u1ee9c h\u01b0\u01a1ng v\u1ecb \u0111\u00f3.<br \/>\nH\u00e3y k\u1ef3 v\u1ecdng v\u00e0o s\u1eefa v\u00e0 s\u1ea3n ph\u1ea9m b\u01a1 s\u1eefa c\u1ee7a Nh\u1eadt B\u1ea3n b\u1edfi \u0111\u00f3 l\u00e0 s\u1ea3n ph\u1ea9m r\u1ea5t c\u00f3 gi\u00e1 tr\u1ecb \u0111\u1ed1i v\u1edbi t\u1eeb tr\u1ebb em \u0111\u1ebfn ng\u01b0\u1eddi cao tu\u1ed5i v\u00e0 v\u1edbi to\u00e0n ng\u00e0nh \u1ea9m th\u1ef1c.<\/p>\n<\/div>\n<div class=\"col d-sm-block d-none\"><img decoding=\"async\" class=\"img-fluid mx-auto img-rd-lg mg-lg d-md-block d-none\" src=\"https:\/\/jlec-pr.jp\/wp-content\/uploads\/2020\/02\/milk-02.jpg\" alt=\"about 02\" \/><\/div>\n<\/div>\n","protected":false},"excerpt":{"rendered":"<p>\u0110\u1eb7c tr\u01b0ng c\u1ee7a S\u1eefa v\u00e0 s\u1ea3n ph\u1ea9m b\u01a1 s\u1eefa Xem x\u00e9t c\u1ea9n th\u1eadn t\u00ecnh h\u00ecnh s\u1ee9c kh\u1ecfe c\u1ee7a t\u1eebng con t\u1eebng con m\u1ed9t, qu\u1ea3n l\u00fd sao cho b\u00f2 s\u1eefa lu\u00f4n \u0111\u01b0\u1ee3c \u0111\u1ea3m b\u1ea3o \u1edf t\u00ecnh tr\u1ea1ng t\u1ed1t nh\u1ea5t. B\u1ea3o qu\u1ea3n trong th\u00f9ng l\u1ea1nh, ki\u1ec3m tra l\u1ea1i s\u1eefa t\u01b0\u01a1i tr\u01b0\u1edbc khi xu\u1ea5t kho. Milk and dairy [&hellip;]<\/p>\n","protected":false},"author":1,"featured_media":0,"parent":272,"menu_order":0,"comment_status":"closed","ping_status":"closed","template":"page-template\/milk-vt-template.php","meta":{"_acf_changed":false,"_locale":"vi","_original_post":"125","footnotes":""},"class_list":["post-286","page","type-page","status-publish","hentry","vi"],"acf":[],"_links":{"self":[{"href":"https:\/\/jlec-pr.jp\/wp-json\/wp\/v2\/pages\/286","targetHints":{"allow":["GET"]}}],"collection":[{"href":"https:\/\/jlec-pr.jp\/wp-json\/wp\/v2\/pages"}],"about":[{"href":"https:\/\/jlec-pr.jp\/wp-json\/wp\/v2\/types\/page"}],"author":[{"embeddable":true,"href":"https:\/\/jlec-pr.jp\/wp-json\/wp\/v2\/users\/1"}],"replies":[{"embeddable":true,"href":"https:\/\/jlec-pr.jp\/wp-json\/wp\/v2\/comments?post=286"}],"version-history":[{"count":6,"href":"https:\/\/jlec-pr.jp\/wp-json\/wp\/v2\/pages\/286\/revisions"}],"predecessor-version":[{"id":11177,"href":"https:\/\/jlec-pr.jp\/wp-json\/wp\/v2\/pages\/286\/revisions\/11177"}],"up":[{"embeddable":true,"href":"https:\/\/jlec-pr.jp\/wp-json\/wp\/v2\/pages\/272"}],"wp:attachment":[{"href":"https:\/\/jlec-pr.jp\/wp-json\/wp\/v2\/media?parent=286"}],"curies":[{"name":"wp","href":"https:\/\/api.w.org\/{rel}","templated":true}]}}