{"id":257,"date":"2020-02-15T07:02:18","date_gmt":"2020-02-14T22:02:18","guid":{"rendered":"http:\/\/jlec-pr.jp\/?page_id=257"},"modified":"2023-06-29T11:40:19","modified_gmt":"2023-06-29T02:40:19","slug":"about","status":"publish","type":"page","link":"https:\/\/jlec-pr.jp\/vi\/about\/","title":{"rendered":"V\u1ec1 Hi\u1ec7p h\u1ed9i th\u00fac \u0111\u1ea9y xu\u1ea5t kh\u1ea9u s\u1ea3n ph\u1ea9m ch\u0103n nu\u00f4i Nh\u1eadt B\u1ea3n"},"content":{"rendered":"<p><img loading=\"lazy\" decoding=\"async\" class=\"img-fluid mx-auto d-block\"style=\"margin-bottom: 15px;\" src=\"https:\/\/jlec-pr.jp\/wp-content\/uploads\/2020\/02\/vi_promote.png\" alt=\"All Japan\" width=\"700\" height=\"800\" \/><\/p>\n<h2>M\u1ee5c ti\u00eau ho\u1ea1t \u0111\u1ed9ng<\/h2>\n<div class=\"box-line2 clearfix\">\n<h5>Th\u00fac \u0111\u1ea9y xu\u1ea5t kh\u1ea9u s\u1ea3n ph\u1ea9m ch\u0103n nu\u00f4i trong n\u01b0\u1edbc th\u00f4ng qua vi\u1ec7c x\u00fac ti\u1ebfn c\u00e1c ho\u1ea1t \u0111\u1ed9ng kinh doanh c\u1ea7n thi\u1ebft \u0111\u1ec3 xu\u1ea5t kh\u1ea9u s\u1ea3n ph\u1ea9m ch\u0103n nu\u00f4i trong n\u01b0\u1edbc, thu th\u1eadp v\u00e0 cung c\u1ea5p th\u00f4ng tin li\u00ean quan \u0111\u1ebfn xu\u1ea5t kh\u1ea9u s\u1ea3n ph\u1ea9m ch\u0103n nu\u00f4i trong n\u01b0\u1edbc, v.v&#8230;<\/h5>\n<\/div>\n<h2>T\u1ed5ng quan ho\u1ea1t \u0111\u1ed9ng (c\u00e1c h\u1ea1ng m\u1ee5c), c\u01a1 c\u1ea5u, s\u1ed1 l\u01b0\u1ee3ng th\u00e0nh vi\u00ean<\/h2>\n<h3>N\u1ed9i dung ho\u1ea1t \u0111\u1ed9ng<\/h3>\n<div class=\"box-line2\">\n<ol>\n<li>Xem x\u00e9t chi\u1ebfn l\u01b0\u1ee3c th\u1ed1ng nh\u1ea5t v\u1ec1 xu\u1ea5t kh\u1ea9u s\u1ea3n ph\u1ea9m ch\u0103n nu\u00f4i, ti\u1ebfn h\u00e0nh x\u00fac ti\u1ebfn xu\u1ea5t kh\u1ea9u<\/li>\n<li>Thu th\u1eadp,cung c\u1ea5p th\u00f4ng tin xu\u1ea5t kh\u1ea9u cho nh\u1eefng \u0111\u01a1n v\u1ecb c\u00f3 li\u00ean quan \u0111\u1ebfn xu\u1ea5t kh\u1ea9u s\u1ea3n ph\u1ea9m ch\u0103n nu\u00f4i<\/li>\n<li>C\u00e1c ho\u1ea1t \u0111\u1ed9ng kh\u00e1c t\u1ea1i n\u01b0\u1edbc ngo\u00e0i nh\u1eb1m th\u00fac \u0111\u1ea9y xu\u1ea5t kh\u1ea9u<\/li>\n<\/ol>\n<\/div>\n<h3>T\u1ed5ng quan<\/h3>\n<table class=\"ta-line\">\n<tbody>\n<tr>\n<th>\u0110\u1ecba ch\u1ec9<\/p>\n<p>&nbsp;<\/th>\n<td>V\u0103n ph\u00f2ng Hi\u1ec7p h\u1ed9i th\u00fac \u0111\u1ea9y xu\u1ea5t kh\u1ea9u s\u1ea3n ph\u1ea9m ch\u0103n nu\u00f4i Nh\u1eadt B\u1ea3n (n\u1eb1m trong H\u1ed9i ch\u0103n nu\u00f4i Trung \u01b0\u01a1ng)<br \/>\n101-0021, Tokyo, Chiyoda-ku, Soto-Kanda 2-16-2  t\u00f2a nh\u00e0 DIC s\u1ed1 2 t\u1ea7ng 9<\/td>\n<\/tr>\n<tr>\n<th>phone<\/th>\n<td>+81-3-5577-5004<\/td>\n<\/tr>\n<tr>\n<th>fax<\/th>\n<td>+81-3-5289-0890<\/td>\n<\/tr>\n<tr>\n<th>C\u00e1c ban, ti\u1ec3u ban tr\u1ef1c thu\u1ed9c Hi\u1ec7p h\u1ed9i<\/th>\n<td>\n<ul class=\"list-ico\">\n<li>Ban xu\u1ea5t kh\u1ea9u th\u1ecbt b\u00f2 (V\u0103n ph\u00f2ng: H\u1ed9 ch\u0103n nu\u00f4i Trung \u01b0\u01a1ng)<\/li>\n<li>Ban xu\u1ea5t kh\u1ea9u th\u1ecbt l\u1ee3n (V\u0103n ph\u00f2ng: Hi\u1ec7p h\u1ed9i ch\u0103n nu\u00f4i l\u1ee3n Nh\u1eadt B\u1ea3n)<\/li>\n<li>Ban xu\u1ea5t kh\u1ea9u th\u1ecbt g\u00e0 (V\u0103n ph\u00f2ng: Hi\u1ec7p h\u1ed9i g\u00e0 th\u1ef1c ph\u1ea9m Nh\u1eadt B\u1ea3n)<\/li>\n<li>Ban xu\u1ea5t kh\u1ea9u tr\u1ee9ng g\u00e0 (V\u0103n ph\u00f2ng: Hi\u1ec7p h\u1ed9i ch\u0103n nu\u00f4i g\u00e0 Nh\u1eadt B\u1ea3n)<\/li>\n<li>Ban xu\u1ea5t kh\u1ea9u s\u1eefa b\u00f2 v\u00e0 s\u1ea3n ph\u1ea9m b\u01a1 s\u1eefa (V\u0103n ph\u00f2ng: Hi\u1ec7p h\u1ed9i ng\u00e0nh s\u1eefa Nh\u1eadt B\u1ea3n)<\/li>\n<\/ul>\n<\/td>\n<\/tr>\n<\/tbody>\n<\/table>\n<h3>Th\u00e0nh vi\u00ean<\/h3>\n<div class=\"box-line2\">\n<p><strong>Th\u00e0nh vi\u00ean l\u00e0 nh\u1eefng ng\u01b0\u1eddi c\u00f3 li\u00ean quan \u0111\u1ebfn s\u1ea3n xu\u1ea5t, l\u01b0u th\u00f4ng v\u00e0 xu\u1ea5t kh\u1ea9u s\u1ea3n ph\u1ea9m ch\u0103n nu\u00f4i n\u1ed9i \u0111\u1ecba. <\/strong><\/p>\n<\/div>\n<h3>S\u01a1 \u0111\u1ed3 c\u01a1 c\u1ea5u<\/h3>\n<div class=\"box-line2\">\n<p style=\"text-align: center;\"><img loading=\"lazy\" decoding=\"async\" src=\"https:\/\/jlec-pr.jp\/wp-content\/uploads\/2020\/02\/summary_vi_diagram2020.png\" alt=\"Hi\u1ec7p h\u1ed9i th\u00fac \u0111\u1ea9y xu\u1ea5t kh\u1ea9u s\u1ea3n ph\u1ea9m ch\u0103n nu\u00f4i Nh\u1eadt B\u1ea3n   S\u01a1 \u0111\u1ed3 c\u01a1 c\u1ea5u (Ch\u1ee9c n\u0103ng th\u00e1p ki\u1ec3m so\u00e1t ho\u1ea1t \u0111\u1ed9ng th\u00fac \u0111\u1ea9y xu\u1ea5t kh\u1ea9u)\" width=\"600\" height=\"571\" \/><\/p>\n<\/div>\n","protected":false},"excerpt":{"rendered":"<p>M\u1ee5c ti\u00eau ho\u1ea1t \u0111\u1ed9ng Th\u00fac \u0111\u1ea9y xu\u1ea5t kh\u1ea9u s\u1ea3n ph\u1ea9m ch\u0103n nu\u00f4i trong n\u01b0\u1edbc th\u00f4ng qua vi\u1ec7c x\u00fac ti\u1ebfn c\u00e1c ho\u1ea1t \u0111\u1ed9ng kinh doanh c\u1ea7n thi\u1ebft \u0111\u1ec3 xu\u1ea5t kh\u1ea9u s\u1ea3n ph\u1ea9m ch\u0103n nu\u00f4i trong n\u01b0\u1edbc, thu th\u1eadp v\u00e0 cung c\u1ea5p th\u00f4ng tin li\u00ean quan \u0111\u1ebfn xu\u1ea5t kh\u1ea9u s\u1ea3n ph\u1ea9m ch\u0103n nu\u00f4i trong n\u01b0\u1edbc, v.v&#8230; T\u1ed5ng [&hellip;]<\/p>\n","protected":false},"author":1,"featured_media":0,"parent":0,"menu_order":0,"comment_status":"closed","ping_status":"closed","template":"","meta":{"_acf_changed":false,"_locale":"vi","_original_post":"76","footnotes":""},"class_list":["post-257","page","type-page","status-publish","hentry","vi"],"acf":[],"_links":{"self":[{"href":"https:\/\/jlec-pr.jp\/wp-json\/wp\/v2\/pages\/257","targetHints":{"allow":["GET"]}}],"collection":[{"href":"https:\/\/jlec-pr.jp\/wp-json\/wp\/v2\/pages"}],"about":[{"href":"https:\/\/jlec-pr.jp\/wp-json\/wp\/v2\/types\/page"}],"author":[{"embeddable":true,"href":"https:\/\/jlec-pr.jp\/wp-json\/wp\/v2\/users\/1"}],"replies":[{"embeddable":true,"href":"https:\/\/jlec-pr.jp\/wp-json\/wp\/v2\/comments?post=257"}],"version-history":[{"count":4,"href":"https:\/\/jlec-pr.jp\/wp-json\/wp\/v2\/pages\/257\/revisions"}],"predecessor-version":[{"id":12886,"href":"https:\/\/jlec-pr.jp\/wp-json\/wp\/v2\/pages\/257\/revisions\/12886"}],"wp:attachment":[{"href":"https:\/\/jlec-pr.jp\/wp-json\/wp\/v2\/media?parent=257"}],"curies":[{"name":"wp","href":"https:\/\/api.w.org\/{rel}","templated":true}]}}