{"id":214,"date":"2020-02-11T22:07:46","date_gmt":"2020-02-11T13:07:46","guid":{"rendered":"http:\/\/jlec-pr.jp\/?page_id=214"},"modified":"2020-02-18T16:17:21","modified_gmt":"2020-02-18T07:17:21","slug":"beef-media","status":"publish","type":"page","link":"https:\/\/jlec-pr.jp\/vi\/beef\/beef-media\/","title":{"rendered":"V\u1ec1 th\u1ecbt b\u00f2 Wagyu \u0111\u01b0\u1ee3c gi\u1edbi thi\u1ec7u tr\u00ean c\u00e1c ph\u01b0\u01a1ng ti\u1ec7n truy\u1ec1n th\u00f4ng n\u01b0\u1edbc ngo\u00e0i"},"content":{"rendered":"<h2>V\u1ec1 th\u1ecbt b\u00f2 Wagyu \u0111\u01b0\u1ee3c gi\u1edbi thi\u1ec7u tr\u00ean c\u00e1c ph\u01b0\u01a1ng ti\u1ec7n truy\u1ec1n th\u00f4ng n\u01b0\u1edbc ngo\u00e0i<\/h2>\n<h3>Planet Food<\/h3>\n<p>Pilot Productions \u1edf Anh mang \u0111\u1ebfn cho b\u1ea1n ch\u01b0\u01a1ng tr\u00ecnh Planet Food tr\u00ean Travel Channel. Trong m\u1ed9t t\u1eadp phim c\u1ee7a Planet Food: Nh\u1eadt B\u1ea3n, Merrilees Parker t\u1edbi Nh\u1eadt B\u1ea3n \u0111\u1ec3 t\u00ecm hi\u1ec3u v\u1ec1 v\u0103n h\u00f3a \u1ea9m th\u1ef1c \u0111\u1ed9c \u0111\u00e1o n\u01a1i \u0111\u00e2y. Tho\u00e1t kh\u1ecfi n\u01a1i ph\u1ed1 th\u1ecb, Merrilees gh\u00e9 th\u0103m m\u1ed9t trang tr\u1ea1i s\u1ea3n xu\u1ea5t th\u1ecbt b\u00f2 Wagyu Nh\u1eadt B\u1ea3n \u0111\u1eaft nh\u1ea5t th\u1ebf gi\u1edbi. Nh\u1eefng con b\u00f2 \u0111\u01b0\u1ee3c cho \u0103n t\u00e1o v\u00e0 m\u00e1t-xa h\u00e0ng ng\u00e0y. C\u00f4 c\u0169ng th\u1eed Sukiyaki, \u0111\u01b0\u1ee3c bi\u1ebft \u0111\u1ebfn l\u00e0 m\u1ed9t trong nh\u1eefng c\u00e1ch t\u1ed1t nh\u1ea5t \u0111\u1ec3 n\u1ea5u th\u1ecbt b\u00f2 Wagyu.<\/p>\n<div style=\"position: relative; padding-bottom: 56.25%;\">\n  <iframe \n    style=\"position: absolute; top: 0; left: 0; width: 100%; height: 100%;\" \n    src=\"https:\/\/www.youtube.com\/embed\/XlHsoRTsmiI\" \n    frameborder=\"0\" \n    allow=\"autoplay; \n    encrypted-media\" \n    allowfullscreen><br \/>\n  <\/iframe>\n<\/div>\n<h3>Ruptly TV<\/h3>\n<p>Tin t\u1ee9c \u0111\u01b0\u1ee3c s\u1ea3n xu\u1ea5t b\u1edfi Ruptly, m\u1ed9t h\u00e3ng th\u00f4ng t\u1ea5n qu\u1ed1c t\u1ebf cung c\u1ea5p tin t\u1ee9c c\u1eadp nh\u1eadt th\u1ef1c t\u1ebf v\u00e0 l\u01b0u tr\u1eef n\u1ed9i dung tin t\u1ee9c tr\u1ef1c quan tr\u00ean t\u1ea5t c\u1ea3 c\u00e1c ph\u01b0\u01a1ng ti\u1ec7n truy\u1ec1n th\u00f4ng, v\u00e0 c\u00f3 tr\u1ee5 s\u1edf t\u1ea1i Berlin, \u0110\u1ee9c. Nh\u00e0 h\u00e0ng Goldhorn Beefclub, n\u01a1i ph\u1ee5c v\u1ee5 m\u1ed9t s\u1ed1 m\u00f3n b\u00edt t\u1ebft \u0111\u1eaft nh\u1ea5t c\u1ee7a \u0110\u1ee9c, \u0111\u00e3 ti\u1ebft l\u1ed9 m\u1ed9t s\u1ed1 b\u00ed m\u1eadt c\u1ee7a m\u00ecnh cho Ruptly t\u1ea1i c\u1eeda h\u00e0ng v\u00e0 nh\u00e0 h\u00e0ng c\u1ee7a h\u1ecd \u1edf Berlin.<\/p>\n<div style=\"position: relative; padding-bottom: 56.25%;\">\n  <iframe \n    style=\"position: absolute; top: 0; left: 0; width: 100%; height: 100%;\" \n    src=\"https:\/\/www.youtube.com\/embed\/Si7lyGkkwv4\" \n    frameborder=\"0\" \n    allow=\"autoplay; \n    encrypted-media\" \n    allowfullscreen><br \/>\n  <\/iframe>\n<\/div>\n<h3>France 3<\/h3>\n<p>Tin t\u1ee9c \u0111\u01b0\u1ee3c \u0111\u01b0a tin trong Edition nationale tr\u00ean France 3 t\u1ea1i Ph\u00e1p. Ch\u00ednh ph\u1ee7 Nh\u1eadt B\u1ea3n \u0111\u01b0\u1ee3c ph\u00e9p xu\u1ea5t kh\u1ea9u th\u1ecbt b\u00f2 Wagyu Nh\u1eadt B\u1ea3n \u0111\u1eb7c bi\u1ec7t n\u00e0y sang Ph\u00e1p. \u0110\u01b0\u1ee3c bi\u1ebft, th\u1ecbt s\u1ebd \u0111\u01b0\u1ee3c b\u00e1n v\u1edbi gi\u00e1 230 Euro m\u1ed7i kg. Th\u1ecbt b\u00f2 Wagyu Nh\u1eadt B\u1ea3n l\u00e0 th\u1ecbt b\u00f2 truy\u1ec1n th\u1ed1ng, v\u00e0 c\u00f3 h\u01b0\u01a1ng v\u1ecb \u0111\u1eb7c bi\u1ec7t m\u00e0 c\u00e1c lo\u1ea1i th\u1ecbt b\u00f2 kh\u00e1c kh\u00f4ng c\u00f3.<\/p>\n<div style=\"position: relative; padding-bottom: 56.25%;\">\n  <iframe \n    style=\"position: absolute; top: 0; left: 0; width: 100%; height: 100%;\" \n    src=\"https:\/\/www.youtube.com\/embed\/5_ZREPWxiLc\" \n    frameborder=\"0\" \n    allow=\"autoplay; \n    encrypted-media\" \n    allowfullscreen><br \/>\n  <\/iframe>\n<\/div>\n<h3>Mustard TV<\/h3>\n<p>Gi\u1edbi thi\u1ec7u th\u1ecbt b\u00f2 Wagyu \u0111ang \u0111\u01b0\u1ee3c ph\u1ee5c v\u1ee5 t\u1ea1i m\u1ed9t nh\u00e0 h\u00e0ng Nh\u1eadt B\u1ea3n \u1edf Norfolk, Shiki.<\/p>\n<div style=\"position: relative; padding-bottom: 56.25%;\">\n  <iframe \n    style=\"position: absolute; top: 0; left: 0; width: 100%; height: 100%;\" \n    src=\"https:\/\/www.youtube.com\/embed\/ZPBYEK5Fvjo\" \n    frameborder=\"0\" \n    allow=\"autoplay; \n    encrypted-media\" \n    allowfullscreen><br \/>\n  <\/iframe>\n<\/div>\n","protected":false},"excerpt":{"rendered":"<p>V\u1ec1 th\u1ecbt b\u00f2 Wagyu \u0111\u01b0\u1ee3c gi\u1edbi thi\u1ec7u tr\u00ean c\u00e1c ph\u01b0\u01a1ng ti\u1ec7n truy\u1ec1n th\u00f4ng n\u01b0\u1edbc ngo\u00e0i Planet Food Pilot Productions \u1edf Anh mang \u0111\u1ebfn cho b\u1ea1n ch\u01b0\u01a1ng tr\u00ecnh Planet Food tr\u00ean Travel Channel. Trong m\u1ed9t t\u1eadp phim c\u1ee7a Planet Food: Nh\u1eadt B\u1ea3n, Merrilees Parker t\u1edbi Nh\u1eadt B\u1ea3n \u0111\u1ec3 t\u00ecm hi\u1ec3u v\u1ec1 v\u0103n h\u00f3a \u1ea9m th\u1ef1c \u0111\u1ed9c [&hellip;]<\/p>\n","protected":false},"author":1,"featured_media":0,"parent":229,"menu_order":0,"comment_status":"closed","ping_status":"closed","template":"page-template\/beef-vt-template.php","meta":{"_acf_changed":false,"_locale":"vi","_original_post":"200","footnotes":""},"class_list":["post-214","page","type-page","status-publish","hentry","vi"],"acf":[],"_links":{"self":[{"href":"https:\/\/jlec-pr.jp\/wp-json\/wp\/v2\/pages\/214","targetHints":{"allow":["GET"]}}],"collection":[{"href":"https:\/\/jlec-pr.jp\/wp-json\/wp\/v2\/pages"}],"about":[{"href":"https:\/\/jlec-pr.jp\/wp-json\/wp\/v2\/types\/page"}],"author":[{"embeddable":true,"href":"https:\/\/jlec-pr.jp\/wp-json\/wp\/v2\/users\/1"}],"replies":[{"embeddable":true,"href":"https:\/\/jlec-pr.jp\/wp-json\/wp\/v2\/comments?post=214"}],"version-history":[{"count":4,"href":"https:\/\/jlec-pr.jp\/wp-json\/wp\/v2\/pages\/214\/revisions"}],"predecessor-version":[{"id":3894,"href":"https:\/\/jlec-pr.jp\/wp-json\/wp\/v2\/pages\/214\/revisions\/3894"}],"up":[{"embeddable":true,"href":"https:\/\/jlec-pr.jp\/wp-json\/wp\/v2\/pages\/229"}],"wp:attachment":[{"href":"https:\/\/jlec-pr.jp\/wp-json\/wp\/v2\/media?parent=214"}],"curies":[{"name":"wp","href":"https:\/\/api.w.org\/{rel}","templated":true}]}}