{"id":196,"date":"2020-02-15T15:38:07","date_gmt":"2020-02-15T06:38:07","guid":{"rendered":"http:\/\/jlec-pr.jp\/?page_id=196"},"modified":"2020-02-27T16:14:55","modified_gmt":"2020-02-27T07:14:55","slug":"beef-logomark","status":"publish","type":"page","link":"https:\/\/jlec-pr.jp\/vi\/beef\/beef-logomark\/","title":{"rendered":"Gi\u1edbi thi\u1ec7u v\u1ec1 nh\u00e3n hi\u1ec7u th\u1ed1ng nh\u1ea5t c\u1ee7a Wagyu"},"content":{"rendered":"<h2>Gi\u1edbi thi\u1ec7u v\u1ec1 nh\u00e3n hi\u1ec7u th\u1ed1ng nh\u1ea5t c\u1ee7a Wagyu<\/h2>\n<p class=\"thumbs_left\"><img decoding=\"async\" style=\"display: block; margin-left: auto; margin-right: auto; border: 2px solid #cccccc; padding: 20px;\" src=\"https:\/\/jlec-pr.jp\/wp-content\/uploads\/2020\/02\/beef-logo02.gif\" alt=\"Unified Wagyu logo\" width=\"300\" \/><\/p>\n<h3>\u0110\u1ea3m b\u1ea3o h\u00e0ng th\u1eadt v\u1edbi \u201cNh\u00e3n hi\u1ec7u Wagyu th\u1ed1ng nh\u1ea5t\u201d<\/h3>\n<p>\u0110\u1ec3 truy\u1ec1n t\u1ea3i ch\u00ednh x\u00e1c v\u1ec1 m\u00f3n \u0103n \u01b0u vi\u1ec7t Wagyu c\u1ee7a Nh\u1eadt B\u1ea3n n\u00e0y \u0111\u1ebfn to\u00e0n th\u1ebf gi\u1edbi, n\u0103m 2007 \u201cNh\u00e3n hi\u1ec7u Wagyu th\u1ed1ng nh\u1ea5t\u201d \u0111\u00e3 \u0111\u01b0\u1ee3c ban h\u00e0nh. V\u1edbi mong mu\u1ed1n m\u1ecdi ng\u01b0\u1eddi tr\u00ean to\u00e0n th\u1ebf gi\u1edbi \u0111\u01b0\u1ee3c th\u01b0\u1edfng th\u1ee9c v\u1ecb ngon c\u1ee7a Wagyu ch\u00ednh h\u00e3ng. \u201cNh\u00e3n hi\u1ec7u Wagyu th\u1ed1ng nh\u1ea5t\u201d l\u00e0 b\u1eb1ng ch\u1ee9ng \u0111\u1ea3m b\u1ea3o h\u00e0ng th\u1eadt.<\/p>\n<div class=\"clearfix\"><\/div>\n<h3 class=\"tit-tab\">Gi\u1ed1ng<\/h3>\n<h4>1. Gi\u1ed1ng b\u00f2 Nh\u1eadt l\u00f4ng \u0111en (Kuroge Washu) (to\u00e0n qu\u1ed1c)<\/h4>\n<table class=\"ta-line\">\n<tbody>\n<tr>\n<th style=\"width: 25%;\">C\u00e2n n\u1eb7ng c\u1ee7a b\u00f2 c\u00e1i tr\u01b0\u1edfng th\u00e0nh<\/th>\n<td style=\"width: 75%;\">Kho\u1ea3ng 755kg<\/td>\n<\/tr>\n<tr>\n<th>M\u1ea7u l\u00f4ng<\/th>\n<td>M\u1ea7u \u0111en h\u01a1i c\u00f3 \u00e1nh n\u00e2u<\/td>\n<\/tr>\n<tr>\n<th>\u0110\u1eb7c tr\u01b0ng<\/th>\n<td>\n<ul class=\"list-ico\">\n<li>N\u0103ng su\u1ea5t cho th\u1ecbt b\u00f2 v\u00e2n m\u1ee1 cao<\/li>\n<li>V\u00f3c d\u00e1ng nh\u1ecf nh\u1ea5t trong 4 gi\u1ed1ng b\u00f2<\/li>\n<li>Chi\u1ebfm 95% trong t\u1ed5ng s\u1ed1 b\u00f2 Wagyu<\/li>\n<li>Do \u0111\u00f3 nhi\u1ec1u khi c\u1ee9 n\u00f3i \u0111\u1ebfn Wagyu l\u00e0 \u00e1m ch\u1ec9 \u0111\u1ebfn lo\u1ea1i b\u00f2 Nh\u1eadt l\u00f4ng \u0111en n\u00e0y.<\/li>\n<li>Ph\u1ea7n l\u1edbn c\u00e1c nh\u00e3n hi\u1ec7u n\u1ed5i ti\u1ebfng nh\u01b0 th\u1ecbt b\u00f2 Matsusaka, Yonezawa, Hida \u0111\u1ec1u thu\u1ed9c gi\u1ed1ng b\u00f2 Nh\u1eadt l\u00f4ng \u0111en n\u00e0y<\/li>\n<\/ul>\n<\/td>\n<\/tr>\n<\/tbody>\n<\/table>\n<h4>2. Gi\u1ed1ng b\u00f2 Nh\u1eadt l\u00f4ng n\u00e2u \u0111\u1ecf (Akage Washu) (T\u1ec9nh Kumamoto, Kouchi)<\/h4>\n<table class=\"ta-line\">\n<tbody>\n<tr>\n<th style=\"width: 25%;\">C\u00e2n n\u1eb7ng c\u1ee7a b\u00f2 c\u00e1i tr\u01b0\u1edfng th\u00e0nh<\/th>\n<td style=\"width: 75%;\">Kho\u1ea3ng 750kg<\/td>\n<\/tr>\n<tr>\n<th>M\u1ea7u l\u00f4ng<\/th>\n<td>N\u00e2u nh\u1ea1t<\/td>\n<\/tr>\n<tr>\n<th>\u0110\u1eb7c tr\u01b0ng<\/th>\n<td>\n<ul class=\"list-ico\">\n<li>Sinh tr\u01b0\u1edfng nhanh<\/li>\n<li>C\u00f3 \u01b0u \u0111i\u1ec3m l\u00e0 l\u00e0nh t\u00ednh, m\u1ea1nh kh\u1ecfe v\u00e0 ch\u1ecbu n\u00f3ng gi\u1ecfi, c\u00f3 th\u1ec3 s\u1eed d\u1ee5ng nhi\u1ec1u th\u1ee9c \u0103n th\u00f4<\/li>\n<\/ul>\n<\/td>\n<\/tr>\n<\/tbody>\n<\/table>\n<h4>3. Gi\u1ed1ng b\u00f2 s\u1eebng ng\u1eafn Nh\u1eadt B\u1ea3n (Nihon Tankakushu) (T\u1ec9nh Iwate, Aomori, Hokkaido)<\/h4>\n<table class=\"ta-line\">\n<tbody>\n<tr>\n<th style=\"width: 25%;\">C\u00e2n n\u1eb7ng c\u1ee7a b\u00f2 c\u00e1i tr\u01b0\u1edfng th\u00e0nh<\/th>\n<td style=\"width: 75%;\">Kho\u1ea3ng 745kg<\/td>\n<\/tr>\n<tr>\n<th>M\u1ea7u l\u00f4ng<\/th>\n<td>M\u1ea7u n\u00e2u \u0111\u1eadm c\u00f3 \u00e1nh<\/td>\n<\/tr>\n<tr>\n<th>\u0110\u1eb7c tr\u01b0ng<\/th>\n<td>\n<ul class=\"list-ico\">\n<li>C\u00f3 th\u1ec3 d\u00f9ng nhi\u1ec1u th\u1ee9c \u0103n th\u00f4 v\u00e0 r\u1ea5t th\u00edch nghi v\u1edbi kh\u00ed h\u1eadu, phong th\u1ed5 mi\u1ec1n b\u1eafc Nh\u1eadt B\u1ea3n<\/li>\n<li>Th\u00edch h\u1ee3p v\u1edbi nu\u00f4i th\u1ea3 r\u00f4ng<\/li>\n<\/ul>\n<\/td>\n<\/tr>\n<\/tbody>\n<\/table>\n<h4>4. Gi\u1ed1ng b\u00f2 Nh\u1eadt kh\u00f4ng s\u1eebng (Mukaku Washu) (T\u1ec9nh Yamaguchi)<\/h4>\n<table class=\"ta-line\">\n<tbody>\n<tr>\n<th>M\u1ea7u l\u00f4ng<\/th>\n<td style=\"width: 75%;\">\u0110en \u0111\u1eadm<\/td>\n<\/tr>\n<tr>\n<th>\u0110\u1eb7c tr\u01b0ng<\/th>\n<td>\n<ul class=\"list-ico\">\n<li>Kh\u00f4ng c\u00f3 s\u1eebng<\/li>\n<li>\u0110\u01b0\u1ee3c c\u1ea3i t\u1ea1o gi\u1ed1ng th\u00e0nh lo\u1ea1i l\u1ea5y th\u1ecbt t\u1eeb s\u1edbm h\u01a1n c\u00e1c gi\u1ed1ng kh\u00e1c nh\u01b0ng hi\u1ec7n nay s\u1ed1 \u0111\u1ea7u b\u00f2 n\u00e0y \u0111\u01b0\u1ee3c nu\u00f4i r\u1ea5t \u00edt<\/li>\n<\/ul>\n<\/td>\n<\/tr>\n<\/tbody>\n<\/table>\n<h4>5. Gi\u1ed1ng b\u00f2 \u0111\u01b0\u1ee3c lai t\u1ea1o t\u1eeb 4 gi\u1ed1ng tr\u00ean<\/h4>\n<h4>6.L\u00e0 gi\u1ed1ng b\u00f2 \u0111\u01b0\u1ee3c lai t\u1ea1o gi\u1eefa c\u00e1c gi\u1ed1ng 5 v\u00e0 1-5\u00a0 v\u00e0 vi\u1ec7c lai t\u1ea1o \u0111\u00f3 \u0111\u01b0\u1ee3c ch\u1ee9ng nh\u1eadn b\u1eb1ng ch\u1ebf \u0111\u1ed9 \u0111\u0103ng k\u00fd c\u0103n c\u1ee9 theo Lu\u1eadt nh\u00e2n gi\u1ed1ng c\u1ea3i t\u1ea1o gi\u1ed1ng gia c\u1ea7m v\u00e0 c\u00f3 th\u1ec3 ki\u1ec3m tra qua ch\u1ebf \u0111\u1ed9 truy xu\u1ea5t ngu\u1ed3n g\u1ed1c b\u00f2.<\/h4>\n<h3 class=\"tit-tab\">M\u00f4i tr\u01b0\u1eddng sinh tr\u01b0\u1edfng<\/h3>\n<div class=\"box-line2 bold-font\">\n<ol>\n<li>Ph\u1ea3i l\u00e0 lo\u1ea1i b\u00f2 \u0111\u01b0\u1ee3c sinh ra trong n\u1ed9i \u0111\u1ecba Nh\u1eadt B\u1ea3n v\u00e0 ch\u0103n nu\u00f4i trong n\u1ed9i \u0111\u1ecba Nh\u1eadt B\u1ea3n.<\/li>\n<li>H\u01a1n n\u1eefa ph\u1ea3i ki\u1ec3m tra \u0111\u01b0\u1ee3c qua ch\u1ebf \u0111\u1ed9 truy xu\u1ea5t ngu\u1ed3n g\u1ed1c b\u00f2.<\/li>\n<\/ol>\n<\/div>\n","protected":false},"excerpt":{"rendered":"<p>Gi\u1edbi thi\u1ec7u v\u1ec1 nh\u00e3n hi\u1ec7u th\u1ed1ng nh\u1ea5t c\u1ee7a Wagyu \u0110\u1ea3m b\u1ea3o h\u00e0ng th\u1eadt v\u1edbi \u201cNh\u00e3n hi\u1ec7u Wagyu th\u1ed1ng nh\u1ea5t\u201d \u0110\u1ec3 truy\u1ec1n t\u1ea3i ch\u00ednh x\u00e1c v\u1ec1 m\u00f3n \u0103n \u01b0u vi\u1ec7t Wagyu c\u1ee7a Nh\u1eadt B\u1ea3n n\u00e0y \u0111\u1ebfn to\u00e0n th\u1ebf gi\u1edbi, n\u0103m 2007 \u201cNh\u00e3n hi\u1ec7u Wagyu th\u1ed1ng nh\u1ea5t\u201d \u0111\u00e3 \u0111\u01b0\u1ee3c ban h\u00e0nh. V\u1edbi mong mu\u1ed1n m\u1ecdi ng\u01b0\u1eddi tr\u00ean [&hellip;]<\/p>\n","protected":false},"author":1,"featured_media":0,"parent":229,"menu_order":0,"comment_status":"closed","ping_status":"closed","template":"page-template\/beef-vt-template.php","meta":{"_acf_changed":false,"_locale":"vi","_original_post":"152","footnotes":""},"class_list":["post-196","page","type-page","status-publish","hentry","vi"],"acf":[],"_links":{"self":[{"href":"https:\/\/jlec-pr.jp\/wp-json\/wp\/v2\/pages\/196","targetHints":{"allow":["GET"]}}],"collection":[{"href":"https:\/\/jlec-pr.jp\/wp-json\/wp\/v2\/pages"}],"about":[{"href":"https:\/\/jlec-pr.jp\/wp-json\/wp\/v2\/types\/page"}],"author":[{"embeddable":true,"href":"https:\/\/jlec-pr.jp\/wp-json\/wp\/v2\/users\/1"}],"replies":[{"embeddable":true,"href":"https:\/\/jlec-pr.jp\/wp-json\/wp\/v2\/comments?post=196"}],"version-history":[{"count":10,"href":"https:\/\/jlec-pr.jp\/wp-json\/wp\/v2\/pages\/196\/revisions"}],"predecessor-version":[{"id":8614,"href":"https:\/\/jlec-pr.jp\/wp-json\/wp\/v2\/pages\/196\/revisions\/8614"}],"up":[{"embeddable":true,"href":"https:\/\/jlec-pr.jp\/wp-json\/wp\/v2\/pages\/229"}],"wp:attachment":[{"href":"https:\/\/jlec-pr.jp\/wp-json\/wp\/v2\/media?parent=196"}],"curies":[{"name":"wp","href":"https:\/\/api.w.org\/{rel}","templated":true}]}}