{"id":550,"date":"2020-02-13T14:33:12","date_gmt":"2020-02-13T05:33:12","guid":{"rendered":"http:\/\/jlec-pr.jp\/?page_id=550"},"modified":"2020-02-19T16:30:04","modified_gmt":"2020-02-19T07:30:04","slug":"chicken-logomark","status":"publish","type":"page","link":"https:\/\/jlec-pr.jp\/pt\/chicken\/chicken-logomark\/","title":{"rendered":"Marca Universal de Frango Japon\u00eas"},"content":{"rendered":"<h2>Marca Universal de Frango Japon\u00eas<\/h2>\n<p class=\"thumbs_left\"><img decoding=\"async\" style=\"display: block; margin-left: auto; margin-right: auto; border: 2px solid #cccccc; padding: 20px;\" src=\"https:\/\/jlec-pr.jp\/wp-content\/uploads\/2020\/02\/chiken-logo.png\" alt=\"Unified logo\" width=\"300\" \/><\/p>\n<h3>O S\u00edmbolo de Seguran\u00e7a, Bom Sabor e Confian\u00e7a do Frango Japon\u00eas<\/h3>\n<p>Este logotipo unificado da carne de frango foi estabelecido em 2015 para divulgar corretamente a carne de frango japon\u00eas no mundo inteiro como sendo segura e saborosa.<br \/>S\u00f3mente o frango criado no Jap\u00e3o e em boas condi\u00e7\u00f5es sanit\u00e1rias do ambiente, controle estrito pelos padr\u00f5es de qualidade pode ser classificado com este logotipo.<br \/>O logotipo comprova que o frango \u00e9 saboroso e seguro.<\/p>\n","protected":false},"excerpt":{"rendered":"<p>Marca Universal de Frango Japon\u00eas O S\u00edmbolo de Seguran\u00e7a, Bom Sabor e Confian\u00e7a do Frango Japon\u00eas Este logotipo unificado da carne de frango foi estabelecido em 2015 para divulgar corretamente a carne de frango japon\u00eas no mundo inteiro como sendo segura e saborosa.S\u00f3mente o frango criado no Jap\u00e3o e em boas condi\u00e7\u00f5es sanit\u00e1rias do ambiente, [&hellip;]<\/p>\n","protected":false},"author":1,"featured_media":0,"parent":522,"menu_order":0,"comment_status":"closed","ping_status":"closed","template":"page-template\/chicken-pr-template.php","meta":{"_acf_changed":false,"_locale":"pt_PT","_original_post":"162","footnotes":""},"class_list":["post-550","page","type-page","status-publish","hentry","pt-PT"],"acf":[],"_links":{"self":[{"href":"https:\/\/jlec-pr.jp\/wp-json\/wp\/v2\/pages\/550","targetHints":{"allow":["GET"]}}],"collection":[{"href":"https:\/\/jlec-pr.jp\/wp-json\/wp\/v2\/pages"}],"about":[{"href":"https:\/\/jlec-pr.jp\/wp-json\/wp\/v2\/types\/page"}],"author":[{"embeddable":true,"href":"https:\/\/jlec-pr.jp\/wp-json\/wp\/v2\/users\/1"}],"replies":[{"embeddable":true,"href":"https:\/\/jlec-pr.jp\/wp-json\/wp\/v2\/comments?post=550"}],"version-history":[{"count":3,"href":"https:\/\/jlec-pr.jp\/wp-json\/wp\/v2\/pages\/550\/revisions"}],"predecessor-version":[{"id":4700,"href":"https:\/\/jlec-pr.jp\/wp-json\/wp\/v2\/pages\/550\/revisions\/4700"}],"up":[{"embeddable":true,"href":"https:\/\/jlec-pr.jp\/wp-json\/wp\/v2\/pages\/522"}],"wp:attachment":[{"href":"https:\/\/jlec-pr.jp\/wp-json\/wp\/v2\/media?parent=550"}],"curies":[{"name":"wp","href":"https:\/\/api.w.org\/{rel}","templated":true}]}}