{"id":494,"date":"2020-02-07T15:29:34","date_gmt":"2020-02-07T06:29:34","guid":{"rendered":"http:\/\/jlec-pr.jp\/?page_id=494"},"modified":"2020-02-28T05:07:26","modified_gmt":"2020-02-27T20:07:26","slug":"egg-tokutyou","status":"publish","type":"page","link":"https:\/\/jlec-pr.jp\/pt\/egg\/egg-tokutyou\/","title":{"rendered":"Carater\u00edsticas dos Ovos de Galinha"},"content":{"rendered":"<h2>Carater\u00edsticas dos Ovos de Galinha<\/h2>\n<div class=\"row\">\n<div class=\"col-12 col-md-5\"><img decoding=\"async\" class=\"img-fluid mx-auto d-block img-rd-lg mg-md\" src=\"https:\/\/jlec-pr.jp\/wp-content\/uploads\/2020\/02\/egg-02.jpg\" alt=\"about 01\" \/><\/div>\n<div class=\"col\">\n<h3>Ovos japoneses (TAMAGO): produto criado de gera\u00e7\u00e3o em gera\u00e7\u00e3o<\/h3>\n<p class=\"mb-35\">Os avi\u00e1rios do Jap\u00e3o est\u00e3o divididos em 3 tipos.<br \/>O primeiro \u00e9 o \u201cavi\u00e1rio de postura de ovos ferteis\u201d onde as primeiras gera\u00e7\u00f5es de aves s\u00e3o criadas.<br \/>O segundo tipo \u00e9 o avi\u00e1rio onde os ovos fertilizados s\u00e3o incubados e os pintos nascem, ou seja \u201cavi\u00e1rios de incuba\u00e7\u00e3o\u201d.<br \/>O terceiro tipo \u00e9 o \u201cavi\u00e1rio de galinhas poedeiras\u201d onde os pintos s\u00e3o criados saud\u00e1veis para poder p\u00f4r ovos, \u201cavi\u00e1rios poedeiros\u201d.<br \/>Em cada avi\u00e1rio onde as 3 gera\u00e7\u00f5es de aves convivem, incluindo as galinhas poedeiras e seus pais, s\u00e3o feitos testes de salmonela repetidamente e as galinhas s\u00e3o vacinadas.<\/p>\n<\/div>\n<\/div>\n<div class=\"row\">\n<div class=\"col-12 col-md-5\"><img decoding=\"async\" class=\"img-fluid img-rd-lg mg-md float-lg-none\" src=\"https:\/\/jlec-pr.jp\/wp-content\/uploads\/2020\/02\/pic02.jpg\" alt=\"about 01\" \/><\/div>\n<div class=\"col\">\n<h3>Medidas Preventivas de Biosseguran\u00e7a<\/h3>\n<p class=\"mb-35\">Se recomenda que os avi\u00e1rios japoneses se localizem pelo menos 1,000 m separados de outros avi\u00e1rios, e que as estradas estejam distanciadas a mais de 300 m.<br \/>\nOs recintos s\u00e3o rigorosamente limpos, e medidas de seguran\u00e7a tomadas para prevenir a entrada no espa\u00e7o de aves selvagens, pequenos animais, insetos, etc. e \u00e9 proibida a entrada de estranhos.<br \/>\nOs trabalhadores trocam de vestu\u00e1rio no vesti\u00e1rio, antes de entrar e sair do recinto, e desinfetam suas m\u00e3os. Estas medidas ajudam a prevenir a exposi\u00e7\u00e3o \u00e0 salmonela e gripe avi\u00e1ria.<\/p>\n<\/div>\n<\/div>\n<div class=\"row voffset-md\">\n<div class=\"col-12 col-md-7\">\n<h3>Aprecie os ovos japoneses seguros e cuidadosamente inspecionados (TAMAGO)<\/h3>\n<p class=\"mb-35\">Os ovos s\u00e3o recolhidos e levados para o centro de categoriza\u00e7\u00e3o onde as cascas s\u00e3o lavadas e esterilizadas, secas, e novamente esterilizadas.<br \/>\nTamb\u00e9m, testes rigorosos s\u00e3o feitos com v\u00e1rios equipamentos que inspecionam a exist\u00eancia de ovos com sangue, ovos sujos ou ovos partidos. Os ovos inadequados para consumo s\u00e3o descartados.<br \/>\nTemos muito cuidado com a ra\u00e7\u00e3o avi\u00e1ria, e medidas para prevenir a contamina\u00e7\u00e3o s\u00e3o tomadas durante a compra de ingredientes, transporte, armazenamento, e o processo de manufatura da ra\u00e7\u00e3o regular, e realizamos teste regular \u00e0 ra\u00e7\u00e3o para salmonela.<\/p>\n<\/div>\n<div class=\"col d-sm-block d-none\"><img decoding=\"async\" class=\"img-fluid mx-auto img-rd-lg mb-35 d-md-block d-none\" src=\"https:\/\/jlec-pr.jp\/wp-content\/uploads\/2020\/02\/pic03-1.jpg\" alt=\"about 02\" \/><\/div>\n<\/div>\n<div class=\"row voffset-md\">\n<div class=\"col-12 col-md-7\">\n<h3>Ovos japoneses(TAMAGO) altamente nutritivos na sua vida di\u00e1ria<\/h3>\n<p class=\"mb-35\">Os ovos cont\u00eam uma variedade de nutrientes incluindo prote\u00ednas, vitaminas, minerais e diz-se que s\u00e3o um ingrediente nutricionalmente completo.<br \/>\nEspecialmente se forem consumidos \u00e0 refei\u00e7\u00e3o matinal, fazem subir a temperatura corporal que desce durante o sono, e permitem que comece o dia cheio de energia.<br \/>\nIncorpore os ovos japoneses(TAMAGO) na sua dieta di\u00e1ria, para ter uma vida saud\u00e1vel.<\/p>\n<\/div>\n<div class=\"col d-sm-block d-none\"><img decoding=\"async\" class=\"img-fluid mx-auto img-rd-lg mb-35 d-md-block d-none\" src=\"https:\/\/jlec-pr.jp\/wp-content\/uploads\/2020\/02\/pic04-1.jpg\" alt=\"about 02\" \/><\/div>\n<\/div>\n<div class=\"row voffset-md\">\n<div class=\"col d-block\">\n<h3 class=\"text-lg-center\">Os ovos japoneses(TAMAGO) podem ser consumidos cr\u00fas por mais de 3 semanas<\/h3>\n<p class=\"mb-35\">O prazo de validade dos ovos dentro do pa\u00eds \u00e9 de 21 dias desde a data de produ\u00e7\u00e3o. Para os estrangeiros pode parecer curto. Mas, na realidade este \u00e9 o per\u00edodo em que podem ser consumidos cr\u00fas. \u00c9 normal os ovos serem consumidos cr\u00fas no Jap\u00e3o, por exemplo, no \u201ctamago kake gohan\u201d , um prato de ovo cr\u00fa temperado com molho de soja e servido sobre arroz branco, ou \u201csukiyaki\u201d um prato de carne e vegetais acompanhados de ovo cr\u00fa. <br \/>Isto se tornou poss\u00edvel porque exigimos os ovos japoneses (TAMAGO) sejam seguros.<\/p>\n<div class=\"row\">\n<div class=\"col-lg-4 col-md-6\"><img decoding=\"async\" class=\"img-fluid mx-auto d-block\" src=\"https:\/\/jlec-pr.jp\/wp-content\/uploads\/2020\/02\/pic05-1.jpg\" alt=\"pic05 1\" \/><\/p>\n<h4>Ovos escalfados<\/h4>\n<p class=\"mb-35\">Ovos escalfados de r\u00e1pida cozedura. Os ovos japoneses (TAMAGO) permitem que sejam consumidos com seguran\u00e7a.<\/p>\n<\/div>\n<div class=\"col-lg-4 col-md-6\"><img decoding=\"async\" class=\"img-fluid mx-auto d-block\" src=\"https:\/\/jlec-pr.jp\/wp-content\/uploads\/2020\/02\/pic06-1.jpg\" alt=\"pic06 1\" \/><\/p>\n<h4>Ovos Benedict<\/h4>\n<p class=\"mb-35\">Prato indispens\u00e1vel na refei\u00e7\u00e3o matinal. Ovos s\u00e3o seguros mesmo escalfados moles.<\/p>\n<\/div>\n<div class=\"col-lg-4 col-md-6\"><img decoding=\"async\" class=\"img-fluid mx-auto d-block\" src=\"https:\/\/jlec-pr.jp\/wp-content\/uploads\/2020\/02\/pic07-1.jpg\" alt=\"pic07 1\" \/><\/p>\n<h4>Carbonnara<\/h4>\n<p class=\"mb-35\">Juntar ovo durante a prepara\u00e7\u00e3o \u00e9 o que faz este prato ser um sucesso. Fica diferente se usar ovos japoneses (TAMAGO).<\/p>\n<\/div>\n<div class=\"col-lg-4 col-md-6\"><img decoding=\"async\" class=\"img-fluid mx-auto d-block\" src=\"https:\/\/jlec-pr.jp\/wp-content\/uploads\/2020\/02\/pic08-1.jpg\" alt=\"pic08 1\" \/><\/p>\n<h4>Salada com ovo escalfado<\/h4>\n<p class=\"mb-35\">Salada de estilo japon\u00eas decorada com ovo escalfado. Prato muito nutritivo.<\/p>\n<\/div>\n<div class=\"col-lg-4 col-md-6\"><img decoding=\"async\" class=\"img-fluid mx-auto d-block\" src=\"https:\/\/jlec-pr.jp\/wp-content\/uploads\/2020\/02\/pic09-1.jpg\" alt=\"pic09 1\" \/><\/p>\n<h4>Kanitama<\/h4>\n<p class=\"mb-35\">Prato com textura macia de r\u00e1pida prepara\u00e7\u00e3o.<\/p>\n<\/div>\n<div class=\"col-lg-4 col-md-6\"><img decoding=\"async\" class=\"img-fluid mx-auto d-block\" src=\"https:\/\/jlec-pr.jp\/wp-content\/uploads\/2020\/02\/pic10-1.jpg\" alt=\"pic10 1\" \/><\/p>\n<h4>Omelete com arroz frito<\/h4>\n<p class=\"mb-35\">\u00c9 a altura da mam\u00e3 mostrar que \u00e9 capaz de preparar arroz envolvido numa omelete.<\/p>\n<\/div>\n<div class=\"col-md-6 col-lg-4\"><img decoding=\"async\" class=\"img-fluid mx-auto d-block\" src=\"https:\/\/jlec-pr.jp\/wp-content\/uploads\/2020\/02\/pic11-1.jpg\" alt=\"pic11 1\" \/><\/p>\n<h4>Ovos mexidos<\/h4>\n<p class=\"mb-35\">Qualquer um pode preparar ovos mexidos.<\/p>\n<\/div>\n<div class=\"col-md-6 col-lg-4\"><img decoding=\"async\" class=\"img-fluid mx-auto d-block\" src=\"https:\/\/jlec-pr.jp\/wp-content\/uploads\/2020\/02\/pic12-1.jpg\" alt=\"pic12 1\" \/><\/p>\n<h4>Kani  Chahan<\/h4>\n<p class=\"mb-35\">Ovos japoneses(TAMAGO) macios transformam um arroz frito normal em algo mais requintado.<\/p>\n<\/div>\n<\/div>\n<\/div>\n<\/div>\n","protected":false},"excerpt":{"rendered":"<p>Carater\u00edsticas dos Ovos de Galinha Ovos japoneses (TAMAGO): produto criado de gera\u00e7\u00e3o em gera\u00e7\u00e3o Os avi\u00e1rios do Jap\u00e3o est\u00e3o divididos em 3 tipos.O primeiro \u00e9 o \u201cavi\u00e1rio de postura de ovos ferteis\u201d onde as primeiras gera\u00e7\u00f5es de aves s\u00e3o criadas.O segundo tipo \u00e9 o avi\u00e1rio onde os ovos fertilizados s\u00e3o incubados e os pintos nascem, [&hellip;]<\/p>\n","protected":false},"author":1,"featured_media":0,"parent":466,"menu_order":0,"comment_status":"closed","ping_status":"closed","template":"page-template\/egg-pr-template.php","meta":{"_acf_changed":false,"_locale":"pt_PT","_original_post":"111","footnotes":""},"class_list":["post-494","page","type-page","status-publish","hentry","pt-PT"],"acf":[],"_links":{"self":[{"href":"https:\/\/jlec-pr.jp\/wp-json\/wp\/v2\/pages\/494","targetHints":{"allow":["GET"]}}],"collection":[{"href":"https:\/\/jlec-pr.jp\/wp-json\/wp\/v2\/pages"}],"about":[{"href":"https:\/\/jlec-pr.jp\/wp-json\/wp\/v2\/types\/page"}],"author":[{"embeddable":true,"href":"https:\/\/jlec-pr.jp\/wp-json\/wp\/v2\/users\/1"}],"replies":[{"embeddable":true,"href":"https:\/\/jlec-pr.jp\/wp-json\/wp\/v2\/comments?post=494"}],"version-history":[{"count":8,"href":"https:\/\/jlec-pr.jp\/wp-json\/wp\/v2\/pages\/494\/revisions"}],"predecessor-version":[{"id":8765,"href":"https:\/\/jlec-pr.jp\/wp-json\/wp\/v2\/pages\/494\/revisions\/8765"}],"up":[{"embeddable":true,"href":"https:\/\/jlec-pr.jp\/wp-json\/wp\/v2\/pages\/466"}],"wp:attachment":[{"href":"https:\/\/jlec-pr.jp\/wp-json\/wp\/v2\/media?parent=494"}],"curies":[{"name":"wp","href":"https:\/\/api.w.org\/{rel}","templated":true}]}}