{"id":480,"date":"2020-02-13T15:04:06","date_gmt":"2020-02-13T06:04:06","guid":{"rendered":"http:\/\/jlec-pr.jp\/?page_id=480"},"modified":"2020-08-31T19:22:34","modified_gmt":"2020-08-31T10:22:34","slug":"egg-video","status":"publish","type":"page","link":"https:\/\/jlec-pr.jp\/pt\/egg\/egg-video\/","title":{"rendered":"Ovos de Galinha do Jap\u00e3o V\u00eddeo"},"content":{"rendered":"<h2>Ovos de Galinha do Jap\u00e3o V\u00eddeo<\/h2>\n<h3>TAMAGO=OVO JAPON\u00caS<\/h3>\n<p>No Jap\u00e3o, a validade dos ovos refere-se ao periodo em que podem ser consumidos cr\u00fas, e n\u00e3o h\u00e1 exemplo a nivel mundial.<br \/>O ovo japon\u00eas(TAMAGO) \u00e9 um excelente alimento que para ser divulgado no exterior, realizamos uma gest\u00e3o rigorosa durante a produ\u00e7\u00e3o avi\u00e1ria, distribui\u00e7\u00e3o segura, que podem comprovar pelos v\u00eddeos que mostram como temos cuidados sanit\u00e1rios desde a produ\u00e7\u00e3o at\u00e9 ao consumo, e apresentamos alguns pratos de ovos.<\/p>\n<h3>TAMAGO=OVO JAPON\u00caS&nbsp;&nbsp; canton\u00eas 5 min<\/h3>\n<div style=\"position: relative; padding-bottom: 56.25%;\"><iframe style=\"position: absolute; top: 0; left: 0; width: 100%; height: 100%;\" src=\"https:\/\/www.youtube.com\/embed\/-_fcWQF3efs\" frameborder=\"0\" allowfullscreen=\"allowfullscreen\"><br \/>\n  <\/iframe>\n<\/div>\n<h3>TAMAGO=OVO JAPON\u00caS&nbsp;&nbsp; canton\u00eas 20 min<\/h3>\n<div style=\"position: relative; padding-bottom: 56.25%;\"><iframe style=\"position: absolute; top: 0; left: 0; width: 100%; height: 100%;\" src=\"https:\/\/www.youtube.com\/embed\/xemu3xNywUc\" frameborder=\"0\" allowfullscreen=\"allowfullscreen\"><br \/>\n  <\/iframe>\n<\/div>\n","protected":false},"excerpt":{"rendered":"<p>Ovos de Galinha do Jap\u00e3o V\u00eddeo TAMAGO=OVO JAPON\u00caS No Jap\u00e3o, a validade dos ovos refere-se ao periodo em que podem ser consumidos cr\u00fas, e n\u00e3o h\u00e1 exemplo a nivel mundial.O ovo japon\u00eas(TAMAGO) \u00e9 um excelente alimento que para ser divulgado no exterior, realizamos uma gest\u00e3o rigorosa durante a produ\u00e7\u00e3o avi\u00e1ria, distribui\u00e7\u00e3o segura, que podem comprovar [&hellip;]<\/p>\n","protected":false},"author":1,"featured_media":0,"parent":466,"menu_order":0,"comment_status":"closed","ping_status":"closed","template":"page-template\/egg-pr-template.php","meta":{"_acf_changed":false,"_locale":"pt_PT","_original_post":"168","footnotes":""},"class_list":["post-480","page","type-page","status-publish","hentry","pt-PT"],"acf":[],"_links":{"self":[{"href":"https:\/\/jlec-pr.jp\/wp-json\/wp\/v2\/pages\/480","targetHints":{"allow":["GET"]}}],"collection":[{"href":"https:\/\/jlec-pr.jp\/wp-json\/wp\/v2\/pages"}],"about":[{"href":"https:\/\/jlec-pr.jp\/wp-json\/wp\/v2\/types\/page"}],"author":[{"embeddable":true,"href":"https:\/\/jlec-pr.jp\/wp-json\/wp\/v2\/users\/1"}],"replies":[{"embeddable":true,"href":"https:\/\/jlec-pr.jp\/wp-json\/wp\/v2\/comments?post=480"}],"version-history":[{"count":4,"href":"https:\/\/jlec-pr.jp\/wp-json\/wp\/v2\/pages\/480\/revisions"}],"predecessor-version":[{"id":9547,"href":"https:\/\/jlec-pr.jp\/wp-json\/wp\/v2\/pages\/480\/revisions\/9547"}],"up":[{"embeddable":true,"href":"https:\/\/jlec-pr.jp\/wp-json\/wp\/v2\/pages\/466"}],"wp:attachment":[{"href":"https:\/\/jlec-pr.jp\/wp-json\/wp\/v2\/media?parent=480"}],"curies":[{"name":"wp","href":"https:\/\/api.w.org\/{rel}","templated":true}]}}