{"id":466,"date":"2020-02-07T15:29:24","date_gmt":"2020-02-07T06:29:24","guid":{"rendered":"http:\/\/jlec-pr.jp\/?page_id=466"},"modified":"2020-03-11T00:20:33","modified_gmt":"2020-03-10T15:20:33","slug":"egg","status":"publish","type":"page","link":"https:\/\/jlec-pr.jp\/pt\/egg\/","title":{"rendered":"Ovos de Galinha"},"content":{"rendered":"<p><!-- cat-tobira-1 --><\/p>\n<div class=\"bloc bg-egg\" id=\"cat-tobira-1\">\n<div class=\"container bloc-md\">\n<div class=\"row\">\n<div class=\"box-hd offset-md-3 col-md-6 offset-2 col-8 col-lg-6 offset-lg-3\">\n<div class=\"row\">\n<div class=\"col-sm-4 offset-sm-2 col-lg-3 offset-lg-1\">\n<img decoding=\"async\" src=\"\/wp-content\/themes\/jlec\/img\/egg\/mark_04.jpg\" class=\"img-fluid mx-auto d-block img-mark--style mg-sm\" alt=\"TAMAGO japan egg\" \/>\n<\/div>\n<div class=\"col align-self-center\">\n<h1 class=\"tit-h1 mg-clear tc-dark-lava text-lg-left text-sm-left\">\nOvos de Galinha<br \/>\n<\/h1>\n<\/div>\n<\/div>\n<\/div>\n<\/div>\n<\/div>\n<\/div>\n<p><!-- cat-tobira-1 END --><\/p>\n<p><!-- cat-tobira-2 --><\/p>\n<div class=\"bloc cat-egg none bgc-anti-flash-white d-sm-flex d-none\" id=\"cat-tobira-2\">\n<div class=\"container bloc-sm\">\n<div class=\"row\">\n<div class=\"col box-line-red\">\n<div class=\"row\">\n<div class=\"col\">\n<h2 class=\"mg-md tit-h2 text-lg-center\">\nSobre Ovos de Galinha<\/h2>\n<div class=\"row\">\n<div class=\"col-lg-4 col-md-4 col-sm-6\"> <a href=\"\/pt\/egg\/egg-tokutyou\"><img decoding=\"async\" src=\"\/wp-content\/themes\/jlec\/img\/pt\/pt_egg_feature.png\" class=\"img-fluid mx-auto d-block img-rd-md mg-sm\" alt=\"The feature:Japanese Eggs(TAMAGO)\" \/><\/a>\n<\/div>\n<div class=\"col-lg-4 col-md-4 col-sm-6\"> <a href=\"\/pt\/egg\/egg-logomark\"><img decoding=\"async\" src=\"\/wp-content\/themes\/jlec\/img\/pt\/pt_egg_mark.png\" class=\"img-fluid mx-auto d-block img-rd-md\" alt=\"Tamago Japan Egg Mark\" \/><\/a>\n<\/div>\n<div class=\"col-lg-4 col-md-4 col-sm-6\"> <a href=\"\/pt\/egg\/egg-report\"><img decoding=\"async\" src=\"\/wp-content\/themes\/jlec\/img\/pt\/pt_egg_report.png\" class=\"img-fluid mx-auto d-block img-rd-md mg-sm\" alt=\"Report and Movie\" \/><\/a>\n<\/div>\n<div class=\"col-lg-4 col-md-4 col-sm-6\"> <a href=\"\/pt\/egg\/sns\"><img decoding=\"async\" src=\"\/wp-content\/themes\/jlec\/img\/pt\/pt_egg_sns.png\" class=\"img-fluid mx-auto d-block img-rd-md\" alt=\"SNS\" \/><\/a>\n<\/div>\n<div class=\"col-lg-4 col-md-4 col-sm-6\"> <a href=\"\/pt\/egg\/egg-video\"><img decoding=\"async\" src=\"\/wp-content\/themes\/jlec\/img\/pt\/pt_egg_video.png\" class=\"img-fluid mx-auto d-block img-rd-md\" alt=\"Tamago = Japan Egg video\" \/><\/a>\n<\/div>\n<\/div>\n<\/div>\n<\/div>\n<\/div>\n<\/div>\n<\/div>\n<\/div>\n<p><!-- cat-tobira-2 END --><\/p>\n<p><!--  sp --><\/p>\n<div class=\"none d-sm-none\">\n<p><!-- bloc-7 --><\/p>\n<div class=\"bloc cat-egg bgc-anti-flash-white\" id=\"bloc-7\">\n<div class=\"container bloc-md\">\n<h2 class=\"tit-h2\">\nSobre Ovos de Galinha<\/h2>\n<div class=\"row\">\n<div class=\"col-lg-6 col-md-6 col-sm-6 col-12\">\n<div class=\"card border-0 box-menu\">\n<div class=\"card-body\" onClick=\"location.href='\/pt\/egg\/egg-tokutyou'\">\n<div class=\"row no-gutters\">\n<div class=\"col-4 col-lg-2\"><img decoding=\"async\" class=\"img-fluid mx-auto d-block img-style\" src=\"\/wp-content\/themes\/jlec\/img\/egg\/icon-other_08.jpg\" alt=\"ChickenEgg\" \/><\/div>\n<div class=\"col align-self-center\">\n<h3>Carater\u00edsticas dos Ovos de Galinha<\/h3>\n<\/div>\n<\/div>\n<\/div>\n<\/div>\n<\/div>\n<div class=\"col-lg-6 col-md-6 col-sm-6 col-12\">\n<div class=\"card border-0 box-menu\">\n<div class=\"card-body\" onClick=\"location.href='\/pt\/egg\/egg-logomark'\">\n<div class=\"row no-gutters\">\n<div class=\"col-4 col-lg-2\"><img decoding=\"async\" class=\"img-fluid mx-auto d-block img-style\" src=\"\/wp-content\/themes\/jlec\/img\/egg\/icon-other_09.jpg\" alt=\"ChickenEgg\" \/><\/div>\n<div class=\"col align-self-center\">\n<h3>Marca Universal de Ovos de Galinha Japon\u00eas<\/h3>\n<\/div>\n<\/div>\n<\/div>\n<\/div>\n<\/div>\n<div class=\"col-lg-6 col-md-6 col-sm-6 col-12\">\n<div class=\"card border-0 box-menu\">\n<div class=\"card-body\" onClick=\"location.href='\/pt\/egg\/egg-report'\">\n<div class=\"row no-gutters\">\n<div class=\"col-4 col-lg-2\"><img decoding=\"async\" class=\"img-fluid mx-auto d-block img-style\" src=\"\/wp-content\/themes\/jlec\/img\/egg\/icon-other_10.jpg\" alt=\"ChickenEgg\" \/><\/div>\n<div class=\"col align-self-center\">\n<h3>Relat\u00f3rio de Atividades<\/h3>\n<\/div>\n<\/div>\n<\/div>\n<\/div>\n<\/div>\n<div class=\"col-lg-6 col-md-6 col-sm-6 col-12\">\n<div class=\"card border-0 box-menu\">\n<div class=\"card-body\" onClick=\"location.href='\/pt\/egg\/sns'\">\n<div class=\"row no-gutters\">\n<div class=\"col-4 col-lg-2\"><img decoding=\"async\" class=\"img-fluid mx-auto d-block img-style\" src=\"\/wp-content\/themes\/jlec\/img\/egg\/icon-other_11or.jpg\" alt=\"ChickenEgg\" \/><\/div>\n<div class=\"col align-self-center\">\n<h3>SNS<\/h3>\n<\/div>\n<\/div>\n<\/div>\n<\/div>\n<\/div>\n<div class=\"col-lg-6 col-md-6 col-sm-6 col-12\">\n<div class=\"card border-0 box-menu\">\n<div class=\"card-body\" onClick=\"location.href='\/pt\/egg\/egg-video'\">\n<div class=\"row no-gutters\">\n<div class=\"col-4 col-lg-2\"><img decoding=\"async\" src=\"\/wp-content\/themes\/jlec\/img\/egg\/icon-other_11.jpg\" alt=\"ChickenEgg\" height=\"42\" class=\"img-fluid mx-auto d-block img-style\" \/><\/div>\n<div class=\"col align-self-center\">\n<h3>Ovos de Galinha do Jap\u00e3o V\u00eddeo<\/h3>\n<\/div>\n<\/div>\n<\/div>\n<\/div>\n<\/div>\n<\/div>\n<\/div>\n<\/div>\n<p><!-- bloc-7 END --><\/p>\n<\/div>\n<p><!-- sp END --><\/p>\n","protected":false},"excerpt":{"rendered":"<p>Ovos de Galinha Sobre Ovos de Galinha Sobre Ovos de Galinha Carater\u00edsticas dos Ovos de Galinha Marca Universal de Ovos de Galinha Japon\u00eas Relat\u00f3rio de Atividades SNS Ovos de Galinha do Jap\u00e3o V\u00eddeo<\/p>\n","protected":false},"author":1,"featured_media":0,"parent":0,"menu_order":0,"comment_status":"closed","ping_status":"closed","template":"page-full.php","meta":{"_acf_changed":false,"_locale":"pt_PT","_original_post":"18","footnotes":""},"class_list":["post-466","page","type-page","status-publish","hentry","pt-PT"],"acf":[],"_links":{"self":[{"href":"https:\/\/jlec-pr.jp\/wp-json\/wp\/v2\/pages\/466","targetHints":{"allow":["GET"]}}],"collection":[{"href":"https:\/\/jlec-pr.jp\/wp-json\/wp\/v2\/pages"}],"about":[{"href":"https:\/\/jlec-pr.jp\/wp-json\/wp\/v2\/types\/page"}],"author":[{"embeddable":true,"href":"https:\/\/jlec-pr.jp\/wp-json\/wp\/v2\/users\/1"}],"replies":[{"embeddable":true,"href":"https:\/\/jlec-pr.jp\/wp-json\/wp\/v2\/comments?post=466"}],"version-history":[{"count":12,"href":"https:\/\/jlec-pr.jp\/wp-json\/wp\/v2\/pages\/466\/revisions"}],"predecessor-version":[{"id":9103,"href":"https:\/\/jlec-pr.jp\/wp-json\/wp\/v2\/pages\/466\/revisions\/9103"}],"wp:attachment":[{"href":"https:\/\/jlec-pr.jp\/wp-json\/wp\/v2\/media?parent=466"}],"curies":[{"name":"wp","href":"https:\/\/api.w.org\/{rel}","templated":true}]}}