{"id":452,"date":"2020-02-13T14:17:49","date_gmt":"2020-02-13T05:17:49","guid":{"rendered":"http:\/\/jlec-pr.jp\/?page_id=452"},"modified":"2020-02-28T05:12:29","modified_gmt":"2020-02-27T20:12:29","slug":"pork-logomark","status":"publish","type":"page","link":"https:\/\/jlec-pr.jp\/pt\/pork\/pork-logomark\/","title":{"rendered":"Marca Universal de Porco Japon\u00eas"},"content":{"rendered":"<h2>Marca Universal de Porco Japon\u00eas<\/h2>\n<p class=\"thumbs_left\"><img decoding=\"async\" style=\"display: block; margin-left: auto; margin-right: auto; border: 2px solid #cccccc; padding: 20px;\" src=\"https:\/\/jlec-pr.jp\/wp-content\/uploads\/2020\/02\/pork-logo.png\" alt=\"Unified logo\" width=\"300\" \/><\/p>\n<h3>Este log\u00f3tipo \u00e9 o s\u00edmbolo do saboroso porco japon\u00eas<\/h3>\n<p>No Jap\u00e3o, um pa\u00eds bonito de quatro esta\u00e7\u00f5es, os suinicultores prestam muita aten\u00e7\u00e3o \u00e0 seguran\u00e7a e elevada qualidade do seu gado como o crescimento f\u00edsico, gest\u00e3o da sa\u00fade, e provis\u00e3o de uma ra\u00e7\u00e3o mista. Mais ainda, eles aspiram utilizar ao m\u00e1ximo as carater\u00edsticas de cada ra\u00e7a e regi\u00e3o na cria\u00e7\u00e3o do porco.<br \/>Este logotipo serve para comprovar a exist\u00eancia das carater\u00edsticas especiais do porco nacional que s\u00e3o textura macia e carne com gordura adocicada.<\/p>\n","protected":false},"excerpt":{"rendered":"<p>Marca Universal de Porco Japon\u00eas Este log\u00f3tipo \u00e9 o s\u00edmbolo do saboroso porco japon\u00eas No Jap\u00e3o, um pa\u00eds bonito de quatro esta\u00e7\u00f5es, os suinicultores prestam muita aten\u00e7\u00e3o \u00e0 seguran\u00e7a e elevada qualidade do seu gado como o crescimento f\u00edsico, gest\u00e3o da sa\u00fade, e provis\u00e3o de uma ra\u00e7\u00e3o mista. Mais ainda, eles aspiram utilizar ao m\u00e1ximo [&hellip;]<\/p>\n","protected":false},"author":1,"featured_media":0,"parent":424,"menu_order":0,"comment_status":"closed","ping_status":"closed","template":"page-template\/pork-pr-template.php","meta":{"_acf_changed":false,"_locale":"pt_PT","_original_post":"159","footnotes":""},"class_list":["post-452","page","type-page","status-publish","hentry","pt-PT"],"acf":[],"_links":{"self":[{"href":"https:\/\/jlec-pr.jp\/wp-json\/wp\/v2\/pages\/452","targetHints":{"allow":["GET"]}}],"collection":[{"href":"https:\/\/jlec-pr.jp\/wp-json\/wp\/v2\/pages"}],"about":[{"href":"https:\/\/jlec-pr.jp\/wp-json\/wp\/v2\/types\/page"}],"author":[{"embeddable":true,"href":"https:\/\/jlec-pr.jp\/wp-json\/wp\/v2\/users\/1"}],"replies":[{"embeddable":true,"href":"https:\/\/jlec-pr.jp\/wp-json\/wp\/v2\/comments?post=452"}],"version-history":[{"count":6,"href":"https:\/\/jlec-pr.jp\/wp-json\/wp\/v2\/pages\/452\/revisions"}],"predecessor-version":[{"id":8767,"href":"https:\/\/jlec-pr.jp\/wp-json\/wp\/v2\/pages\/452\/revisions\/8767"}],"up":[{"embeddable":true,"href":"https:\/\/jlec-pr.jp\/wp-json\/wp\/v2\/pages\/424"}],"wp:attachment":[{"href":"https:\/\/jlec-pr.jp\/wp-json\/wp\/v2\/media?parent=452"}],"curies":[{"name":"wp","href":"https:\/\/api.w.org\/{rel}","templated":true}]}}