{"id":372,"date":"2020-02-14T12:34:57","date_gmt":"2020-02-14T03:34:57","guid":{"rendered":"http:\/\/jlec-pr.jp\/?page_id=372"},"modified":"2020-02-14T12:45:46","modified_gmt":"2020-02-14T03:45:46","slug":"beef-miryoku","status":"publish","type":"page","link":"https:\/\/jlec-pr.jp\/pt\/beef\/beef-miryoku\/","title":{"rendered":"Atrativos do Wagyu (V\u00eddeo, panfleto)"},"content":{"rendered":"<h2>Atrativos do Wagyu (V\u00eddeo, panfleto)<\/h2>\n<h3>V\u00eddeo<\/h3>\n<div class=\"row\">\n<div class=\"col-12 col-md-6\">\n<div style=\"position: relative; padding-bottom: 56.25%;\"><iframe style=\"position: absolute; top: 0; left: 0; width: 100%; height: 100%;\" src=\"https:\/\/www.youtube.com\/embed\/T9-POeLjHwQ\" frameborder=\"0\" allowfullscreen=\"allowfullscreen\"><br \/>\n<\/iframe><\/div>\n<p>Japanese Wagyu Beef\uff083min\uff09\uff08Somente em ingl\u00eas\uff09<\/p>\n<\/div>\n<div class=\"col-12 col-md-6\">\n<div style=\"position: relative; padding-bottom: 56.25%;\"><iframe style=\"position: absolute; top: 0; left: 0; width: 100%; height: 100%;\" src=\"https:\/\/www.youtube.com\/embed\/1DKetaB7HMo\" frameborder=\"0\" allowfullscreen=\"allowfullscreen\"><br \/>\n<\/iframe><\/div>\n<p>Japanese Wagyu Beef\uff0816min\uff09\uff08Somente em ingl\u00eas\uff09<\/p>\n<\/div>\n<\/div>\n<hr \/>\n<h3>Panfletos<\/h3>\n<p>Pode baixar panfletos e ebook onde se apresenta a cria\u00e7\u00e3o do Wagyu, as medidas de seguran\u00e7a e tranquilidade da carne do Wagyu.<\/p>\n<table class=\"table table-pamphlet\">\n<tbody>\n<tr>\n<td>\n<p class=\"more\"><a href=\"\/ebook\/pt\/html5.html\" target=\"_blank\" rel=\"noopener noreferrer\">Panfletos<\/a><\/p>\n<\/td>\n<\/tr>\n<\/tbody>\n<\/table>\n","protected":false},"excerpt":{"rendered":"<p>Atrativos do Wagyu (V\u00eddeo, panfleto) V\u00eddeo Japanese Wagyu Beef\uff083min\uff09\uff08Somente em ingl\u00eas\uff09 Japanese Wagyu Beef\uff0816min\uff09\uff08Somente em ingl\u00eas\uff09 Panfletos Pode baixar panfletos e ebook onde se apresenta a cria\u00e7\u00e3o do Wagyu, as medidas de seguran\u00e7a e tranquilidade da carne do Wagyu. Panfletos<\/p>\n","protected":false},"author":1,"featured_media":0,"parent":226,"menu_order":0,"comment_status":"closed","ping_status":"closed","template":"page-template\/beef-pb-template.php","meta":{"_acf_changed":false,"_locale":"pt_PT","_original_post":"138","footnotes":""},"class_list":["post-372","page","type-page","status-publish","hentry","pt-PT"],"acf":[],"_links":{"self":[{"href":"https:\/\/jlec-pr.jp\/wp-json\/wp\/v2\/pages\/372","targetHints":{"allow":["GET"]}}],"collection":[{"href":"https:\/\/jlec-pr.jp\/wp-json\/wp\/v2\/pages"}],"about":[{"href":"https:\/\/jlec-pr.jp\/wp-json\/wp\/v2\/types\/page"}],"author":[{"embeddable":true,"href":"https:\/\/jlec-pr.jp\/wp-json\/wp\/v2\/users\/1"}],"replies":[{"embeddable":true,"href":"https:\/\/jlec-pr.jp\/wp-json\/wp\/v2\/comments?post=372"}],"version-history":[{"count":4,"href":"https:\/\/jlec-pr.jp\/wp-json\/wp\/v2\/pages\/372\/revisions"}],"predecessor-version":[{"id":3405,"href":"https:\/\/jlec-pr.jp\/wp-json\/wp\/v2\/pages\/372\/revisions\/3405"}],"up":[{"embeddable":true,"href":"https:\/\/jlec-pr.jp\/wp-json\/wp\/v2\/pages\/226"}],"wp:attachment":[{"href":"https:\/\/jlec-pr.jp\/wp-json\/wp\/v2\/media?parent=372"}],"curies":[{"name":"wp","href":"https:\/\/api.w.org\/{rel}","templated":true}]}}