{"id":358,"date":"2020-02-14T12:24:44","date_gmt":"2020-02-14T03:24:44","guid":{"rendered":"http:\/\/jlec-pr.jp\/?page_id=358"},"modified":"2020-03-05T22:00:58","modified_gmt":"2020-03-05T13:00:58","slug":"beef-kaikata","status":"publish","type":"page","link":"https:\/\/jlec-pr.jp\/pt\/beef\/beef-kaikata\/","title":{"rendered":"Cria\u00e7\u00e3o do Wagyu (V\u00eddeo)"},"content":{"rendered":"<h2>Cria\u00e7\u00e3o do Wagyu (V\u00eddeo)<\/h2>\n<h3>A deliciosa carne do Wagyu criada com amor num ambiente natural do Jap\u00e3o<small>(Somente em ingl\u00eas)<\/small><\/h3>\n<div style=\"position: relative; padding-bottom: 56.25%;\"><iframe style=\"position: absolute; top: 0; left: 0; width: 100%; height: 100%;\" src=\"https:\/\/www.youtube.com\/embed\/JPMbUZokWC8\" frameborder=\"0\" allowfullscreen=\"allowfullscreen\"><br \/>\n<\/iframe><\/div>\n","protected":false},"excerpt":{"rendered":"<p>Cria\u00e7\u00e3o do Wagyu (V\u00eddeo) A deliciosa carne do Wagyu criada com amor num ambiente natural do Jap\u00e3o(Somente em ingl\u00eas)<\/p>\n","protected":false},"author":1,"featured_media":0,"parent":226,"menu_order":0,"comment_status":"closed","ping_status":"closed","template":"page-template\/beef-pb-template.php","meta":{"_acf_changed":false,"_locale":"pt_PT","_original_post":"142","footnotes":""},"class_list":["post-358","page","type-page","status-publish","hentry","pt-PT"],"acf":[],"_links":{"self":[{"href":"https:\/\/jlec-pr.jp\/wp-json\/wp\/v2\/pages\/358","targetHints":{"allow":["GET"]}}],"collection":[{"href":"https:\/\/jlec-pr.jp\/wp-json\/wp\/v2\/pages"}],"about":[{"href":"https:\/\/jlec-pr.jp\/wp-json\/wp\/v2\/types\/page"}],"author":[{"embeddable":true,"href":"https:\/\/jlec-pr.jp\/wp-json\/wp\/v2\/users\/1"}],"replies":[{"embeddable":true,"href":"https:\/\/jlec-pr.jp\/wp-json\/wp\/v2\/comments?post=358"}],"version-history":[{"count":4,"href":"https:\/\/jlec-pr.jp\/wp-json\/wp\/v2\/pages\/358\/revisions"}],"predecessor-version":[{"id":9046,"href":"https:\/\/jlec-pr.jp\/wp-json\/wp\/v2\/pages\/358\/revisions\/9046"}],"up":[{"embeddable":true,"href":"https:\/\/jlec-pr.jp\/wp-json\/wp\/v2\/pages\/226"}],"wp:attachment":[{"href":"https:\/\/jlec-pr.jp\/wp-json\/wp\/v2\/media?parent=358"}],"curies":[{"name":"wp","href":"https:\/\/api.w.org\/{rel}","templated":true}]}}