{"id":322,"date":"2020-02-14T12:26:12","date_gmt":"2020-02-14T03:26:12","guid":{"rendered":"http:\/\/jlec-pr.jp\/?page_id=322"},"modified":"2020-02-28T05:44:37","modified_gmt":"2020-02-27T20:44:37","slug":"beef-cutting-guide","status":"publish","type":"page","link":"https:\/\/jlec-pr.jp\/pt\/beef\/beef-cutting-guide\/","title":{"rendered":"Guia de corte do Wagyu (Livro digital)"},"content":{"rendered":"<h2>Guia de corte do Wagyu (Livro digital)<\/h2>\n<div style=\"position: relative; padding-bottom: 56.25%;\"><iframe style=\"position: absolute; top: 0; left: 0; width: 100%; height: 100%;\" src=\"https:\/\/www.youtube.com\/embed\/LUu-6lzwXzI\" frameborder=\"0\" allowfullscreen=\"allowfullscreen\"><br \/>\n<\/iframe><\/div>\n<p>Japanese Wagyu Beef &#8211; A Visual Guide to Efficient Cutting &#8211; (3min)<\/p>\n<h3>Panfletos \uff08Somente em ingl\u00eas\uff09<\/h3>\n<p>Pode baixar panfletos e ebook onde se apresenta a cria\u00e7\u00e3o do Wagyu, as medidas de seguran\u00e7a e tranquilidade da carne do Wagyu.<\/p>\n<p class=\"more\"><a href=\"https:\/\/jlec-pr.jp\/ebook\/cutting\/en\/\" target=\"_blank\" rel=\"noopener noreferrer\">Panfletos<\/a><\/p>\n","protected":false},"excerpt":{"rendered":"<p>Guia de corte do Wagyu (Livro digital) Japanese Wagyu Beef &#8211; A Visual Guide to Efficient Cutting &#8211; (3min) Panfletos \uff08Somente em ingl\u00eas\uff09 Pode baixar panfletos e ebook onde se apresenta a cria\u00e7\u00e3o do Wagyu, as medidas de seguran\u00e7a e tranquilidade da carne do Wagyu. Panfletos<\/p>\n","protected":false},"author":1,"featured_media":0,"parent":226,"menu_order":0,"comment_status":"closed","ping_status":"closed","template":"page-template\/beef-pb-template.php","meta":{"_acf_changed":false,"_locale":"pt_PT","_original_post":"140","footnotes":""},"class_list":["post-322","page","type-page","status-publish","hentry","pt-PT"],"acf":[],"_links":{"self":[{"href":"https:\/\/jlec-pr.jp\/wp-json\/wp\/v2\/pages\/322","targetHints":{"allow":["GET"]}}],"collection":[{"href":"https:\/\/jlec-pr.jp\/wp-json\/wp\/v2\/pages"}],"about":[{"href":"https:\/\/jlec-pr.jp\/wp-json\/wp\/v2\/types\/page"}],"author":[{"embeddable":true,"href":"https:\/\/jlec-pr.jp\/wp-json\/wp\/v2\/users\/1"}],"replies":[{"embeddable":true,"href":"https:\/\/jlec-pr.jp\/wp-json\/wp\/v2\/comments?post=322"}],"version-history":[{"count":3,"href":"https:\/\/jlec-pr.jp\/wp-json\/wp\/v2\/pages\/322\/revisions"}],"predecessor-version":[{"id":8772,"href":"https:\/\/jlec-pr.jp\/wp-json\/wp\/v2\/pages\/322\/revisions\/8772"}],"up":[{"embeddable":true,"href":"https:\/\/jlec-pr.jp\/wp-json\/wp\/v2\/pages\/226"}],"wp:attachment":[{"href":"https:\/\/jlec-pr.jp\/wp-json\/wp\/v2\/media?parent=322"}],"curies":[{"name":"wp","href":"https:\/\/api.w.org\/{rel}","templated":true}]}}