{"id":283,"date":"2020-02-07T15:57:14","date_gmt":"2020-02-07T06:57:14","guid":{"rendered":"http:\/\/jlec-pr.jp\/?page_id=283"},"modified":"2022-02-02T12:10:01","modified_gmt":"2022-02-02T03:10:01","slug":"milk-tokutyou","status":"publish","type":"page","link":"https:\/\/jlec-pr.jp\/pt\/milk\/milk-tokutyou\/","title":{"rendered":"Carater\u00edsticas dos Produtos L\u00e1cteos"},"content":{"rendered":"<h2>Carater\u00edsticas dos Produtos L\u00e1cteos<\/h2>\n<div class=\"row\">\n<div class=\"col-12 col-md-5\"><img decoding=\"async\" class=\"img-fluid mx-auto d-block img-rd-lg mg-sm\" src=\"https:\/\/jlec-pr.jp\/wp-content\/uploads\/2020\/02\/pt_milk.jpg\" alt=\"about 01\" \/><\/p>\n<p class=\"mb-35\">Ap\u00f3s verificar cuidadosamente a condi\u00e7\u00e3o de cada animal, este \u00e9 tratado de uma forma a manter \u00f3timas condi\u00e7\u00f5es.<\/p>\n<p><img decoding=\"async\" class=\"img-fluid img-rd-lg float-lg-none\" src=\"https:\/\/jlec-pr.jp\/wp-content\/uploads\/2020\/02\/pic03-2.jpg\" alt=\"about 01\" \/><\/p>\n<p class=\"mb-35\">O leite cr\u00fa \u00e9 armazenado no contentor, e testado antes de ser distribu\u00eddo.<\/p>\n<\/div>\n<div class=\"col\">\n<h3>Leite e Produtos L\u00e1cteos<br \/>\nFabricados no Jap\u00e3o<\/h3>\n<p class=\"mb-35\">J\u00e1 que o leite \u00e9 consumido di\u00e1riamente, n\u00f3s visamos pela sua seguran\u00e7a e bom sabor atrav\u00e9s de medidas rigorosas de controle. O leite e produtos l\u00e1cteos japoneses podem ser consumidos sem preocupa\u00e7\u00e3o, porque os produtores do leite e f\u00e1bricas de processamento do leite est\u00e3o interligadas. Nos est\u00e1bulos se criam as vacas leiteiras e a\u00ed se ordenha o leite. A f\u00e1brica recolhe e transforma o leite em produtos l\u00e1cteos para consumo.<\/p>\n<p>A produ\u00e7\u00e3o leiteira no Jap\u00e3o come\u00e7ou h\u00e1 cerca de 130 anos atr\u00e1s. Apesar de ter pouca hist\u00f3ria se comparada com a europa ou am\u00e9rica, o leite e produtos l\u00e1cteos japoneses r\u00e1pidamente se globalizaram e se tornaram indespens\u00e1veis em cada lar. Atualmente existem no Jap\u00e3o 1,350,000 vacas leiteiras que produzem 7,430,000 toneladas (ano de 2020) de leite cr\u00fa.<\/p>\n<p>As carater\u00edsticas s\u00e3o, antes de mais de n\u00e3o ter de se preocupar com a qualidade que se mant\u00e9m. Tamb\u00e9m estamos a inovar para criar um produto delicioso e novos sabores. Experimente beber o leite do Jap\u00e3o.<\/p>\n<p>Para manter o bom sabor e seguran\u00e7a do leite, conseguimos providenciar um ambiente confort\u00e1vel de cria\u00e7\u00e3o, e gest\u00e3o apropriada. Tamb\u00e9m, temos muito cuidado durante a ordenha. Em particular, a preven\u00e7\u00e3o di\u00e1ria contra a mastite, \u00e9 muito importante.<\/p>\n<p>O leite ordenhado de cada vaca-leiteira \u00e9 testado para mastite, e o leite armazenado em contentor quando distribuido \u00e9 novamente testado. Antes do leite cr\u00fa ser processado na f\u00e1brica, v\u00e1rios testes s\u00e3o efetuados para satisfazer o padr\u00e3o de qualidade.<\/p>\n<\/div>\n<\/div>\n<div class=\"row voffset-md\">\n<div class=\"col-12 col-md-7\">\n<h3>Prioridade \u00e0 Seguran\u00e7a &amp;Frescura<\/h3>\n<p class=\"mb-35\">A frescura e qualidade s\u00e3o os fatores mais importantes do leite. O leite e produtos l\u00e1cteos de origem japonesa possuem frescura e seguran\u00e7a que satisfazem os consumidores mais exigentes do mundo que s\u00e3o os japoneses.<br \/>\nAl\u00e9m dos testes do leite como apar\u00eancia exterior, brilho da cor, sabor, \u00edndice de gordura, \u00edndice de mat\u00e9ria n\u00e3o gorda, n\u00famero de bact\u00e9rias, nas f\u00e1bricas se realizam tamb\u00e9m testes antibi\u00f3ticos, entre outros.<\/p>\n<p>O leite que passou \u00e0 inspe\u00e7\u00e3o \u00e9 esterilizado, e processado em v\u00e1cuo, at\u00e9 ser empacotado.<br \/>\nMuitas f\u00e1bricas de processamento de leite, respondem \u00e0s necessidades de seguran\u00e7a e tranquilidade dos consumidores seguindo os padr\u00f5es internacionais, e manuais de seguran\u00e7a de produtos alimentares e processo de trabalho em conformidade com HACCP, ISO9001 e ISO220000.<\/p>\n<\/div>\n<div class=\"col d-sm-block d-none\"><img decoding=\"async\" class=\"img-fluid mx-auto img-rd-lg mb-35 d-md-block d-none\" src=\"https:\/\/jlec-pr.jp\/wp-content\/uploads\/2020\/02\/pic05-2.jpg\" alt=\"about 02\" \/><\/div>\n<\/div>\n<div class=\"row voffset-md\">\n<div class=\"col-12 col-md-7\">\n<h3>Do Jap\u00e3o para si<\/h3>\n<p class=\"mb-35\">Atualmente, estamos a desenvolver novas variedades de sabores e texturas nunca antes imaginadas para o leite e produtos l\u00e1cteos. Devido aos avan\u00e7os na tecnologia de refrigera\u00e7\u00e3o e frigor\u00edfica, conseguimos criar muitas sobremesas l\u00e1cteas e gelados, que aumentaram a oferta para o consumidor.<br \/>\nMais ainda, n\u00e3o s\u00f3 o sabor, nos iogurtes est\u00e3o sendo desenvolvidos produtos saud\u00e1veis de elevada funcionalidade.<br \/>\nProcuramos desenvolver novos produtos com novos sabores e texturas, e apresent\u00e1-los aos consumidores \u00e0 volta do mundo para que os apreciem.<br \/>\nEsperamos que o leite e produtos l\u00e1cteos japoneses adequados desde as crian\u00e7as at\u00e9 aos idosos, estejam presentes como ingredientes em qualquer tipo de comida.<\/p>\n<\/div>\n<div class=\"col d-sm-block d-none\"><img decoding=\"async\" class=\"img-fluid mx-auto img-rd-lg mg-lg d-md-block d-none\" src=\"https:\/\/jlec-pr.jp\/wp-content\/uploads\/2020\/02\/milk-02.jpg\" alt=\"about 02\" \/><\/div>\n<\/div>\n","protected":false},"excerpt":{"rendered":"<p>Carater\u00edsticas dos Produtos L\u00e1cteos Ap\u00f3s verificar cuidadosamente a condi\u00e7\u00e3o de cada animal, este \u00e9 tratado de uma forma a manter \u00f3timas condi\u00e7\u00f5es. O leite cr\u00fa \u00e9 armazenado no contentor, e testado antes de ser distribu\u00eddo. Leite e Produtos L\u00e1cteos Fabricados no Jap\u00e3o J\u00e1 que o leite \u00e9 consumido di\u00e1riamente, n\u00f3s visamos pela sua seguran\u00e7a e [&hellip;]<\/p>\n","protected":false},"author":1,"featured_media":0,"parent":269,"menu_order":0,"comment_status":"closed","ping_status":"closed","template":"page-template\/milk-pr-template.php","meta":{"_acf_changed":false,"_locale":"pt_PT","_original_post":"125","footnotes":""},"class_list":["post-283","page","type-page","status-publish","hentry","pt-PT"],"acf":[],"_links":{"self":[{"href":"https:\/\/jlec-pr.jp\/wp-json\/wp\/v2\/pages\/283","targetHints":{"allow":["GET"]}}],"collection":[{"href":"https:\/\/jlec-pr.jp\/wp-json\/wp\/v2\/pages"}],"about":[{"href":"https:\/\/jlec-pr.jp\/wp-json\/wp\/v2\/types\/page"}],"author":[{"embeddable":true,"href":"https:\/\/jlec-pr.jp\/wp-json\/wp\/v2\/users\/1"}],"replies":[{"embeddable":true,"href":"https:\/\/jlec-pr.jp\/wp-json\/wp\/v2\/comments?post=283"}],"version-history":[{"count":9,"href":"https:\/\/jlec-pr.jp\/wp-json\/wp\/v2\/pages\/283\/revisions"}],"predecessor-version":[{"id":11179,"href":"https:\/\/jlec-pr.jp\/wp-json\/wp\/v2\/pages\/283\/revisions\/11179"}],"up":[{"embeddable":true,"href":"https:\/\/jlec-pr.jp\/wp-json\/wp\/v2\/pages\/269"}],"wp:attachment":[{"href":"https:\/\/jlec-pr.jp\/wp-json\/wp\/v2\/media?parent=283"}],"curies":[{"name":"wp","href":"https:\/\/api.w.org\/{rel}","templated":true}]}}