{"id":254,"date":"2020-02-13T14:46:40","date_gmt":"2020-02-13T05:46:40","guid":{"rendered":"http:\/\/jlec-pr.jp\/?page_id=254"},"modified":"2023-06-29T11:37:38","modified_gmt":"2023-06-29T02:37:38","slug":"about","status":"publish","type":"page","link":"https:\/\/jlec-pr.jp\/pt\/about\/","title":{"rendered":"Acerca do Conselho de Promo\u00e7\u00e3o da Exporta\u00e7\u00e3o dos Produtos Pecu\u00e1rios do Jap\u00e3o"},"content":{"rendered":"<p><img loading=\"lazy\" decoding=\"async\" class=\"img-fluid mx-auto d-block\"style=\"margin-bottom: 15px;\" src=\"https:\/\/jlec-pr.jp\/wp-content\/uploads\/2020\/02\/pt_promote.jpg\" alt=\"All Japan\" width=\"700\" height=\"800\" \/><\/p>\n<h2>Atividades<\/h2>\n<div class=\"box-line2 clearfix\">\n<h5>\u00c1s empresas que necessitam de promover a exporta\u00e7\u00e3o de produtos pecu\u00e1rios nacionais, reunimos e providenciamos informa\u00e7\u00e3o relacionada com a exporta\u00e7\u00e3o de produtos pecu\u00e1rios, e promovemos a exporta\u00e7\u00e3o desses produtos.<\/h5>\n<\/div>\n<h2>Vis\u00e3o geral (temas) \u2013 Organiza\u00e7\u00e3o \u2013 No. Afiliados<\/h2>\n<h3><strong>Nossas atividades<\/strong><\/h3>\n<div class=\"box-line2\">\n<ol>\n<li>Investigamos como realizar estrat\u00e9gias unificadas de apoio aos produtos pecu\u00e1rios.<\/li>\n<li>Reunimos e providenciamos informa\u00e7\u00e3o dos mercados externos aos afiliados.<\/li>\n<li>Quaisquer outras atividades com rela\u00e7\u00e3o \u00e0 promo\u00e7\u00e3o de exporta\u00e7\u00f5es.<\/li>\n<\/ol>\n<\/div>\n<h3>Vis\u00e3o Geral<\/h3>\n<table class=\"ta-line\">\n<tbody>\n<tr>\n<th>Local<\/p>\n<p><\/th>\n<td>Secretaria do Conselho para a Promo\u00e7\u00e3o da Exporta\u00e7\u00e3o dos&nbsp; Produtos Pecu\u00e1rios do Jap\u00e3o<br \/>(dentro da Associa\u00e7\u00e3o da Industria Pecu\u00e1ria do Jap\u00e3o)<br \/>No.2 DNC bldg, 9F, 16-2, Sotokanda 2-chome, Chiyoda-ku, T\u00f3quio 101-0021<\/td>\n<\/tr>\n<tr>\n<th>TEL<\/th>\n<td>+81-3-5577-5004<\/td>\n<\/tr>\n<tr>\n<th>FAX<\/th>\n<td>+81-3-5289-0890<\/td>\n<\/tr>\n<tr>\n<th>Comit\u00e9s e Subcomit\u00e9s estabelecidos sob o Conselho<\/th>\n<td>\n<ul class=\"list-ico\">\n<li>Comit\u00ea de exporta\u00e7\u00e3o de carne bovina(Secretaria:&nbsp; Associa\u00e7\u00e3o da Industria Pecu\u00e1ria do Jap\u00e3o)<\/li>\n<li>Comit\u00ea de exporta\u00e7\u00e3o de carne su\u00edna(Secretaria: Associa\u00e7\u00e3o de suinicultores do Jap\u00e3o)<\/li>\n<li>Comit\u00ea de exporta\u00e7\u00e3o de carne de frango(Secretaria: Associa\u00e7\u00e3o de produtores de aves para abate do Jap\u00e3o<\/li>\n<li>Comit\u00ea de exporta\u00e7\u00e3o de ovos de galinha( Secretaria: Associa\u00e7\u00e3o de avicultura do Jap\u00e3o)<\/li>\n<li>Comit\u00ea de exporta\u00e7\u00e3o de leite e produtos l\u00e1cteos(Secretaria: Industria L\u00e1ctea do Jap\u00e3o)<\/li>\n<\/ul>\n<\/td>\n<\/tr>\n<\/tbody>\n<\/table>\n<h3>Afiliados<\/h3>\n<div class=\"box-line2\">\n<p><strong>ser afiliados os que est\u00e3o relacionados com a produ\u00e7\u00e3o, distribui\u00e7\u00e3o ou exporta\u00e7\u00e3o de produtos pecu\u00e1rios dentro do pa\u00eds.<\/strong><\/p>\n<\/div>\n<h3>Diagrama da organiza\u00e7\u00e3o<\/h3>\n<div class=\"box-line2\">\n<p style=\"text-align: center;\"><img loading=\"lazy\" decoding=\"async\" src=\"https:\/\/jlec-pr.jp\/wp-content\/uploads\/2020\/02\/summary-pt_diagram2020.png\" alt=\"Diagrama da organiza\u00e7\u00e3o\" width=\"700\" height=\"640\" \/><\/p>\n<\/div>\n","protected":false},"excerpt":{"rendered":"<p>Atividades \u00c1s empresas que necessitam de promover a exporta\u00e7\u00e3o de produtos pecu\u00e1rios nacionais, reunimos e providenciamos informa\u00e7\u00e3o relacionada com a exporta\u00e7\u00e3o de produtos pecu\u00e1rios, e promovemos a exporta\u00e7\u00e3o desses produtos. Vis\u00e3o geral (temas) \u2013 Organiza\u00e7\u00e3o \u2013 No. Afiliados Nossas atividades Investigamos como realizar estrat\u00e9gias unificadas de apoio aos produtos pecu\u00e1rios. Reunimos e providenciamos informa\u00e7\u00e3o dos [&hellip;]<\/p>\n","protected":false},"author":1,"featured_media":0,"parent":0,"menu_order":0,"comment_status":"closed","ping_status":"closed","template":"","meta":{"_acf_changed":false,"_locale":"pt_PT","_original_post":"76","footnotes":""},"class_list":["post-254","page","type-page","status-publish","hentry","pt-PT"],"acf":[],"_links":{"self":[{"href":"https:\/\/jlec-pr.jp\/wp-json\/wp\/v2\/pages\/254","targetHints":{"allow":["GET"]}}],"collection":[{"href":"https:\/\/jlec-pr.jp\/wp-json\/wp\/v2\/pages"}],"about":[{"href":"https:\/\/jlec-pr.jp\/wp-json\/wp\/v2\/types\/page"}],"author":[{"embeddable":true,"href":"https:\/\/jlec-pr.jp\/wp-json\/wp\/v2\/users\/1"}],"replies":[{"embeddable":true,"href":"https:\/\/jlec-pr.jp\/wp-json\/wp\/v2\/comments?post=254"}],"version-history":[{"count":8,"href":"https:\/\/jlec-pr.jp\/wp-json\/wp\/v2\/pages\/254\/revisions"}],"predecessor-version":[{"id":12883,"href":"https:\/\/jlec-pr.jp\/wp-json\/wp\/v2\/pages\/254\/revisions\/12883"}],"wp:attachment":[{"href":"https:\/\/jlec-pr.jp\/wp-json\/wp\/v2\/media?parent=254"}],"curies":[{"name":"wp","href":"https:\/\/api.w.org\/{rel}","templated":true}]}}