{"id":211,"date":"2020-02-11T22:08:09","date_gmt":"2020-02-11T13:08:09","guid":{"rendered":"http:\/\/jlec-pr.jp\/?page_id=211"},"modified":"2020-02-20T11:23:21","modified_gmt":"2020-02-20T02:23:21","slug":"beef-media","status":"publish","type":"page","link":"https:\/\/jlec-pr.jp\/pt\/beef\/beef-media\/","title":{"rendered":"Mat\u00e9rias sobre o Wagyu na m\u00eddia internacional"},"content":{"rendered":"<h2>Mat\u00e9rias sobre o Wagyu na m\u00eddia internacional<\/h2>\n<h3>Planet Food<\/h3>\n<p>O Planet Food do Travel Channel \u00e9 apresentado pela Pilot Productions no Reino Unido. No epis\u00f3dio &#8220;Planet Food: Jap\u00e3o&#8221;, a Merrilees Parker viaja para o Jap\u00e3o para aprender sobre a sua cultura alimentar \u00fanica. Fugindo da cidade, a Merrilees visita uma quinta que produz a carne Wagyu japonesa mais cara do mundo. As vacas s\u00e3o alimentadas com ma\u00e7\u00e3s e massajadas diariamente. Ela tamb\u00e9m experimenta o Sukiyaki, que \u00e9 um prato conhecido por ser uma das melhores formas de cozinhar a carne Wagyu.<\/p>\n<div style=\"position: relative; padding-bottom: 56.25%;\">\n  <iframe \n    style=\"position: absolute; top: 0; left: 0; width: 100%; height: 100%;\" \n    src=\"https:\/\/www.youtube.com\/embed\/XlHsoRTsmiI\" \n    frameborder=\"0\" \n    allow=\"autoplay; \n    encrypted-media\" \n    allowfullscreen><br \/>\n  <\/iframe>\n<\/div>\n<h3>Ruptly TV<\/h3>\n<p>A not\u00edcia \u00e9 produzida pela Ruptly, uma ag\u00eancia internacional de not\u00edcias que fornece em tempo real e arquiva conte\u00fados visuais de not\u00edcias para todos os meios de comunica\u00e7\u00e3o social, e est\u00e1 sediada em Berlim, Alemanha. O restaurante Goldhorn Beefclub, que serve alguns dos bifes mais caros da Alemanha, revelou alguns dos seus segredos \u00e0 Ruptly na sua loja e restaurante em Berlim.<\/p>\n<div style=\"position: relative; padding-bottom: 56.25%;\">\n  <iframe \n    style=\"position: absolute; top: 0; left: 0; width: 100%; height: 100%;\" \n    src=\"https:\/\/www.youtube.com\/embed\/Si7lyGkkwv4\" \n    frameborder=\"0\" \n    allow=\"autoplay; \n    encrypted-media\" \n    allowfullscreen><br \/>\n  <\/iframe>\n<\/div>\n<h3>France 3<\/h3>\n<p>A not\u00edcia foi avan\u00e7ada na Edi\u00e7\u00e3o Nacional da France 3 em Fran\u00e7a. O governo japon\u00eas autorizou a exporta\u00e7\u00e3o desta Wagyu japonesa especial para Fran\u00e7a. \u00c9 referido que foi vendida a 230 euros por quilograma. A Wagyu japonesa \u00e9 uma carne bovina tradicional e possui um sabor peculiar que as outras carnes n\u00e3o possuem.<\/p>\n<div style=\"position: relative; padding-bottom: 56.25%;\">\n  <iframe \n    style=\"position: absolute; top: 0; left: 0; width: 100%; height: 100%;\" \n    src=\"https:\/\/www.youtube.com\/embed\/5_ZREPWxiLc\" \n    frameborder=\"0\" \n    allow=\"autoplay; \n    encrypted-media\" \n    allowfullscreen><br \/>\n  <\/iframe>\n<\/div>\n<h3>Mustard TV<\/h3>\n<p>Apresenta a carne Wagyu servida no restaurante japon\u00eas Shiki em Norfolk, Reino Unido.<\/p>\n<div style=\"position: relative; padding-bottom: 56.25%;\">\n  <iframe \n    style=\"position: absolute; top: 0; left: 0; width: 100%; height: 100%;\" \n    src=\"https:\/\/www.youtube.com\/embed\/ZPBYEK5Fvjo\" \n    frameborder=\"0\" \n    allow=\"autoplay; \n    encrypted-media\" \n    allowfullscreen><br \/>\n  <\/iframe>\n<\/div>\n","protected":false},"excerpt":{"rendered":"<p>Mat\u00e9rias sobre o Wagyu na m\u00eddia internacional Planet Food O Planet Food do Travel Channel \u00e9 apresentado pela Pilot Productions no Reino Unido. No epis\u00f3dio &#8220;Planet Food: Jap\u00e3o&#8221;, a Merrilees Parker viaja para o Jap\u00e3o para aprender sobre a sua cultura alimentar \u00fanica. Fugindo da cidade, a Merrilees visita uma quinta que produz a carne [&hellip;]<\/p>\n","protected":false},"author":1,"featured_media":0,"parent":226,"menu_order":0,"comment_status":"closed","ping_status":"closed","template":"page-template\/beef-pb-template.php","meta":{"_acf_changed":false,"_locale":"pt_PT","_original_post":"200","footnotes":""},"class_list":["post-211","page","type-page","status-publish","hentry","pt-PT"],"acf":[],"_links":{"self":[{"href":"https:\/\/jlec-pr.jp\/wp-json\/wp\/v2\/pages\/211","targetHints":{"allow":["GET"]}}],"collection":[{"href":"https:\/\/jlec-pr.jp\/wp-json\/wp\/v2\/pages"}],"about":[{"href":"https:\/\/jlec-pr.jp\/wp-json\/wp\/v2\/types\/page"}],"author":[{"embeddable":true,"href":"https:\/\/jlec-pr.jp\/wp-json\/wp\/v2\/users\/1"}],"replies":[{"embeddable":true,"href":"https:\/\/jlec-pr.jp\/wp-json\/wp\/v2\/comments?post=211"}],"version-history":[{"count":6,"href":"https:\/\/jlec-pr.jp\/wp-json\/wp\/v2\/pages\/211\/revisions"}],"predecessor-version":[{"id":5083,"href":"https:\/\/jlec-pr.jp\/wp-json\/wp\/v2\/pages\/211\/revisions\/5083"}],"up":[{"embeddable":true,"href":"https:\/\/jlec-pr.jp\/wp-json\/wp\/v2\/pages\/226"}],"wp:attachment":[{"href":"https:\/\/jlec-pr.jp\/wp-json\/wp\/v2\/media?parent=211"}],"curies":[{"name":"wp","href":"https:\/\/api.w.org\/{rel}","templated":true}]}}