{"id":192,"date":"2020-02-14T11:52:18","date_gmt":"2020-02-14T02:52:18","guid":{"rendered":"http:\/\/jlec-pr.jp\/?page_id=192"},"modified":"2020-02-26T10:33:45","modified_gmt":"2020-02-26T01:33:45","slug":"beef-logomark","status":"publish","type":"page","link":"https:\/\/jlec-pr.jp\/pt\/beef\/beef-logomark\/","title":{"rendered":"Marca Universal Wagyu"},"content":{"rendered":"<h2>Marca Universal Wagyu<\/h2>\n<p class=\"thumbs_left\"><img decoding=\"async\" style=\"display: block; margin-left: auto; margin-right: auto; border: 2px solid #cccccc; padding: 20px;\" src=\"https:\/\/jlec-pr.jp\/wp-content\/uploads\/2020\/02\/beef-logo02.gif\" alt=\"Unified Wagyu logo\" width=\"300\"\/><\/p>\n<h3>Prova de autenticidade: &#8220;Marca Universal Wagyu&#8221;<\/h3>\n<p>O \u201cLogotipo Unificado do Wagyu\u201d foi promulgado em 2007 para transmitir a informa\u00e7\u00e3o correta ao mercado global.<br \/>O logotipo prova a autenticidade da carne do Wagyu e esperamos que as pessoas do mundo inteiro possam reconhecer o verdadeiro sabor do Wagyu.<br \/>O logotipo unificado do Wagyu \u00e9 essa prova.<\/p>\n<div class=\"clearfix\"><\/div>\n<h3 class=\"tit-tab\">Ra\u00e7a<\/h3>\n<h4>1.Japon\u00eas de P\u00ealo Preto (Todo o pa\u00eds)<\/h4>\n<table class=\"ta-line\">\n<tbody>\n<tr>\n<th style=\"width: 25%;\"><strong>Peso da f\u00eamea adulta<\/strong><\/th>\n<td style=\"width: 75%;\">Aprox.755kg<\/td>\n<\/tr>\n<tr>\n<th>Cor do p\u00ealo<\/th>\n<td>Preto acastanhado<\/td>\n<\/tr>\n<tr>\n<th>Carater\u00edsticas<\/th>\n<td>\n<ul class=\"list-ico\">\n<li>Tem elevada capacidade para produzir carne marmoreada.<\/li>\n<li>Das 4 ra\u00e7as de wagyu \u00e9 a que tem corpo mais pequeno.<\/li>\n<li>Representa 95% da popula\u00e7\u00e3o total do Wagyu.<\/li>\n<li>Por isso, muitas vezes tende a significar que o Wagyu tem p\u00ealo preto.<\/li>\n<li>As marcas superiores de carne Wagyu tais como Matsuzaka, Yonezawa, Hida s\u00e3o de p\u00ealo preto.<\/li>\n<\/ul>\n<\/td>\n<\/tr>\n<\/tbody>\n<\/table>\n<h4>2.Japon\u00eas de P\u00ealo Castanho (Prov\u00edncia de Kumamoto, Prov\u00edncia de Kochi)<\/h4>\n<table class=\"ta-line\">\n<tbody>\n<tr>\n<th style=\"width: 25%;\"><strong><strong>Peso da f\u00eamea adulta<\/strong><\/strong><\/th>\n<td style=\"width: 75%;\">Aprox.750kg<\/td>\n<\/tr>\n<tr>\n<th>Cor do p\u00ealo<\/th>\n<td>Castanho claro<\/td>\n<\/tr>\n<tr>\n<th>Carater\u00edsticas<\/th>\n<td>\n<ul class=\"list-ico\">\n<li>Crescimento r\u00e1pido.<\/li>\n<li>Tem pontos positivos como ser af\u00e1vel, robusta e tolera temperaturas<br \/>elevadas e tem boa toler\u00e2ncia \u00e0 ra\u00e7\u00e3o com forragem.<\/li>\n<\/ul>\n<\/td>\n<\/tr>\n<\/tbody>\n<\/table>\n<h4>3.Japon\u00eas de chifres curtos&nbsp; (Prov\u00edncias de Iwate, Aomori e Hokkaido)<\/h4>\n<table class=\"ta-line\">\n<tbody>\n<tr>\n<th style=\"width: 25%;\"><strong><strong><strong>Peso da f\u00eamea adulta<\/strong><\/strong><\/strong><\/th>\n<td style=\"width: 75%;\">Aprox.745kg<\/td>\n<\/tr>\n<tr>\n<th>Cor do p\u00ealo<\/th>\n<td>Castanho avermelhado<\/td>\n<\/tr>\n<tr>\n<th>Carater\u00edsticas<\/th>\n<td>\n<ul class=\"list-ico\">\n<li>Tem boa toler\u00e2ncia \u00e0 ra\u00e7\u00e3o com forragem., adaptada ao clima <br \/>do norte do Jap\u00e3o.<\/li>\n<li>Excelente para pastagem.<\/li>\n<\/ul>\n<\/td>\n<\/tr>\n<\/tbody>\n<\/table>\n<h4>4.Japon\u00eas sem chifres&nbsp; (Prov\u00edncia de Yamaguchi)<\/h4>\n<table class=\"ta-line\">\n<tbody>\n<tr>\n<th>Cor do p\u00ealo<\/th>\n<td style=\"width: 75%;\">Preto escuro<\/td>\n<\/tr>\n<tr>\n<th>Carater\u00edsticas<\/th>\n<td>\n<ul class=\"list-ico\">\n<li>Sem chifres<\/li>\n<li>Comparativamente, esta ra\u00e7a tem sido melhorada mais cedo para<br \/>carne de bife mas atualmente o n\u00famero de animais \u00e9 reduzido.<\/li>\n<\/ul>\n<\/td>\n<\/tr>\n<\/tbody>\n<\/table>\n<h4>5.Ra\u00e7as cruzadas entre as quatro acima indicadas<\/h4>\n<h4>6.O cruzamento de ra\u00e7as tem de ser realizado entre as esp\u00e9cies mencionadas nos No.1 a 5, e deve ser aprovado pelo Sistema de registro administrado sob o Ato sobre Melhoria e Aumento de Produ\u00e7\u00e3o de Gado. Mais ainda, o gado tem de ser confirmado pelo sistema de rastreabilidade de gado.<\/h4>\n<h3 class=\"tit-tab\">Condi\u00e7\u00f5es requeridas de cria\u00e7\u00e3o<\/h3>\n<div class=\"box-line2 bold-font\">\n<ol>\n<li>A ra\u00e7a cruzada tem de ter nascido e ter sido criada no Jap\u00e3o.<\/li>\n<li>Mais ainda, que possa ser verificada pelo Sistema de Rastreabilidade de Gado.<\/li>\n<\/ol>\n<\/div>\n","protected":false},"excerpt":{"rendered":"<p>Marca Universal Wagyu Prova de autenticidade: &#8220;Marca Universal Wagyu&#8221; O \u201cLogotipo Unificado do Wagyu\u201d foi promulgado em 2007 para transmitir a informa\u00e7\u00e3o correta ao mercado global.O logotipo prova a autenticidade da carne do Wagyu e esperamos que as pessoas do mundo inteiro possam reconhecer o verdadeiro sabor do Wagyu.O logotipo unificado do Wagyu \u00e9 essa [&hellip;]<\/p>\n","protected":false},"author":1,"featured_media":0,"parent":226,"menu_order":0,"comment_status":"closed","ping_status":"closed","template":"page-template\/beef-pb-template.php","meta":{"_acf_changed":false,"_locale":"pt_PT","_original_post":"152","footnotes":""},"class_list":["post-192","page","type-page","status-publish","hentry","pt-PT"],"acf":[],"_links":{"self":[{"href":"https:\/\/jlec-pr.jp\/wp-json\/wp\/v2\/pages\/192","targetHints":{"allow":["GET"]}}],"collection":[{"href":"https:\/\/jlec-pr.jp\/wp-json\/wp\/v2\/pages"}],"about":[{"href":"https:\/\/jlec-pr.jp\/wp-json\/wp\/v2\/types\/page"}],"author":[{"embeddable":true,"href":"https:\/\/jlec-pr.jp\/wp-json\/wp\/v2\/users\/1"}],"replies":[{"embeddable":true,"href":"https:\/\/jlec-pr.jp\/wp-json\/wp\/v2\/comments?post=192"}],"version-history":[{"count":9,"href":"https:\/\/jlec-pr.jp\/wp-json\/wp\/v2\/pages\/192\/revisions"}],"predecessor-version":[{"id":8400,"href":"https:\/\/jlec-pr.jp\/wp-json\/wp\/v2\/pages\/192\/revisions\/8400"}],"up":[{"embeddable":true,"href":"https:\/\/jlec-pr.jp\/wp-json\/wp\/v2\/pages\/226"}],"wp:attachment":[{"href":"https:\/\/jlec-pr.jp\/wp-json\/wp\/v2\/media?parent=192"}],"curies":[{"name":"wp","href":"https:\/\/api.w.org\/{rel}","templated":true}]}}