{"id":437,"date":"2020-02-07T15:08:11","date_gmt":"2020-02-07T06:08:11","guid":{"rendered":"http:\/\/jlec-pr.jp\/?page_id=437"},"modified":"2020-02-28T06:36:24","modified_gmt":"2020-02-27T21:36:24","slug":"pork-tokutyou","status":"publish","type":"page","link":"https:\/\/jlec-pr.jp\/nl\/pork\/pork-tokutyou\/","title":{"rendered":"Kenmerken van Japans Varkensvlees"},"content":{"rendered":"<h2>Kenmerken van Japans Varkensvlees<\/h2>\n<div class=\"row\">\n<div class=\"col-12 col-md-5\"><img decoding=\"async\" class=\"img-fluid mx-auto d-block img-rd-lg mg-md\" src=\"https:\/\/jlec-pr.jp\/wp-content\/uploads\/2020\/01\/pork-02.jpg\" alt=\"about 01\" \/><\/div>\n<div class=\"col\">\n<h3>Het geheim van de Heerlijke Smaak<\/h3>\n<p class=\"mb-35\">De laatste tijd is Japans eten populair geworden over de hele wereld.<br \/>\nHet woord heeft zich verspreid: de vele mensen die Japan persoonlijk bezocht hebben voor zaken of toerisme hebben Japan&#8217;s eten en ingredi\u00ebnten geproefd en hun gedachten hierover kenbaar gemaakt aan anderen in gesprekken of via het internet.<br \/>\nJapans eten staat vooral bekend als lekker en gezond. Japans eten is zeker voedzaam, en we willen nu de Japanse ingredi\u00ebnten die daarvoor verantwoordelijk zijn in de schijnwerpers zetten.<br \/>\nJapans varkensvlees is zo&#8217;n ingredi\u00ebnt van hoogwaardige kwaliteit en smaak waar Japan trots op mag zijn. De malse smaak en textuur is \u00e9\u00e9n van de redenen dat Japans eten zo heerlijk is.<br \/>\nJapanse varkens zijn speciaal, ze verschillen per regio omdat varkensvlees producenten zeer deskundig zijn met voedingssoorten, rassen en regionale specialismen. Proef en geniet van de verscheidenheid aan smaken van Japans varkensvlees.<\/p>\n<h3>Ons streven naar Heerlijk en Gezond Varkensvlees<\/h3>\n<h4>Het gaat uiteindelijk om de smaak van het vet.<\/h4>\n<p class=\"mb-35\">Om de goede smaak van varkensvlees vast te stellen kijken we vaak naar kwaliteiten als malsheid een een zachte smaak.<br \/>\nMet Japans varkensvlees echter kijken we ook naar de smaak van het vet, hoe het vlees in je mond smelt en andere factoren: we willen het vlees constant verbeteren en we streven altijd naar een geweldige smaak die de verwachtingen overstijgt.<br \/>\nHet onovertroffen Japanse varkensvlees bevat een bescheiden hoeveelheid vet vlees: het is robuust vlees met een elastische doch delicate textuur die zijn malsheid goed behoudt.<\/p>\n<h4>Verbetering van de kwaliteit van varkensvlees door uniek voer<\/h4>\n<p class=\"mb-35\">\nDoorgaans zijn de hoofdbestanddelen van varkensvoer ma\u00efs en soja.<br \/>\nRecentelijk is er rijst gemodificeerd tot rijst die geschikt is als varkensvoer: voedsel dat eerder weggegooid zou zijn wordt nu hergebruikt als biologisch eco-voer, waardevol om zijn overvloedige voedzaamheid.<br \/>\nKwaliteitscontrole gebaseerd op HACCP (risico-inventarisatie voor voedingsmiddelen) wordt toegepast op verwerkingslocaties, en de resultaten van\u00a0diverse types inspecties worden opgeslagen.<\/p>\n<p>Tijdens het verwerken van de karkassen wordt een klein mes gebruikt om botten, kraakbeen, pezen etc. te verwijderen.<\/p>\n<\/div>\n<\/div>\n<div class=\"row voffset\">\n<div class=\"align-self-center col-12 col-md-7\">\n<h3>De zoektocht naar de unieke smaak<\/h3>\n<h4>Japan&#8217;s unieke varkensvlees soorten<\/h4>\n<p class=\"mg-md\">Recentelijk zijn er meer soorten varkensvlees op de markt gekomen, er zijn nu ongeveer 400 soorten afkomstig uit verschillende regio&#8217;s waar unieke varkenssoorten op afzonderlijke boerderijen gefokt worden.<br \/>\nDeze soorten varkens hebben unieke karakteristieken als het gaat om kleur, aroma en vleeskwaliteit.<br \/>\nIn Japan zijn het niet alleen professionele koks die de soorten die ze willen gebruiken uitkiezen, ook thuiskoks zijn deskundigen als het gaat om het kiezen van de soort die het beste past bij het gerecht dat ze willen maken.<br \/>\nVerheug u op het genieten van alle unieke smaken die Japans varkensvlees u te bieden heeft!<\/p>\n<h4>Traceerbaarheid en op HACCP gebaseerde Kwaliteitscontrole<\/h4>\n<p class=\"mb-35\">Sinds consumenten in Japan een betere voedselveiligheid zijn gaan verlangen is Japan strengere kwaliteitscontroles gaan uitvoeren.<br \/>\nBoerderijen en locaties waar vlees verwerkt wordt hebben diverse maatregelen voor kwaliteitscontrole getroffen, zoals HACCP (risico-inventarisatie voor voedingsmiddelen).<br \/>\nVoor Japans varkensvlees zijn daarnaast ook nog maatregelen getroffen om het vlees traceerbaar te maken, waardoor gezien kan worden wanneer het vlees is geproduceerd, en waar het verwerkt en verzonden is voor consumptie.<br \/>\nDankzij de eisen van de consumenten hebben we gezocht en een verscheidenheid aan kruisingsverbeteringen geprobeerd.<br \/>\nNaast een goede kwaliteit willen moderne consumenten ook unieke regionale varkensvlees smaken, en zullen ze het perfecte type vlees uitkiezen dat past bij het gerecht dat ze willen maken.<br \/>\nHierdoor wordt er veel moeite gedaan door productie locaties om de kwaliteit van Japans varkensvlees te verhogen.<\/p>\n<\/div>\n<div class=\"col\"><img decoding=\"async\" class=\"img-fluid mx-auto d-block img-rd-lg mg-lg\" src=\"https:\/\/jlec-pr.jp\/wp-content\/uploads\/2020\/01\/pork-03.jpg\" alt=\"about 02\" \/><\/div>\n<\/div>\n<div class=\"row\">\n<div class=\"col-12 col-md-5\"><img decoding=\"async\" class=\"img-fluid mx-auto d-block img-rd-lg mg-md\" src=\"https:\/\/jlec-pr.jp\/wp-content\/uploads\/2020\/01\/pork-04.jpg\" alt=\"about 01\" \/><\/div>\n<div class=\"col\">\n<h3>De gastvrijheid van het land waar Japans eten vandaan komt<\/h3>\n<p class=\"mb-35\">Het maakt niet uit welk stuk Japans varkensvlees u kiest, u kunt altijd van een heerlijke smaak genieten zonder onprettige geuren.<br \/>\nSpecifieke soorten varkensvlees passen goed bij bepaalde gerechten zoals tonkatsu, shabu shabu etc.<br \/>\nKenmerken zoals malsheid en zoetheid komen op een andere manier naar voren afhankelijk van de manier van koken die gebruikt wordt.<br \/>\nMisschien is het leuk om te zoeken naar een Japanse soort varkensvlees die precies past bij een gerecht uit uw eigen land!<\/p>\n<\/div>\n<\/div>\n","protected":false},"excerpt":{"rendered":"<p>Kenmerken van Japans Varkensvlees Het geheim van de Heerlijke Smaak De laatste tijd is Japans eten populair geworden over de hele wereld. Het woord heeft zich verspreid: de vele mensen die Japan persoonlijk bezocht hebben voor zaken of toerisme hebben Japan&#8217;s eten en ingredi\u00ebnten geproefd en hun gedachten hierover kenbaar gemaakt aan anderen in gesprekken [&hellip;]<\/p>\n","protected":false},"author":1,"featured_media":0,"parent":423,"menu_order":0,"comment_status":"closed","ping_status":"closed","template":"page-template\/pork-dh-template.php","meta":{"_acf_changed":false,"_locale":"nl_NL","_original_post":"70","footnotes":""},"class_list":["post-437","page","type-page","status-publish","hentry","nl-NL"],"acf":[],"_links":{"self":[{"href":"https:\/\/jlec-pr.jp\/wp-json\/wp\/v2\/pages\/437","targetHints":{"allow":["GET"]}}],"collection":[{"href":"https:\/\/jlec-pr.jp\/wp-json\/wp\/v2\/pages"}],"about":[{"href":"https:\/\/jlec-pr.jp\/wp-json\/wp\/v2\/types\/page"}],"author":[{"embeddable":true,"href":"https:\/\/jlec-pr.jp\/wp-json\/wp\/v2\/users\/1"}],"replies":[{"embeddable":true,"href":"https:\/\/jlec-pr.jp\/wp-json\/wp\/v2\/comments?post=437"}],"version-history":[{"count":6,"href":"https:\/\/jlec-pr.jp\/wp-json\/wp\/v2\/pages\/437\/revisions"}],"predecessor-version":[{"id":8787,"href":"https:\/\/jlec-pr.jp\/wp-json\/wp\/v2\/pages\/437\/revisions\/8787"}],"up":[{"embeddable":true,"href":"https:\/\/jlec-pr.jp\/wp-json\/wp\/v2\/pages\/423"}],"wp:attachment":[{"href":"https:\/\/jlec-pr.jp\/wp-json\/wp\/v2\/media?parent=437"}],"curies":[{"name":"wp","href":"https:\/\/api.w.org\/{rel}","templated":true}]}}