{"id":195,"date":"2020-02-17T17:06:50","date_gmt":"2020-02-17T08:06:50","guid":{"rendered":"http:\/\/jlec-pr.jp\/?page_id=195"},"modified":"2020-02-26T10:32:44","modified_gmt":"2020-02-26T01:32:44","slug":"beef-logomark","status":"publish","type":"page","link":"https:\/\/jlec-pr.jp\/nl\/beef\/beef-logomark\/","title":{"rendered":"Universeel Wagyu-merk"},"content":{"rendered":"<h2>Universeel Wagyu-merk<\/h2>\n<p class=\"thumbs_left\"><img decoding=\"async\" style=\"display: block; margin-left: auto; margin-right: auto; border: 2px solid #cccccc; padding: 20px;\" src=\"https:\/\/jlec-pr.jp\/wp-content\/uploads\/2020\/02\/beef-logo02.gif\" alt=\"Unified Wagyu logo\" width=\"300\" \/><\/p>\n<h3>Bewijs van echtheid: &#8220;Universeel Wagyu-merk&#8221;<\/h3>\n<p>In 2007 is \u00e9\u00e9n logo voor Wagyu Japans rundvlees ge\u00efntroduceerd om zo de wereldwijde markt van de juiste informatie te voorzien.<br \/>\nHet logo bewijst de echtheid van het Wagyu rundvlees, en we hopen dat mensen wereldwijd de beste smaak en kwaliteit van het Wagyu vlees zullen herkennen.<\/p>\n<div class=\"clearfix\"><\/div>\n<h3 class=\"tit-tab\">Rassen<\/h3>\n<h4>1.Japans Zwart (door het hele land)<\/h4>\n<table class=\"ta-line\">\n<tbody>\n<tr>\n<th style=\"width: 25%;\"><strong>Gewicht volwassen koe<\/strong><\/th>\n<td style=\"width: 75%;\">Ongeveer 755 kilogram<\/td>\n<\/tr>\n<tr>\n<th>Kleur<\/th>\n<td>Zwart met een ietwat bruine glans<\/td>\n<\/tr>\n<tr>\n<th>Kenmerken<\/th>\n<td>\n<ul class=\"list-ico\">\n<li>Is zeer geschikt voor het produceren van geaderd vlees<\/li>\n<li>Heeft de kleinste lichaamsstructuur onder de Wagyu rassen<\/li>\n<li>Beslaat\u00a095% van de totale Wagyu populatie<\/li>\n<li>Met &#8216;Wagyu&#8217; wordt dus vaak het Japans Zwarte ras bedoeld<\/li>\n<li>Superieure Wagyu rundvlees merken als Matsusaka, Yonezawa, Hida etc.\u00a0zijn grotendeels van het Japans Zwarte ras.<\/li>\n<\/ul>\n<\/td>\n<\/tr>\n<\/tbody>\n<\/table>\n<h4>2.Japans Bruin (Kumamoto Prefectuur, Kochi Prefectuur)<\/h4>\n<table class=\"ta-line\">\n<tbody>\n<tr>\n<th style=\"width: 25%;\"><strong>Gewicht volwassen koe<\/strong><\/th>\n<td style=\"width: 75%;\">Ongeveer 750 kilogram<\/td>\n<\/tr>\n<tr>\n<th>Kleur<\/th>\n<td>Licht bruin<\/td>\n<\/tr>\n<tr>\n<th>Kenmerken<\/th>\n<td>\n<ul class=\"list-ico\">\n<li>Groeit sneller.<\/li>\n<li>Heeft een tam karakter, robuust en kan goed tegen warmte.<br \/>\nVoederconversie ruwvoer is gunstig.<\/li>\n<\/ul>\n<\/td>\n<\/tr>\n<\/tbody>\n<\/table>\n<h4>3.Japanse Korthoorn (Iwate Prefectuur, Aomori Prefectuur en Hokkaido)<\/h4>\n<table class=\"ta-line\">\n<tbody>\n<tr>\n<th style=\"width: 25%;\"><strong>Gewicht volwassen koe<\/strong><\/th>\n<td style=\"width: 75%;\">Ongeveer 745 kilogram<\/td>\n<\/tr>\n<tr>\n<th>Kleur<\/th>\n<td>Rood-bruin<\/td>\n<\/tr>\n<tr>\n<th>Kenmerken<\/th>\n<td>\n<ul class=\"list-ico\">\n<li>Voederconversie ruwvoer is gunstig, is goed aangepast aan het klimaat in het noorden van Japan. Is geschikt voor uitloop op het weiland.<\/li>\n<\/ul>\n<\/td>\n<\/tr>\n<\/tbody>\n<\/table>\n<h4>4.Japans Polled (Hoornloos) (Yamaguchi Prefectuur)<\/h4>\n<table class=\"ta-line\">\n<tbody>\n<tr>\n<th>Kleur<\/th>\n<td style=\"width: 75%;\">Donker zwart<\/td>\n<\/tr>\n<tr>\n<th>Kenmerken<\/th>\n<td>\n<ul class=\"list-ico\">\n<li>Heeft geen hoorns<\/li>\n<li>Dit ras is relatief vroeg verbeterd t.b.v. de productie van rundvlees, maar er zijn vrij weinig dieren.<\/li>\n<\/ul>\n<\/td>\n<\/tr>\n<\/tbody>\n<\/table>\n<h4>5. Kruising voortgekomen uit de 4 bovengenoemde rassen<\/h4>\n<h4>6.De kruising moet zijn voortgekomen uit het kruisen van dieren die uit de bovengenoemde nummer 5 en nummer 1 tot en met 4 rassen komen. De kruising moet goedgekeurd zijn door het registratie systeem toegepast onder de Wet van Verbetering en Toegenomen Productie van Vee. Daarnaast moet de kruising geverifieerd zijn door het Rundvee Traceerbaarheid Systeem.<\/h4>\n<h3 class=\"tit-tab\">Noodzakelijke voorwaarden<\/h3>\n<div class=\"box-line2 bold-font\">\n<ol>\n<li>De kruising moet geboren en grootgebracht zijn in Japan.<\/li>\n<li>Bovendien moeten bovenstaande voorwaarden geverifieerd kunnen worden in het Rundvee Traceerbaarheid Systeem.<\/li>\n<\/ol>\n<\/div>\n","protected":false},"excerpt":{"rendered":"<p>Universeel Wagyu-merk Bewijs van echtheid: &#8220;Universeel Wagyu-merk&#8221; In 2007 is \u00e9\u00e9n logo voor Wagyu Japans rundvlees ge\u00efntroduceerd om zo de wereldwijde markt van de juiste informatie te voorzien. Het logo bewijst de echtheid van het Wagyu rundvlees, en we hopen dat mensen wereldwijd de beste smaak en kwaliteit van het Wagyu vlees zullen herkennen. Rassen [&hellip;]<\/p>\n","protected":false},"author":1,"featured_media":0,"parent":225,"menu_order":0,"comment_status":"closed","ping_status":"closed","template":"page-template\/beef-dh-template.php","meta":{"_acf_changed":false,"_locale":"nl_NL","_original_post":"152","footnotes":""},"class_list":["post-195","page","type-page","status-publish","hentry","nl-NL"],"acf":[],"_links":{"self":[{"href":"https:\/\/jlec-pr.jp\/wp-json\/wp\/v2\/pages\/195","targetHints":{"allow":["GET"]}}],"collection":[{"href":"https:\/\/jlec-pr.jp\/wp-json\/wp\/v2\/pages"}],"about":[{"href":"https:\/\/jlec-pr.jp\/wp-json\/wp\/v2\/types\/page"}],"author":[{"embeddable":true,"href":"https:\/\/jlec-pr.jp\/wp-json\/wp\/v2\/users\/1"}],"replies":[{"embeddable":true,"href":"https:\/\/jlec-pr.jp\/wp-json\/wp\/v2\/comments?post=195"}],"version-history":[{"count":9,"href":"https:\/\/jlec-pr.jp\/wp-json\/wp\/v2\/pages\/195\/revisions"}],"predecessor-version":[{"id":8398,"href":"https:\/\/jlec-pr.jp\/wp-json\/wp\/v2\/pages\/195\/revisions\/8398"}],"up":[{"embeddable":true,"href":"https:\/\/jlec-pr.jp\/wp-json\/wp\/v2\/pages\/225"}],"wp:attachment":[{"href":"https:\/\/jlec-pr.jp\/wp-json\/wp\/v2\/media?parent=195"}],"curies":[{"name":"wp","href":"https:\/\/api.w.org\/{rel}","templated":true}]}}