{"id":534,"date":"2020-02-07T14:46:41","date_gmt":"2020-02-07T05:46:41","guid":{"rendered":"http:\/\/jlec-pr.jp\/?page_id=534"},"modified":"2020-02-28T03:29:03","modified_gmt":"2020-02-27T18:29:03","slug":"chicken-tokutyou","status":"publish","type":"page","link":"https:\/\/jlec-pr.jp\/it\/chicken\/chicken-tokutyou\/","title":{"rendered":"Caratteristiche della carne avicola"},"content":{"rendered":"<h2>Caratteristiche della carne avicola<\/h2>\n<div class=\"row\">\n<div class=\"col-12 col-md-5\">\n<img decoding=\"async\" src=\"https:\/\/jlec-pr.jp\/wp-content\/uploads\/2020\/02\/chicken-01.jpg\" class=\"img-fluid mx-auto d-block img-rd-lg mg-md\" alt=\"about 01\" \/>\n<\/div>\n<div class=\"col\">\n<h3>\nCarne di pollo: ingrediente base di una cucina salutare.<br \/>\n<\/h3>\n<p class=\"mb-35\">\nI tipi di pollo giapponese sono innumerevoli. Il pollo ruspante, di origine controllata e il broiler (pollo comune) hanno tutti carattertiche, gusto e consistenza diversa, adattandosi cos\u00ec a qualsiasi tipo di cucina. Il pollo \u00e8 un ingrediente fondamentale della cucina giapponese.<\/p>\n<p>Tra le caratteristiche che rendono il pollo salutare possiamo evidenziare le seguenti quattro:<\/p>\n<ol>\n<li>Contiene molti aminoacidi, fondamentali per la salute ma impossibili da sintetizzare per il corpo umano.<\/li>\n<li>Ricco di vitamina A, fornisce l\u2019apporto vitaminico necessario per mantenere sane le mucose<\/li>\n<li>\u00c8 ricco di proteine e povero di grassi<\/li>\n<li>Contiene dipeptide imidazole (anserine-carnosina), fondamentale per recuperare le forze, espellere l\u2019ossigeno attivo e potente antiossidante.<\/li>\n<\/ol>\n<h3>\nAlla ricerca del gusto e della sicurezza<br \/>\n<\/h3>\n<p class=\"mb-35\">\nIl pollo giapponese viene allevato in ambienti puliti e favorevoli alla crescita dell\u2019animale. La legge prevede un controllo minuzioso del mangime e delle medicine utilizzate durante  l\u2019allevamento.<\/p>\n<p>La legge prevede inoltre un attento controllo in 3 fasi durante la lavorazione e solo i polli che hanno superato le ispezioni possono essere messi sul mercato. Anche il severo controllo sulla sicurezza della carne come prodotto alimentare \u00e8 obbligatorio per legge.<\/p>\n<p>Il pollo ruspante giapponese \u00e8 esclusivamente nostrano e viene considerato tale solo se cresciuto per un lungo periodo sotto particolari condizioni ed \u00e8 caratterizzato dal suo gusto, dalla sua ricchezza e dalla particolare consistenza. Il pollo di origine controllata ha un gusto morbido, un\u2019ottima fragranza ed \u00e8 caratterizzato dal sapore delle terre in cui viene allevato. Il broiler \u00e8 caratterizzato dalla sua morbidezza. Le varianti di pollo sono innumerevoli e rendono la sua carne un ingrediente adatto a qualsiasi tipo di cucina.<\/p>\n<p>Pollo Giapponese: Sano e Buono. Siete invitati ad assaggiarlo.<\/p>\n<\/div>\n<\/div>\n<div class=\"row voffset-md\">\n<div class=\"align-self-center col-12 col-md-7\">\n<h3>\nInconfondibile Pollo Giapponese.<br \/>\n<\/h3>\n<p class=\"mb-35\">\nIntrodotto pi\u00f9 di 100 anni fa e adattatosi al territorio, il pollo giapponese \u00e8 disponibile in 38 variet\u00e0.<\/p>\n<p>Il pollo ruspante eredita il 50% del suo dna da una di queste 38 variet\u00e0, viene allevato all\u2019aperto fin da 28 giorni dalla nascita. Secondo le regole JAS (Standard Agricolo Giapponese) deve essere allevato pi\u00f9 di 75 giorni in una concentrazione non pi\u00f9 alta di 10 polli al metro quadro.<\/p>\n<p>Esistono pi\u00f9 di 60 variet\u00e0 di pollo che aderiscono a questi standard in tutto il territorio giapponese, ognuno con le sue particolarit\u00e0 e i suoi tratti salienti.<\/p>\n<p>Riconoscere le caratteristiche di ogni tipo di pollo permette di gustare le differenze di consistenza della carne.\n<\/p>\n<h4>\nPrincipali Polli Ruspanti Giapponesi<br \/>\n<\/h4>\n<div class=\"row\">\n<div class=\"col\">\n<img decoding=\"async\" src=\"https:\/\/jlec-pr.jp\/wp-content\/uploads\/2020\/02\/pic03.jpg\" class=\"img-fluid mx-auto d-block\" alt=\"pic03\" \/><\/p>\n<p class=\"mb-35 text-lg-center\">\nPollo Ruspante di Hiuchi\n<\/p>\n<\/div>\n<div class=\"col\">\n<img decoding=\"async\" src=\"https:\/\/jlec-pr.jp\/wp-content\/uploads\/2020\/02\/pic04.jpg\" class=\"img-fluid mx-auto d-block\" alt=\"pic04\" \/><\/p>\n<p class=\"mb-35 text-lg-center\">\nNagoya Cochin\n<\/p>\n<\/div>\n<div class=\"col\">\n<img decoding=\"async\" src=\"https:\/\/jlec-pr.jp\/wp-content\/uploads\/2020\/02\/pic05.jpg\" class=\"img-fluid mx-auto d-block\" alt=\"pic05\" \/><\/p>\n<p class=\"mb-35 text-lg-center\">\nPollo Ruspante di Satsuma\n<\/p>\n<\/div>\n<\/div>\n<\/div>\n<div class=\"col d-sm-block d-none\">\n<img decoding=\"async\" src=\"https:\/\/jlec-pr.jp\/wp-content\/uploads\/2020\/02\/chicken-02.jpg\" class=\"img-fluid mx-auto img-rd-lg mg-lg d-md-block  d-none\" alt=\"about 02\" \/>\n<\/div>\n<\/div>\n<div class=\"row voffset-md\">\n<div class=\"col d-block\">\n<h3>\nIl delizioso Pollo Ruspante giapponese<br \/>\n<\/h3>\n<p class=\"mb-35\">\nIl cibo tradizionale giapponese \u00e8 stato dichiarato Patrimonio Culturale Immateriale dall\u2019UNESCO. La cucina giapponese \u00e8 caratterizzata dal gusto raffinato e dal suo apporto nutrizionale e sta conoscendo un vero e proprio boom, essendo considerata estremamente salutare dai consumatori di tutto il mondo.<\/p>\n<p>Il pollo ruspante, come le altri varianti, sono un elemento fondamentale della cucina giapponese.\n<\/p>\n<div class=\"row\">\n<div class=\"col-lg-4 col-md-6\">\n<img decoding=\"async\" src=\"https:\/\/jlec-pr.jp\/wp-content\/uploads\/2020\/02\/pic06.jpg\" class=\"img-fluid mx-auto d-block\" alt=\"pic06\" \/><\/p>\n<h4>\nPollo bollito<\/h4>\n<p class=\"mb-35\">\nEstremamente popolare nella stagione autunnale ed invernale, \u00e8 sempre presente sulle tavole dei giapponesi. Il pollo non disossato, bollito in un brodo di alga Kombu \u00e8 uno dei piatti rappresentativi della cucina in casseruola giapponese.\n<\/p>\n<\/div>\n<div class=\"col-lg-4 col-md-6\">\n<img decoding=\"async\" src=\"https:\/\/jlec-pr.jp\/wp-content\/uploads\/2020\/02\/pic07.jpg\" class=\"img-fluid mx-auto d-block\" alt=\"pic07\" \/><\/p>\n<h4>\nOyakodon<\/h4>\n<p class=\"mb-35\">\nUno dei piatti popolari pi\u00f9 famosi del Giappone. La carne di pollo viene cotta assieme a cipolle e uova.\u2028Un men\u00f9 semplice da gustare con riso bianco caldo.\n<\/p>\n<\/div>\n<div class=\"col-lg-4 col-md-6\">\n<img decoding=\"async\" src=\"https:\/\/jlec-pr.jp\/wp-content\/uploads\/2020\/02\/pic08.jpg\" class=\"img-fluid mx-auto d-block\" alt=\"pic08\" \/><\/p>\n<h4>\nSpiedini di pollo<\/h4>\n<p class=\"mb-35\">\nGli spiedini di pollo sono estremamente popolari in Giappone e vengono insaporiti a scelta con sale o salsa di soia. Sono il modo migliore per assaporare il gusto e la ricchezza della carne di pollo nella sua purezza.\n<\/p>\n<\/div>\n<div class=\"col-lg-4 col-md-6\">\n<img decoding=\"async\" src=\"https:\/\/jlec-pr.jp\/wp-content\/uploads\/2020\/02\/pic09.jpg\" class=\"img-fluid mx-auto d-block\" alt=\"pic09\" \/><\/p>\n<h4>\nPollo fritto<\/h4>\n<p class=\"mb-35\">\nIl pollo marinato viene cosparso di farina di fecola e fritto, il segreto della sua bont\u00e0 sta nella croccantezza.\n<\/p>\n<\/div>\n<div class=\"col-lg-4 col-md-6\">\n<img decoding=\"async\" src=\"https:\/\/jlec-pr.jp\/wp-content\/uploads\/2020\/02\/pic10.jpg\" class=\"img-fluid mx-auto d-block\" alt=\"pic10\" \/><\/p>\n<h4>\nPollo in salsa Namban<\/h4>\n<p class=\"mb-35\">\nUna delle ricette pi\u00f9 rappresentative della cucina giapponese, deve la sua popolarit\u00e0 al retrogusto di aceto che stuzzica l\u2019appetito.\n<\/p>\n<\/div>\n<div class=\"col-lg-4 col-md-6\">\n<img decoding=\"async\" src=\"https:\/\/jlec-pr.jp\/wp-content\/uploads\/2020\/02\/pic11.jpg\" class=\"img-fluid mx-auto d-block\" alt=\"pic11\" \/><\/p>\n<h4>\nUdon di pollo al vapore<\/h4>\n<p class=\"mb-35\">\nIl pollo al vapore viene guarnito con la prugna in salamoia e mangiato insieme agli Udon, rendendolo un piatto adatto alla stagione estiva.\n<\/p>\n<\/div>\n<div class=\"col-md-6 col-lg-4\">\n<img decoding=\"async\" src=\"https:\/\/jlec-pr.jp\/wp-content\/uploads\/2020\/02\/pic12.jpg\" class=\"img-fluid mx-auto d-block\" alt=\"pic12\" \/><\/p>\n<h4>\nTempura di pollo<\/h4>\n<p class=\"mb-35\">\nLa tempura, un altro piatto famoso della cucina giapponese, \u00e8 una delle forme pi\u00f9 adatte per assaporare il gusto caratteristico del pollo.\n<\/p>\n<\/div>\n<\/div>\n<\/div>\n<\/div>\n","protected":false},"excerpt":{"rendered":"<p>Caratteristiche della carne avicola Carne di pollo: ingrediente base di una cucina salutare. I tipi di pollo giapponese sono innumerevoli. Il pollo ruspante, di origine controllata e il broiler (pollo comune) hanno tutti carattertiche, gusto e consistenza diversa, adattandosi cos\u00ec a qualsiasi tipo di cucina. Il pollo \u00e8 un ingrediente fondamentale della cucina giapponese. Tra [&hellip;]<\/p>\n","protected":false},"author":1,"featured_media":0,"parent":520,"menu_order":0,"comment_status":"closed","ping_status":"closed","template":"page-template\/chicken-it-template.php","meta":{"_acf_changed":false,"_locale":"it_IT","_original_post":"83","footnotes":""},"class_list":["post-534","page","type-page","status-publish","hentry","it-IT"],"acf":[],"_links":{"self":[{"href":"https:\/\/jlec-pr.jp\/wp-json\/wp\/v2\/pages\/534","targetHints":{"allow":["GET"]}}],"collection":[{"href":"https:\/\/jlec-pr.jp\/wp-json\/wp\/v2\/pages"}],"about":[{"href":"https:\/\/jlec-pr.jp\/wp-json\/wp\/v2\/types\/page"}],"author":[{"embeddable":true,"href":"https:\/\/jlec-pr.jp\/wp-json\/wp\/v2\/users\/1"}],"replies":[{"embeddable":true,"href":"https:\/\/jlec-pr.jp\/wp-json\/wp\/v2\/comments?post=534"}],"version-history":[{"count":5,"href":"https:\/\/jlec-pr.jp\/wp-json\/wp\/v2\/pages\/534\/revisions"}],"predecessor-version":[{"id":8738,"href":"https:\/\/jlec-pr.jp\/wp-json\/wp\/v2\/pages\/534\/revisions\/8738"}],"up":[{"embeddable":true,"href":"https:\/\/jlec-pr.jp\/wp-json\/wp\/v2\/pages\/520"}],"wp:attachment":[{"href":"https:\/\/jlec-pr.jp\/wp-json\/wp\/v2\/media?parent=534"}],"curies":[{"name":"wp","href":"https:\/\/api.w.org\/{rel}","templated":true}]}}