{"id":506,"date":"2020-02-14T16:51:31","date_gmt":"2020-02-14T07:51:31","guid":{"rendered":"http:\/\/jlec-pr.jp\/?page_id=506"},"modified":"2020-02-28T03:19:27","modified_gmt":"2020-02-27T18:19:27","slug":"egg-logomark","status":"publish","type":"page","link":"https:\/\/jlec-pr.jp\/it\/egg\/egg-logomark\/","title":{"rendered":"Marchio universale delle Uova di Gallina giapponesi"},"content":{"rendered":"<h2>Marchio universale delle Uova di Gallina giapponesi<\/h2>\n<p class=\"thumbs_left\"><img decoding=\"async\" style=\"display: block; margin-left: auto; margin-right: auto; border: 2px solid #cccccc; padding: 20px;\" src=\"https:\/\/jlec-pr.jp\/wp-content\/uploads\/2020\/02\/egg-logo.png\" alt=\"Unified logo\" width=\"300\" \/><\/p>\n<h3>TAMAGO = uovo giapponese<\/h3>\n<p>\u201cUova crudo giaponese\u201d l\u2019unico al mondo a poter essere consumato crudo con tranquillit\u00e0.<br \/>I produttori di uova di gallina giapponesi consigliano con estrema fiducia i propri prodotti.<br \/>Il marchio \u201cTAMAGO = JAPAN EGG\u201d \u00e8 garanzia di autenticit\u00e0 e di bont\u00e0.<\/p>\n","protected":false},"excerpt":{"rendered":"<p>Marchio universale delle Uova di Gallina giapponesi TAMAGO = uovo giapponese \u201cUova crudo giaponese\u201d l\u2019unico al mondo a poter essere consumato crudo con tranquillit\u00e0.I produttori di uova di gallina giapponesi consigliano con estrema fiducia i propri prodotti.Il marchio \u201cTAMAGO = JAPAN EGG\u201d \u00e8 garanzia di autenticit\u00e0 e di bont\u00e0.<\/p>\n","protected":false},"author":1,"featured_media":0,"parent":464,"menu_order":0,"comment_status":"closed","ping_status":"closed","template":"page-template\/egg-it-template.php","meta":{"_acf_changed":false,"_locale":"it_IT","_original_post":"166","footnotes":""},"class_list":["post-506","page","type-page","status-publish","hentry","it-IT"],"acf":[],"_links":{"self":[{"href":"https:\/\/jlec-pr.jp\/wp-json\/wp\/v2\/pages\/506","targetHints":{"allow":["GET"]}}],"collection":[{"href":"https:\/\/jlec-pr.jp\/wp-json\/wp\/v2\/pages"}],"about":[{"href":"https:\/\/jlec-pr.jp\/wp-json\/wp\/v2\/types\/page"}],"author":[{"embeddable":true,"href":"https:\/\/jlec-pr.jp\/wp-json\/wp\/v2\/users\/1"}],"replies":[{"embeddable":true,"href":"https:\/\/jlec-pr.jp\/wp-json\/wp\/v2\/comments?post=506"}],"version-history":[{"count":8,"href":"https:\/\/jlec-pr.jp\/wp-json\/wp\/v2\/pages\/506\/revisions"}],"predecessor-version":[{"id":8734,"href":"https:\/\/jlec-pr.jp\/wp-json\/wp\/v2\/pages\/506\/revisions\/8734"}],"up":[{"embeddable":true,"href":"https:\/\/jlec-pr.jp\/wp-json\/wp\/v2\/pages\/464"}],"wp:attachment":[{"href":"https:\/\/jlec-pr.jp\/wp-json\/wp\/v2\/media?parent=506"}],"curies":[{"name":"wp","href":"https:\/\/api.w.org\/{rel}","templated":true}]}}