{"id":492,"date":"2020-02-07T15:32:48","date_gmt":"2020-02-07T06:32:48","guid":{"rendered":"http:\/\/jlec-pr.jp\/?page_id=492"},"modified":"2020-02-28T03:10:35","modified_gmt":"2020-02-27T18:10:35","slug":"egg-tokutyou","status":"publish","type":"page","link":"https:\/\/jlec-pr.jp\/it\/egg\/egg-tokutyou\/","title":{"rendered":"Caratteristiche delle Uova di Gallina"},"content":{"rendered":"<h2>Caratteristiche delle Uova di Gallina<\/h2>\n<div class=\"row\">\n<div class=\"col-12 col-md-5\"><img decoding=\"async\" class=\"img-fluid mx-auto d-block img-rd-lg mg-md\" src=\"https:\/\/jlec-pr.jp\/wp-content\/uploads\/2020\/02\/egg-02.jpg\" alt=\"about 01\" \/><\/div>\n<div class=\"col\">\n<h3>TAMAGO \u2013 le uova di gallina giapponesi con pedigree<\/h3>\n<p class=\"mb-35\">Esistono 3 tipi di stabilimenti in cui vengono prodotte le uova di gallina giapponesi. I primi sono gli \u201callevamenti\u201d.<br \/>\nNell\u2019allevamento vengono cresciuti i polli \u201cnonni\u201d delle uova di gallina. Le uova di gallina deposte in questi allevamenti vengono fatti incubare negli \u201cstabilimenti di incubazione\u201d.<br \/>\nI pulcini vengono poi mandati negli \u201callevamenti da uova di gallina\u201d, dove saranno cresciuti con attenzione e dove deporranno le uova di gallina. Le galline che depongono uova di gallina, i suoi genitori e nonni vengono cos\u00ec cresciuti in stabilimenti diversi, dove le ispezioni per evitare salmonella vengono ripetute pi\u00f9 volte e dove i polli vengono vaccinati.<\/p>\n<\/div>\n<\/div>\n<div class=\"row\">\n<div class=\"col-12 col-md-5\"><img decoding=\"async\" class=\"img-fluid img-rd-lg mg-md float-lg-none\" src=\"https:\/\/jlec-pr.jp\/wp-content\/uploads\/2020\/02\/pic02.jpg\" alt=\"about 01\" \/><\/div>\n<div class=\"col\">\n<h3>La salute dei polli viene prima di tutto.(Biosicurezza)<\/h3>\n<p class=\"mb-35\">In Giappone viene consigliato il posizionamento degli allevamenti a distanza di almeno 1000 metri da altri allevamenti e ad almeno 300 metri dalla strada pi\u00f9 vicina.<\/p>\n<p>I pollai vengono controllati attentamente dal punto di vista igienico e sono circondati da reti per allontanare uccelli selvatici, piccoli animali ed insetti e per impedirne l\u2019accesso da fuori.<\/p>\n<p>Gli addetti ai lavori sono obbligati a cambiarsi in appositi spogliatoi prima di accedere ai pollai, inoltre la disinfettazione di mani e dita \u00e8 obbligatoria. Questa pratiche sono efficaci nell\u2019evitare il contagio da salmonella e virus aviari simili.\n<\/p>\n<\/div>\n<\/div>\n<div class=\"row voffset-md\">\n<div class=\"col-12 col-md-7\">\n<h3>Scrupolose ispezioni sono alla base di \u201cTAMAGO\u201d sani<\/h3>\n<p class=\"mb-35\">Le uova di gallina vengono spedite ad un apposito centro di controllo e impacchettamento, dove vengono lavate, sterilizzate, asciugate e sterilizzate una seconda volta.<\/p>\n<p>Vengono poi ispezionate una per una per essere sicuri che non ci siano tracce di sangue, sporco o che non ci siano crepe nel guscio. Le uova di gallina che non passano l\u2019ispezione non vengono considerate edibili.<\/p>\n<p>Viene prestata la massima attenzione al controllo del magime, oltre a controllarne la provenienza, la spedizione ed il processo di produzione per assicurarsi che non siano avvenute delle contaminazioni, ne viene costantemente monitorata la presenza di salmonella.<\/p>\n<\/div>\n<div class=\"col d-sm-block d-none\"><img decoding=\"async\" class=\"img-fluid mx-auto img-rd-lg mb-35 d-md-block d-none\" src=\"https:\/\/jlec-pr.jp\/wp-content\/uploads\/2020\/02\/pic03-1.jpg\" alt=\"about 02\" \/><\/div>\n<\/div>\n<div class=\"row voffset-md\">\n<div class=\"col-12 col-md-7\">\n<h3>\u201cTAMAGO\u201d, alto apporto nutrizionale quotidiano<\/h3>\n<p class=\"mb-35\">L\u2019uovo \u00e8 considerato un prodotto completo, contiene infatti proteine, vitamine, minerali e molti altri elementi ad alto apporto nutrizionale.<\/p>\n<p>Consumato al mattino permette di alzare la temperatura corporea scesa durante la notte ed aiuta l\u2019inizio di una giornata in modo sano.<\/p>\n<p>Consumare un sano \u201cTAMAGO\u201d ogni giorno a colazione \u00e8 un ottimo modo per condurre una vita salutare.<\/p>\n<\/div>\n<div class=\"col d-sm-block d-none\"><img decoding=\"async\" class=\"img-fluid mx-auto img-rd-lg mb-35 d-md-block d-none\" src=\"https:\/\/jlec-pr.jp\/wp-content\/uploads\/2020\/02\/pic04-1.jpg\" alt=\"about 02\" \/><\/div>\n<\/div>\n<div class=\"row voffset-md\">\n<div class=\"col d-block\">\n<h3 class=\"text-lg-center\">Pu\u00f2 essere consumato crudo per tre settimane.<\/h3>\n<p class=\"mb-35\">La data di scadenza del \u201cTAMAGO\u201d in Giappone \u00e8 fissata a 21 giorni dalla deposizione. Se comparata con il resto del mondo pu\u00f2 sembrare breve. In realt\u00e0 questo \u00e8 il periodo in cui l\u2019uovo pu\u00f2 essere consumato crudo. Il consumo dell\u2019uovo crudo \u00e8 molto diffuso in Giappone. Piatti come il \u201cTamago Kake Gohan\u201d (uovo crudo con salsa di soia consumato con riso bianco) ed il \u201cSukiyaki\u201d (carne e verdure scottate e consumate con uovo crudo) sono parte integrante della cultura culinaria giapponese.<br \/>\nQuesto \u00e8 possibile grazie alla sicurezza del \u201cTAMAGO\u201d giapponese.<\/p>\n<div class=\"row\">\n<div class=\"col-lg-4 col-md-6\"><img decoding=\"async\" class=\"img-fluid mx-auto d-block\" src=\"https:\/\/jlec-pr.jp\/wp-content\/uploads\/2020\/02\/pic05-1.jpg\" alt=\"pic05 1\" \/><\/p>\n<h4>Uovo in camicia<\/h4>\n<p class=\"mb-35\">Una ricetta estremamente veloce da eseguire. La sicurezza del \u201cTAMAGO\u201d la rende di pi\u00f9 facile consumo.<\/p>\n<\/div>\n<div class=\"col-lg-4 col-md-6\"><img decoding=\"async\" class=\"img-fluid mx-auto d-block\" src=\"https:\/\/jlec-pr.jp\/wp-content\/uploads\/2020\/02\/pic06-1.jpg\" alt=\"pic06 1\" \/><\/p>\n<h4>Uovo alla benedict<\/h4>\n<p class=\"mb-35\">Un classico della prima colazione. Pu\u00f2 essere consumato con serenit\u00e0 anche se parzialmente crudo.<\/p>\n<\/div>\n<div class=\"col-lg-4 col-md-6\"><img decoding=\"async\" class=\"img-fluid mx-auto d-block\" src=\"https:\/\/jlec-pr.jp\/wp-content\/uploads\/2020\/02\/pic07-1.jpg\" alt=\"pic07 1\" \/><\/p>\n<h4>Carbonara<\/h4>\n<p class=\"mb-35\">La velocit\u00e0 di esecuzione \u00e8 la chiave di una perfetta riuscita.Se preparata con il \u201cTAMAGO\u201d un\u2019ottima riuscita \u00e8 assicurata.<\/p>\n<\/div>\n<div class=\"col-lg-4 col-md-6\"><img decoding=\"async\" class=\"img-fluid mx-auto d-block\" src=\"https:\/\/jlec-pr.jp\/wp-content\/uploads\/2020\/02\/pic08-1.jpg\" alt=\"pic08 1\" \/><\/p>\n<h4>Insalata con uovo termale<\/h4>\n<p class=\"mb-35\">Insalata guarnita con uovo in camicia alla giapponese. Ha un ottimo apporto nutrizionale.<\/p>\n<\/div>\n<div class=\"col-lg-4 col-md-6\"><img decoding=\"async\" class=\"img-fluid mx-auto d-block\" src=\"https:\/\/jlec-pr.jp\/wp-content\/uploads\/2020\/02\/pic09-1.jpg\" alt=\"pic09 1\" \/><\/p>\n<h4>Granchi all\u2019uovo<\/h4>\n<p class=\"mb-35\">Una soffice delizia facile da preparare in poco tempo.<\/p>\n<\/div>\n<div class=\"col-lg-4 col-md-6\"><img decoding=\"async\" class=\"img-fluid mx-auto d-block\" src=\"https:\/\/jlec-pr.jp\/wp-content\/uploads\/2020\/02\/pic10-1.jpg\" alt=\"pic10 1\" \/><\/p>\n<h4>Omelette con riso (Omuraisu)<\/h4>\n<p class=\"mb-35\">Un cuore di riso ricoperto da una soffice omelette, fiore all\u2019occhiello delle mamme di tutto il Giappone.<\/p>\n<\/div>\n<div class=\"col-md-6 col-lg-4\"><img decoding=\"async\" class=\"img-fluid mx-auto d-block\" src=\"https:\/\/jlec-pr.jp\/wp-content\/uploads\/2020\/02\/pic11-1.jpg\" alt=\"pic11 1\" \/><\/p>\n<h4>Uovo strapazzato<\/h4>\n<p class=\"mb-35\">Una ricetta facile per tutti.<\/p>\n<\/div>\n<div class=\"col-md-6 col-lg-4\"><img decoding=\"async\" class=\"img-fluid mx-auto d-block\" src=\"https:\/\/jlec-pr.jp\/wp-content\/uploads\/2020\/02\/pic12-1.jpg\" alt=\"pic12 1\" \/><\/p>\n<h4>Riso fritto con granchio<\/h4>\n<p class=\"mb-35\">Una versione pi\u00f9 lussuosa del classico riso fritto, resa pi\u00f9 morbida dall\u2019uso del \u201cTAMAGO\u201d.<\/p>\n<\/div>\n<\/div>\n<\/div>\n<\/div>\n","protected":false},"excerpt":{"rendered":"<p>Caratteristiche delle Uova di Gallina TAMAGO \u2013 le uova di gallina giapponesi con pedigree Esistono 3 tipi di stabilimenti in cui vengono prodotte le uova di gallina giapponesi. I primi sono gli \u201callevamenti\u201d. Nell\u2019allevamento vengono cresciuti i polli \u201cnonni\u201d delle uova di gallina. Le uova di gallina deposte in questi allevamenti vengono fatti incubare negli [&hellip;]<\/p>\n","protected":false},"author":1,"featured_media":0,"parent":464,"menu_order":0,"comment_status":"closed","ping_status":"closed","template":"page-template\/egg-it-template.php","meta":{"_acf_changed":false,"_locale":"it_IT","_original_post":"111","footnotes":""},"class_list":["post-492","page","type-page","status-publish","hentry","it-IT"],"acf":[],"_links":{"self":[{"href":"https:\/\/jlec-pr.jp\/wp-json\/wp\/v2\/pages\/492","targetHints":{"allow":["GET"]}}],"collection":[{"href":"https:\/\/jlec-pr.jp\/wp-json\/wp\/v2\/pages"}],"about":[{"href":"https:\/\/jlec-pr.jp\/wp-json\/wp\/v2\/types\/page"}],"author":[{"embeddable":true,"href":"https:\/\/jlec-pr.jp\/wp-json\/wp\/v2\/users\/1"}],"replies":[{"embeddable":true,"href":"https:\/\/jlec-pr.jp\/wp-json\/wp\/v2\/comments?post=492"}],"version-history":[{"count":6,"href":"https:\/\/jlec-pr.jp\/wp-json\/wp\/v2\/pages\/492\/revisions"}],"predecessor-version":[{"id":8731,"href":"https:\/\/jlec-pr.jp\/wp-json\/wp\/v2\/pages\/492\/revisions\/8731"}],"up":[{"embeddable":true,"href":"https:\/\/jlec-pr.jp\/wp-json\/wp\/v2\/pages\/464"}],"wp:attachment":[{"href":"https:\/\/jlec-pr.jp\/wp-json\/wp\/v2\/media?parent=492"}],"curies":[{"name":"wp","href":"https:\/\/api.w.org\/{rel}","templated":true}]}}