{"id":450,"date":"2020-02-14T15:50:31","date_gmt":"2020-02-14T06:50:31","guid":{"rendered":"http:\/\/jlec-pr.jp\/?page_id=450"},"modified":"2020-02-28T03:30:27","modified_gmt":"2020-02-27T18:30:27","slug":"pork-logomark","status":"publish","type":"page","link":"https:\/\/jlec-pr.jp\/it\/pork\/pork-logomark\/","title":{"rendered":"Marchio universale della carne suina giapponese"},"content":{"rendered":"<h2>Marchio universale della carne suina giapponese<\/h2>\n<p class=\"thumbs_left\"><img decoding=\"async\" style=\"display: block; margin-left: auto; margin-right: auto; border: 2px solid #cccccc; padding: 20px;\" src=\"https:\/\/jlec-pr.jp\/wp-content\/uploads\/2020\/02\/pork-logo.png\" alt=\"Unified logo\" width=\"300\" \/><\/p>\n<h3>Questo logo \u00e8 un simbolo della saporita carne suina giapponese<\/h3>\n<p>In un paese come il Giappone in cui molta attenzione viene prestata alla forma e alle cerimonie, il controllo della qualit\u00e0 dell\u2019allevamento e del mangime \u00e8 uno dei compiti principali degli allevatori che controllano cos\u00ec la qualit\u00e0 e la sicurezza della carne di maiale. La produzione di una variet\u00e0 di maiale legata alle particolarit\u00e0 del luogo di produzione \u00e8 parte dell\u2019impegno costante dell\u2019allevatore.<br \/>La finezza e dolcezza delle parti grasse sono caratteristiche salienti della \u201cCarne di Maiale Giapponese\u201d, il nostro logo ne \u00e8 garanzia di autenticit\u00e0. <\/p>\n","protected":false},"excerpt":{"rendered":"<p>Marchio universale della carne suina giapponese Questo logo \u00e8 un simbolo della saporita carne suina giapponese In un paese come il Giappone in cui molta attenzione viene prestata alla forma e alle cerimonie, il controllo della qualit\u00e0 dell\u2019allevamento e del mangime \u00e8 uno dei compiti principali degli allevatori che controllano cos\u00ec la qualit\u00e0 e la [&hellip;]<\/p>\n","protected":false},"author":1,"featured_media":0,"parent":422,"menu_order":0,"comment_status":"closed","ping_status":"closed","template":"page-template\/pork-it-template.php","meta":{"_acf_changed":false,"_locale":"it_IT","_original_post":"159","footnotes":""},"class_list":["post-450","page","type-page","status-publish","hentry","it-IT"],"acf":[],"_links":{"self":[{"href":"https:\/\/jlec-pr.jp\/wp-json\/wp\/v2\/pages\/450","targetHints":{"allow":["GET"]}}],"collection":[{"href":"https:\/\/jlec-pr.jp\/wp-json\/wp\/v2\/pages"}],"about":[{"href":"https:\/\/jlec-pr.jp\/wp-json\/wp\/v2\/types\/page"}],"author":[{"embeddable":true,"href":"https:\/\/jlec-pr.jp\/wp-json\/wp\/v2\/users\/1"}],"replies":[{"embeddable":true,"href":"https:\/\/jlec-pr.jp\/wp-json\/wp\/v2\/comments?post=450"}],"version-history":[{"count":4,"href":"https:\/\/jlec-pr.jp\/wp-json\/wp\/v2\/pages\/450\/revisions"}],"predecessor-version":[{"id":8739,"href":"https:\/\/jlec-pr.jp\/wp-json\/wp\/v2\/pages\/450\/revisions\/8739"}],"up":[{"embeddable":true,"href":"https:\/\/jlec-pr.jp\/wp-json\/wp\/v2\/pages\/422"}],"wp:attachment":[{"href":"https:\/\/jlec-pr.jp\/wp-json\/wp\/v2\/media?parent=450"}],"curies":[{"name":"wp","href":"https:\/\/api.w.org\/{rel}","templated":true}]}}