{"id":209,"date":"2020-02-11T22:08:23","date_gmt":"2020-02-11T13:08:23","guid":{"rendered":"http:\/\/jlec-pr.jp\/?page_id=209"},"modified":"2020-02-28T03:41:19","modified_gmt":"2020-02-27T18:41:19","slug":"beef-media","status":"publish","type":"page","link":"https:\/\/jlec-pr.jp\/it\/beef\/beef-media\/","title":{"rendered":"Informazioni sul Wagyu presentato dai media stranieri"},"content":{"rendered":"<h2>Informazioni sul Wagyu presentato dai media stranieri<\/h2>\n<h3>Planet Food<\/h3>\n<p>Nel Regno Unito, Planet Food su Travel Channel \u00e8 offerto da Pilot Productions. <br \/>\nNell&#8217;episodio di Planet Food: Giappone, Merrilees Parker si reca in Giappone per scoprirne la cultura del cibo unica. Allontanandosi dalla citt\u00e0, Merrilees visita una fattoria che produce il manzo Wagyu giapponese pi\u00f9 costoso al mondo. Le mucche vengono alimentate con mele e massaggiate quotidianamente. Prova anche il Sukiyaki, che \u00e8 noto per essere uno dei modi migliori per cucinare il manzo Wagyu.<\/p>\n<div style=\"position: relative; padding-bottom: 56.25%;\">\n  <iframe \n    style=\"position: absolute; top: 0; left: 0; width: 100%; height: 100%;\" \n    src=\"https:\/\/www.youtube.com\/embed\/XlHsoRTsmiI\" \n    frameborder=\"0\" \n    allow=\"autoplay; \n    encrypted-media\" \n    allowfullscreen><br \/>\n  <\/iframe>\n<\/div>\n<h3>Ruptly TV<\/h3>\n<p>La notizia proviene da Ruptly, un&#8217;agenzia di stampa internazionale che fornisce notizie visive a tutti i media in tempo reale e ha sede a Berlino, Germania. Il ristorante Goldhorn Beefclub di Berlino, dove vengono servite alcune delle bistecche pi\u00f9 costose di tutta la Germania, ha rivelato alcuni dei propri segreti a Ruptly.<\/p>\n<div style=\"position: relative; padding-bottom: 56.25%;\">\n  <iframe \n    style=\"position: absolute; top: 0; left: 0; width: 100%; height: 100%;\" \n    src=\"https:\/\/www.youtube.com\/embed\/Si7lyGkkwv4\" \n    frameborder=\"0\" \n    allow=\"autoplay; \n    encrypted-media\" \n    allowfullscreen><br \/>\n  <\/iframe>\n<\/div>\n<h3>France 3<\/h3>\n<p>La notizia \u00e8 stata pubblicata nell&#8217;edizione nazionale di France 3, un canale televisivo francese. Il governo giapponese ha permesso l&#8217;esportazione di questo speciale Wagyu giapponese in Francia. Ci \u00e8 stato riferito che viene venduto a 230 euro al chilo. Il Wagyu giapponese \u00e8 un tipo di manzo tradizionale e ha un gusto particolare che la distingue dalle altre carni.<\/p>\n<div style=\"position: relative; padding-bottom: 56.25%;\">\n  <iframe \n    style=\"position: absolute; top: 0; left: 0; width: 100%; height: 100%;\" \n    src=\"https:\/\/www.youtube.com\/embed\/5_ZREPWxiLc\" \n    frameborder=\"0\" \n    allow=\"autoplay; \n    encrypted-media\" \n    allowfullscreen><br \/>\n  <\/iframe>\n<\/div>\n<h3>Mustard TV<\/h3>\n<p>Presentazione della carne di manzo Wagyu servita in un ristorante giapponese a Norfolk, Shiki.<\/p>\n<div style=\"position: relative; padding-bottom: 56.25%;\">\n  <iframe \n    style=\"position: absolute; top: 0; left: 0; width: 100%; height: 100%;\" \n    src=\"https:\/\/www.youtube.com\/embed\/ZPBYEK5Fvjo\" \n    frameborder=\"0\" \n    allow=\"autoplay; \n    encrypted-media\" \n    allowfullscreen><br \/>\n  <\/iframe>\n<\/div>\n","protected":false},"excerpt":{"rendered":"<p>Informazioni sul Wagyu presentato dai media stranieri Planet Food Nel Regno Unito, Planet Food su Travel Channel \u00e8 offerto da Pilot Productions. Nell&#8217;episodio di Planet Food: Giappone, Merrilees Parker si reca in Giappone per scoprirne la cultura del cibo unica. Allontanandosi dalla citt\u00e0, Merrilees visita una fattoria che produce il manzo Wagyu giapponese pi\u00f9 costoso [&hellip;]<\/p>\n","protected":false},"author":1,"featured_media":0,"parent":224,"menu_order":0,"comment_status":"closed","ping_status":"closed","template":"page-template\/beef-it-template.php","meta":{"_acf_changed":false,"_locale":"it_IT","_original_post":"200","footnotes":""},"class_list":["post-209","page","type-page","status-publish","hentry","it-IT"],"acf":[],"_links":{"self":[{"href":"https:\/\/jlec-pr.jp\/wp-json\/wp\/v2\/pages\/209","targetHints":{"allow":["GET"]}}],"collection":[{"href":"https:\/\/jlec-pr.jp\/wp-json\/wp\/v2\/pages"}],"about":[{"href":"https:\/\/jlec-pr.jp\/wp-json\/wp\/v2\/types\/page"}],"author":[{"embeddable":true,"href":"https:\/\/jlec-pr.jp\/wp-json\/wp\/v2\/users\/1"}],"replies":[{"embeddable":true,"href":"https:\/\/jlec-pr.jp\/wp-json\/wp\/v2\/comments?post=209"}],"version-history":[{"count":4,"href":"https:\/\/jlec-pr.jp\/wp-json\/wp\/v2\/pages\/209\/revisions"}],"predecessor-version":[{"id":8743,"href":"https:\/\/jlec-pr.jp\/wp-json\/wp\/v2\/pages\/209\/revisions\/8743"}],"up":[{"embeddable":true,"href":"https:\/\/jlec-pr.jp\/wp-json\/wp\/v2\/pages\/224"}],"wp:attachment":[{"href":"https:\/\/jlec-pr.jp\/wp-json\/wp\/v2\/media?parent=209"}],"curies":[{"name":"wp","href":"https:\/\/api.w.org\/{rel}","templated":true}]}}