{"id":194,"date":"2020-02-15T04:34:03","date_gmt":"2020-02-14T19:34:03","guid":{"rendered":"http:\/\/jlec-pr.jp\/?page_id=194"},"modified":"2020-02-28T03:39:38","modified_gmt":"2020-02-27T18:39:38","slug":"beef-logomark","status":"publish","type":"page","link":"https:\/\/jlec-pr.jp\/it\/beef\/beef-logomark\/","title":{"rendered":"Marchio universale del Wagyu"},"content":{"rendered":"<h2>Marchio universale del Wagyu<\/h2>\n<p class=\"thumbs_left\"><img decoding=\"async\" style=\"display: block; margin-left: auto; margin-right: auto; border: 2px solid #cccccc; padding: 20px;\" src=\"https:\/\/jlec-pr.jp\/wp-content\/uploads\/2020\/02\/beef-logo02.gif\" alt=\"Unified Wagyu logo\" width=\"300\" \/><\/p>\n<h3>Prova di autenticit\u00e0: &#8220;Marchio universale del Wagyu&#8221;<\/h3>\n<p>Nel 2007 il Logo unico Wagyu \u00e8 stato creato con lo scopo di diffondere in tutto il mondo il Wagyu in modo corretto. Vogliamo che chiunque al mondo possa assaporare in maniera corretta il vero Wagyu. Il logo unico Wagyu ne \u00e8 garanzia di autenticit\u00e0.<\/p>\n<div class=\"clearfix\"><\/div>\n<h3 class=\"tit-tab\">Qualit\u00e0 di Manzo Giapponese<\/h3>\n<h4>1. Manzo Nero Giapponese \u201cKuroge\u201d (Allevato in tutta la nazione)<\/h4>\n<table class=\"ta-line\">\n<tbody>\n<tr>\n<th style=\"width: 25%;\"><strong>Peso medio da adulto<\/strong><\/th>\n<td style=\"width: 75%;\">Circa 755\u338f<\/td>\n<\/tr>\n<tr>\n<th>Colore del pelo<\/th>\n<td>Nero con tracce di marrone<\/td>\n<\/tr>\n<tr>\n<th>Caratteristiche<\/th>\n<td>\n<ul class=\"list-ico\">\n<li>Alta percenutale di carne marmorizzata<\/li>\n<li>Tra le quattro qualit\u00e0 di Wagyu \u00e8 il pi\u00f9 piccolo<\/li>\n<li>Rappresenta il 95% delle qualit\u00e0 di Wagyu<\/li>\n<li>\u00c8 la qualit\u00e0 che spesso viene accomunata alla parola Wagyu<\/li>\n<li>Di questa qualit\u00e0 fanno parte il \u2028Manzo di Matsuzaka, Manzo di Yonezawa\u2028e di Hida, tutte carni pregiate.<\/li>\n<\/ul>\n<\/td>\n<\/tr>\n<\/tbody>\n<\/table>\n<h4>2. Manzo Rosso Giapponese \u201cAkage\u201d (Kumamoto \u2013 Kochi)<\/h4>\n<table class=\"ta-line\">\n<tbody>\n<tr>\n<th style=\"width: 25%;\"><strong>Peso medio da adulto<\/strong><\/th>\n<td style=\"width: 75%;\">Circa 750kg<\/td>\n<\/tr>\n<tr>\n<th>Colore del pelo<\/th>\n<td>Marrone<\/td>\n<\/tr>\n<tr>\n<th>Caratteristiche<\/th>\n<td>\n<ul class=\"list-ico\">\n<li>Cresce rapidamente<\/li>\n<li>Estremamente facile da allevare e docile, gode di ottima salute, resiste alle alte temperature ed \u00e8 erbivoro.<\/li>\n<\/ul>\n<\/td>\n<\/tr>\n<\/tbody>\n<\/table>\n<h4>3. Manzo Giapponese dal Corno Corto (Iwate \u2013 Aomori \u2013 Hokkaido)<\/h4>\n<table class=\"ta-line\">\n<tbody>\n<tr>\n<th style=\"width: 25%;\"><strong>Peso medio da adulto<\/strong><\/th>\n<td style=\"width: 75%;\">Circa 750kg<\/td>\n<\/tr>\n<tr>\n<th>Colore del pelo<\/th>\n<td>Marrone scuro<\/td>\n<\/tr>\n<tr>\n<th>Caratteristiche<\/th>\n<td>\n<ul class=\"list-ico\">\n<li>Erbivoro e abituato al clima del Giappone del nord, si presta ad essere allevato all\u2019aperto.<\/li>\n<\/ul>\n<\/td>\n<\/tr>\n<\/tbody>\n<\/table>\n<h4>4. Manzo Giapponese senza Corno (Yamaguchi)<\/h4>\n<table class=\"ta-line\">\n<tbody>\n<tr>\n<th>Colore del pelo<\/th>\n<td style=\"width: 75%;\">Nero scuro<\/td>\n<\/tr>\n<tr>\n<th>Caratteristiche<\/th>\n<td>\n<ul class=\"list-ico\">\n<li>Non ha corna.<\/li>\n<li>Uno dei primi bovini ad essere allevato per la sua carne, attualmente \u00e8 estremamente raro.<\/li>\n<\/ul>\n<\/td>\n<\/tr>\n<\/tbody>\n<\/table>\n<h4>5. Ibridi creati attraverso ibridazione delle quattro specie principali<\/h4>\n<h4>6. In base alla legge per la miglioria ed aumento della produzione di bestiame giapponese \u00e8 possibile registrare capi risultati da ibridazione tra ibridi e qualit\u00e0 genuine, garantendo cos\u00ec una tracciabilit\u00e0 del bovino.<\/h4>\n<h3 class=\"tit-tab\">Modalit\u00e0 di allevamento<\/h3>\n<div class=\"box-line2 bold-font\">\n<ol>\n<li>I bovini nascono e vengono allevati esclusivamente nel territorio giapponese.<\/li>\n<li>La provenienza dei bovini \u00e8 tracciabile.<\/li>\n<\/ol>\n<\/div>\n","protected":false},"excerpt":{"rendered":"<p>Marchio universale del Wagyu Prova di autenticit\u00e0: &#8220;Marchio universale del Wagyu&#8221; Nel 2007 il Logo unico Wagyu \u00e8 stato creato con lo scopo di diffondere in tutto il mondo il Wagyu in modo corretto. Vogliamo che chiunque al mondo possa assaporare in maniera corretta il vero Wagyu. Il logo unico Wagyu ne \u00e8 garanzia di [&hellip;]<\/p>\n","protected":false},"author":1,"featured_media":0,"parent":224,"menu_order":0,"comment_status":"closed","ping_status":"closed","template":"page-template\/beef-it-template.php","meta":{"_acf_changed":false,"_locale":"it_IT","_original_post":"152","footnotes":""},"class_list":["post-194","page","type-page","status-publish","hentry","it-IT"],"acf":[],"_links":{"self":[{"href":"https:\/\/jlec-pr.jp\/wp-json\/wp\/v2\/pages\/194","targetHints":{"allow":["GET"]}}],"collection":[{"href":"https:\/\/jlec-pr.jp\/wp-json\/wp\/v2\/pages"}],"about":[{"href":"https:\/\/jlec-pr.jp\/wp-json\/wp\/v2\/types\/page"}],"author":[{"embeddable":true,"href":"https:\/\/jlec-pr.jp\/wp-json\/wp\/v2\/users\/1"}],"replies":[{"embeddable":true,"href":"https:\/\/jlec-pr.jp\/wp-json\/wp\/v2\/comments?post=194"}],"version-history":[{"count":12,"href":"https:\/\/jlec-pr.jp\/wp-json\/wp\/v2\/pages\/194\/revisions"}],"predecessor-version":[{"id":8742,"href":"https:\/\/jlec-pr.jp\/wp-json\/wp\/v2\/pages\/194\/revisions\/8742"}],"up":[{"embeddable":true,"href":"https:\/\/jlec-pr.jp\/wp-json\/wp\/v2\/pages\/224"}],"wp:attachment":[{"href":"https:\/\/jlec-pr.jp\/wp-json\/wp\/v2\/media?parent=194"}],"curies":[{"name":"wp","href":"https:\/\/api.w.org\/{rel}","templated":true}]}}