{"id":546,"date":"2020-02-03T15:13:31","date_gmt":"2020-02-03T06:13:31","guid":{"rendered":"http:\/\/jlec-pr.jp\/?page_id=546"},"modified":"2020-02-20T12:33:49","modified_gmt":"2020-02-20T03:33:49","slug":"chicken-logomark","status":"publish","type":"page","link":"https:\/\/jlec-pr.jp\/fr\/chicken\/chicken-logomark\/","title":{"rendered":"Universal Japan Chicken Mark"},"content":{"rendered":"<h2>Universal Japan Chicken Mark<\/h2>\n<p class=\"thumbs_left\"><img decoding=\"async\" style=\"display: block; margin-left: auto; margin-right: auto; border: 2px solid #cccccc; padding: 20px;\" src=\"https:\/\/jlec-pr.jp\/wp-content\/uploads\/2020\/02\/chiken-logo.png\" alt=\"Unified logo\" width=\"300\" \/><\/p>\n<h3>Une preuve de confiance du poulet s\u00fbr et d\u00e9licieux produit au Japon<\/h3>\n<p>Un logo unique du poulet a \u00e9t\u00e9 lanc\u00e9 en 2015 afin de pr\u00e9senter avec justesse dans le monde le poulet et d\u00e9licieux produit au Japon.<br \/>Le logo unique du poulet que seuls les poulets produits au Japon \u00e9lev\u00e9s dans un environnement propre et propice et produits conform\u00e9ment \u00e0 une gestion qualit\u00e9 stricte sont autoris\u00e9s \u00e0 porter constitue la preuve de confiance d\u2019un poulet s\u00fbr et d\u00e9licieux produit au Japon.<\/p>\n","protected":false},"excerpt":{"rendered":"<p>Universal Japan Chicken Mark Une preuve de confiance du poulet s\u00fbr et d\u00e9licieux produit au Japon Un logo unique du poulet a \u00e9t\u00e9 lanc\u00e9 en 2015 afin de pr\u00e9senter avec justesse dans le monde le poulet et d\u00e9licieux produit au Japon.Le logo unique du poulet que seuls les poulets produits au Japon \u00e9lev\u00e9s dans un [&hellip;]<\/p>\n","protected":false},"author":1,"featured_media":0,"parent":518,"menu_order":0,"comment_status":"closed","ping_status":"closed","template":"page-template\/chicken-fr-template.php","meta":{"_acf_changed":false,"_locale":"fr_FR","_original_post":"162","footnotes":""},"class_list":["post-546","page","type-page","status-publish","hentry","fr-FR"],"acf":[],"_links":{"self":[{"href":"https:\/\/jlec-pr.jp\/wp-json\/wp\/v2\/pages\/546","targetHints":{"allow":["GET"]}}],"collection":[{"href":"https:\/\/jlec-pr.jp\/wp-json\/wp\/v2\/pages"}],"about":[{"href":"https:\/\/jlec-pr.jp\/wp-json\/wp\/v2\/types\/page"}],"author":[{"embeddable":true,"href":"https:\/\/jlec-pr.jp\/wp-json\/wp\/v2\/users\/1"}],"replies":[{"embeddable":true,"href":"https:\/\/jlec-pr.jp\/wp-json\/wp\/v2\/comments?post=546"}],"version-history":[{"count":5,"href":"https:\/\/jlec-pr.jp\/wp-json\/wp\/v2\/pages\/546\/revisions"}],"predecessor-version":[{"id":5117,"href":"https:\/\/jlec-pr.jp\/wp-json\/wp\/v2\/pages\/546\/revisions\/5117"}],"up":[{"embeddable":true,"href":"https:\/\/jlec-pr.jp\/wp-json\/wp\/v2\/pages\/518"}],"wp:attachment":[{"href":"https:\/\/jlec-pr.jp\/wp-json\/wp\/v2\/media?parent=546"}],"curies":[{"name":"wp","href":"https:\/\/api.w.org\/{rel}","templated":true}]}}