{"id":504,"date":"2020-02-03T15:12:13","date_gmt":"2020-02-03T06:12:13","guid":{"rendered":"http:\/\/jlec-pr.jp\/?page_id=504"},"modified":"2020-02-21T15:03:51","modified_gmt":"2020-02-21T06:03:51","slug":"egg-logomark","status":"publish","type":"page","link":"https:\/\/jlec-pr.jp\/fr\/egg\/egg-logomark\/","title":{"rendered":"Tamago Japan Egg Mark"},"content":{"rendered":"<h2>Tamago Japan Egg Mark<\/h2>\n<p class=\"thumbs_left\"><img decoding=\"async\" style=\"display: block; margin-left: auto; margin-right: auto; border: 2px solid #cccccc; padding: 20px;\" src=\"https:\/\/jlec-pr.jp\/wp-content\/uploads\/2020\/02\/egg-logo.png\" alt=\"Unified logo\" width=\"300\" \/><\/p>\n<h3>TAMAGO = L\u2019\u0152UF JAPONAIS<\/h3>\n<p>L\u2019\u0153uf japonais, l\u2019unique \u0153uf au monde que l\u2019on peut manger cru.<br \/>\nLes producteurs d\u2019\u0153uf japonais vous proposent en toute confiance leurs \u0153ufs d\u00e9licieux et s\u00fbrs.<br \/>\nLa preuve de leur saveur est certifi\u00e9e par le logo fra\u00eecheur TAMAGO = \u0152UF JAPONAIS.<\/p>\n","protected":false},"excerpt":{"rendered":"<p>Tamago Japan Egg Mark TAMAGO = L\u2019\u0152UF JAPONAIS L\u2019\u0153uf japonais, l\u2019unique \u0153uf au monde que l\u2019on peut manger cru. Les producteurs d\u2019\u0153uf japonais vous proposent en toute confiance leurs \u0153ufs d\u00e9licieux et s\u00fbrs. La preuve de leur saveur est certifi\u00e9e par le logo fra\u00eecheur TAMAGO = \u0152UF JAPONAIS.<\/p>\n","protected":false},"author":1,"featured_media":0,"parent":462,"menu_order":0,"comment_status":"closed","ping_status":"closed","template":"page-template\/egg-fr-template.php","meta":{"_acf_changed":false,"_locale":"fr_FR","_original_post":"166","footnotes":""},"class_list":["post-504","page","type-page","status-publish","hentry","fr-FR"],"acf":[],"_links":{"self":[{"href":"https:\/\/jlec-pr.jp\/wp-json\/wp\/v2\/pages\/504","targetHints":{"allow":["GET"]}}],"collection":[{"href":"https:\/\/jlec-pr.jp\/wp-json\/wp\/v2\/pages"}],"about":[{"href":"https:\/\/jlec-pr.jp\/wp-json\/wp\/v2\/types\/page"}],"author":[{"embeddable":true,"href":"https:\/\/jlec-pr.jp\/wp-json\/wp\/v2\/users\/1"}],"replies":[{"embeddable":true,"href":"https:\/\/jlec-pr.jp\/wp-json\/wp\/v2\/comments?post=504"}],"version-history":[{"count":7,"href":"https:\/\/jlec-pr.jp\/wp-json\/wp\/v2\/pages\/504\/revisions"}],"predecessor-version":[{"id":5993,"href":"https:\/\/jlec-pr.jp\/wp-json\/wp\/v2\/pages\/504\/revisions\/5993"}],"up":[{"embeddable":true,"href":"https:\/\/jlec-pr.jp\/wp-json\/wp\/v2\/pages\/462"}],"wp:attachment":[{"href":"https:\/\/jlec-pr.jp\/wp-json\/wp\/v2\/media?parent=504"}],"curies":[{"name":"wp","href":"https:\/\/api.w.org\/{rel}","templated":true}]}}