{"id":476,"date":"2020-02-03T15:11:36","date_gmt":"2020-02-03T06:11:36","guid":{"rendered":"http:\/\/jlec-pr.jp\/?page_id=476"},"modified":"2020-02-21T15:05:33","modified_gmt":"2020-02-21T06:05:33","slug":"egg-video","status":"publish","type":"page","link":"https:\/\/jlec-pr.jp\/fr\/egg\/egg-video\/","title":{"rendered":"Tamago = Vid\u00e9o sur les \u0153ufs au Japon"},"content":{"rendered":"<h2>Tamago = Vid\u00e9o sur les \u0153ufs au Japon<\/h2>\n<h3>TAMAGO = L&rsquo;\u0152UF JAPONAIS<\/h3>\n<p>Au Japon, cas unique au monde, la date limite de consommation optimale correspond toujours \u00e0 la date jusqu&rsquo;\u00e0 laquelle les \u0153ufs peuvent \u00eatre mang\u00e9s crus.<\/p>\n<p>Dans le cadre de la pr\u00e9sentation au reste du monde du produit d&rsquo;excellence que sont les TAMAGO japonais, nous pr\u00e9sentons un film montrant la gestion stricte de la production d&rsquo;\u0153ufs japonaise ainsi que de la distribution de ces TAMAGO en tant que produit s\u00fbr.<\/p>\n<p>Le film pr\u00e9sent \u00e9galement les TAMAGO japonais ayant \u00e9t\u00e9 produits selon une gestion sanitaire stricte depuis leur production jusqu&rsquo;\u00e0 leur traitement et donne des exemples de recettes.<\/p>\n<h3>TAMAGO = L&rsquo;\u0152UF JAPONAIS\u3000\u4e2d\u6587\uff08Version en cantonais seulement\uff09\u30005min<\/h3>\n<div style=\"position: relative; padding-bottom: 56.25%;\"><iframe style=\"position: absolute; top: 0; left: 0; width: 100%; height: 100%;\" src=\"https:\/\/www.youtube.com\/embed\/-_fcWQF3efs\" frameborder=\"0\" allowfullscreen=\"allowfullscreen\"><br \/>\n<\/iframe><\/div>\n<h3>TAMAGO = L&rsquo;\u0152UF JAPONAIS\u3000\u4e2d\u6587\uff08Version en cantonais seulement\uff09\u300020min<\/h3>\n<div style=\"position: relative; padding-bottom: 56.25%;\"><iframe style=\"position: absolute; top: 0; left: 0; width: 100%; height: 100%;\" src=\"https:\/\/www.youtube.com\/embed\/xemu3xNywUc\" frameborder=\"0\" allowfullscreen=\"allowfullscreen\"><br \/>\n<\/iframe><\/div>\n","protected":false},"excerpt":{"rendered":"<p>Tamago = Vid\u00e9o sur les \u0153ufs au Japon TAMAGO = L&rsquo;\u0152UF JAPONAIS Au Japon, cas unique au monde, la date limite de consommation optimale correspond toujours \u00e0 la date jusqu&rsquo;\u00e0 laquelle les \u0153ufs peuvent \u00eatre mang\u00e9s crus. Dans le cadre de la pr\u00e9sentation au reste du monde du produit d&rsquo;excellence que sont les TAMAGO japonais, [&hellip;]<\/p>\n","protected":false},"author":1,"featured_media":0,"parent":462,"menu_order":0,"comment_status":"closed","ping_status":"closed","template":"page-template\/egg-fr-template.php","meta":{"_acf_changed":false,"_locale":"fr_FR","_original_post":"168","footnotes":""},"class_list":["post-476","page","type-page","status-publish","hentry","fr-FR"],"acf":[],"_links":{"self":[{"href":"https:\/\/jlec-pr.jp\/wp-json\/wp\/v2\/pages\/476","targetHints":{"allow":["GET"]}}],"collection":[{"href":"https:\/\/jlec-pr.jp\/wp-json\/wp\/v2\/pages"}],"about":[{"href":"https:\/\/jlec-pr.jp\/wp-json\/wp\/v2\/types\/page"}],"author":[{"embeddable":true,"href":"https:\/\/jlec-pr.jp\/wp-json\/wp\/v2\/users\/1"}],"replies":[{"embeddable":true,"href":"https:\/\/jlec-pr.jp\/wp-json\/wp\/v2\/comments?post=476"}],"version-history":[{"count":11,"href":"https:\/\/jlec-pr.jp\/wp-json\/wp\/v2\/pages\/476\/revisions"}],"predecessor-version":[{"id":5994,"href":"https:\/\/jlec-pr.jp\/wp-json\/wp\/v2\/pages\/476\/revisions\/5994"}],"up":[{"embeddable":true,"href":"https:\/\/jlec-pr.jp\/wp-json\/wp\/v2\/pages\/462"}],"wp:attachment":[{"href":"https:\/\/jlec-pr.jp\/wp-json\/wp\/v2\/media?parent=476"}],"curies":[{"name":"wp","href":"https:\/\/api.w.org\/{rel}","templated":true}]}}