{"id":462,"date":"2020-02-03T15:11:16","date_gmt":"2020-02-03T06:11:16","guid":{"rendered":"http:\/\/jlec-pr.jp\/?page_id=462"},"modified":"2020-03-11T00:44:13","modified_gmt":"2020-03-10T15:44:13","slug":"egg","status":"publish","type":"page","link":"https:\/\/jlec-pr.jp\/fr\/egg\/","title":{"rendered":"\u0152ufs de poule"},"content":{"rendered":"<p><!-- bloc-22 --><\/p>\n<div class=\"bloc tc-persian-red bg-egg d-bloc\" id=\"bloc-22\">\n<div class=\"container bloc-md\">\n<div class=\"row\">\n<div class=\"box-hd offset-md-3 col-md-6 offset-2 col-8 col-lg-6 offset-lg-3\">\n<div class=\"row\">\n<div class=\"col-sm-4 offset-sm-2 col-lg-3 offset-lg-1\">\n<img decoding=\"async\" src=\"\/wp-content\/themes\/jlec\/img\/egg\/mark_04.jpg\" class=\"img-fluid mx-auto d-block img-mark--style mg-sm\" alt=\"mark_04\" \/>\n<\/div>\n<div class=\"col align-self-center\">\n<h1 class=\"tit-h1 mg-clear tc-dark-lava text-lg-left text-sm-left\">\n\u0152ufs de poule<br \/>\n<\/h1>\n<\/div>\n<\/div>\n<\/div>\n<\/div>\n<\/div>\n<\/div>\n<p><!-- bloc-22 END --><\/p>\n<p><!-- bloc-23 --><\/p>\n<div class=\"bloc cat-egg none d-sm-flex d-none bgc-gainsboro\" id=\"bloc-23\">\n<div class=\"container bloc-sm\">\n<div class=\"row\">\n<div class=\"col box-line-red\">\n<div class=\"row\">\n<div class=\"col\">\n<h2 class=\"mg-md tit-h2 text-lg-center\">\n\u00c0 propos de \u0152ufs de poule<br \/>\n<\/h2>\n<div class=\"row\">\n<div class=\"col-lg-4 col-md-4 col-sm-6\"> <a href=\"\/fr\/egg\/egg-tokutyou\"><img decoding=\"async\" src=\"\/wp-content\/themes\/jlec\/img\/fr\/n-menu-button-fr_20.png\" class=\"img-fluid mx-auto d-block img-rd-md mg-sm\" alt=\"Caract\u00e9ristiques des \u0153ufs de poule\" \/><\/a>\n<\/div>\n<div class=\"col-lg-4 col-md-4 col-sm-6\"> <a href=\"\/fr\/egg\/egg-logomark\"><img decoding=\"async\" src=\"\/wp-content\/themes\/jlec\/img\/fr\/n-menu-button-fr_21.png\" class=\"img-fluid mx-auto d-block img-rd-md\" alt=\"Tamago Japan Egg Mark\" \/><\/a>\n<\/div>\n<div class=\"col-lg-4 col-md-4 col-sm-6\"> <a href=\"\/fr\/egg\/egg-report\"><img decoding=\"async\" src=\"\/wp-content\/themes\/jlec\/img\/fr\/n-menu-button-fr_22.png\" class=\"img-fluid mx-auto d-block img-rd-md mg-sm\" alt=\"Rapport d'activit\u00e9s (Traditional Chinese)\" \/><\/a>\n<\/div>\n<div class=\"col-lg-4 col-md-4 col-sm-6\"> <a href=\"\/fr\/egg\/sns\"><img decoding=\"async\" src=\"\/wp-content\/themes\/jlec\/img\/fr\/n-menu-button-fr_23.png\" class=\"img-fluid mx-auto d-block img-rd-md\" alt=\"R\u00e9seaux sociaux\" \/><\/a>\n<\/div>\n<div class=\"col-lg-4 col-md-4 col-sm-6\"> <a href=\"\/fr\/egg\/egg-video\"><img decoding=\"async\" src=\"\/wp-content\/themes\/jlec\/img\/fr\/n-menu-button-fr_24.png\" class=\"img-fluid mx-auto d-block img-rd-md\" alt=\"Tamago = Vid\u00e9o sur les \u0153ufs au Japon\" \/><\/a>\n<\/div>\n<\/div>\n<\/div>\n<\/div>\n<\/div>\n<\/div>\n<\/div>\n<\/div>\n<p><!-- bloc-23 END --><\/p>\n<p><!--  sp --><\/p>\n<div class=\"none d-sm-none\">\n<p><!-- bloc-19 --><\/p>\n<div id=\"bloc-19\" class=\"bloc cat-egg none bgc-anti-flash-white\">\n<div class=\"container bloc-sm\">\n<div class=\"row\">\n<div class=\"col box-line-red\">\n<h2 class=\"tit-h2\">\u00c0 propos de \u0152ufs de poule<\/h2>\n<div class=\"row\">\n<div class=\"col-lg-6 col-md-6 col-sm-6 col-12\">\n<div class=\"card border-0 box-menu\">\n<div class=\"card-body\" onClick=\"location.href='https:\/\/jlec-pr.jp\/fr\/egg\/egg-tokutyou'\">\n<div class=\"row no-gutters\">\n<div class=\"col-4 col-lg-2\"><img decoding=\"async\" class=\"img-fluid mx-auto d-block img-style\" src=\"\/wp-content\/themes\/jlec\/img\/egg\/icon-other_08.jpg\" alt=\"egg\" \/><\/div>\n<div class=\"col align-self-center\">\n<h3>Caract\u00e9ristiques des \u0153ufs de poule<\/h3>\n<\/div>\n<\/div>\n<\/div>\n<\/div>\n<\/div>\n<div class=\"col-lg-6 col-md-6 col-sm-6 col-12\">\n<div class=\"card border-0 box-menu\">\n<div class=\"card-body\" onClick=\"location.href='https:\/\/jlec-pr.jp\/fr\/egg\/egg-logomark'\">\n<div class=\"row no-gutters\">\n<div class=\"col-4 col-lg-2\"><img decoding=\"async\" class=\"img-fluid mx-auto d-block img-style\" src=\"\/wp-content\/themes\/jlec\/img\/egg\/icon-other_09.jpg\" alt=\"egg\" \/><\/div>\n<div class=\"col align-self-center\">\n<h3>Tamago Japan Egg Mark<\/h3>\n<\/div>\n<\/div>\n<\/div>\n<\/div>\n<\/div>\n<div class=\"col-12 col-md-6 col-sm-6\">\n<div class=\"card border-0 box-menu\">\n<div class=\"card-body\" onClick=\"location.href='https:\/\/jlec-pr.jp\/fr\/egg\/egg-report'\">\n<div class=\"row no-gutters\">\n<div class=\"col-4 col-lg-2\"><img decoding=\"async\" class=\"img-fluid mx-auto d-block img-style\" src=\"\/wp-content\/themes\/jlec\/img\/egg\/icon-other_10.jpg\" alt=\"egg\" \/><\/div>\n<div class=\"col align-self-center\">\n<h3>Rapport d&rsquo;activit\u00e9s (Traditional Chinese)<\/h3>\n<\/div>\n<\/div>\n<\/div>\n<\/div>\n<\/div>\n<div class=\"col-12 col-md-6 col-sm-6\">\n<div class=\"card border-0 box-menu\">\n<div class=\"card-body\" onClick=\"location.href='https:\/\/jlec-pr.jp\/fr\/egg\/sns'\">\n<div class=\"row no-gutters\">\n<div class=\"col-4 col-lg-2\"><img loading=\"lazy\" decoding=\"async\" class=\"img-fluid mx-auto d-block img-style\" src=\"\/wp-content\/themes\/jlec\/img\/egg\/icon-other_11or.jpg\" alt=\"egg\" width=\"198\" height=\"150\" \/><\/div>\n<div class=\"col align-self-center\">\n<h3>R\u00e9seaux sociaux<\/h3>\n<\/div>\n<\/div>\n<\/div>\n<\/div>\n<\/div>\n<div class=\"col-12 col-md-6 col-sm-6\">\n<div class=\"card border-0 box-menu\">\n<div class=\"card-body\" onClick=\"location.href='https:\/\/jlec-pr.jp\/fr\/egg\/egg-video'\">\n<div class=\"row no-gutters\">\n<div class=\"col-4 col-lg-2\"><img decoding=\"async\" class=\"img-fluid mx-auto d-block img-style\" src=\"\/wp-content\/themes\/jlec\/img\/egg\/icon-other_11.jpg\" alt=\"egg\" \/><\/div>\n<div class=\"col align-self-center\">\n<h3>Tamago = Vid\u00e9o sur les \u0153ufs au Japon<\/h3>\n<\/div>\n<\/div>\n<\/div>\n<\/div>\n<\/div>\n<\/div>\n<\/div>\n<\/div>\n<\/div>\n<\/div>\n<p><!-- bloc-19 END --><\/p>\n<\/div>\n<p><!-- sp END --><\/p>\n","protected":false},"excerpt":{"rendered":"<p>\u0152ufs de poule \u00c0 propos de \u0152ufs de poule \u00c0 propos de \u0152ufs de poule Caract\u00e9ristiques des \u0153ufs de poule Tamago Japan Egg Mark Rapport d&rsquo;activit\u00e9s (Traditional Chinese) R\u00e9seaux sociaux Tamago = Vid\u00e9o sur les \u0153ufs au Japon<\/p>\n","protected":false},"author":1,"featured_media":0,"parent":0,"menu_order":0,"comment_status":"closed","ping_status":"closed","template":"page-full.php","meta":{"_acf_changed":false,"_locale":"fr_FR","_original_post":"18","footnotes":""},"class_list":["post-462","page","type-page","status-publish","hentry","fr-FR"],"acf":[],"_links":{"self":[{"href":"https:\/\/jlec-pr.jp\/wp-json\/wp\/v2\/pages\/462","targetHints":{"allow":["GET"]}}],"collection":[{"href":"https:\/\/jlec-pr.jp\/wp-json\/wp\/v2\/pages"}],"about":[{"href":"https:\/\/jlec-pr.jp\/wp-json\/wp\/v2\/types\/page"}],"author":[{"embeddable":true,"href":"https:\/\/jlec-pr.jp\/wp-json\/wp\/v2\/users\/1"}],"replies":[{"embeddable":true,"href":"https:\/\/jlec-pr.jp\/wp-json\/wp\/v2\/comments?post=462"}],"version-history":[{"count":16,"href":"https:\/\/jlec-pr.jp\/wp-json\/wp\/v2\/pages\/462\/revisions"}],"predecessor-version":[{"id":9113,"href":"https:\/\/jlec-pr.jp\/wp-json\/wp\/v2\/pages\/462\/revisions\/9113"}],"wp:attachment":[{"href":"https:\/\/jlec-pr.jp\/wp-json\/wp\/v2\/media?parent=462"}],"curies":[{"name":"wp","href":"https:\/\/api.w.org\/{rel}","templated":true}]}}