{"id":448,"date":"2020-02-03T15:11:00","date_gmt":"2020-02-03T06:11:00","guid":{"rendered":"http:\/\/jlec-pr.jp\/?page_id=448"},"modified":"2020-02-20T12:33:13","modified_gmt":"2020-02-20T03:33:13","slug":"pork-logomark","status":"publish","type":"page","link":"https:\/\/jlec-pr.jp\/fr\/pork\/pork-logomark\/","title":{"rendered":"Universal Japan Pork Mark"},"content":{"rendered":"<h2>Universal Japan Pork Mark<\/h2>\n<p class=\"thumbs_left\"><img decoding=\"async\" style=\"display: block; margin-left: auto; margin-right: auto; border: 2px solid #cccccc; padding: 20px;\" src=\"https:\/\/jlec-pr.jp\/wp-content\/uploads\/2020\/02\/pork-logo.png\" alt=\"Unified logo\" width=\"300\" \/><\/p>\n<h3>Le logo de cette marque est un symbole de la savoureuse viande de porc japonaise<\/h3>\n<p>Au Japon qui a la forme d\u2019une belle aubergine en origami, les producteurs produisent une viande porcine s\u00fbre et de qualit\u00e9 sup\u00e9rieure en accordant une attention particuli\u00e8re \u00e0 la croissance, \u00e0 la gestion sanitaire ainsi qu\u2019\u00e0 la formule de la nourriture.<br \/>Par ailleurs, ils cherchent \u00e0 cr\u00e9er une viande porcine qui mette en valeur sa race ou ses particularit\u00e9s r\u00e9gionales.<br \/>Les caract\u00e9ristiques de la \u00ab viande porcine de production japonaise \u00bb sont la qualit\u00e9 de sa chair fine ainsi que la douceur de sa chair grasse.<\/p>\n","protected":false},"excerpt":{"rendered":"<p>Universal Japan Pork Mark Le logo de cette marque est un symbole de la savoureuse viande de porc japonaise Au Japon qui a la forme d\u2019une belle aubergine en origami, les producteurs produisent une viande porcine s\u00fbre et de qualit\u00e9 sup\u00e9rieure en accordant une attention particuli\u00e8re \u00e0 la croissance, \u00e0 la gestion sanitaire ainsi qu\u2019\u00e0 [&hellip;]<\/p>\n","protected":false},"author":1,"featured_media":0,"parent":420,"menu_order":0,"comment_status":"closed","ping_status":"closed","template":"page-template\/pork-fr-template.php","meta":{"_acf_changed":false,"_locale":"fr_FR","_original_post":"159","footnotes":""},"class_list":["post-448","page","type-page","status-publish","hentry","fr-FR"],"acf":[],"_links":{"self":[{"href":"https:\/\/jlec-pr.jp\/wp-json\/wp\/v2\/pages\/448","targetHints":{"allow":["GET"]}}],"collection":[{"href":"https:\/\/jlec-pr.jp\/wp-json\/wp\/v2\/pages"}],"about":[{"href":"https:\/\/jlec-pr.jp\/wp-json\/wp\/v2\/types\/page"}],"author":[{"embeddable":true,"href":"https:\/\/jlec-pr.jp\/wp-json\/wp\/v2\/users\/1"}],"replies":[{"embeddable":true,"href":"https:\/\/jlec-pr.jp\/wp-json\/wp\/v2\/comments?post=448"}],"version-history":[{"count":10,"href":"https:\/\/jlec-pr.jp\/wp-json\/wp\/v2\/pages\/448\/revisions"}],"predecessor-version":[{"id":5115,"href":"https:\/\/jlec-pr.jp\/wp-json\/wp\/v2\/pages\/448\/revisions\/5115"}],"up":[{"embeddable":true,"href":"https:\/\/jlec-pr.jp\/wp-json\/wp\/v2\/pages\/420"}],"wp:attachment":[{"href":"https:\/\/jlec-pr.jp\/wp-json\/wp\/v2\/media?parent=448"}],"curies":[{"name":"wp","href":"https:\/\/api.w.org\/{rel}","templated":true}]}}