{"id":434,"date":"2020-02-03T15:10:37","date_gmt":"2020-02-03T06:10:37","guid":{"rendered":"http:\/\/jlec-pr.jp\/?page_id=434"},"modified":"2020-02-28T12:58:05","modified_gmt":"2020-02-28T03:58:05","slug":"pork-tokutyou","status":"publish","type":"page","link":"https:\/\/jlec-pr.jp\/fr\/pork\/pork-tokutyou\/","title":{"rendered":"Caract\u00e9ristiques du porc"},"content":{"rendered":"<h2>Caract\u00e9ristiques du porc<\/h2>\n<div class=\"row\">\n<div class=\"col-12 col-md-5\"><img decoding=\"async\" class=\"img-fluid mx-auto d-block img-rd-lg mg-md\" src=\"https:\/\/jlec-pr.jp\/wp-content\/uploads\/2020\/01\/pork-02.jpg\" alt=\"about 01\" \/><\/div>\n<div class=\"col\">\n<h3>Les secrets de sa saveur d\u00e9licieuse<\/h3>\n<p>Ces derni\u00e8res ann\u00e9es, la cuisine japonaise a attir\u00e9 une attention particuli\u00e8re dans le reste du monde.Il semblerait que de nombreuses personnes ayant visit\u00e9 le Japon pour le tourisme ou pour un\u00a0 voyage d&rsquo;affaires ont go\u00fbt\u00e9 \u00e0 la saveur de la cuisine et des ingr\u00e9dients japonais et ont transmis cette exp\u00e9rience par le bouche \u00e0 oreilles ou par le biais d&rsquo;internet.<br \/>\nPar ailleurs, la cuisine japonaise est r\u00e9put\u00e9e \u00eatre d\u00e9licieuse et bonne pour la sant\u00e9.Il est vrai que la cuisine japonaise en elle-m\u00eame est une cuisine qui excelle en termes d&rsquo;\u00e9quilibre nutritionnel. Or, nous aimerions \u00e9galement attirer l&rsquo;attention sur les ingr\u00e9dients japonais qui sont \u00e0 la base de celle-ci.<\/p>\n<p>Le porc japonais est un ingr\u00e9dient qui combine un ingr\u00e9dient de bonne qualit\u00e9 et un go\u00fbt de renomm\u00e9e mondiale. Son go\u00fbt juteux et la qualit\u00e9 de sa texture constituent l&rsquo;une des causes de la saveur de la cuisine japonaise.<br \/>\nLes caract\u00e9ristiques du porc japonais sont l&rsquo;importance accord\u00e9e \u00e0 la qualit\u00e9 et \u00e0 la nourriture ainsi que le fait que chaque producteur et chaque r\u00e9gion produisent un type de porc particulier.<br \/>\nNous vous invitons vivement \u00e0 d\u00e9guster ses diff\u00e9rentes sortes et ses diff\u00e9rentes saveurs.<\/p>\n<h3>L&rsquo;importance accord\u00e9e \u00e0 la saveur et \u00e0 l&rsquo;aspect sant\u00e9<\/h3>\n<h4>La saveur de sa chair grasse est d\u00e9terminante.<\/h4>\n<p class=\"mb-35\">La saveur de la viande porcine est connue de mani\u00e8re g\u00e9n\u00e9rale gr\u00e2ce \u00e0 la qualit\u00e9 de sa viande go\u00fbteuse \u00e0 l&rsquo;aspect tendre et juteux.<br \/>\nCependant, le porc japonais ne s&rsquo;est pas restreint \u00e0 ces qualit\u00e9s, mais a cherch\u00e9 \u00e0 une am\u00e9lioration par la recherche de saveur de ses parties non standard telles que le go\u00fbt de sa graisse ainsi que son \u00e9tat fondant dans la bouche. Nous avons cr\u00e9\u00e9 la meilleure viande porcine mod\u00e9r\u00e9ment grasse, \u00e0 la fois \u00e9lastique et tendre, riche en eau et cors\u00e9e.<\/p>\n<h4>Am\u00e9lioration de la qualit\u00e9 de la viande gr\u00e2ce \u00e0 une nourriture originale<\/h4>\n<p class=\"mb-35\">La nourriture des porcs est g\u00e9n\u00e9ralement constitu\u00e9e d&rsquo;aliments compos\u00e9s principalement \u00e0 partir de ma\u00efs et de haricots de soja.<br \/>\nPar ailleurs, du riz pour alimentation animale d\u00e9velopp\u00e9 ces derni\u00e8res ann\u00e9es ainsi que l&rsquo;alimentation \u00e9cologique faisant appel en tant que ressources organiques \u00e0 des aliments qui \u00e9taient jusqu&rsquo;\u00e0 pr\u00e9sent d\u00e9truits et sont \u00e0 pr\u00e9sent utilis\u00e9s en tant que nourriture riche en valeur nutritionnelle.<\/p>\n<\/div>\n<\/div>\n<div class=\"row voffset\">\n<div class=\"align-self-center col-12 col-md-7\">\n<h3>Vers un go\u00fbt original<\/h3>\n<h4>La marque du porc sp\u00e9cifiquement japonaise<\/h4>\n<p class=\"mg-md\">Ces derni\u00e8res ann\u00e9es au Japon, dans chaque r\u00e9gion, chaque ferme en est venue \u00e0 \u00e9lever des porcs originaux qui ont form\u00e9 environ\u00a0 400 esp\u00e8ces diff\u00e9rentes dans le Japon entier constituant de la \u00ab viande porcine de marque \u00bb.<br \/>\nCes viandes porcines de marque ont des caract\u00e9ristiques originales en termes notamment de couleur, d&rsquo;ar\u00f4me et de qualit\u00e9 de viande que non seulement les cuisiniers professionnels, mais \u00e9galement les femmes au foyer en sont venues \u00e0 distinguer dans leur cuisine. Les plaisirs du porc japonais rel\u00e8vent \u00e9galement du fait qu&rsquo;il permet de d\u00e9guster des viandes porcines vari\u00e9es ayant chacune une originalit\u00e9.<\/p>\n<h4>Tra\u00e7abilit\u00e9 et gestion de la qualit\u00e9 gr\u00e2ce \u00e0 la HACCP<\/h4>\n<p>Au Japon, les normes d&rsquo;exigence des consommateurs en ce qui concerne la s\u00e9curit\u00e9 des produits alimentaires sont \u00e9lev\u00e9es et la gestion de la qualit\u00e9 devient de plus en plus stricte ces derni\u00e8res ann\u00e9es.Dans la ferme ou dans le lieu de transformations, on utilise tant\u00f4t la HACCP ou alors on a recours \u00e0 diverses m\u00e9thodes de gestions de qualit\u00e9. Or, pour le porc japonais, la tra\u00e7abilit\u00e9 de la viande porcine est r\u00e9alis\u00e9e jusqu&rsquo;\u00e0 l&rsquo;\u00e9tape de la distribution finale de la production jusqu&rsquo;\u00e0 la transformation.<\/p>\n<p>Des essais d&rsquo;am\u00e9lioration de diverses races crois\u00e9es ont \u00e9t\u00e9 entrepris \u00e0 la recherche de la viande porcine de qualit\u00e9 sup\u00e9rieure r\u00e9pondant \u00e0 la demande des consommateurs.<br \/>\nPar ailleurs, la recherche ne s&rsquo;est pas uniquement concentr\u00e9e sur la qualit\u00e9 sup\u00e9rieure de la viande, mais \u00e9galement sur les go\u00fbts particuliers \u00e0 chaque r\u00e9gion afin d&rsquo;apporter un choix en fonction du mets que l&rsquo;on pr\u00e9pare.<br \/>\nChacun des efforts r\u00e9alis\u00e9s par ces lieux de production a contribu\u00e9 \u00e0 l&rsquo;am\u00e9lioration qualitative du porc japonais.<\/p>\n<\/div>\n<div class=\"col\"><img decoding=\"async\" class=\"img-fluid mx-auto d-block img-rd-lg mg-lg\" src=\"https:\/\/jlec-pr.jp\/wp-content\/uploads\/2020\/01\/pork-03.jpg\" alt=\"about 02\" \/><\/div>\n<\/div>\n<div class=\"row\">\n<div class=\"col-12 col-md-5\"><img decoding=\"async\" class=\"img-fluid mx-auto d-block img-rd-lg mg-md\" src=\"https:\/\/jlec-pr.jp\/wp-content\/uploads\/2020\/01\/pork-04.jpg\" alt=\"about 01\" \/><\/div>\n<div class=\"col\">\n<h3>L&rsquo;hospitalit\u00e9 du pays de la nourriture japonaise<\/h3>\n<p class=\"mb-35\">Quelle que soit la partie du porc japonais choisie, on appr\u00e9ciera son go\u00fbt juteux et son absence d&rsquo;odeur.Par ailleurs, chacune des marques s&rsquo;adapte \u00e0 un mode de pr\u00e9paration qu&rsquo;elle se marie mieux avec les escalopes pan\u00e9es tonkatsu ou avec le Shabushabu et se distingue par sa tendresse ou sa douceur.<br \/>\nChercher un porc japonais qui se marie bien avec la nourriture de votre pays constituera pour vous un plaisir suppl\u00e9mentaire.<\/p>\n<\/div>\n<\/div>\n","protected":false},"excerpt":{"rendered":"<p>Caract\u00e9ristiques du porc Les secrets de sa saveur d\u00e9licieuse Ces derni\u00e8res ann\u00e9es, la cuisine japonaise a attir\u00e9 une attention particuli\u00e8re dans le reste du monde.Il semblerait que de nombreuses personnes ayant visit\u00e9 le Japon pour le tourisme ou pour un\u00a0 voyage d&rsquo;affaires ont go\u00fbt\u00e9 \u00e0 la saveur de la cuisine et des ingr\u00e9dients japonais et [&hellip;]<\/p>\n","protected":false},"author":1,"featured_media":0,"parent":420,"menu_order":0,"comment_status":"closed","ping_status":"closed","template":"page-template\/pork-fr-template.php","meta":{"_acf_changed":false,"_locale":"fr_FR","_original_post":"70","footnotes":""},"class_list":["post-434","page","type-page","status-publish","hentry","fr-FR"],"acf":[],"_links":{"self":[{"href":"https:\/\/jlec-pr.jp\/wp-json\/wp\/v2\/pages\/434","targetHints":{"allow":["GET"]}}],"collection":[{"href":"https:\/\/jlec-pr.jp\/wp-json\/wp\/v2\/pages"}],"about":[{"href":"https:\/\/jlec-pr.jp\/wp-json\/wp\/v2\/types\/page"}],"author":[{"embeddable":true,"href":"https:\/\/jlec-pr.jp\/wp-json\/wp\/v2\/users\/1"}],"replies":[{"embeddable":true,"href":"https:\/\/jlec-pr.jp\/wp-json\/wp\/v2\/comments?post=434"}],"version-history":[{"count":5,"href":"https:\/\/jlec-pr.jp\/wp-json\/wp\/v2\/pages\/434\/revisions"}],"predecessor-version":[{"id":8825,"href":"https:\/\/jlec-pr.jp\/wp-json\/wp\/v2\/pages\/434\/revisions\/8825"}],"up":[{"embeddable":true,"href":"https:\/\/jlec-pr.jp\/wp-json\/wp\/v2\/pages\/420"}],"wp:attachment":[{"href":"https:\/\/jlec-pr.jp\/wp-json\/wp\/v2\/media?parent=434"}],"curies":[{"name":"wp","href":"https:\/\/api.w.org\/{rel}","templated":true}]}}