{"id":420,"date":"2020-02-03T15:10:21","date_gmt":"2020-02-03T06:10:21","guid":{"rendered":"http:\/\/jlec-pr.jp\/?page_id=420"},"modified":"2020-03-10T23:12:42","modified_gmt":"2020-03-10T14:12:42","slug":"pork","status":"publish","type":"page","link":"https:\/\/jlec-pr.jp\/fr\/pork\/","title":{"rendered":"Porc"},"content":{"rendered":"<p><!-- bloc-16 --><\/p>\n<div class=\"bloc tc-persian-red bg-pork d-bloc\" id=\"bloc-16\">\n<div class=\"container bloc-md\">\n<div class=\"row\">\n<div class=\"box-hd offset-md-3 col-md-6 offset-2 col-8 col-lg-6 offset-lg-3\">\n<div class=\"row\">\n<div class=\"col-sm-4 offset-sm-2 col-lg-3 offset-lg-3\">\n<img decoding=\"async\" src=\"\/wp-content\/themes\/jlec\/img\/pork\/mark_02.jpg\" class=\"img-fluid mx-auto d-block img-mark--style mg-sm\" alt=\"mark_02\" \/>\n<\/div>\n<div class=\"col align-self-center\">\n<h1 class=\"tit-h1 mg-clear tc-dark-lava text-lg-left text-sm-left\">\nPorc<br \/>\n<\/h1>\n<\/div>\n<\/div>\n<\/div>\n<\/div>\n<\/div>\n<\/div>\n<p><!-- bloc-16 END --><\/p>\n<p><!-- bloc-17 --><\/p>\n<div class=\"bloc cat-pork none bgc-anti-flash-white d-sm-flex d-none\" id=\"cat-tobira-2\">\n<div class=\"container bloc-sm\">\n<div class=\"row\">\n<div class=\"col box-line-red\">\n<div class=\"row\">\n<div class=\"col\">\n<h2 class=\"mg-md tit-h2 text-lg-center\">\n\u00c0 propos de Porc<br \/>\n<\/h2>\n<div class=\"row\">\n<div class=\"col-lg-4 offset-lg-2 col-md-6 col-sm-6\"> <a href=\"\/fr\/pork\/pork-tokutyou\/\"><img decoding=\"async\" src=\"\/wp-content\/themes\/jlec\/img\/fr\/n-menu-button-fr_16.png\" class=\"img-fluid mx-auto d-block img-rd-md\" alt=\"Caract\u00e9ristiques du porc\" \/><\/a>\n<\/div>\n<div class=\"col-lg-4 col-md-6 col-sm-6\"> <a href=\"\/fr\/pork\/pork-logomark\"><img decoding=\"async\" src=\"\/wp-content\/themes\/jlec\/img\/fr\/n-menu-button-fr_17.png\" class=\"img-fluid mx-auto d-block img-rd-md\" alt=\"Universal Japan Pork Mark\" \/><\/a>\n<\/div>\n<\/div>\n<\/div>\n<\/div>\n<\/div>\n<\/div>\n<\/div>\n<\/div>\n<p><!-- bloc-17 END --><\/p>\n<p><!--  sp --><\/p>\n<div class=\"none d-sm-none\">\n<p><!-- bloc-7 --><\/p>\n<div class=\"bloc cat-pork bgc-anti-flash-white\" id=\"bloc-7\">\n<div class=\"container bloc-md\">\n<h2 class=\"tit-h2\">\n\u00c0 propos de Porc<\/h2>\n<div class=\"row\">\n<div class=\"col-md-6 col-sm-6 col-12 col-lg-6\">\n<div class=\"card border-0 box-menu\">\n<div class=\"card-body\" onClick=\"location.href='https:\/\/jlec-pr.jp\/fr\/pork\/pork-tokutyou\/'\">\n<div class=\"row no-gutters\">\n<div class=\"col-4 col-lg-2\">\n<img decoding=\"async\" src=\"\/wp-content\/themes\/jlec\/img\/pork\/icon-other_01.png\" class=\"img-fluid mx-auto d-block img-style\" alt=\"Pork\" \/>\n<\/div>\n<div class=\"col align-self-center\">\n<h3>Caract\u00e9ristiques du porc<\/h3>\n<\/div>\n<\/div>\n<\/div>\n<\/div>\n<\/div>\n<div class=\"col-md-6 col-sm-6 col-12 col-lg-6\">\n<div class=\"card border-0 box-menu\">\n<div class=\"card-body\" onClick=\"location.href='https:\/\/jlec-pr.jp\/fr\/pork\/pork-logomark'\">\n<div class=\"row no-gutters\">\n<div class=\"col-4 col-lg-2\">\n<img decoding=\"async\" src=\"\/wp-content\/themes\/jlec\/img\/pork\/icon-other_02.jpg\" class=\"img-fluid mx-auto d-block img-style\" alt=\"Pork\" \/>\n<\/div>\n<div class=\"col align-self-center\">\n<h3>Universal Japan Pork Mark<\/h3>\n<\/div>\n<\/div>\n<\/div>\n<\/div>\n<\/div>\n<\/div>\n<\/div>\n<\/div>\n<p><!-- bloc-7 END --><\/p>\n<\/div>\n<p><!-- sp END --><\/p>\n","protected":false},"excerpt":{"rendered":"<p>Porc \u00c0 propos de Porc \u00c0 propos de Porc Caract\u00e9ristiques du porc Universal Japan Pork Mark<\/p>\n","protected":false},"author":1,"featured_media":0,"parent":0,"menu_order":0,"comment_status":"closed","ping_status":"closed","template":"page-full.php","meta":{"_acf_changed":false,"_locale":"fr_FR","_original_post":"14","footnotes":""},"class_list":["post-420","page","type-page","status-publish","hentry","fr-FR"],"acf":[],"_links":{"self":[{"href":"https:\/\/jlec-pr.jp\/wp-json\/wp\/v2\/pages\/420","targetHints":{"allow":["GET"]}}],"collection":[{"href":"https:\/\/jlec-pr.jp\/wp-json\/wp\/v2\/pages"}],"about":[{"href":"https:\/\/jlec-pr.jp\/wp-json\/wp\/v2\/types\/page"}],"author":[{"embeddable":true,"href":"https:\/\/jlec-pr.jp\/wp-json\/wp\/v2\/users\/1"}],"replies":[{"embeddable":true,"href":"https:\/\/jlec-pr.jp\/wp-json\/wp\/v2\/comments?post=420"}],"version-history":[{"count":14,"href":"https:\/\/jlec-pr.jp\/wp-json\/wp\/v2\/pages\/420\/revisions"}],"predecessor-version":[{"id":9078,"href":"https:\/\/jlec-pr.jp\/wp-json\/wp\/v2\/pages\/420\/revisions\/9078"}],"wp:attachment":[{"href":"https:\/\/jlec-pr.jp\/wp-json\/wp\/v2\/media?parent=420"}],"curies":[{"name":"wp","href":"https:\/\/api.w.org\/{rel}","templated":true}]}}