{"id":368,"date":"2020-02-03T15:08:51","date_gmt":"2020-02-03T06:08:51","guid":{"rendered":"http:\/\/jlec-pr.jp\/?page_id=368"},"modified":"2020-03-26T20:55:00","modified_gmt":"2020-03-26T11:55:00","slug":"beef-miryoku","status":"publish","type":"page","link":"https:\/\/jlec-pr.jp\/fr\/beef\/beef-miryoku\/","title":{"rendered":"Les charmes du b\u0153uf Wagyu"},"content":{"rendered":"<h2>Les charmes du b\u0153uf Wagyu<\/h2>\n<h3>Vid\u00e9o<\/h3>\n<div class=\"row\">\n<div class=\"col-12 col-md-6\">\n<div style=\"position: relative; padding-bottom: 56.25%;\"><iframe style=\"position: absolute; top: 0; left: 0; width: 100%; height: 100%;\" src=\"https:\/\/www.youtube.com\/embed\/T9-POeLjHwQ\" frameborder=\"0\" allowfullscreen=\"allowfullscreen\"><br \/>\n<\/iframe><\/div>\n<p>Japanese Wagyu Beef\uff083min\uff09(Version en anglais seulement)<\/p>\n<\/div>\n<div class=\"col-12 col-md-6\">\n<div style=\"position: relative; padding-bottom: 56.25%;\"><iframe style=\"position: absolute; top: 0; left: 0; width: 100%; height: 100%;\" src=\"https:\/\/www.youtube.com\/embed\/1DKetaB7HMo\" frameborder=\"0\" allowfullscreen=\"allowfullscreen\"><br \/>\n<\/iframe><\/div>\n<p>Japanese Wagyu Beef\uff0816min\uff09(Version en anglais seulement)<\/p>\n<\/div>\n<\/div>\n<hr \/>\n<h3>Brochure<\/h3>\n<p>Vous pouvez consulter \u00e0 l&rsquo;aide d&rsquo;un livre \u00e9lectronique cette brochure expliquant la mani\u00e8re dont les b\u0153ufs Wagyu sont \u00e9lev\u00e9s et les initiatives de s\u00e9curit\u00e9 et de s\u00fbret\u00e9 qui sont prises.<\/p>\n<p class=\"more\"><a href=\"\/ebook\/fr\/HTML5\/pc.html\" target=\"_blank\" rel=\"noopener noreferrer\">Brochure<\/a><\/p>\n","protected":false},"excerpt":{"rendered":"<p>Les charmes du b\u0153uf Wagyu Vid\u00e9o Japanese Wagyu Beef\uff083min\uff09(Version en anglais seulement) Japanese Wagyu Beef\uff0816min\uff09(Version en anglais seulement) Brochure Vous pouvez consulter \u00e0 l&rsquo;aide d&rsquo;un livre \u00e9lectronique cette brochure expliquant la mani\u00e8re dont les b\u0153ufs Wagyu sont \u00e9lev\u00e9s et les initiatives de s\u00e9curit\u00e9 et de s\u00fbret\u00e9 qui sont prises. Brochure<\/p>\n","protected":false},"author":1,"featured_media":0,"parent":222,"menu_order":0,"comment_status":"closed","ping_status":"closed","template":"page-template\/beef-fr-template.php","meta":{"_acf_changed":false,"_locale":"fr_FR","_original_post":"138","footnotes":""},"class_list":["post-368","page","type-page","status-publish","hentry","fr-FR"],"acf":[],"_links":{"self":[{"href":"https:\/\/jlec-pr.jp\/wp-json\/wp\/v2\/pages\/368","targetHints":{"allow":["GET"]}}],"collection":[{"href":"https:\/\/jlec-pr.jp\/wp-json\/wp\/v2\/pages"}],"about":[{"href":"https:\/\/jlec-pr.jp\/wp-json\/wp\/v2\/types\/page"}],"author":[{"embeddable":true,"href":"https:\/\/jlec-pr.jp\/wp-json\/wp\/v2\/users\/1"}],"replies":[{"embeddable":true,"href":"https:\/\/jlec-pr.jp\/wp-json\/wp\/v2\/comments?post=368"}],"version-history":[{"count":10,"href":"https:\/\/jlec-pr.jp\/wp-json\/wp\/v2\/pages\/368\/revisions"}],"predecessor-version":[{"id":9150,"href":"https:\/\/jlec-pr.jp\/wp-json\/wp\/v2\/pages\/368\/revisions\/9150"}],"up":[{"embeddable":true,"href":"https:\/\/jlec-pr.jp\/wp-json\/wp\/v2\/pages\/222"}],"wp:attachment":[{"href":"https:\/\/jlec-pr.jp\/wp-json\/wp\/v2\/media?parent=368"}],"curies":[{"name":"wp","href":"https:\/\/api.w.org\/{rel}","templated":true}]}}