{"id":354,"date":"2020-02-03T15:08:28","date_gmt":"2020-02-03T06:08:28","guid":{"rendered":"http:\/\/jlec-pr.jp\/?page_id=354"},"modified":"2020-03-05T22:02:46","modified_gmt":"2020-03-05T13:02:46","slug":"beef-kaikata","status":"publish","type":"page","link":"https:\/\/jlec-pr.jp\/fr\/beef\/beef-kaikata\/","title":{"rendered":"L&rsquo;\u00e9levage des b\u0153ufs Wagyu"},"content":{"rendered":"<h2>L&rsquo;\u00e9levage des b\u0153ufs Wagyu<\/h2>\n<h3>Le b\u0153uf Wagyu, produit de la nature et de l&rsquo;affection japonaises<small>(Version en anglais seulement)<\/small><\/h3>\n<div style=\"position: relative; padding-bottom: 56.25%;\"><iframe style=\"position: absolute; top: 0; left: 0; width: 100%; height: 100%;\" src=\"https:\/\/www.youtube.com\/embed\/JPMbUZokWC8\" frameborder=\"0\" allowfullscreen=\"allowfullscreen\"><br \/>\n<\/iframe><\/div>\n","protected":false},"excerpt":{"rendered":"<p>L&rsquo;\u00e9levage des b\u0153ufs Wagyu Le b\u0153uf Wagyu, produit de la nature et de l&rsquo;affection japonaises(Version en anglais seulement)<\/p>\n","protected":false},"author":1,"featured_media":0,"parent":222,"menu_order":0,"comment_status":"closed","ping_status":"closed","template":"page-template\/beef-fr-template.php","meta":{"_acf_changed":false,"_locale":"fr_FR","_original_post":"142","footnotes":""},"class_list":["post-354","page","type-page","status-publish","hentry","fr-FR"],"acf":[],"_links":{"self":[{"href":"https:\/\/jlec-pr.jp\/wp-json\/wp\/v2\/pages\/354","targetHints":{"allow":["GET"]}}],"collection":[{"href":"https:\/\/jlec-pr.jp\/wp-json\/wp\/v2\/pages"}],"about":[{"href":"https:\/\/jlec-pr.jp\/wp-json\/wp\/v2\/types\/page"}],"author":[{"embeddable":true,"href":"https:\/\/jlec-pr.jp\/wp-json\/wp\/v2\/users\/1"}],"replies":[{"embeddable":true,"href":"https:\/\/jlec-pr.jp\/wp-json\/wp\/v2\/comments?post=354"}],"version-history":[{"count":6,"href":"https:\/\/jlec-pr.jp\/wp-json\/wp\/v2\/pages\/354\/revisions"}],"predecessor-version":[{"id":9054,"href":"https:\/\/jlec-pr.jp\/wp-json\/wp\/v2\/pages\/354\/revisions\/9054"}],"up":[{"embeddable":true,"href":"https:\/\/jlec-pr.jp\/wp-json\/wp\/v2\/pages\/222"}],"wp:attachment":[{"href":"https:\/\/jlec-pr.jp\/wp-json\/wp\/v2\/media?parent=354"}],"curies":[{"name":"wp","href":"https:\/\/api.w.org\/{rel}","templated":true}]}}