{"id":318,"date":"2020-02-03T15:07:37","date_gmt":"2020-02-03T06:07:37","guid":{"rendered":"http:\/\/jlec-pr.jp\/?page_id=318"},"modified":"2020-02-27T18:23:36","modified_gmt":"2020-02-27T09:23:36","slug":"beef-cutting-guide","status":"publish","type":"page","link":"https:\/\/jlec-pr.jp\/fr\/beef\/beef-cutting-guide\/","title":{"rendered":"Guide de coupe (livre \u00e9lectronique)"},"content":{"rendered":"<h2>Guide de coupe (livre \u00e9lectronique)<\/h2>\n<div style=\"position: relative; padding-bottom: 56.25%;\"><iframe style=\"position: absolute; top: 0; left: 0; width: 100%; height: 100%;\" src=\"https:\/\/www.youtube.com\/embed\/LdB4diO7t7s\" frameborder=\"0\" allowfullscreen=\"allowfullscreen\"><br \/>\n<\/iframe><\/div>\n<p>Japanese Wagyu Beef &#8211; A Visual Guide to Efficient Cutting &#8211; (3min)<\/p>\n<h3>Brochure<\/h3>\n<p>Vous pouvez consulter \u00e0 l&rsquo;aide d&rsquo;un livre \u00e9lectronique cette brochure expliquant la mani\u00e8re dont les b\u0153ufs Wagyu sont \u00e9lev\u00e9s et les initiatives de s\u00e9curit\u00e9 et de s\u00fbret\u00e9 qui sont prises.<\/p>\n<p class=\"more\"><a href=\"https:\/\/jlec-pr.jp\/ebook\/cutting\/fr\/\" target=\"_blank\" rel=\"noopener noreferrer\">Brochure<\/a><\/p>\n","protected":false},"excerpt":{"rendered":"<p>Guide de coupe (livre \u00e9lectronique) Japanese Wagyu Beef &#8211; A Visual Guide to Efficient Cutting &#8211; (3min) Brochure Vous pouvez consulter \u00e0 l&rsquo;aide d&rsquo;un livre \u00e9lectronique cette brochure expliquant la mani\u00e8re dont les b\u0153ufs Wagyu sont \u00e9lev\u00e9s et les initiatives de s\u00e9curit\u00e9 et de s\u00fbret\u00e9 qui sont prises. Brochure<\/p>\n","protected":false},"author":1,"featured_media":0,"parent":222,"menu_order":0,"comment_status":"closed","ping_status":"closed","template":"page-template\/beef-fr-template.php","meta":{"_acf_changed":false,"_locale":"fr_FR","_original_post":"140","footnotes":""},"class_list":["post-318","page","type-page","status-publish","hentry","fr-FR"],"acf":[],"_links":{"self":[{"href":"https:\/\/jlec-pr.jp\/wp-json\/wp\/v2\/pages\/318","targetHints":{"allow":["GET"]}}],"collection":[{"href":"https:\/\/jlec-pr.jp\/wp-json\/wp\/v2\/pages"}],"about":[{"href":"https:\/\/jlec-pr.jp\/wp-json\/wp\/v2\/types\/page"}],"author":[{"embeddable":true,"href":"https:\/\/jlec-pr.jp\/wp-json\/wp\/v2\/users\/1"}],"replies":[{"embeddable":true,"href":"https:\/\/jlec-pr.jp\/wp-json\/wp\/v2\/comments?post=318"}],"version-history":[{"count":7,"href":"https:\/\/jlec-pr.jp\/wp-json\/wp\/v2\/pages\/318\/revisions"}],"predecessor-version":[{"id":8674,"href":"https:\/\/jlec-pr.jp\/wp-json\/wp\/v2\/pages\/318\/revisions\/8674"}],"up":[{"embeddable":true,"href":"https:\/\/jlec-pr.jp\/wp-json\/wp\/v2\/pages\/222"}],"wp:attachment":[{"href":"https:\/\/jlec-pr.jp\/wp-json\/wp\/v2\/media?parent=318"}],"curies":[{"name":"wp","href":"https:\/\/api.w.org\/{rel}","templated":true}]}}