{"id":293,"date":"2020-02-03T15:06:33","date_gmt":"2020-02-03T06:06:33","guid":{"rendered":"http:\/\/jlec-pr.jp\/?page_id=293"},"modified":"2020-02-20T12:36:53","modified_gmt":"2020-02-20T03:36:53","slug":"milk-logomark","status":"publish","type":"page","link":"https:\/\/jlec-pr.jp\/fr\/milk\/milk-logomark\/","title":{"rendered":"Marque universelle du lait et des produits laitiers du Japon"},"content":{"rendered":"<h2>Marque universelle du lait et des produits laitiers du Japon<\/h2>\n<p class=\"thumbs_left\"><img decoding=\"async\" style=\"display: block; margin-left: auto; margin-right: auto; border: 2px solid #cccccc; padding: 20px;\" src=\"https:\/\/jlec-pr.jp\/wp-content\/uploads\/2020\/02\/milk-logo.png\" alt=\" Milk and Dairy Products logo\" width=\"300\"\/><\/p>\n<h3><\/h3>\n<p>Le lait et les produits laitiers \u00e9tant des produits consomm\u00e9s quotidiennement, nous avons r\u00e9alis\u00e9 des recherches sur leur s\u00e9curit\u00e9 et leur saveur dans le cadre d\u2019une gestion de qualit\u00e9 stricte.<br \/>Ce logo constitue une preuve d\u2019authenticit\u00e9 du lait japonais produit par des producteurs laitiers et des usines laiti\u00e8res.<\/p>\n","protected":false},"excerpt":{"rendered":"<p>Marque universelle du lait et des produits laitiers du Japon Le lait et les produits laitiers \u00e9tant des produits consomm\u00e9s quotidiennement, nous avons r\u00e9alis\u00e9 des recherches sur leur s\u00e9curit\u00e9 et leur saveur dans le cadre d\u2019une gestion de qualit\u00e9 stricte.Ce logo constitue une preuve d\u2019authenticit\u00e9 du lait japonais produit par des producteurs laitiers et des [&hellip;]<\/p>\n","protected":false},"author":1,"featured_media":0,"parent":265,"menu_order":0,"comment_status":"closed","ping_status":"closed","template":"page-template\/milk-fr-template.php","meta":{"_acf_changed":false,"_locale":"fr_FR","_original_post":"172","footnotes":""},"class_list":["post-293","page","type-page","status-publish","hentry","fr-FR"],"acf":[],"_links":{"self":[{"href":"https:\/\/jlec-pr.jp\/wp-json\/wp\/v2\/pages\/293","targetHints":{"allow":["GET"]}}],"collection":[{"href":"https:\/\/jlec-pr.jp\/wp-json\/wp\/v2\/pages"}],"about":[{"href":"https:\/\/jlec-pr.jp\/wp-json\/wp\/v2\/types\/page"}],"author":[{"embeddable":true,"href":"https:\/\/jlec-pr.jp\/wp-json\/wp\/v2\/users\/1"}],"replies":[{"embeddable":true,"href":"https:\/\/jlec-pr.jp\/wp-json\/wp\/v2\/comments?post=293"}],"version-history":[{"count":5,"href":"https:\/\/jlec-pr.jp\/wp-json\/wp\/v2\/pages\/293\/revisions"}],"predecessor-version":[{"id":5121,"href":"https:\/\/jlec-pr.jp\/wp-json\/wp\/v2\/pages\/293\/revisions\/5121"}],"up":[{"embeddable":true,"href":"https:\/\/jlec-pr.jp\/wp-json\/wp\/v2\/pages\/265"}],"wp:attachment":[{"href":"https:\/\/jlec-pr.jp\/wp-json\/wp\/v2\/media?parent=293"}],"curies":[{"name":"wp","href":"https:\/\/api.w.org\/{rel}","templated":true}]}}