{"id":250,"date":"2020-02-03T15:04:38","date_gmt":"2020-02-03T06:04:38","guid":{"rendered":"http:\/\/jlec-pr.jp\/?page_id=250"},"modified":"2023-06-29T11:33:08","modified_gmt":"2023-06-29T02:33:08","slug":"about","status":"publish","type":"page","link":"https:\/\/jlec-pr.jp\/fr\/about\/","title":{"rendered":"\u00c0 propos du Conseil pour la promotion des exportations des produits d&rsquo;origine animale japonais"},"content":{"rendered":"<p><img loading=\"lazy\" decoding=\"async\" class=\"img-fluid mx-auto d-block\" style=\"margin-bottom: 15px;\" src=\"https:\/\/jlec-pr.jp\/wp-content\/uploads\/2020\/02\/fr_promote.png\" alt=\"All Japan\" width=\"700\" height=\"800\" \/><\/p>\n<h2>Objectif des activit\u00e9s<\/h2>\n<div class=\"box-line2 clearfix\">\n<h5>Promouvoir les exportations des produits d\u2019origine animale japonais par l\u2019interm\u00e9diaire des activit\u00e9s n\u00e9cessaires \u00e0 cette promotion, ainsi que la collecte et la mise \u00e0 disposition d\u2019informations relatives aux exportations de produits d\u2019origine animale japonais.<\/h5>\n<\/div>\n<h2>Aper\u00e7u des activit\u00e9s (par rubrique), composition et nombre de membres<\/h2>\n<h3>Contenu des activit\u00e9s<\/h3>\n<div class=\"box-line2\">\n<ol>\n<li>\u00c9tudes sur la strat\u00e9gie commune d&rsquo;exportation des produits d&rsquo;origine animale et promotion de celle-ci<\/li>\n<li>Collecte et mise \u00e0 disposition d&rsquo;informations sur les exportations \u00e0 l&rsquo;attention des diff\u00e9rents acteurs de l&rsquo;exportation de produits d&rsquo;origine animale<\/li>\n<li>Activit\u00e9s de promotion des exportations \u00e0 l&rsquo;\u00e9tranger<\/li>\n<\/ol>\n<\/div>\n<h3>Aper\u00e7u<\/h3>\n<p>&nbsp;<\/p>\n<table class=\"ta-line\">\n<tbody>\n<tr>\n<th>Emplacement<\/th>\n<td>Bureau du Conseil pour la promotion des exportations des produits d&rsquo;origine animale japonais<br \/>(au sein de l&rsquo;organisation d&rsquo;int\u00e9r\u00eat public JLIA (Japan Livestock Industry Association)<br \/>\n2-16&#8211;2 Daini DIC Soto-kanda, Chiyoda-ku, Tokyo-to 101-0021<br \/>\nImmeuble 9F<\/td>\n<\/tr>\n<tr>\n<th>phone<\/th>\n<td>+81-3-5577-5004\n<\/td>\n<\/tr>\n<tr>\n<th>fax<\/th>\n<td>+81-3-5289-0890<\/td>\n<\/tr>\n<tr>\n<th>Sections et sous-groupes d\u00e9pendant du Conseil<\/th>\n<td>\n<ul class=\"list-ico\">\n<li>Section des exportations de viande bovine (Bureau : Organisation d&rsquo;int\u00e9r\u00eat public Japan Livestock Industry Association)<\/li>\n<li>Section des exportations de viande porcine (Bureau : Association g\u00e9n\u00e9rale constitu\u00e9e d&rsquo;\u00e9levage porcin japonais)<\/li>\n<li>Section des exportations de viande de poulet (Bureau : Association g\u00e9n\u00e9rale constitu\u00e9e du poulet japonais)<\/li>\n<li>Section des exportations des \u0153ufs de poules (Bureau : Association g\u00e9n\u00e9rale constitu\u00e9e d&rsquo;\u00e9levage de poules japonais)<\/li>\n<li>Section des exportations de lait et de produits laitier (Bureau : Association g\u00e9n\u00e9rale constitu\u00e9e de l&rsquo;industrie laiti\u00e8re japonaise)<\/li>\n<\/ul>\n<\/td>\n<\/tr>\n<\/tbody>\n<\/table>\n<h3>Membres<\/h3>\n<div class=\"box-line2\">\n<p><strong>Les membres sont des personnes en lien avec la production, la distribution et l&rsquo;exportation des produits d&rsquo;origine animale japonais.<\/strong><\/p>\n<\/div>\n<h3>Organigramme<\/h3>\n<div class=\"box-line2\">\n<p style=\"text-align: center;\"><img loading=\"lazy\" decoding=\"async\" src=\"https:\/\/jlec-pr.jp\/wp-content\/uploads\/2020\/02\/summary-fr_diagram2020.png\" alt=\"Council configuration diagram\" width=\"550\" height=\"520\" \/><\/p>\n<\/div>\n","protected":false},"excerpt":{"rendered":"<p>Objectif des activit\u00e9s Promouvoir les exportations des produits d\u2019origine animale japonais par l\u2019interm\u00e9diaire des activit\u00e9s n\u00e9cessaires \u00e0 cette promotion, ainsi que la collecte et la mise \u00e0 disposition d\u2019informations relatives aux exportations de produits d\u2019origine animale japonais. Aper\u00e7u des activit\u00e9s (par rubrique), composition et nombre de membres Contenu des activit\u00e9s \u00c9tudes sur la strat\u00e9gie commune [&hellip;]<\/p>\n","protected":false},"author":1,"featured_media":0,"parent":0,"menu_order":0,"comment_status":"closed","ping_status":"closed","template":"","meta":{"_acf_changed":false,"_locale":"fr_FR","_original_post":"76","footnotes":""},"class_list":["post-250","page","type-page","status-publish","hentry","fr-FR"],"acf":[],"_links":{"self":[{"href":"https:\/\/jlec-pr.jp\/wp-json\/wp\/v2\/pages\/250","targetHints":{"allow":["GET"]}}],"collection":[{"href":"https:\/\/jlec-pr.jp\/wp-json\/wp\/v2\/pages"}],"about":[{"href":"https:\/\/jlec-pr.jp\/wp-json\/wp\/v2\/types\/page"}],"author":[{"embeddable":true,"href":"https:\/\/jlec-pr.jp\/wp-json\/wp\/v2\/users\/1"}],"replies":[{"embeddable":true,"href":"https:\/\/jlec-pr.jp\/wp-json\/wp\/v2\/comments?post=250"}],"version-history":[{"count":12,"href":"https:\/\/jlec-pr.jp\/wp-json\/wp\/v2\/pages\/250\/revisions"}],"predecessor-version":[{"id":12879,"href":"https:\/\/jlec-pr.jp\/wp-json\/wp\/v2\/pages\/250\/revisions\/12879"}],"wp:attachment":[{"href":"https:\/\/jlec-pr.jp\/wp-json\/wp\/v2\/media?parent=250"}],"curies":[{"name":"wp","href":"https:\/\/api.w.org\/{rel}","templated":true}]}}