{"id":236,"date":"2020-02-03T15:04:12","date_gmt":"2020-02-03T06:04:12","guid":{"rendered":"http:\/\/jlec-pr.jp\/?page_id=236"},"modified":"2020-02-27T21:35:59","modified_gmt":"2020-02-27T12:35:59","slug":"home","status":"publish","type":"page","link":"https:\/\/jlec-pr.jp\/","title":{"rendered":"Conseil pour la promotion des exportations des produits d&rsquo;origine animale japonais"},"content":{"rendered":"<p><!-- bloc-home1 --><\/p>\n<div id=\"bloc-home1\" class=\"bloc\">\n<div class=\"video-bg-container\">\n<video class=\"bloc-video\" preload=\"auto\" loop=\"loop\" muted=\"true\" playsinline=\"true\" autoplay=\"autoplay\"><source src=\"https:\/\/jlec-pr.jp\/wp-content\/themes\/jlec\/img\/top-mov02.mp4\" type=\"video\/mp4\" \/><\/video>\n<\/div>\n<div class=\"container bloc-lg\">\n<div class=\"row\">\n<div class=\"col-lg-6 offset-lg-3\">\n<img decoding=\"async\" src=\"\/wp-content\/themes\/jlec\/img\/hero-copy-fr.png\" class=\"img-fluid mx-auto d-block img-hero-copy--style\" alt=\"Japan Livestock Products Export Promotion Council\" \/>\n<\/div>\n<\/div>\n<\/div>\n<\/div>\n<p><!-- bloc-home1 END --><\/p>\n<p><!-- bloc-home2 --><\/p>\n<div class=\"bloc none bg-haikei-01 d-flex b-parallax full-width-bloc\" id=\"bloc-home2\">\n<div class=\"container bloc-lg\">\n<div class=\"row no-gutters\">\n<div class=\"col\">\n<h2 class=\"tit-h2-top\">\nDes techniques de pointe de haut niveau et une gestion stricte de l&rsquo;\u00e9levage constituent le secret de<br \/>leur d\u00e9licieux go\u00fbt et de leur s\u00fbret\u00e9 d&rsquo;un point de vue alimentaire.<br \/>\n<\/h2>\n<\/div>\n<\/div>\n<div class=\"row no-gutters\">\n<div class=\"col\">\n<div class=\"row\">\n<div class=\"col-6 col-md-4 col-lg-2 offset-lg-1\">\n<a href=\".\/beef\/\"><img decoding=\"async\" src=\"https:\/\/jlec-pr.jp\/wp-content\/uploads\/2020\/02\/fr-menu_01-1.png\" class=\"img-fluid mx-auto d-block animated pulse-hvr mein-menu-img mg-sm img-rd-lg\" alt=\"WAGYU-Japanese beef\" \/><\/a>\n<\/div>\n<div class=\"col-6 col-md-4 col-lg-2\">\n<a href=\".\/pork\/\"><img decoding=\"async\" src=\"https:\/\/jlec-pr.jp\/wp-content\/uploads\/2020\/02\/fr-menu_02.png\" class=\"img-fluid mx-auto d-block animated pulse-hvr mein-menu-img img-rd-lg\" alt=\"Pork\" \/><\/a>\n<\/div>\n<div class=\"col-6 col-md-4 col-lg-2\">\n<a href=\".\/chicken\/\"><img decoding=\"async\" src=\"https:\/\/jlec-pr.jp\/wp-content\/uploads\/2020\/02\/fr-menu_03.png\" class=\"img-fluid mx-auto d-block animated pulse-hvr mein-menu-img img-rd-lg\" alt=\"Chicken\" \/><\/a>\n<\/div>\n<div class=\"col-6 col-md-4 offset-md-0 col-lg-2\">\n<a href=\".\/egg\/\"><img decoding=\"async\" src=\"https:\/\/jlec-pr.jp\/wp-content\/uploads\/2020\/02\/fr-menu_04-1.png\" class=\"img-fluid mx-auto d-block animated pulse-hvr mein-menu-img mg-sm img-rd-lg\" alt=\"Chicken Egg\" \/><\/a>\n<\/div>\n<div class=\"col-6 offset-3 col-md-4 offset-md-0 col-lg-2\">\n<a href=\".\/milk\/\"><img decoding=\"async\" src=\"https:\/\/jlec-pr.jp\/wp-content\/uploads\/2020\/02\/fr-menu_05.png\" class=\"img-fluid mx-auto d-block animated pulse-hvr mein-menu-img img-rd-lg\" alt=\"Milk and dairy products\" \/><\/a>\n<\/div>\n<\/div>\n<\/div>\n<\/div>\n<\/div>\n<\/div>\n<p><!-- bloc-home2 END --><\/p>\n","protected":false},"excerpt":{"rendered":"<p>Des techniques de pointe de haut niveau et une gestion stricte de l&rsquo;\u00e9levage constituent le secret deleur d\u00e9licieux go\u00fbt et de leur s\u00fbret\u00e9 d&rsquo;un point de vue alimentaire.<\/p>\n","protected":false},"author":1,"featured_media":0,"parent":0,"menu_order":0,"comment_status":"closed","ping_status":"closed","template":"page-full.php","meta":{"_acf_changed":false,"_locale":"fr_FR","_original_post":"7","footnotes":""},"class_list":["post-236","page","type-page","status-publish","hentry","fr-FR"],"acf":[],"_links":{"self":[{"href":"https:\/\/jlec-pr.jp\/wp-json\/wp\/v2\/pages\/236","targetHints":{"allow":["GET"]}}],"collection":[{"href":"https:\/\/jlec-pr.jp\/wp-json\/wp\/v2\/pages"}],"about":[{"href":"https:\/\/jlec-pr.jp\/wp-json\/wp\/v2\/types\/page"}],"author":[{"embeddable":true,"href":"https:\/\/jlec-pr.jp\/wp-json\/wp\/v2\/users\/1"}],"replies":[{"embeddable":true,"href":"https:\/\/jlec-pr.jp\/wp-json\/wp\/v2\/comments?post=236"}],"version-history":[{"count":17,"href":"https:\/\/jlec-pr.jp\/wp-json\/wp\/v2\/pages\/236\/revisions"}],"predecessor-version":[{"id":8696,"href":"https:\/\/jlec-pr.jp\/wp-json\/wp\/v2\/pages\/236\/revisions\/8696"}],"wp:attachment":[{"href":"https:\/\/jlec-pr.jp\/wp-json\/wp\/v2\/media?parent=236"}],"curies":[{"name":"wp","href":"https:\/\/api.w.org\/{rel}","templated":true}]}}