{"id":222,"date":"2020-02-03T15:03:51","date_gmt":"2020-02-03T06:03:51","guid":{"rendered":"http:\/\/jlec-pr.jp\/?page_id=222"},"modified":"2023-06-19T15:49:12","modified_gmt":"2023-06-19T06:49:12","slug":"beef","status":"publish","type":"page","link":"https:\/\/jlec-pr.jp\/fr\/beef\/","title":{"rendered":"B\u0153uf"},"content":{"rendered":"<p><!-- bloc-6 --><\/p>\n<div class=\"bloc bg-beef\" id=\"cat-tobira-1\">\n<div class=\"container bloc-md\">\n<div class=\"row\">\n<div class=\"box-hd offset-md-3 col-md-6 offset-2 col-8 col-lg-6 offset-lg-3\">\n<div class=\"row\">\n<div class=\"col-sm-4 offset-sm-2 col-lg-3 offset-lg-3\">\n            <img decoding=\"async\" src=\"\/wp-content\/themes\/jlec\/img\/beef\/mark_01.jpg\"\n              class=\"img-fluid mx-auto d-block img-mark--style mg-sm\" alt=\"mark_01\" \/>\n          <\/div>\n<div class=\"col align-self-center\">\n<h1 class=\"tit-h1 mg-clear tc-dark-lava text-lg-left text-sm-left\">\n              B\u0153uf<br \/>\n            <\/h1>\n<\/p><\/div>\n<\/p><\/div>\n<\/p><\/div>\n<\/p><\/div>\n<\/p><\/div>\n<\/div>\n<p><!-- bloc-6 END --><\/p>\n<p><!-- bloc-7 --><\/p>\n<div class=\"bloc none bgc-anti-flash-white l-bloc d-sm-flex d-none\" id=\"bloc-7\">\n<div class=\"container bloc-sm\">\n<div class=\"row\">\n<div class=\"col box-line-red\">\n<div class=\"row\">\n<div class=\"col\">\n<h2 class=\"mg-md tit-h2 text-lg-center tc-persian-red\">\n              \u00c0 propos de Wagyu<br \/>\n            <\/h2>\n<div class=\"row\">\n<div class=\"col-lg-4 col-sm-6\">\n                <a href=\"\/fr\/beef\/beef-tokutyou\/\"><img decoding=\"async\" src=\"\/wp-content\/themes\/jlec\/img\/fr\/n-menu-button-fr_01.png\"\n                    class=\"img-fluid mx-auto d-block img-rd-md mg-sm\" alt=\"Particularit\u00e9s du b\u0153uf Wagyu\" \/><\/a>\n              <\/div>\n<div class=\"col-lg-4 col-sm-6\"> <a href=\"\/fr\/beef\/beef-miryoku\"><img decoding=\"async\"\n                    src=\"\/wp-content\/themes\/jlec\/img\/fr\/n-menu-button-fr_02.png\"\n                    class=\"img-fluid mx-auto d-block img-rd-md\" alt=\"Les charmes du b\u0153uf Wagyu\" \/><\/a>\n              <\/div>\n<div class=\"col-lg-4 col-sm-6\"> <a href=\"\/fr\/beef\/beef-cutting-guide\/\"><img decoding=\"async\"\n                    src=\"\/wp-content\/themes\/jlec\/img\/fr\/n-menu-button-fr_03.png\"\n                    class=\"img-fluid mx-auto d-block img-rd-md mg-sm\" alt=\"Guide de coupe (livre \u00e9lectronique)\" \/><\/a>\n              <\/div>\n<div class=\"col-lg-4 col-sm-6\"> <a href=\"\/fr\/beef\/beef-kaikata\/\"><img decoding=\"async\"\n                    src=\"\/wp-content\/themes\/jlec\/img\/fr\/n-menu-button-fr_04.png\"\n                    class=\"img-fluid mx-auto d-block img-rd-md mg-sm\" alt=\"L'\u00e9levage des b\u0153ufs Wagyu\" \/><\/a>\n              <\/div>\n<div class=\"col-lg-4 col-sm-6\"> <a href=\"\/fr\/beef\/quality-safety\/\"><img decoding=\"async\"\n                    src=\"\/wp-content\/themes\/jlec\/img\/fr\/n-menu-button-fr_05.png\"\n                    class=\"img-fluid mx-auto d-block img-rd-md mg-sm\"\n                    alt=\"\u00c0 propos de la s\u00e9curit\u00e9 alimentaire et de la qualit\u00e9 sup\u00e9rieure du b\u0153uf Wagyu (de la ferme \u00e0 la table)\" \/><\/a>\n              <\/div>\n<div class=\"col-lg-4 col-sm-6\"> <a href=\"http:\/\/search.jlec-pr.jp\/01kensaku_fr.php\" target=\"_blank\" rel=\"noopener noreferrer\"><img decoding=\"async\" src=\"\/wp-content\/themes\/jlec\/img\/fr\/n-menu-button-fr_06.png\"\n                    class=\"img-fluid mx-auto d-block img-rd-md mg-sm\"\n                    alt=\"Syst\u00e8me de recherche de num\u00e9ro d\u2019identification individuelle \" \/><\/a>\n              <\/div>\n<div class=\"col-lg-4 col-sm-6\"> <a href=\"\/fr\/beef\/beef-nwc12\/\"><img decoding=\"async\"\n                    src=\"\/wp-content\/themes\/jlec\/img\/fr\/fr_be_nwc.png\" class=\"img-fluid mx-auto d-block img-rd-md\"\n                    alt=\"Concours national du Wagyu\" \/><\/a>\n              <\/div>\n<\/p><\/div>\n<\/p><\/div>\n<\/p><\/div>\n<\/p><\/div>\n<\/p><\/div>\n<\/p><\/div>\n<\/div>\n<p><!-- bloc-7 END --><\/p>\n<p><!-- bloc-7 --><\/p>\n<div class=\"bloc none d-sm-flex d-none bgc-gainsboro l-bloc\" id=\"bloc-7\">\n<div class=\"container bloc-sm\">\n<div class=\"row\">\n<div class=\"col box-line-red\">\n<div class=\"row\">\n<div class=\"col\">\n<h2 class=\"mg-md tit-h2 text-lg-center tc-persian-red\">\n              Mangez d\u00e9licieux<br \/>\n            <\/h2>\n<div class=\"row\">\n<div class=\"col-lg-4 col-sm-6\"> <a href=\"\/fr\/beef\/wagyunavi\/\"><img decoding=\"async\"\n                    src=\"\/wp-content\/themes\/jlec\/img\/fr\/n-menu-button-fr_07.png\"\n                    class=\"img-fluid mx-auto d-block img-rd-md mg-sm\" alt=\"WAGYUNAVI -\n  Restaurants pour d\u00e9guster du b\u0153uf Wagyu au Japon\" \/><\/a>\n              <\/div>\n<div class=\"col-lg-4 col-sm-6\"> <a href=\"\/fr\/beef\/beef-recipe-britain\/\"><img decoding=\"async\"\n                    src=\"\/wp-content\/themes\/jlec\/img\/fr\/fr_be_britain-recipes.png\"\n                    class=\"img-fluid mx-auto d-block img-rd-md mg-sm\"\n                    alt=\"Menu autour du b\u0153uf Wagyu japonais compos\u00e9 par des grands chefs en Angleterre\" \/><\/a>\n              <\/div>\n<div class=\"col-lg-4 col-sm-6\"> <a href=\"\/fr\/beef\/beef-recipe-america\/\"><img decoding=\"async\"\n                    src=\"\/wp-content\/themes\/jlec\/img\/fr\/fr_be_american-recipes.png\"\n                    class=\"img-fluid mx-auto d-block img-rd-md mg-sm\"\n                    alt=\"Menu autour du b\u0153uf Wagyu japonais compos\u00e9 par des grands chefs en Am\u00e9rique\" \/><\/a>\n              <\/div>\n<div class=\"col-lg-4 col-sm-6\"> <a href=\"\/fr\/beef\/beef-italian\/\"><img decoding=\"async\"\n                    src=\"\/wp-content\/themes\/jlec\/img\/fr\/n-menu-button-fr_10.png\"\n                    class=\"img-fluid mx-auto d-block img-rd-md mg-sm\"\n                    alt=\"Id\u00e9es de recettes de cuisine italienne \u00e0 base de b\u0153uf Wagyu\" \/><\/a>\n              <\/div>\n<div class=\"col-lg-4 col-sm-6\"> <a href=\"\/fr\/beef\/beef-chef\/beef-chef2\/\"><img decoding=\"async\"\n                    src=\"\/wp-content\/themes\/jlec\/img\/fr\/n-menu-button-fr_12.png\"\n                    class=\"img-fluid mx-auto d-block img-rd-md mg-sm\"\n                    alt=\"Les attraits du b\u0153uf Wagyu pr\u00e9sent\u00e9s par des chefs prestigieux des diff\u00e9rentes cuisines\" \/><\/a>\n              <\/div>\n<div class=\"col-lg-4 col-sm-6\"> <a href=\"\/fr\/beef\/beef-recipe\/\"><img decoding=\"async\"\n                    src=\"\/wp-content\/themes\/jlec\/img\/fr\/n-menu-button-fr_08.png\"\n                    class=\"img-fluid mx-auto d-block img-rd-md mg-sm\"\n                    alt=\"Recettes les plus traditionnelles de b\u0153uf Wagyu (20)\" \/><\/a>\n              <\/div>\n<div class=\"col-lg-4 col-sm-6\"> <a href=\"\/fr\/beef\/beef-menu\/\"><img decoding=\"async\"\n                    src=\"\/wp-content\/themes\/jlec\/img\/fr\/n-menu-button-fr_09.png\"\n                    class=\"img-fluid mx-auto d-block img-rd-md mg-sm\"\n                    alt=\"Menu autour du b\u0153uf Wagyu japonais compos\u00e9 par des grands chefs en France\" \/><\/a>\n              <\/div>\n<div class=\"col-lg-4 col-sm-6\"> <a href=\"\/fr\/beef\/50-cutrecipe\/\"><img decoding=\"async\"\n                    src=\"\/wp-content\/themes\/jlec\/img\/fr\/n-menu-button-fr_11.png\"\n                    class=\"img-fluid mx-auto d-block img-rd-md mg-sm\"\n                    alt=\"Recettes de cuisine pour les diff\u00e9rents morceaux de b\u0153uf Wagyu (50)\" \/><\/a>\n              <\/div>\n<\/p><\/div>\n<\/p><\/div>\n<\/p><\/div>\n<\/p><\/div>\n<\/p><\/div>\n<\/p><\/div>\n<\/div>\n<p><!-- bloc-7 END --><\/p>\n<p><!-- bloc-8 --><\/p>\n<div class=\"bloc none bgc-anti-flash-white l-bloc d-sm-flex d-none\" id=\"bloc-8\">\n<div class=\"container bloc-sm\">\n<div class=\"row\">\n<div class=\"col box-line-red\">\n<div class=\"row\">\n<div class=\"col\">\n<h2 class=\"mg-md tit-h2 text-lg-center tc-persian-red\">\n              En savoir plus<br \/>\n            <\/h2>\n<div class=\"row\">\n<div class=\"col-lg-4 col-sm-6\"> <a href=\"\/fr\/beef\/beef-logomark\"><img decoding=\"async\"\n                    src=\"\/wp-content\/themes\/jlec\/img\/fr\/n-menu-button-fr_13.png\"\n                    class=\"img-fluid mx-auto d-block img-rd-md mg-sm\" alt=\"Universal Wagyu Mark\" \/><\/a>\n              <\/div>\n<div class=\"col-lg-4 col-sm-6\"> <a href=\"\/fr\/beef\/beef-media\/\"><img decoding=\"async\"\n                    src=\"\/wp-content\/themes\/jlec\/img\/fr\/n-menu-button-fr_14.png\"\n                    class=\"img-fluid mx-auto d-block img-rd-md mg-sm\"\n                    alt=\"Pr\u00e9sentation du b\u0153uf Wagyu dans les m\u00e9dias \u00e9trangers\" \/><\/a>\n              <\/div>\n<div class=\"col-lg-4 col-sm-6\"> <a href=\"\/fr\/beef\/consultation\/\"><img decoding=\"async\"\n                    src=\"\/wp-content\/themes\/jlec\/img\/fr\/fr_be_consultation.png\"\n                    class=\"img-fluid mx-auto d-block img-rd-md mg-sm\"\n                    alt=\"Bureau de consultation pour l'importation de b\u0153uf Wagyu japonais\" \/><\/a>\n              <\/div>\n<\/p><\/div>\n<\/p><\/div>\n<\/p><\/div>\n<\/p><\/div>\n<\/p><\/div>\n<\/p><\/div>\n<\/div>\n<p><!-- bloc-8 END --><\/p>\n<p><!--  sp --><\/p>\n<div class=\"none d-sm-none\">\n<p>  <!-- bloc-7 --><\/p>\n<div class=\"bloc bgc-anti-flash-white\" id=\"bloc-7\">\n<div class=\"container bloc-md\">\n<h2 class=\"tit-h2 tc-persian-red\">\n        \u00c0 propos de Wagyu<\/h2>\n<div class=\"row\">\n<div class=\"col-lg-6 col-md-6 col-sm-6 col-12\">\n<div class=\"card border-0 box-menu\">\n<div class=\"card-body\" onClick=\"location.href='\/fr\/beef\/beef-tokutyou'\">\n<div class=\"row no-gutters\">\n<div class=\"col-4 col-lg-2\">\n                  <img decoding=\"async\" src=\"\/wp-content\/themes\/jlec\/img\/beef\/icon-beef_01.jpg\"\n                    class=\"img-fluid mx-auto d-block img-style\" alt=\"beef\" \/>\n                <\/div>\n<div class=\"col align-self-center\">\n<h3>\n                    Particularit\u00e9s du b\u0153uf Wagyu<\/h3>\n<\/p><\/div>\n<\/p><\/div>\n<\/p><\/div>\n<\/p><\/div>\n<\/p><\/div>\n<div class=\"col-lg-6 col-md-6 col-sm-6 col-12\">\n<div class=\"card border-0 box-menu\">\n<div class=\"card-body\" onClick=\"location.href='\/fr\/beef\/beef-miryoku\/'\">\n<div class=\"row no-gutters\">\n<div class=\"col-4 col-lg-2\">\n                  <img decoding=\"async\" src=\"\/wp-content\/themes\/jlec\/img\/beef\/icon-beef_02.jpg\"\n                    class=\"img-fluid mx-auto d-block img-style\" alt=\"beef\" \/>\n                <\/div>\n<div class=\"col align-self-center\">\n<h3>\n                    Les charmes du b\u0153uf Wagyu<\/h3>\n<\/p><\/div>\n<\/p><\/div>\n<\/p><\/div>\n<\/p><\/div>\n<\/p><\/div>\n<div class=\"col-12 col-md-6 col-sm-6\">\n<div class=\"card border-0 box-menu\">\n<div class=\"card-body\" onClick=\"location.href='\/fr\/beef\/beef-cutting-guide\/'\">\n<div class=\"row no-gutters\">\n<div class=\"col-4 col-lg-2\">\n                  <img decoding=\"async\" src=\"\/wp-content\/themes\/jlec\/img\/beef\/icon-beef_03.jpg\"\n                    class=\"img-fluid mx-auto d-block img-style\" alt=\"beef\" \/>\n                <\/div>\n<div class=\"col align-self-center\">\n<h3 class=\"mg-clear tit-menu-h3\">\n                    Guide de coupe (livre \u00e9lectronique)<\/h3>\n<\/p><\/div>\n<\/p><\/div>\n<\/p><\/div>\n<\/p><\/div>\n<\/p><\/div>\n<div class=\"col-12 col-md-6 col-sm-6\">\n<div class=\"card border-0 box-menu\">\n<div class=\"card-body\" onClick=\"location.href='\/fr\/beef\/beef-kaikata\/'\">\n<div class=\"row no-gutters\">\n<div class=\"col-4 col-lg-2\">\n                  <img decoding=\"async\" src=\"\/wp-content\/themes\/jlec\/img\/beef\/icon-beef_04.jpg\"\n                    class=\"img-fluid mx-auto d-block img-style\" alt=\"beef\" \/>\n                <\/div>\n<div class=\"col align-self-center\">\n<h3 class=\"mg-clear tit-menu-h3\">\n                    L&rsquo;\u00e9levage des b\u0153ufs Wagyu<\/h3>\n<\/p><\/div>\n<\/p><\/div>\n<\/p><\/div>\n<\/p><\/div>\n<\/p><\/div>\n<div class=\"col-12 col-md-6 col-sm-6\">\n<div class=\"card border-0 box-menu\">\n<div class=\"card-body\" onClick=\"location.href='\/fr\/beef\/quality-safety\/'\">\n<div class=\"row no-gutters\">\n<div class=\"col-lg-2 col-4 align-self-center\">\n                  <img decoding=\"async\" src=\"\/wp-content\/themes\/jlec\/img\/beef\/icon-beef_14.jpg\"\n                    class=\"img-fluid mx-auto d-block img-style\" alt=\"beef\" \/>\n                <\/div>\n<div class=\"col align-self-center\">\n<h3 class=\"mg-clear tit-menu-h3\">\n                    \u00c0 propos de la s\u00e9curit\u00e9 alimentaire et de la qualit\u00e9 sup\u00e9rieure du b\u0153uf Wagyu (de la ferme \u00e0 la<br \/>\n                    table)<\/h3>\n<\/p><\/div>\n<\/p><\/div>\n<\/p><\/div>\n<\/p><\/div>\n<\/p><\/div>\n<div class=\"col-12 col-md-6 col-sm-6\">\n<div class=\"card border-0 box-menu\">\n<div class=\"card-body\" onclick=\"window.open('http:\/\/search.jlec-pr.jp\/01kensaku_fr.php','_blank')\">\n<div class=\"row no-gutters\">\n<div class=\"col-lg-2 col-4 align-self-center\">\n                  <img decoding=\"async\" src=\"\/wp-content\/themes\/jlec\/img\/beef\/icon-beef_15.jpg\"\n                    class=\"img-fluid mx-auto d-block img-style\" alt=\"beef\" \/>\n                <\/div>\n<div class=\"col align-self-center\">\n<h3 class=\"tit-menu-h3 mg-clear\">\n                    Syst\u00e8me de recherche de num\u00e9ro d\u2019identification individuelle<br \/>\n                  <\/h3>\n<\/p><\/div>\n<\/p><\/div>\n<\/p><\/div>\n<\/p><\/div>\n<\/p><\/div>\n<div class=\"col-12 col-md-6 col-sm-6\">\n<div class=\"card border-0 box-menu\">\n<div class=\"card-body\" onClick=\"location.href='\/fr\/beef\/beef-nwc12\/'\">\n<div class=\"row no-gutters\">\n<div class=\"col-lg-2 col-4 align-self-center\">\n                  <img decoding=\"async\" src=\"https:\/\/jlec-pr.jp\/wp-content\/themes\/jlec\/img\/beef\/icon-nwc.jpg\"\n                    class=\"img-fluid mx-auto d-block img-style\" alt=\"beef\" \/>\n                <\/div>\n<div class=\"col align-self-center\">\n<h3 class=\"mg-clear tit-menu-h3\">\n                    Concours national du Wagyu<\/h3>\n<\/p><\/div>\n<\/p><\/div>\n<\/p><\/div>\n<\/p><\/div>\n<\/p><\/div>\n<\/p><\/div>\n<\/p><\/div>\n<\/p><\/div>\n<p>  <!-- bloc-7 END --><\/p>\n<p>  <!-- bloc-8 --><\/p>\n<div class=\"bloc bgc-terra-cotta\" id=\"bloc-8\">\n<div class=\"container bloc-md\">\n<h2 class=\"tit-h2 tc-white\">\n        Mangez d\u00e9licieux<\/h2>\n<div class=\"row\">\n<div class=\"col-lg-6 col-md-6 col-sm-6 col-12\">\n<div class=\"card border-0 box-menu\">\n<div class=\"card-body\" onClick=\"location.href='\/fr\/beef\/wagyunavi\/'\">\n<div class=\"row no-gutters\">\n<div class=\"col-4 col-lg-2\">\n                  <img decoding=\"async\" src=\"\/wp-content\/themes\/jlec\/img\/beef\/icon-beef_06.jpg\"\n                    class=\"img-fluid mx-auto d-block img-style\" alt=\"beef\" \/>\n                <\/div>\n<div class=\"col align-self-center\">\n<h3>\n                    WAGYUNAVI<br \/>\n                  <\/h3>\n<p class=\"mg-clear\">\n                    Restaurants pour d\u00e9guster du b\u0153uf Wagyu au Japon<\/p>\n<\/p><\/div>\n<\/p><\/div>\n<\/p><\/div>\n<\/p><\/div>\n<\/p><\/div>\n<div class=\"col-lg-6 col-md-6 col-sm-6 col-12\">\n<div class=\"card border-0 box-menu\">\n<div class=\"card-body\" onClick=\"location.href='\/fr\/beef\/beef-recipe-britain\/'\">\n<div class=\"row no-gutters\">\n<div class=\"col-4 col-lg-2\">\n                  <img decoding=\"async\" src=\"https:\/\/jlec-pr.jp\/wp-content\/themes\/jlec\/img\/beef\/icon-recipebook_britain.jpg\"\n                    class=\"img-fluid mx-auto d-block img-style\" alt=\"beef\" \/>\n                <\/div>\n<div class=\"col align-self-center\">\n<h3>\n                    Menu autour du b\u0153uf Wagyu japonais compos\u00e9 par des grands chefs en Angleterre<\/h3>\n<\/p><\/div>\n<\/p><\/div>\n<\/p><\/div>\n<\/p><\/div>\n<\/p><\/div>\n<div class=\"col-lg-6 col-md-6 col-sm-6 col-12\">\n<div class=\"card border-0 box-menu\">\n<div class=\"card-body\" onClick=\"location.href='\/fr\/beef\/beef-recipe-america\/'\">\n<div class=\"row no-gutters\">\n<div class=\"col-4 col-lg-2\">\n                  <img decoding=\"async\" src=\"https:\/\/jlec-pr.jp\/wp-content\/themes\/jlec\/img\/beef\/icon-beef_18.jpg\"\n                    class=\"img-fluid mx-auto d-block img-style\" alt=\"beef\" \/>\n                <\/div>\n<div class=\"col align-self-center\">\n<h3>\n                    Menu autour du b\u0153uf Wagyu japonais compos\u00e9 par des grands chefs en Am\u00e9rique<\/h3>\n<\/p><\/div>\n<\/p><\/div>\n<\/p><\/div>\n<\/p><\/div>\n<\/p><\/div>\n<div class=\"col-lg-6 col-md-6 col-sm-6 col-12\">\n<div class=\"card border-0 box-menu\">\n<div class=\"card-body\" onClick=\"location.href='\/fr\/beef\/beef-recipe\/'\">\n<div class=\"row no-gutters\">\n<div class=\"col-4 col-lg-2\">\n                  <img decoding=\"async\" src=\"\/wp-content\/themes\/jlec\/img\/beef\/icon-beef_07.jpg\"\n                    class=\"img-fluid mx-auto d-block img-style\" alt=\"beef\" \/>\n                <\/div>\n<div class=\"col align-self-center\">\n<h3>\n                    Recettes les plus traditionnelles de b\u0153uf Wagyu (20)<\/h3>\n<\/p><\/div>\n<\/p><\/div>\n<\/p><\/div>\n<\/p><\/div>\n<\/p><\/div>\n<div class=\"col-12 col-md-6 col-sm-6\">\n<div class=\"card border-0 box-menu\">\n<div class=\"card-body\" onClick=\"location.href='\/fr\/beef\/beef-menu\/'\">\n<div class=\"row no-gutters\">\n<div class=\"col-4 col-lg-2\">\n                  <img decoding=\"async\" src=\"\/wp-content\/themes\/jlec\/img\/beef\/icon-beef_08.jpg\"\n                    class=\"img-fluid mx-auto d-block img-style\" alt=\"beef\" \/>\n                <\/div>\n<div class=\"col align-self-center\">\n<h3 class=\"mg-clear tit-menu-h3\">\n                    Menu autour du b\u0153uf Wagyu japonais compos\u00e9 par des grands chefs en France<\/h3>\n<\/p><\/div>\n<\/p><\/div>\n<\/p><\/div>\n<\/p><\/div>\n<\/p><\/div>\n<div class=\"col-12 col-md-6 col-sm-6\">\n<div class=\"card border-0 box-menu\">\n<div class=\"card-body\" onClick=\"location.href='\/fr\/beef\/beef-italian\/'\">\n<div class=\"row no-gutters\">\n<div class=\"col-4 col-lg-2\">\n                  <img decoding=\"async\" src=\"\/wp-content\/themes\/jlec\/img\/beef\/icon-beef_10.jpg\"\n                    class=\"img-fluid mx-auto d-block img-style\" alt=\"beef\" \/>\n                <\/div>\n<div class=\"col align-self-center\">\n<h3 class=\"mg-clear tit-menu-h3\">\n                    Id\u00e9es de recettes de cuisine italienne \u00e0 base de b\u0153uf Wagyu<\/h3>\n<\/p><\/div>\n<\/p><\/div>\n<\/p><\/div>\n<\/p><\/div>\n<\/p><\/div>\n<div class=\"col-12 col-md-6 col-sm-6\">\n<div class=\"card border-0 box-menu\">\n<div class=\"card-body\" onClick=\"location.href='\/fr\/beef\/50-cutrecipe\/'\">\n<div class=\"row no-gutters\">\n<div class=\"col-lg-2 col-4\">\n                  <img decoding=\"async\" src=\"\/wp-content\/themes\/jlec\/img\/beef\/icon-beef_16.jpg\"\n                    class=\"img-fluid mx-auto d-block img-style\" alt=\"beef\" \/>\n                <\/div>\n<div class=\"col align-self-center\">\n<h3 class=\"mg-clear tit-menu-h3\">\n                    Recettes de cuisine pour les diff\u00e9rents morceaux de b\u0153uf Wagyu (50)<\/h3>\n<\/p><\/div>\n<\/p><\/div>\n<\/p><\/div>\n<\/p><\/div>\n<\/p><\/div>\n<div class=\"col-lg-6 col-sm-6\">\n<div class=\"card border-0 box-menu\">\n<div class=\"card-body\" onClick=\"location.href='\/fr\/beef\/beef-chef\/'\">\n<div class=\"row no-gutters\">\n<div class=\"col-lg-2 col-4\">\n                  <img decoding=\"async\" src=\"\/wp-content\/themes\/jlec\/img\/beef\/icon-beef_09.jpg\"\n                    class=\"img-fluid mx-auto d-block img-style\" alt=\"beef\" \/>\n                <\/div>\n<div class=\"col align-self-center\">\n<h3 class=\"mg-clear tit-menu-h3\">\n                    Les attraits du b\u0153uf Wagyu pr\u00e9sent\u00e9s par des chefs prestigieux des diff\u00e9rentes cuisines<\/h3>\n<\/p><\/div>\n<\/p><\/div>\n<\/p><\/div>\n<\/p><\/div>\n<\/p><\/div>\n<\/p><\/div>\n<\/p><\/div>\n<\/p><\/div>\n<p>  <!-- bloc-8 END --><\/p>\n<p>  <!-- bloc-9 --><\/p>\n<div class=\"bloc bgc-anti-flash-white\" id=\"bloc-9\">\n<div class=\"container bloc-md\">\n<h2 class=\"tit-h2 tc-persian-red\">\n        En savoir plus<\/h2>\n<div class=\"row\">\n<div class=\"col-lg-6 col-md-6 col-sm-6 col-12\">\n<div class=\"card border-0 box-menu\">\n<div class=\"card-body\" onClick=\"location.href='\/fr\/beef\/beef-logomark'\">\n<div class=\"row no-gutters\">\n<div class=\"col-4 col-lg-2\">\n                  <img decoding=\"async\" src=\"\/wp-content\/themes\/jlec\/img\/beef\/icon-beef_11.jpg\"\n                    class=\"img-fluid mx-auto d-block img-style\" alt=\"beef\" \/>\n                <\/div>\n<div class=\"col align-self-center\">\n<h3>\n                    Universal Wagyu Mark<\/h3>\n<\/p><\/div>\n<\/p><\/div>\n<\/p><\/div>\n<\/p><\/div>\n<\/p><\/div>\n<div class=\"col-lg-6 col-md-6 col-sm-6 col-12\">\n<div class=\"card border-0 box-menu\">\n<div class=\"card-body\" onClick=\"location.href='\/fr\/beef\/beef-media\/'\">\n<div class=\"row no-gutters\">\n<div class=\"col-4 col-lg-2\">\n                  <img decoding=\"async\" src=\"\/wp-content\/themes\/jlec\/img\/beef\/icon-beef_17.jpg\"\n                    class=\"img-fluid mx-auto d-block img-style\" alt=\"beef\" \/>\n                <\/div>\n<div class=\"col align-self-center\">\n<h3>\n                    Pr\u00e9sentation du b\u0153uf Wagyu dans les m\u00e9dias \u00e9trangers<\/h3>\n<\/p><\/div>\n<\/p><\/div>\n<\/p><\/div>\n<\/p><\/div>\n<\/p><\/div>\n<div class=\"col-lg-6 col-md-6 col-sm-6 col-12\">\n<div class=\"card border-0 box-menu\">\n<div class=\"card-body\" onClick=\"location.href='\/fr\/beef\/consultation\/'\">\n<div class=\"row no-gutters\">\n<div class=\"col-4 col-lg-2\">\n                  <img decoding=\"async\" src=\"\/wp-content\/themes\/jlec\/img\/beef\/icon-consultation.jpg\"\n                    class=\"img-fluid mx-auto d-block img-style\" alt=\"beef\" \/>\n                <\/div>\n<div class=\"col align-self-center\">\n<h3>\n                    Bureau de consultation pour l&rsquo;importation de b\u0153uf Wagyu japonais<\/h3>\n<\/p><\/div>\n<\/p><\/div>\n<\/p><\/div>\n<\/p><\/div>\n<\/p><\/div>\n<\/p><\/div>\n<\/p><\/div>\n<\/p><\/div>\n<p>  <!-- bloc-9 END --><\/p>\n<\/div>\n<p><!-- sp END --><\/p>\n","protected":false},"excerpt":{"rendered":"<p>B\u0153uf \u00c0 propos de Wagyu Mangez d\u00e9licieux En savoir plus \u00c0 propos de Wagyu Particularit\u00e9s du b\u0153uf Wagyu Les charmes du b\u0153uf Wagyu Guide de coupe (livre \u00e9lectronique) L&rsquo;\u00e9levage des b\u0153ufs Wagyu \u00c0 propos de la s\u00e9curit\u00e9 alimentaire et de la qualit\u00e9 sup\u00e9rieure du b\u0153uf Wagyu (de la ferme \u00e0 la table) Syst\u00e8me de recherche [&hellip;]<\/p>\n","protected":false},"author":1,"featured_media":0,"parent":0,"menu_order":0,"comment_status":"closed","ping_status":"closed","template":"page-full.php","meta":{"_acf_changed":false,"_locale":"fr_FR","_original_post":"12","footnotes":""},"class_list":["post-222","page","type-page","status-publish","hentry","fr-FR"],"acf":[],"_links":{"self":[{"href":"https:\/\/jlec-pr.jp\/wp-json\/wp\/v2\/pages\/222","targetHints":{"allow":["GET"]}}],"collection":[{"href":"https:\/\/jlec-pr.jp\/wp-json\/wp\/v2\/pages"}],"about":[{"href":"https:\/\/jlec-pr.jp\/wp-json\/wp\/v2\/types\/page"}],"author":[{"embeddable":true,"href":"https:\/\/jlec-pr.jp\/wp-json\/wp\/v2\/users\/1"}],"replies":[{"embeddable":true,"href":"https:\/\/jlec-pr.jp\/wp-json\/wp\/v2\/comments?post=222"}],"version-history":[{"count":39,"href":"https:\/\/jlec-pr.jp\/wp-json\/wp\/v2\/pages\/222\/revisions"}],"predecessor-version":[{"id":12781,"href":"https:\/\/jlec-pr.jp\/wp-json\/wp\/v2\/pages\/222\/revisions\/12781"}],"wp:attachment":[{"href":"https:\/\/jlec-pr.jp\/wp-json\/wp\/v2\/media?parent=222"}],"curies":[{"name":"wp","href":"https:\/\/api.w.org\/{rel}","templated":true}]}}