{"id":207,"date":"2020-02-03T15:01:33","date_gmt":"2020-02-03T06:01:33","guid":{"rendered":"http:\/\/jlec-pr.jp\/?page_id=207"},"modified":"2020-02-28T13:03:51","modified_gmt":"2020-02-28T04:03:51","slug":"beef-media","status":"publish","type":"page","link":"https:\/\/jlec-pr.jp\/fr\/beef\/beef-media\/","title":{"rendered":"Pr\u00e9sentation du b\u0153uf Wagyu dans les m\u00e9dias \u00e9trangers"},"content":{"rendered":"<h2>Pr\u00e9sentation du b\u0153uf Wagyu dans les m\u00e9dias \u00e9trangers<\/h2>\n<h3>Planet Food<\/h3>\n<p>\nPlanet Food sur Travel Channel vous est pr\u00e9sent\u00e9 par Pilot Productions au Royaume-Uni. Dans l&rsquo;\u00e9pisode de Planet Food : Japan, Merrilees Parker se rend au Japon pour d\u00e9couvrir l&rsquo;exceptionnelle culture gastronomique du pays. <br \/>\nFuyant la ville, Merrilees visite une ferme qui produit le b\u0153uf japonais Wagyu le plus cher au monde. Les vaches sont nourries de pommes et sont mass\u00e9es tous les jours. Elle go\u00fbte \u00e9galement au Sukiyaki, connu pour \u00eatre l&rsquo;un des meilleurs moyens de cuisiner le b\u0153uf Wagyu.\n<\/p>\n<div style=\"position: relative; padding-bottom: 56.25%;\">\n  <iframe \n    style=\"position: absolute; top: 0; left: 0; width: 100%; height: 100%;\" \n    src=\"https:\/\/www.youtube.com\/embed\/XlHsoRTsmiI\" \n    frameborder=\"0\" \n    allow=\"autoplay; \n    encrypted-media\" \n    allowfullscreen><br \/>\n  <\/iframe>\n<\/div>\n<h3>Ruptly TV<\/h3>\n<p>\nLes informations sont produites par Ruptly, agence de presse internationale bas\u00e9e \u00e0 Berlin, en Allemagne, fournissant du contenu informatif visuel d&rsquo;archives et d&rsquo;actualit\u00e9 \u00e0 tous les m\u00e9dias. Le restaurant Goldhorn Beefclub, qui sert certains des steaks les plus chers d&rsquo;Allemagne, a r\u00e9v\u00e9l\u00e9 quelques-uns de ses secrets \u00e0 Ruptly dans son magasin et restaurant de Berlin.\n<\/p>\n<div style=\"position: relative; padding-bottom: 56.25%;\">\n  <iframe \n    style=\"position: absolute; top: 0; left: 0; width: 100%; height: 100%;\" \n    src=\"https:\/\/www.youtube.com\/embed\/Si7lyGkkwv4\" \n    frameborder=\"0\" \n    allow=\"autoplay; \n    encrypted-media\" \n    allowfullscreen><br \/>\n  <\/iframe>\n<\/div>\n<h3>France 3<\/h3>\n<p>\nL&rsquo;information est pass\u00e9e \u00e0 l&rsquo;\u00e9dition nationale de la cha\u00eene fran\u00e7aise France 3. Le gouvernement japonais a autoris\u00e9 l&rsquo;exportation de ce Wagyu japonais sp\u00e9cial en France. On dit qu&rsquo;il serait vendu \u00e0 230 euros le kilo. Le Wagyu japonais est un b\u0153uf traditionnel dot\u00e9 d&rsquo;un go\u00fbt particulier que les autres b\u0153ufs n&rsquo;ont pas.\n<\/p>\n<div style=\"position: relative; padding-bottom: 56.25%;\">\n  <iframe \n    style=\"position: absolute; top: 0; left: 0; width: 100%; height: 100%;\" \n    src=\"https:\/\/www.youtube.com\/embed\/5_ZREPWxiLc\" \n    frameborder=\"0\" \n    allow=\"autoplay; \n    encrypted-media\" \n    allowfullscreen><br \/>\n  <\/iframe>\n<\/div>\n<h3>Mustard TV<\/h3>\n<p>Pr\u00e9sentation du boeuf Wagyu servi dans un restaurant japonais de Norfolk, Shiki.<\/p>\n<div style=\"position: relative; padding-bottom: 56.25%;\">\n  <iframe \n    style=\"position: absolute; top: 0; left: 0; width: 100%; height: 100%;\" \n    src=\"https:\/\/www.youtube.com\/embed\/ZPBYEK5Fvjo\" \n    frameborder=\"0\" \n    allow=\"autoplay; \n    encrypted-media\" \n    allowfullscreen><br \/>\n  <\/iframe>\n<\/div>\n","protected":false},"excerpt":{"rendered":"<p>Pr\u00e9sentation du b\u0153uf Wagyu dans les m\u00e9dias \u00e9trangers Planet Food Planet Food sur Travel Channel vous est pr\u00e9sent\u00e9 par Pilot Productions au Royaume-Uni. Dans l&rsquo;\u00e9pisode de Planet Food : Japan, Merrilees Parker se rend au Japon pour d\u00e9couvrir l&rsquo;exceptionnelle culture gastronomique du pays. Fuyant la ville, Merrilees visite une ferme qui produit le b\u0153uf japonais [&hellip;]<\/p>\n","protected":false},"author":1,"featured_media":0,"parent":222,"menu_order":0,"comment_status":"closed","ping_status":"closed","template":"page-template\/beef-fr-template.php","meta":{"_acf_changed":false,"_locale":"fr_FR","_original_post":"200","footnotes":""},"class_list":["post-207","page","type-page","status-publish","hentry","fr-FR"],"acf":[],"_links":{"self":[{"href":"https:\/\/jlec-pr.jp\/wp-json\/wp\/v2\/pages\/207","targetHints":{"allow":["GET"]}}],"collection":[{"href":"https:\/\/jlec-pr.jp\/wp-json\/wp\/v2\/pages"}],"about":[{"href":"https:\/\/jlec-pr.jp\/wp-json\/wp\/v2\/types\/page"}],"author":[{"embeddable":true,"href":"https:\/\/jlec-pr.jp\/wp-json\/wp\/v2\/users\/1"}],"replies":[{"embeddable":true,"href":"https:\/\/jlec-pr.jp\/wp-json\/wp\/v2\/comments?post=207"}],"version-history":[{"count":6,"href":"https:\/\/jlec-pr.jp\/wp-json\/wp\/v2\/pages\/207\/revisions"}],"predecessor-version":[{"id":8826,"href":"https:\/\/jlec-pr.jp\/wp-json\/wp\/v2\/pages\/207\/revisions\/8826"}],"up":[{"embeddable":true,"href":"https:\/\/jlec-pr.jp\/wp-json\/wp\/v2\/pages\/222"}],"wp:attachment":[{"href":"https:\/\/jlec-pr.jp\/wp-json\/wp\/v2\/media?parent=207"}],"curies":[{"name":"wp","href":"https:\/\/api.w.org\/{rel}","templated":true}]}}